{"id":10080,"date":"2025-12-11T14:19:39","date_gmt":"2025-12-11T13:19:39","guid":{"rendered":"https:\/\/jardindelaparfumerie.com\/?post_type=product&#038;p=10080"},"modified":"2025-12-11T16:56:49","modified_gmt":"2025-12-11T15:56:49","slug":"roge-cavailles-anti-transpirant-intense-lp-48h-roll-on","status":"publish","type":"product","link":"https:\/\/jardindelaparfumerie.com\/en\/shop\/soins-corps\/bain-et-douche-femme\/deodorant-femme\/roge-cavailles-anti-transpirant-intense-lp-48h-roll-on\/","title":{"rendered":"Rog\u00e9 Cavaill\u00e8s Anti-transpirant Intense LP 48h Roll-on"},"content":{"rendered":"<div data-elementor-type=\"wp-post\" data-elementor-id=\"10080\" class=\"elementor elementor-10080\" data-elementor-post-type=\"product\">\n\t\t\t\t\t\t<section class=\"elementor-section elementor-top-section elementor-element elementor-element-25a46325 elementor-section-boxed elementor-section-height-default elementor-section-height-default\" data-id=\"25a46325\" data-element_type=\"section\" data-e-type=\"section\">\n\t\t\t\t\t\t<div class=\"elementor-container elementor-column-gap-no\">\n\t\t\t\t\t<div class=\"elementor-column elementor-col-100 elementor-top-column elementor-element elementor-element-180e4677\" data-id=\"180e4677\" data-element_type=\"column\" data-e-type=\"column\">\n\t\t\t<div class=\"elementor-widget-wrap elementor-element-populated\">\n\t\t\t\t\t\t<div class=\"elementor-element elementor-element-6b3f5509 elementor-widget elementor-widget-text-editor\" data-id=\"6b3f5509\" data-element_type=\"widget\" data-e-type=\"widget\" data-widget_type=\"text-editor.default\">\n\t\t\t\t\t\t\t\t\t<div class=\"accordion-header\"><p class=\"mb-0\"><strong>CE PRODUIT EST-IL ADAPT\u00c9 \u00c0 VOTRE PEAU<\/strong><\/p><p class=\"mb-0\">Adapt\u00e9 \u00e0 TOUTES les aisselles, m\u00eame les plus sensibles.<\/p><p>\u00a0<\/p><div class=\"accordion-header\"><p class=\"mb-0\"><strong>CONSEIL D&#8217;UTILISATION <\/strong><\/p><p class=\"mb-0\">Cet anti-transpirant s&#8217;applique au quotidien sur des aisselles propres et s\u00e8ches. Pensez \u00e0 laisser s\u00e9cher quelques instants avant de vous habiller.<\/p><\/div><div class=\"accordion-header\"><p>\u00a0<\/p><p class=\"mb-0\"><strong>COMPOSITION DU PRODUIT<\/strong><\/p><p class=\"mb-0\">Aqua, Alcohol Denat., Aluminum Chlorohydrate, PEG-40 Hydrogenated Castor Oil, Parfum, Hydroxyethylcellulose, Menthol, Octyldodecanol, Prunus Amygdalus Dulcis Oil, Glyceryl Oleate, Allantoin, Hydroxypropyl Cyclodextrin, Tetrasodium Glutamate Diacetate, Tocopheryl Acetate.<\/p><\/div><\/div>\t\t\t\t\t\t\t\t<\/div>\n\t\t\t\t\t<\/div>\n\t\t<\/div>\n\t\t\t\t\t<\/div>\n\t\t<\/section>\n\t\t\t\t<\/div>","protected":false},"excerpt":{"rendered":"<p>Cet anti-transpirant combat la transpiration excessive tout au long de la journ\u00e9e. Un alli\u00e9 bien-\u00eatre fiable et efficace pour un confort r\u00e9g\u00e9n\u00e9rant durable.<\/p>\n<ul>\n<li>Une PEAU respect\u00e9e et prot\u00e9g\u00e9e : gr\u00e2ce \u00e0 sa technologie unique, notre formule lib\u00e8re en continu ses actifs pour contr\u00f4ler le flux de transpiration et aider \u00e0 lutter contre la transpiration excessive.<\/li>\n<li>Un moment de BIEN-\u00caTRE gr\u00e2ce \u00e0 son parfum longue dur\u00e9e aux notes de jasmin et de lilas.<\/li>\n<li>Un geste pour la PLAN\u00c8TE avec son flacon 100% en plastique recycl\u00e9 &amp; recyclable<\/li>\n<\/ul>","protected":false},"featured_media":10081,"comment_status":"open","ping_status":"closed","template":"","meta":[],"product_brand":[390],"product_cat":[187,423,101],"product_tag":[],"class_list":{"0":"post-10080","1":"product","2":"type-product","3":"status-publish","4":"has-post-thumbnail","6":"product_brand-roge-cavailles","7":"product_cat-bain-et-douche-femme","8":"product_cat-deodorant-femme","9":"product_cat-soins-corps","12":"instock","13":"shipping-taxable","14":"purchasable","15":"product-type-simple"},"yoast_head":"<!-- This site is optimized with the Yoast SEO plugin v27.4 - https:\/\/yoast.com\/product\/yoast-seo-wordpress\/ -->\n<title>Rog\u00e9 Cavaill\u00e8s Anti-transpirant Intense LP 48h Roll-on &#8211; Jardin de la Parfumerie<\/title>\n<meta name=\"description\" content=\"Rog\u00e9 Cavaill\u00e8s Anti-Transpirant Intense LP 48h Roll-on offre une protection longue dur\u00e9e, r\u00e9duit la transpiration et respecte les peaux sensibles pour un confort absolu.\" \/>\n<meta name=\"robots\" content=\"index, follow, max-snippet:-1, max-image-preview:large, max-video-preview:-1\" \/>\n<link rel=\"canonical\" href=\"https:\/\/jardindelaparfumerie.com\/en\/shop\/soins-corps\/bain-et-douche-femme\/deodorant-femme\/roge-cavailles-anti-transpirant-intense-lp-48h-roll-on\/\" \/>\n<meta property=\"og:locale\" content=\"en_US\" \/>\n<meta property=\"og:type\" content=\"article\" \/>\n<meta property=\"og:title\" content=\"Rog\u00e9 Cavaill\u00e8s Anti-transpirant Intense LP 48h Roll-on &#8211; Jardin de la Parfumerie\" \/>\n<meta property=\"og:description\" content=\"Rog\u00e9 Cavaill\u00e8s Anti-Transpirant Intense LP 48h Roll-on offre une protection longue dur\u00e9e, r\u00e9duit la transpiration et respecte les peaux sensibles pour un confort absolu.\" \/>\n<meta property=\"og:url\" content=\"https:\/\/jardindelaparfumerie.com\/en\/shop\/soins-corps\/bain-et-douche-femme\/deodorant-femme\/roge-cavailles-anti-transpirant-intense-lp-48h-roll-on\/\" \/>\n<meta property=\"og:site_name\" content=\"Jardin de la Parfumerie\" \/>\n<meta property=\"article:publisher\" content=\"https:\/\/www.facebook.com\/p\/Jardin-De-La-Parfumerie-100075860036544\/?locale=fr_FR\" \/>\n<meta property=\"article:modified_time\" content=\"2025-12-11T15:56:49+00:00\" \/>\n<meta property=\"og:image\" content=\"https:\/\/jardindelaparfumerie.com\/wp-content\/uploads\/2025\/12\/Roge-Cavailles-Anti-transpirant-Intense-LP-48h-Roll-on.jpg\" \/>\n\t<meta property=\"og:image:width\" content=\"1000\" \/>\n\t<meta property=\"og:image:height\" content=\"1000\" \/>\n\t<meta property=\"og:image:type\" content=\"image\/jpeg\" \/>\n<meta name=\"twitter:card\" content=\"summary_large_image\" \/>\n<meta name=\"twitter:label1\" content=\"Est. reading time\" \/>\n\t<meta name=\"twitter:data1\" content=\"1 minute\" \/>\n<script type=\"application\/ld+json\" class=\"yoast-schema-graph\">{\"@context\":\"https:\\\/\\\/schema.org\",\"@graph\":[{\"@type\":\"WebPage\",\"@id\":\"https:\\\/\\\/jardindelaparfumerie.com\\\/shop\\\/soins-corps\\\/bain-et-douche-femme\\\/deodorant-femme\\\/roge-cavailles-anti-transpirant-intense-lp-48h-roll-on\\\/\",\"url\":\"https:\\\/\\\/jardindelaparfumerie.com\\\/shop\\\/soins-corps\\\/bain-et-douche-femme\\\/deodorant-femme\\\/roge-cavailles-anti-transpirant-intense-lp-48h-roll-on\\\/\",\"name\":\"Rog\u00e9 Cavaill\u00e8s Anti-transpirant Intense LP 48h Roll-on &#8211; Jardin de la Parfumerie\",\"isPartOf\":{\"@id\":\"https:\\\/\\\/jardindelaparfumerie.com\\\/#website\"},\"primaryImageOfPage\":{\"@id\":\"https:\\\/\\\/jardindelaparfumerie.com\\\/shop\\\/soins-corps\\\/bain-et-douche-femme\\\/deodorant-femme\\\/roge-cavailles-anti-transpirant-intense-lp-48h-roll-on\\\/#primaryimage\"},\"image\":{\"@id\":\"https:\\\/\\\/jardindelaparfumerie.com\\\/shop\\\/soins-corps\\\/bain-et-douche-femme\\\/deodorant-femme\\\/roge-cavailles-anti-transpirant-intense-lp-48h-roll-on\\\/#primaryimage\"},\"thumbnailUrl\":\"https:\\\/\\\/jardindelaparfumerie.com\\\/wp-content\\\/uploads\\\/2025\\\/12\\\/Roge-Cavailles-Anti-transpirant-Intense-LP-48h-Roll-on.jpg\",\"datePublished\":\"2025-12-11T13:19:39+00:00\",\"dateModified\":\"2025-12-11T15:56:49+00:00\",\"description\":\"Rog\u00e9 Cavaill\u00e8s Anti-Transpirant Intense LP 48h Roll-on offre une protection longue dur\u00e9e, r\u00e9duit la transpiration et respecte les peaux sensibles pour un confort absolu.\",\"breadcrumb\":{\"@id\":\"https:\\\/\\\/jardindelaparfumerie.com\\\/shop\\\/soins-corps\\\/bain-et-douche-femme\\\/deodorant-femme\\\/roge-cavailles-anti-transpirant-intense-lp-48h-roll-on\\\/#breadcrumb\"},\"inLanguage\":\"en-US\",\"potentialAction\":[{\"@type\":\"ReadAction\",\"target\":[\"https:\\\/\\\/jardindelaparfumerie.com\\\/shop\\\/soins-corps\\\/bain-et-douche-femme\\\/deodorant-femme\\\/roge-cavailles-anti-transpirant-intense-lp-48h-roll-on\\\/\"]}]},{\"@type\":\"ImageObject\",\"inLanguage\":\"en-US\",\"@id\":\"https:\\\/\\\/jardindelaparfumerie.com\\\/shop\\\/soins-corps\\\/bain-et-douche-femme\\\/deodorant-femme\\\/roge-cavailles-anti-transpirant-intense-lp-48h-roll-on\\\/#primaryimage\",\"url\":\"https:\\\/\\\/jardindelaparfumerie.com\\\/wp-content\\\/uploads\\\/2025\\\/12\\\/Roge-Cavailles-Anti-transpirant-Intense-LP-48h-Roll-on.jpg\",\"contentUrl\":\"https:\\\/\\\/jardindelaparfumerie.com\\\/wp-content\\\/uploads\\\/2025\\\/12\\\/Roge-Cavailles-Anti-transpirant-Intense-LP-48h-Roll-on.jpg\",\"width\":1000,\"height\":1000},{\"@type\":\"BreadcrumbList\",\"@id\":\"https:\\\/\\\/jardindelaparfumerie.com\\\/shop\\\/soins-corps\\\/bain-et-douche-femme\\\/deodorant-femme\\\/roge-cavailles-anti-transpirant-intense-lp-48h-roll-on\\\/#breadcrumb\",\"itemListElement\":[{\"@type\":\"ListItem\",\"position\":1,\"name\":\"Accueil\",\"item\":\"https:\\\/\\\/jardindelaparfumerie.com\\\/\"},{\"@type\":\"ListItem\",\"position\":2,\"name\":\"Boutique\",\"item\":\"https:\\\/\\\/jardindelaparfumerie.com\\\/boutique\\\/\"},{\"@type\":\"ListItem\",\"position\":3,\"name\":\"Rog\u00e9 Cavaill\u00e8s Anti-transpirant Intense LP 48h Roll-on\"}]},{\"@type\":\"WebSite\",\"@id\":\"https:\\\/\\\/jardindelaparfumerie.com\\\/#website\",\"url\":\"https:\\\/\\\/jardindelaparfumerie.com\\\/\",\"name\":\"Jardin de la Parfumerie\",\"description\":\"L\u2019art du Parfum, l\u2019essence du Luxe\",\"publisher\":{\"@id\":\"https:\\\/\\\/jardindelaparfumerie.com\\\/#organization\"},\"potentialAction\":[{\"@type\":\"SearchAction\",\"target\":{\"@type\":\"EntryPoint\",\"urlTemplate\":\"https:\\\/\\\/jardindelaparfumerie.com\\\/?s={search_term_string}\"},\"query-input\":{\"@type\":\"PropertyValueSpecification\",\"valueRequired\":true,\"valueName\":\"search_term_string\"}}],\"inLanguage\":\"en-US\"},{\"@type\":\"Organization\",\"@id\":\"https:\\\/\\\/jardindelaparfumerie.com\\\/#organization\",\"name\":\"Jardin de la Parfumerie\",\"url\":\"https:\\\/\\\/jardindelaparfumerie.com\\\/\",\"logo\":{\"@type\":\"ImageObject\",\"inLanguage\":\"en-US\",\"@id\":\"https:\\\/\\\/jardindelaparfumerie.com\\\/#\\\/schema\\\/logo\\\/image\\\/\",\"url\":\"https:\\\/\\\/jardindelaparfumerie.com\\\/wp-content\\\/uploads\\\/2022\\\/05\\\/Logo-alt-1.png\",\"contentUrl\":\"https:\\\/\\\/jardindelaparfumerie.com\\\/wp-content\\\/uploads\\\/2022\\\/05\\\/Logo-alt-1.png\",\"width\":725,\"height\":342,\"caption\":\"Jardin de la Parfumerie\"},\"image\":{\"@id\":\"https:\\\/\\\/jardindelaparfumerie.com\\\/#\\\/schema\\\/logo\\\/image\\\/\"},\"sameAs\":[\"https:\\\/\\\/www.facebook.com\\\/p\\\/Jardin-De-La-Parfumerie-100075860036544\\\/?locale=fr_FR\",\"https:\\\/\\\/www.instagram.com\\\/jardindelaparfumerie\\\/\"]}]}<\/script>\n<!-- \/ Yoast SEO plugin. -->","yoast_head_json":{"title":"Rog\u00e9 Cavaill\u00e8s Anti-transpirant Intense LP 48h Roll-on &#8211; Jardin de la Parfumerie","description":"Rog\u00e9 Cavaill\u00e8s Anti-Transpirant Intense LP 48h Roll-on offre une protection longue dur\u00e9e, r\u00e9duit la transpiration et respecte les peaux sensibles pour un confort absolu.","robots":{"index":"index","follow":"follow","max-snippet":"max-snippet:-1","max-image-preview":"max-image-preview:large","max-video-preview":"max-video-preview:-1"},"canonical":"https:\/\/jardindelaparfumerie.com\/en\/shop\/soins-corps\/bain-et-douche-femme\/deodorant-femme\/roge-cavailles-anti-transpirant-intense-lp-48h-roll-on\/","og_locale":"en_US","og_type":"article","og_title":"Rog\u00e9 Cavaill\u00e8s Anti-transpirant Intense LP 48h Roll-on &#8211; Jardin de la Parfumerie","og_description":"Rog\u00e9 Cavaill\u00e8s Anti-Transpirant Intense LP 48h Roll-on offre une protection longue dur\u00e9e, r\u00e9duit la transpiration et respecte les peaux sensibles pour un confort absolu.","og_url":"https:\/\/jardindelaparfumerie.com\/en\/shop\/soins-corps\/bain-et-douche-femme\/deodorant-femme\/roge-cavailles-anti-transpirant-intense-lp-48h-roll-on\/","og_site_name":"Jardin de la Parfumerie","article_publisher":"https:\/\/www.facebook.com\/p\/Jardin-De-La-Parfumerie-100075860036544\/?locale=fr_FR","article_modified_time":"2025-12-11T15:56:49+00:00","og_image":[{"width":1000,"height":1000,"url":"https:\/\/jardindelaparfumerie.com\/wp-content\/uploads\/2025\/12\/Roge-Cavailles-Anti-transpirant-Intense-LP-48h-Roll-on.jpg","type":"image\/jpeg"}],"twitter_card":"summary_large_image","twitter_misc":{"Est. reading time":"1 minute"},"schema":{"@context":"https:\/\/schema.org","@graph":[{"@type":"WebPage","@id":"https:\/\/jardindelaparfumerie.com\/shop\/soins-corps\/bain-et-douche-femme\/deodorant-femme\/roge-cavailles-anti-transpirant-intense-lp-48h-roll-on\/","url":"https:\/\/jardindelaparfumerie.com\/shop\/soins-corps\/bain-et-douche-femme\/deodorant-femme\/roge-cavailles-anti-transpirant-intense-lp-48h-roll-on\/","name":"Rog\u00e9 Cavaill\u00e8s Anti-transpirant Intense LP 48h Roll-on &#8211; Jardin de la Parfumerie","isPartOf":{"@id":"https:\/\/jardindelaparfumerie.com\/#website"},"primaryImageOfPage":{"@id":"https:\/\/jardindelaparfumerie.com\/shop\/soins-corps\/bain-et-douche-femme\/deodorant-femme\/roge-cavailles-anti-transpirant-intense-lp-48h-roll-on\/#primaryimage"},"image":{"@id":"https:\/\/jardindelaparfumerie.com\/shop\/soins-corps\/bain-et-douche-femme\/deodorant-femme\/roge-cavailles-anti-transpirant-intense-lp-48h-roll-on\/#primaryimage"},"thumbnailUrl":"https:\/\/jardindelaparfumerie.com\/wp-content\/uploads\/2025\/12\/Roge-Cavailles-Anti-transpirant-Intense-LP-48h-Roll-on.jpg","datePublished":"2025-12-11T13:19:39+00:00","dateModified":"2025-12-11T15:56:49+00:00","description":"Rog\u00e9 Cavaill\u00e8s Anti-Transpirant Intense LP 48h Roll-on offre une protection longue dur\u00e9e, r\u00e9duit la transpiration et respecte les peaux sensibles pour un confort absolu.","breadcrumb":{"@id":"https:\/\/jardindelaparfumerie.com\/shop\/soins-corps\/bain-et-douche-femme\/deodorant-femme\/roge-cavailles-anti-transpirant-intense-lp-48h-roll-on\/#breadcrumb"},"inLanguage":"en-US","potentialAction":[{"@type":"ReadAction","target":["https:\/\/jardindelaparfumerie.com\/shop\/soins-corps\/bain-et-douche-femme\/deodorant-femme\/roge-cavailles-anti-transpirant-intense-lp-48h-roll-on\/"]}]},{"@type":"ImageObject","inLanguage":"en-US","@id":"https:\/\/jardindelaparfumerie.com\/shop\/soins-corps\/bain-et-douche-femme\/deodorant-femme\/roge-cavailles-anti-transpirant-intense-lp-48h-roll-on\/#primaryimage","url":"https:\/\/jardindelaparfumerie.com\/wp-content\/uploads\/2025\/12\/Roge-Cavailles-Anti-transpirant-Intense-LP-48h-Roll-on.jpg","contentUrl":"https:\/\/jardindelaparfumerie.com\/wp-content\/uploads\/2025\/12\/Roge-Cavailles-Anti-transpirant-Intense-LP-48h-Roll-on.jpg","width":1000,"height":1000},{"@type":"BreadcrumbList","@id":"https:\/\/jardindelaparfumerie.com\/shop\/soins-corps\/bain-et-douche-femme\/deodorant-femme\/roge-cavailles-anti-transpirant-intense-lp-48h-roll-on\/#breadcrumb","itemListElement":[{"@type":"ListItem","position":1,"name":"Accueil","item":"https:\/\/jardindelaparfumerie.com\/"},{"@type":"ListItem","position":2,"name":"Boutique","item":"https:\/\/jardindelaparfumerie.com\/boutique\/"},{"@type":"ListItem","position":3,"name":"Rog\u00e9 Cavaill\u00e8s Anti-transpirant Intense LP 48h Roll-on"}]},{"@type":"WebSite","@id":"https:\/\/jardindelaparfumerie.com\/#website","url":"https:\/\/jardindelaparfumerie.com\/","name":"Jardin de la Parfumerie","description":"L\u2019art du Parfum, l\u2019essence du Luxe","publisher":{"@id":"https:\/\/jardindelaparfumerie.com\/#organization"},"potentialAction":[{"@type":"SearchAction","target":{"@type":"EntryPoint","urlTemplate":"https:\/\/jardindelaparfumerie.com\/?s={search_term_string}"},"query-input":{"@type":"PropertyValueSpecification","valueRequired":true,"valueName":"search_term_string"}}],"inLanguage":"en-US"},{"@type":"Organization","@id":"https:\/\/jardindelaparfumerie.com\/#organization","name":"Jardin de la Parfumerie","url":"https:\/\/jardindelaparfumerie.com\/","logo":{"@type":"ImageObject","inLanguage":"en-US","@id":"https:\/\/jardindelaparfumerie.com\/#\/schema\/logo\/image\/","url":"https:\/\/jardindelaparfumerie.com\/wp-content\/uploads\/2022\/05\/Logo-alt-1.png","contentUrl":"https:\/\/jardindelaparfumerie.com\/wp-content\/uploads\/2022\/05\/Logo-alt-1.png","width":725,"height":342,"caption":"Jardin de la Parfumerie"},"image":{"@id":"https:\/\/jardindelaparfumerie.com\/#\/schema\/logo\/image\/"},"sameAs":["https:\/\/www.facebook.com\/p\/Jardin-De-La-Parfumerie-100075860036544\/?locale=fr_FR","https:\/\/www.instagram.com\/jardindelaparfumerie\/"]}]}},"jetpack_sharing_enabled":true,"_links":{"self":[{"href":"https:\/\/jardindelaparfumerie.com\/en\/wp-json\/wp\/v2\/product\/10080","targetHints":{"allow":["GET"]}}],"collection":[{"href":"https:\/\/jardindelaparfumerie.com\/en\/wp-json\/wp\/v2\/product"}],"about":[{"href":"https:\/\/jardindelaparfumerie.com\/en\/wp-json\/wp\/v2\/types\/product"}],"replies":[{"embeddable":true,"href":"https:\/\/jardindelaparfumerie.com\/en\/wp-json\/wp\/v2\/comments?post=10080"}],"version-history":[{"count":5,"href":"https:\/\/jardindelaparfumerie.com\/en\/wp-json\/wp\/v2\/product\/10080\/revisions"}],"predecessor-version":[{"id":10118,"href":"https:\/\/jardindelaparfumerie.com\/en\/wp-json\/wp\/v2\/product\/10080\/revisions\/10118"}],"wp:featuredmedia":[{"embeddable":true,"href":"https:\/\/jardindelaparfumerie.com\/en\/wp-json\/wp\/v2\/media\/10081"}],"wp:attachment":[{"href":"https:\/\/jardindelaparfumerie.com\/en\/wp-json\/wp\/v2\/media?parent=10080"}],"wp:term":[{"taxonomy":"product_brand","embeddable":true,"href":"https:\/\/jardindelaparfumerie.com\/en\/wp-json\/wp\/v2\/product_brand?post=10080"},{"taxonomy":"product_cat","embeddable":true,"href":"https:\/\/jardindelaparfumerie.com\/en\/wp-json\/wp\/v2\/product_cat?post=10080"},{"taxonomy":"product_tag","embeddable":true,"href":"https:\/\/jardindelaparfumerie.com\/en\/wp-json\/wp\/v2\/product_tag?post=10080"}],"curies":[{"name":"wp","href":"https:\/\/api.w.org\/{rel}","templated":true}]}}