{"id":10120,"date":"2025-12-21T15:50:31","date_gmt":"2025-12-21T14:50:31","guid":{"rendered":"https:\/\/jardindelaparfumerie.com\/?post_type=product&#038;p=10120"},"modified":"2025-12-21T16:04:45","modified_gmt":"2025-12-21T15:04:45","slug":"al-haramain-amber-oud-bleu-edition-eau-de-parfum","status":"publish","type":"product","link":"https:\/\/jardindelaparfumerie.com\/en\/shop\/parfums-classiques\/parfum-mixte\/eau-de-parfum-mixte\/al-haramain-amber-oud-bleu-edition-eau-de-parfum\/","title":{"rendered":"Al Haramain Amber Oud Bleu Edition Eau de Parfum"},"content":{"rendered":"<div data-elementor-type=\"wp-post\" data-elementor-id=\"10120\" class=\"elementor elementor-10120\" data-elementor-post-type=\"product\">\n\t\t\t\t\t\t<section class=\"elementor-section elementor-top-section elementor-element elementor-element-3e578628 elementor-section-boxed elementor-section-height-default elementor-section-height-default\" data-id=\"3e578628\" data-element_type=\"section\" data-e-type=\"section\">\n\t\t\t\t\t\t<div class=\"elementor-container elementor-column-gap-no\">\n\t\t\t\t\t<div class=\"elementor-column elementor-col-100 elementor-top-column elementor-element elementor-element-70a1b959\" data-id=\"70a1b959\" data-element_type=\"column\" data-e-type=\"column\">\n\t\t\t<div class=\"elementor-widget-wrap elementor-element-populated\">\n\t\t\t\t\t\t<div class=\"elementor-element elementor-element-1553d536 elementor-widget elementor-widget-text-editor\" data-id=\"1553d536\" data-element_type=\"widget\" data-e-type=\"widget\" data-widget_type=\"text-editor.default\">\n\t\t\t\t\t\t\t\t\t<div class=\"l-column\"><p>Ce parfum s&#8217;ouvre sur une explosion rafra\u00eechissante et vivifiante de pamplemousse, de citron, de menthe et de poivre rose. Le pamplemousse et le citron apportent une touche acidul\u00e9e et citronn\u00e9e \u00e0 la fois stimulante et \u00e9nergisante. La menthe ajoute une note fra\u00eeche et vive, rehaussant les \u00e9l\u00e9ments citronn\u00e9s vibrants et ajoutant une touche de fra\u00eecheur verte. Le poivre rose apporte une nuance \u00e9pic\u00e9e et l\u00e9g\u00e8rement ros\u00e9e qui ajoute de la profondeur et une touche de chaleur \u00e0 l&#8217;ouverture lumineuse. Les notes de c\u0153ur r\u00e9v\u00e8lent un m\u00e9lange dynamique et aromatique de gingembre, de v\u00e9tiver et de jasmin. Dans les notes de fond, le parfum s&#8217;installe dans un m\u00e9lange riche et complexe de bois de santal, d&#8217;oliban, de c\u00e8dre et de patchouli. Le bois de santal apporte un ar\u00f4me bois\u00e9 cr\u00e9meux, doux et l\u00e9g\u00e8rement sucr\u00e9 qui ajoute de la chaleur et de la profondeur.<\/p><\/div>\t\t\t\t\t\t\t\t<\/div>\n\t\t\t\t<div class=\"elementor-element elementor-element-665a8ccf elementor-widget elementor-widget-heading\" data-id=\"665a8ccf\" data-element_type=\"widget\" data-e-type=\"widget\" data-widget_type=\"heading.default\">\n\t\t\t\t\t<h2 class=\"elementor-heading-title elementor-size-default\">Application <\/h2>\t\t\t\t<\/div>\n\t\t\t\t<section class=\"elementor-section elementor-inner-section elementor-element elementor-element-6139f7dc elementor-section-boxed elementor-section-height-default elementor-section-height-default\" data-id=\"6139f7dc\" data-element_type=\"section\" data-e-type=\"section\">\n\t\t\t\t\t\t<div class=\"elementor-container elementor-column-gap-no\">\n\t\t\t\t\t<div class=\"elementor-column elementor-col-50 elementor-inner-column elementor-element elementor-element-68e3e754\" data-id=\"68e3e754\" data-element_type=\"column\" data-e-type=\"column\" data-settings=\"{&quot;background_background&quot;:&quot;classic&quot;}\">\n\t\t\t<div class=\"elementor-widget-wrap elementor-element-populated\">\n\t\t\t\t\t\t<div class=\"elementor-element elementor-element-4c55e7d5 elementor-widget elementor-widget-text-editor\" data-id=\"4c55e7d5\" data-element_type=\"widget\" data-e-type=\"widget\" data-widget_type=\"text-editor.default\">\n\t\t\t\t\t\t\t\t\t<p>Famille olfactive :<\/p>\t\t\t\t\t\t\t\t<\/div>\n\t\t\t\t\t<\/div>\n\t\t<\/div>\n\t\t\t\t<div class=\"elementor-column elementor-col-50 elementor-inner-column elementor-element elementor-element-31240e69\" data-id=\"31240e69\" data-element_type=\"column\" data-e-type=\"column\">\n\t\t\t<div class=\"elementor-widget-wrap elementor-element-populated\">\n\t\t\t\t\t\t<div class=\"elementor-element elementor-element-1620ebb3 elementor-widget elementor-widget-text-editor\" data-id=\"1620ebb3\" data-element_type=\"widget\" data-e-type=\"widget\" data-widget_type=\"text-editor.default\">\n\t\t\t\t\t\t\t\t\t<p>Fra\u00eeche, bois\u00e9e<\/p>\t\t\t\t\t\t\t\t<\/div>\n\t\t\t\t\t<\/div>\n\t\t<\/div>\n\t\t\t\t\t<\/div>\n\t\t<\/section>\n\t\t\t\t<section class=\"elementor-section elementor-inner-section elementor-element elementor-element-71ca5f24 elementor-section-boxed elementor-section-height-default elementor-section-height-default\" data-id=\"71ca5f24\" data-element_type=\"section\" data-e-type=\"section\">\n\t\t\t\t\t\t<div class=\"elementor-container elementor-column-gap-no\">\n\t\t\t\t\t<div class=\"elementor-column elementor-col-50 elementor-inner-column elementor-element elementor-element-7b945a6b\" data-id=\"7b945a6b\" data-element_type=\"column\" data-e-type=\"column\" data-settings=\"{&quot;background_background&quot;:&quot;classic&quot;}\">\n\t\t\t<div class=\"elementor-widget-wrap elementor-element-populated\">\n\t\t\t\t\t\t<div class=\"elementor-element elementor-element-72eabd13 elementor-widget elementor-widget-text-editor\" data-id=\"72eabd13\" data-element_type=\"widget\" data-e-type=\"widget\" data-widget_type=\"text-editor.default\">\n\t\t\t\t\t\t\t\t\t<p>Notes de t\u00eate :<\/p>\t\t\t\t\t\t\t\t<\/div>\n\t\t\t\t\t<\/div>\n\t\t<\/div>\n\t\t\t\t<div class=\"elementor-column elementor-col-50 elementor-inner-column elementor-element elementor-element-6ff2338\" data-id=\"6ff2338\" data-element_type=\"column\" data-e-type=\"column\">\n\t\t\t<div class=\"elementor-widget-wrap elementor-element-populated\">\n\t\t\t\t\t\t<div class=\"elementor-element elementor-element-2377fa30 elementor-widget elementor-widget-text-editor\" data-id=\"2377fa30\" data-element_type=\"widget\" data-e-type=\"widget\" data-widget_type=\"text-editor.default\">\n\t\t\t\t\t\t\t\t\t<p>Pamplemousse, citron, menthe, poivre rose<\/p>\t\t\t\t\t\t\t\t<\/div>\n\t\t\t\t\t<\/div>\n\t\t<\/div>\n\t\t\t\t\t<\/div>\n\t\t<\/section>\n\t\t\t\t<section class=\"elementor-section elementor-inner-section elementor-element elementor-element-2e360902 elementor-section-boxed elementor-section-height-default elementor-section-height-default\" data-id=\"2e360902\" data-element_type=\"section\" data-e-type=\"section\">\n\t\t\t\t\t\t<div class=\"elementor-container elementor-column-gap-no\">\n\t\t\t\t\t<div class=\"elementor-column elementor-col-50 elementor-inner-column elementor-element elementor-element-a29e535\" data-id=\"a29e535\" data-element_type=\"column\" data-e-type=\"column\" data-settings=\"{&quot;background_background&quot;:&quot;classic&quot;}\">\n\t\t\t<div class=\"elementor-widget-wrap elementor-element-populated\">\n\t\t\t\t\t\t<div class=\"elementor-element elementor-element-5a7b21ac elementor-widget elementor-widget-text-editor\" data-id=\"5a7b21ac\" data-element_type=\"widget\" data-e-type=\"widget\" data-widget_type=\"text-editor.default\">\n\t\t\t\t\t\t\t\t\t<p>Note de c\u0153ur :<\/p>\t\t\t\t\t\t\t\t<\/div>\n\t\t\t\t\t<\/div>\n\t\t<\/div>\n\t\t\t\t<div class=\"elementor-column elementor-col-50 elementor-inner-column elementor-element elementor-element-668dfa50\" data-id=\"668dfa50\" data-element_type=\"column\" data-e-type=\"column\">\n\t\t\t<div class=\"elementor-widget-wrap elementor-element-populated\">\n\t\t\t\t\t\t<div class=\"elementor-element elementor-element-5aaa20d3 elementor-widget elementor-widget-text-editor\" data-id=\"5aaa20d3\" data-element_type=\"widget\" data-e-type=\"widget\" data-widget_type=\"text-editor.default\">\n\t\t\t\t\t\t\t\t\t<p>Gingembre, v\u00e9tiver, jasmin<\/p>\t\t\t\t\t\t\t\t<\/div>\n\t\t\t\t\t<\/div>\n\t\t<\/div>\n\t\t\t\t\t<\/div>\n\t\t<\/section>\n\t\t\t\t<section class=\"elementor-section elementor-inner-section elementor-element elementor-element-5feb3914 elementor-section-boxed elementor-section-height-default elementor-section-height-default\" data-id=\"5feb3914\" data-element_type=\"section\" data-e-type=\"section\">\n\t\t\t\t\t\t<div class=\"elementor-container elementor-column-gap-no\">\n\t\t\t\t\t<div class=\"elementor-column elementor-col-50 elementor-inner-column elementor-element elementor-element-39261f3c\" data-id=\"39261f3c\" data-element_type=\"column\" data-e-type=\"column\" data-settings=\"{&quot;background_background&quot;:&quot;classic&quot;}\">\n\t\t\t<div class=\"elementor-widget-wrap elementor-element-populated\">\n\t\t\t\t\t\t<div class=\"elementor-element elementor-element-5fc36025 elementor-widget elementor-widget-text-editor\" data-id=\"5fc36025\" data-element_type=\"widget\" data-e-type=\"widget\" data-widget_type=\"text-editor.default\">\n\t\t\t\t\t\t\t\t\t<p>Note de fond :<\/p>\t\t\t\t\t\t\t\t<\/div>\n\t\t\t\t\t<\/div>\n\t\t<\/div>\n\t\t\t\t<div class=\"elementor-column elementor-col-50 elementor-inner-column elementor-element elementor-element-51e72dd9\" data-id=\"51e72dd9\" data-element_type=\"column\" data-e-type=\"column\">\n\t\t\t<div class=\"elementor-widget-wrap elementor-element-populated\">\n\t\t\t\t\t\t<div class=\"elementor-element elementor-element-2ea9b1a1 elementor-widget elementor-widget-text-editor\" data-id=\"2ea9b1a1\" data-element_type=\"widget\" data-e-type=\"widget\" data-widget_type=\"text-editor.default\">\n\t\t\t\t\t\t\t\t\t<p>Bois de santal, oliban, c\u00e8dre, patchouli<\/p>\t\t\t\t\t\t\t\t<\/div>\n\t\t\t\t\t<\/div>\n\t\t<\/div>\n\t\t\t\t\t<\/div>\n\t\t<\/section>\n\t\t\t\t\t<\/div>\n\t\t<\/div>\n\t\t\t\t\t<\/div>\n\t\t<\/section>\n\t\t\t\t<\/div>","protected":false},"excerpt":{"rendered":"<ul>\n<li><strong>Famille olfactive :<\/strong> Fra\u00eeche, bois\u00e9e<\/li>\n<li><strong>Notes de t\u00eate :<\/strong>Pamplemousse, citron, menthe, poivre rose<\/li>\n<li><strong>Not\u00e9s de c\u0153ur :<\/strong>Gingembre, v\u00e9tiver, jasmin<\/li>\n<li><strong>Notes de fond :<\/strong>Bois de santal, oliban, c\u00e8dre, patchouli<\/li>\n<\/ul>","protected":false},"featured_media":10123,"comment_status":"open","ping_status":"closed","template":"","meta":[],"product_brand":[334],"product_cat":[406,405,15],"product_tag":[],"class_list":{"0":"post-10120","1":"product","2":"type-product","3":"status-publish","4":"has-post-thumbnail","6":"product_brand-al-haramain","7":"product_cat-eau-de-parfum-mixte","8":"product_cat-parfum-mixte","9":"product_cat-parfums-classiques","10":"pa_contenance-100ml","11":"pa_famille-olfactive-boise","12":"pa_famille-olfactive-frais","15":"instock","16":"featured","17":"shipping-taxable","18":"purchasable","19":"product-type-variable","20":"has-default-attributes"},"yoast_head":"<!-- This site is optimized with the Yoast SEO plugin v27.4 - https:\/\/yoast.com\/product\/yoast-seo-wordpress\/ -->\n<title>Al Haramain Amber Oud Bleu Edition Eau de Parfum &#8211; Jardin de la Parfumerie<\/title>\n<meta name=\"description\" content=\"Al Haramain Amber Oud Bleu Edition est une eau de parfum fra\u00eeche et bois\u00e9e, m\u00ealant notes hesp\u00e9rid\u00e9es, ambre et bois nobles pour une \u00e9l\u00e9gance moderne.\" \/>\n<meta name=\"robots\" content=\"index, follow, max-snippet:-1, max-image-preview:large, max-video-preview:-1\" \/>\n<link rel=\"canonical\" href=\"https:\/\/jardindelaparfumerie.com\/en\/shop\/parfums-classiques\/parfum-mixte\/eau-de-parfum-mixte\/al-haramain-amber-oud-bleu-edition-eau-de-parfum\/\" \/>\n<meta property=\"og:locale\" content=\"en_US\" \/>\n<meta property=\"og:type\" content=\"article\" \/>\n<meta property=\"og:title\" content=\"Al Haramain Amber Oud Bleu Edition Eau de Parfum &#8211; Jardin de la Parfumerie\" \/>\n<meta property=\"og:description\" content=\"Al Haramain Amber Oud Bleu Edition est une eau de parfum fra\u00eeche et bois\u00e9e, m\u00ealant notes hesp\u00e9rid\u00e9es, ambre et bois nobles pour une \u00e9l\u00e9gance moderne.\" \/>\n<meta property=\"og:url\" content=\"https:\/\/jardindelaparfumerie.com\/en\/shop\/parfums-classiques\/parfum-mixte\/eau-de-parfum-mixte\/al-haramain-amber-oud-bleu-edition-eau-de-parfum\/\" \/>\n<meta property=\"og:site_name\" content=\"Jardin de la Parfumerie\" \/>\n<meta property=\"article:publisher\" content=\"https:\/\/www.facebook.com\/p\/Jardin-De-La-Parfumerie-100075860036544\/?locale=fr_FR\" \/>\n<meta property=\"article:modified_time\" content=\"2025-12-21T15:04:45+00:00\" \/>\n<meta property=\"og:image\" content=\"https:\/\/jardindelaparfumerie.com\/wp-content\/uploads\/2025\/12\/Al-Haramain-Amber-Oud-Bleu-Edition.jpg\" \/>\n\t<meta property=\"og:image:width\" content=\"1000\" \/>\n\t<meta property=\"og:image:height\" content=\"1000\" \/>\n\t<meta property=\"og:image:type\" content=\"image\/jpeg\" \/>\n<meta name=\"twitter:card\" content=\"summary_large_image\" \/>\n<meta name=\"twitter:label1\" content=\"Est. reading time\" \/>\n\t<meta name=\"twitter:data1\" content=\"2 minutes\" \/>\n<script type=\"application\/ld+json\" class=\"yoast-schema-graph\">{\"@context\":\"https:\\\/\\\/schema.org\",\"@graph\":[{\"@type\":\"WebPage\",\"@id\":\"https:\\\/\\\/jardindelaparfumerie.com\\\/shop\\\/parfums-classiques\\\/parfum-mixte\\\/eau-de-parfum-mixte\\\/al-haramain-amber-oud-bleu-edition-eau-de-parfum\\\/\",\"url\":\"https:\\\/\\\/jardindelaparfumerie.com\\\/shop\\\/parfums-classiques\\\/parfum-mixte\\\/eau-de-parfum-mixte\\\/al-haramain-amber-oud-bleu-edition-eau-de-parfum\\\/\",\"name\":\"Al Haramain Amber Oud Bleu Edition Eau de Parfum &#8211; Jardin de la Parfumerie\",\"isPartOf\":{\"@id\":\"https:\\\/\\\/jardindelaparfumerie.com\\\/#website\"},\"primaryImageOfPage\":{\"@id\":\"https:\\\/\\\/jardindelaparfumerie.com\\\/shop\\\/parfums-classiques\\\/parfum-mixte\\\/eau-de-parfum-mixte\\\/al-haramain-amber-oud-bleu-edition-eau-de-parfum\\\/#primaryimage\"},\"image\":{\"@id\":\"https:\\\/\\\/jardindelaparfumerie.com\\\/shop\\\/parfums-classiques\\\/parfum-mixte\\\/eau-de-parfum-mixte\\\/al-haramain-amber-oud-bleu-edition-eau-de-parfum\\\/#primaryimage\"},\"thumbnailUrl\":\"https:\\\/\\\/jardindelaparfumerie.com\\\/wp-content\\\/uploads\\\/2025\\\/12\\\/Al-Haramain-Amber-Oud-Bleu-Edition.jpg\",\"datePublished\":\"2025-12-21T14:50:31+00:00\",\"dateModified\":\"2025-12-21T15:04:45+00:00\",\"description\":\"Al Haramain Amber Oud Bleu Edition est une eau de parfum fra\u00eeche et bois\u00e9e, m\u00ealant notes hesp\u00e9rid\u00e9es, ambre et bois nobles pour une \u00e9l\u00e9gance moderne.\",\"breadcrumb\":{\"@id\":\"https:\\\/\\\/jardindelaparfumerie.com\\\/shop\\\/parfums-classiques\\\/parfum-mixte\\\/eau-de-parfum-mixte\\\/al-haramain-amber-oud-bleu-edition-eau-de-parfum\\\/#breadcrumb\"},\"inLanguage\":\"en-US\",\"potentialAction\":[{\"@type\":\"ReadAction\",\"target\":[\"https:\\\/\\\/jardindelaparfumerie.com\\\/shop\\\/parfums-classiques\\\/parfum-mixte\\\/eau-de-parfum-mixte\\\/al-haramain-amber-oud-bleu-edition-eau-de-parfum\\\/\"]}]},{\"@type\":\"ImageObject\",\"inLanguage\":\"en-US\",\"@id\":\"https:\\\/\\\/jardindelaparfumerie.com\\\/shop\\\/parfums-classiques\\\/parfum-mixte\\\/eau-de-parfum-mixte\\\/al-haramain-amber-oud-bleu-edition-eau-de-parfum\\\/#primaryimage\",\"url\":\"https:\\\/\\\/jardindelaparfumerie.com\\\/wp-content\\\/uploads\\\/2025\\\/12\\\/Al-Haramain-Amber-Oud-Bleu-Edition.jpg\",\"contentUrl\":\"https:\\\/\\\/jardindelaparfumerie.com\\\/wp-content\\\/uploads\\\/2025\\\/12\\\/Al-Haramain-Amber-Oud-Bleu-Edition.jpg\",\"width\":1000,\"height\":1000},{\"@type\":\"BreadcrumbList\",\"@id\":\"https:\\\/\\\/jardindelaparfumerie.com\\\/shop\\\/parfums-classiques\\\/parfum-mixte\\\/eau-de-parfum-mixte\\\/al-haramain-amber-oud-bleu-edition-eau-de-parfum\\\/#breadcrumb\",\"itemListElement\":[{\"@type\":\"ListItem\",\"position\":1,\"name\":\"Accueil\",\"item\":\"https:\\\/\\\/jardindelaparfumerie.com\\\/\"},{\"@type\":\"ListItem\",\"position\":2,\"name\":\"Boutique\",\"item\":\"https:\\\/\\\/jardindelaparfumerie.com\\\/boutique\\\/\"},{\"@type\":\"ListItem\",\"position\":3,\"name\":\"Al Haramain Amber Oud Bleu Edition Eau de Parfum\"}]},{\"@type\":\"WebSite\",\"@id\":\"https:\\\/\\\/jardindelaparfumerie.com\\\/#website\",\"url\":\"https:\\\/\\\/jardindelaparfumerie.com\\\/\",\"name\":\"Jardin de la Parfumerie\",\"description\":\"L\u2019art du Parfum, l\u2019essence du Luxe\",\"publisher\":{\"@id\":\"https:\\\/\\\/jardindelaparfumerie.com\\\/#organization\"},\"potentialAction\":[{\"@type\":\"SearchAction\",\"target\":{\"@type\":\"EntryPoint\",\"urlTemplate\":\"https:\\\/\\\/jardindelaparfumerie.com\\\/?s={search_term_string}\"},\"query-input\":{\"@type\":\"PropertyValueSpecification\",\"valueRequired\":true,\"valueName\":\"search_term_string\"}}],\"inLanguage\":\"en-US\"},{\"@type\":\"Organization\",\"@id\":\"https:\\\/\\\/jardindelaparfumerie.com\\\/#organization\",\"name\":\"Jardin de la Parfumerie\",\"url\":\"https:\\\/\\\/jardindelaparfumerie.com\\\/\",\"logo\":{\"@type\":\"ImageObject\",\"inLanguage\":\"en-US\",\"@id\":\"https:\\\/\\\/jardindelaparfumerie.com\\\/#\\\/schema\\\/logo\\\/image\\\/\",\"url\":\"https:\\\/\\\/jardindelaparfumerie.com\\\/wp-content\\\/uploads\\\/2022\\\/05\\\/Logo-alt-1.png\",\"contentUrl\":\"https:\\\/\\\/jardindelaparfumerie.com\\\/wp-content\\\/uploads\\\/2022\\\/05\\\/Logo-alt-1.png\",\"width\":725,\"height\":342,\"caption\":\"Jardin de la Parfumerie\"},\"image\":{\"@id\":\"https:\\\/\\\/jardindelaparfumerie.com\\\/#\\\/schema\\\/logo\\\/image\\\/\"},\"sameAs\":[\"https:\\\/\\\/www.facebook.com\\\/p\\\/Jardin-De-La-Parfumerie-100075860036544\\\/?locale=fr_FR\",\"https:\\\/\\\/www.instagram.com\\\/jardindelaparfumerie\\\/\"]}]}<\/script>\n<!-- \/ Yoast SEO plugin. -->","yoast_head_json":{"title":"Al Haramain Amber Oud Bleu Edition Eau de Parfum &#8211; Jardin de la Parfumerie","description":"Al Haramain Amber Oud Bleu Edition est une eau de parfum fra\u00eeche et bois\u00e9e, m\u00ealant notes hesp\u00e9rid\u00e9es, ambre et bois nobles pour une \u00e9l\u00e9gance moderne.","robots":{"index":"index","follow":"follow","max-snippet":"max-snippet:-1","max-image-preview":"max-image-preview:large","max-video-preview":"max-video-preview:-1"},"canonical":"https:\/\/jardindelaparfumerie.com\/en\/shop\/parfums-classiques\/parfum-mixte\/eau-de-parfum-mixte\/al-haramain-amber-oud-bleu-edition-eau-de-parfum\/","og_locale":"en_US","og_type":"article","og_title":"Al Haramain Amber Oud Bleu Edition Eau de Parfum &#8211; Jardin de la Parfumerie","og_description":"Al Haramain Amber Oud Bleu Edition est une eau de parfum fra\u00eeche et bois\u00e9e, m\u00ealant notes hesp\u00e9rid\u00e9es, ambre et bois nobles pour une \u00e9l\u00e9gance moderne.","og_url":"https:\/\/jardindelaparfumerie.com\/en\/shop\/parfums-classiques\/parfum-mixte\/eau-de-parfum-mixte\/al-haramain-amber-oud-bleu-edition-eau-de-parfum\/","og_site_name":"Jardin de la Parfumerie","article_publisher":"https:\/\/www.facebook.com\/p\/Jardin-De-La-Parfumerie-100075860036544\/?locale=fr_FR","article_modified_time":"2025-12-21T15:04:45+00:00","og_image":[{"width":1000,"height":1000,"url":"https:\/\/jardindelaparfumerie.com\/wp-content\/uploads\/2025\/12\/Al-Haramain-Amber-Oud-Bleu-Edition.jpg","type":"image\/jpeg"}],"twitter_card":"summary_large_image","twitter_misc":{"Est. reading time":"2 minutes"},"schema":{"@context":"https:\/\/schema.org","@graph":[{"@type":"WebPage","@id":"https:\/\/jardindelaparfumerie.com\/shop\/parfums-classiques\/parfum-mixte\/eau-de-parfum-mixte\/al-haramain-amber-oud-bleu-edition-eau-de-parfum\/","url":"https:\/\/jardindelaparfumerie.com\/shop\/parfums-classiques\/parfum-mixte\/eau-de-parfum-mixte\/al-haramain-amber-oud-bleu-edition-eau-de-parfum\/","name":"Al Haramain Amber Oud Bleu Edition Eau de Parfum &#8211; Jardin de la Parfumerie","isPartOf":{"@id":"https:\/\/jardindelaparfumerie.com\/#website"},"primaryImageOfPage":{"@id":"https:\/\/jardindelaparfumerie.com\/shop\/parfums-classiques\/parfum-mixte\/eau-de-parfum-mixte\/al-haramain-amber-oud-bleu-edition-eau-de-parfum\/#primaryimage"},"image":{"@id":"https:\/\/jardindelaparfumerie.com\/shop\/parfums-classiques\/parfum-mixte\/eau-de-parfum-mixte\/al-haramain-amber-oud-bleu-edition-eau-de-parfum\/#primaryimage"},"thumbnailUrl":"https:\/\/jardindelaparfumerie.com\/wp-content\/uploads\/2025\/12\/Al-Haramain-Amber-Oud-Bleu-Edition.jpg","datePublished":"2025-12-21T14:50:31+00:00","dateModified":"2025-12-21T15:04:45+00:00","description":"Al Haramain Amber Oud Bleu Edition est une eau de parfum fra\u00eeche et bois\u00e9e, m\u00ealant notes hesp\u00e9rid\u00e9es, ambre et bois nobles pour une \u00e9l\u00e9gance moderne.","breadcrumb":{"@id":"https:\/\/jardindelaparfumerie.com\/shop\/parfums-classiques\/parfum-mixte\/eau-de-parfum-mixte\/al-haramain-amber-oud-bleu-edition-eau-de-parfum\/#breadcrumb"},"inLanguage":"en-US","potentialAction":[{"@type":"ReadAction","target":["https:\/\/jardindelaparfumerie.com\/shop\/parfums-classiques\/parfum-mixte\/eau-de-parfum-mixte\/al-haramain-amber-oud-bleu-edition-eau-de-parfum\/"]}]},{"@type":"ImageObject","inLanguage":"en-US","@id":"https:\/\/jardindelaparfumerie.com\/shop\/parfums-classiques\/parfum-mixte\/eau-de-parfum-mixte\/al-haramain-amber-oud-bleu-edition-eau-de-parfum\/#primaryimage","url":"https:\/\/jardindelaparfumerie.com\/wp-content\/uploads\/2025\/12\/Al-Haramain-Amber-Oud-Bleu-Edition.jpg","contentUrl":"https:\/\/jardindelaparfumerie.com\/wp-content\/uploads\/2025\/12\/Al-Haramain-Amber-Oud-Bleu-Edition.jpg","width":1000,"height":1000},{"@type":"BreadcrumbList","@id":"https:\/\/jardindelaparfumerie.com\/shop\/parfums-classiques\/parfum-mixte\/eau-de-parfum-mixte\/al-haramain-amber-oud-bleu-edition-eau-de-parfum\/#breadcrumb","itemListElement":[{"@type":"ListItem","position":1,"name":"Accueil","item":"https:\/\/jardindelaparfumerie.com\/"},{"@type":"ListItem","position":2,"name":"Boutique","item":"https:\/\/jardindelaparfumerie.com\/boutique\/"},{"@type":"ListItem","position":3,"name":"Al Haramain Amber Oud Bleu Edition Eau de Parfum"}]},{"@type":"WebSite","@id":"https:\/\/jardindelaparfumerie.com\/#website","url":"https:\/\/jardindelaparfumerie.com\/","name":"Jardin de la Parfumerie","description":"L\u2019art du Parfum, l\u2019essence du Luxe","publisher":{"@id":"https:\/\/jardindelaparfumerie.com\/#organization"},"potentialAction":[{"@type":"SearchAction","target":{"@type":"EntryPoint","urlTemplate":"https:\/\/jardindelaparfumerie.com\/?s={search_term_string}"},"query-input":{"@type":"PropertyValueSpecification","valueRequired":true,"valueName":"search_term_string"}}],"inLanguage":"en-US"},{"@type":"Organization","@id":"https:\/\/jardindelaparfumerie.com\/#organization","name":"Jardin de la Parfumerie","url":"https:\/\/jardindelaparfumerie.com\/","logo":{"@type":"ImageObject","inLanguage":"en-US","@id":"https:\/\/jardindelaparfumerie.com\/#\/schema\/logo\/image\/","url":"https:\/\/jardindelaparfumerie.com\/wp-content\/uploads\/2022\/05\/Logo-alt-1.png","contentUrl":"https:\/\/jardindelaparfumerie.com\/wp-content\/uploads\/2022\/05\/Logo-alt-1.png","width":725,"height":342,"caption":"Jardin de la Parfumerie"},"image":{"@id":"https:\/\/jardindelaparfumerie.com\/#\/schema\/logo\/image\/"},"sameAs":["https:\/\/www.facebook.com\/p\/Jardin-De-La-Parfumerie-100075860036544\/?locale=fr_FR","https:\/\/www.instagram.com\/jardindelaparfumerie\/"]}]}},"jetpack_sharing_enabled":true,"_links":{"self":[{"href":"https:\/\/jardindelaparfumerie.com\/en\/wp-json\/wp\/v2\/product\/10120","targetHints":{"allow":["GET"]}}],"collection":[{"href":"https:\/\/jardindelaparfumerie.com\/en\/wp-json\/wp\/v2\/product"}],"about":[{"href":"https:\/\/jardindelaparfumerie.com\/en\/wp-json\/wp\/v2\/types\/product"}],"replies":[{"embeddable":true,"href":"https:\/\/jardindelaparfumerie.com\/en\/wp-json\/wp\/v2\/comments?post=10120"}],"version-history":[{"count":5,"href":"https:\/\/jardindelaparfumerie.com\/en\/wp-json\/wp\/v2\/product\/10120\/revisions"}],"predecessor-version":[{"id":10128,"href":"https:\/\/jardindelaparfumerie.com\/en\/wp-json\/wp\/v2\/product\/10120\/revisions\/10128"}],"wp:featuredmedia":[{"embeddable":true,"href":"https:\/\/jardindelaparfumerie.com\/en\/wp-json\/wp\/v2\/media\/10123"}],"wp:attachment":[{"href":"https:\/\/jardindelaparfumerie.com\/en\/wp-json\/wp\/v2\/media?parent=10120"}],"wp:term":[{"taxonomy":"product_brand","embeddable":true,"href":"https:\/\/jardindelaparfumerie.com\/en\/wp-json\/wp\/v2\/product_brand?post=10120"},{"taxonomy":"product_cat","embeddable":true,"href":"https:\/\/jardindelaparfumerie.com\/en\/wp-json\/wp\/v2\/product_cat?post=10120"},{"taxonomy":"product_tag","embeddable":true,"href":"https:\/\/jardindelaparfumerie.com\/en\/wp-json\/wp\/v2\/product_tag?post=10120"}],"curies":[{"name":"wp","href":"https:\/\/api.w.org\/{rel}","templated":true}]}}