{"id":10222,"date":"2026-01-21T18:50:36","date_gmt":"2026-01-21T17:50:36","guid":{"rendered":"https:\/\/jardindelaparfumerie.com\/?post_type=product&#038;p=10222"},"modified":"2026-01-21T19:12:10","modified_gmt":"2026-01-21T18:12:10","slug":"givenchy-gentleman-boisee-eau-de-parfum","status":"publish","type":"product","link":"https:\/\/jardindelaparfumerie.com\/en\/shop\/parfums-classiques\/parfums-homme\/eau-de-parfum-homme\/givenchy-gentleman-boisee-eau-de-parfum\/","title":{"rendered":"Givenchy Gentleman Bois\u00e9e Eau de Parfum"},"content":{"rendered":"<div data-elementor-type=\"wp-post\" data-elementor-id=\"10222\" class=\"elementor elementor-10222\" data-elementor-post-type=\"product\">\n\t\t\t\t\t\t<section class=\"elementor-section elementor-top-section elementor-element elementor-element-25a46325 elementor-section-boxed elementor-section-height-default elementor-section-height-default\" data-id=\"25a46325\" data-element_type=\"section\" data-e-type=\"section\">\n\t\t\t\t\t\t<div class=\"elementor-container elementor-column-gap-no\">\n\t\t\t\t\t<div class=\"elementor-column elementor-col-100 elementor-top-column elementor-element elementor-element-180e4677\" data-id=\"180e4677\" data-element_type=\"column\" data-e-type=\"column\">\n\t\t\t<div class=\"elementor-widget-wrap elementor-element-populated\">\n\t\t\t\t\t\t<div class=\"elementor-element elementor-element-6b3f5509 elementor-widget elementor-widget-text-editor\" data-id=\"6b3f5509\" data-element_type=\"widget\" data-e-type=\"widget\" data-widget_type=\"text-editor.default\">\n\t\t\t\t\t\t\t\t\t<div id=\"pdp__description__disclosure\" class=\"pdp__description__disclosure\"><div class=\"pdp__description__long js-longDescription\"><p><strong>UNE ALCHIMIE BOIS\u00c9E, FLORALE ET \u00c9PIC\u00c9E CAPTIVANTE<\/strong><br \/>Une fragrance aux multiples contrates, o\u00f9 l&#8217;Iris noble s&#8217;enveloppe d&#8217;un Bois de C\u00e8dre et de Santal pour cr\u00e9er le plus sensuel des parfums pour hommes. R\u00e9hauss\u00e9 par les touches \u00e9pic\u00e9es de Coriandre, de Cacao et de Poivre Noir incandescent.<br \/><br \/><strong>UN PARFUM BOIS\u00c9 POUR UN SILLAGE SENSUEL<\/strong><br \/>Gentleman Eau de Parfum Bois\u00e9e : une alchimie captivante, un contraste inattendu entre la force ardente d\u2019un bois gourmand et la douceur d\u2019une fleur poudr\u00e9e.<\/p><\/div><\/div>\t\t\t\t\t\t\t\t<\/div>\n\t\t\t\t<section class=\"elementor-section elementor-inner-section elementor-element elementor-element-b97b4e2 elementor-section-boxed elementor-section-height-default elementor-section-height-default\" data-id=\"b97b4e2\" data-element_type=\"section\" data-e-type=\"section\">\n\t\t\t\t\t\t<div class=\"elementor-container elementor-column-gap-no\">\n\t\t\t\t\t<div class=\"elementor-column elementor-col-50 elementor-inner-column elementor-element elementor-element-49cc7fd\" data-id=\"49cc7fd\" data-element_type=\"column\" data-e-type=\"column\">\n\t\t\t<div class=\"elementor-widget-wrap elementor-element-populated\">\n\t\t\t\t\t\t<div class=\"elementor-element elementor-element-3a67334 elementor-widget elementor-widget-image\" data-id=\"3a67334\" data-element_type=\"widget\" data-e-type=\"widget\" data-widget_type=\"image.default\">\n\t\t\t\t\t\t\t\t\t\t\t\t\t\t\t<img fetchpriority=\"high\" decoding=\"async\" width=\"1000\" height=\"1000\" src=\"https:\/\/jardindelaparfumerie.com\/wp-content\/uploads\/2026\/01\/Givenchy-Gentleman-Boisee-Eau-de-Parfum-3.jpg\" class=\"attachment-full size-full wp-image-10224\" alt=\"\" \/>\t\t\t\t\t\t\t\t\t\t\t\t\t\t\t<\/div>\n\t\t\t\t\t<\/div>\n\t\t<\/div>\n\t\t\t\t<div class=\"elementor-column elementor-col-50 elementor-inner-column elementor-element elementor-element-3603524\" data-id=\"3603524\" data-element_type=\"column\" data-e-type=\"column\">\n\t\t\t<div class=\"elementor-widget-wrap elementor-element-populated\">\n\t\t\t\t\t\t<div class=\"elementor-element elementor-element-9aaef6b elementor-widget elementor-widget-image\" data-id=\"9aaef6b\" data-element_type=\"widget\" data-e-type=\"widget\" data-widget_type=\"image.default\">\n\t\t\t\t\t\t\t\t\t\t\t\t\t\t\t<img decoding=\"async\" width=\"1000\" height=\"1000\" src=\"https:\/\/jardindelaparfumerie.com\/wp-content\/uploads\/2026\/01\/Givenchy-Gentleman-Boisee-Eau-de-Parfum-4.jpg\" class=\"attachment-full size-full wp-image-10227\" alt=\"\" \/>\t\t\t\t\t\t\t\t\t\t\t\t\t\t\t<\/div>\n\t\t\t\t\t<\/div>\n\t\t<\/div>\n\t\t\t\t\t<\/div>\n\t\t<\/section>\n\t\t\t\t<div class=\"elementor-element elementor-element-113d3e3d elementor-widget elementor-widget-heading\" data-id=\"113d3e3d\" data-element_type=\"widget\" data-e-type=\"widget\" data-widget_type=\"heading.default\">\n\t\t\t\t\t<h2 class=\"elementor-heading-title elementor-size-default\">Application <\/h2>\t\t\t\t<\/div>\n\t\t\t\t<section class=\"elementor-section elementor-inner-section elementor-element elementor-element-5f18e1b3 elementor-section-boxed elementor-section-height-default elementor-section-height-default\" data-id=\"5f18e1b3\" data-element_type=\"section\" data-e-type=\"section\">\n\t\t\t\t\t\t<div class=\"elementor-container elementor-column-gap-no\">\n\t\t\t\t\t<div class=\"elementor-column elementor-col-50 elementor-inner-column elementor-element elementor-element-5fbcdffc\" data-id=\"5fbcdffc\" data-element_type=\"column\" data-e-type=\"column\" data-settings=\"{&quot;background_background&quot;:&quot;classic&quot;}\">\n\t\t\t<div class=\"elementor-widget-wrap elementor-element-populated\">\n\t\t\t\t\t\t<div class=\"elementor-element elementor-element-487720d9 elementor-widget elementor-widget-text-editor\" data-id=\"487720d9\" data-element_type=\"widget\" data-e-type=\"widget\" data-widget_type=\"text-editor.default\">\n\t\t\t\t\t\t\t\t\t<p>Famille olfactive :<\/p>\t\t\t\t\t\t\t\t<\/div>\n\t\t\t\t\t<\/div>\n\t\t<\/div>\n\t\t\t\t<div class=\"elementor-column elementor-col-50 elementor-inner-column elementor-element elementor-element-266b4d67\" data-id=\"266b4d67\" data-element_type=\"column\" data-e-type=\"column\">\n\t\t\t<div class=\"elementor-widget-wrap elementor-element-populated\">\n\t\t\t\t\t\t<div class=\"elementor-element elementor-element-5485c62f elementor-widget elementor-widget-text-editor\" data-id=\"5485c62f\" data-element_type=\"widget\" data-e-type=\"widget\" data-widget_type=\"text-editor.default\">\n\t\t\t\t\t\t\t\t\t<p>Bois\u00e9e, florale, \u00e9pic\u00e9e<\/p>\t\t\t\t\t\t\t\t<\/div>\n\t\t\t\t\t<\/div>\n\t\t<\/div>\n\t\t\t\t\t<\/div>\n\t\t<\/section>\n\t\t\t\t<section class=\"elementor-section elementor-inner-section elementor-element elementor-element-7b62a0a4 elementor-section-boxed elementor-section-height-default elementor-section-height-default\" data-id=\"7b62a0a4\" data-element_type=\"section\" data-e-type=\"section\">\n\t\t\t\t\t\t<div class=\"elementor-container elementor-column-gap-no\">\n\t\t\t\t\t<div class=\"elementor-column elementor-col-50 elementor-inner-column elementor-element elementor-element-7e2b40b5\" data-id=\"7e2b40b5\" data-element_type=\"column\" data-e-type=\"column\" data-settings=\"{&quot;background_background&quot;:&quot;classic&quot;}\">\n\t\t\t<div class=\"elementor-widget-wrap elementor-element-populated\">\n\t\t\t\t\t\t<div class=\"elementor-element elementor-element-256188d0 elementor-widget elementor-widget-text-editor\" data-id=\"256188d0\" data-element_type=\"widget\" data-e-type=\"widget\" data-widget_type=\"text-editor.default\">\n\t\t\t\t\t\t\t\t\t<p>Notes de t\u00eate :<\/p>\t\t\t\t\t\t\t\t<\/div>\n\t\t\t\t\t<\/div>\n\t\t<\/div>\n\t\t\t\t<div class=\"elementor-column elementor-col-50 elementor-inner-column elementor-element elementor-element-3bccc703\" data-id=\"3bccc703\" data-element_type=\"column\" data-e-type=\"column\">\n\t\t\t<div class=\"elementor-widget-wrap elementor-element-populated\">\n\t\t\t\t\t\t<div class=\"elementor-element elementor-element-4c2c29cc elementor-widget elementor-widget-text-editor\" data-id=\"4c2c29cc\" data-element_type=\"widget\" data-e-type=\"widget\" data-widget_type=\"text-editor.default\">\n\t\t\t\t\t\t\t\t\t<p>Poivre noir, coriandre, g\u00e9ranium<\/p>\t\t\t\t\t\t\t\t<\/div>\n\t\t\t\t\t<\/div>\n\t\t<\/div>\n\t\t\t\t\t<\/div>\n\t\t<\/section>\n\t\t\t\t<section class=\"elementor-section elementor-inner-section elementor-element elementor-element-a5ed80a elementor-section-boxed elementor-section-height-default elementor-section-height-default\" data-id=\"a5ed80a\" data-element_type=\"section\" data-e-type=\"section\">\n\t\t\t\t\t\t<div class=\"elementor-container elementor-column-gap-no\">\n\t\t\t\t\t<div class=\"elementor-column elementor-col-50 elementor-inner-column elementor-element elementor-element-27b75f11\" data-id=\"27b75f11\" data-element_type=\"column\" data-e-type=\"column\" data-settings=\"{&quot;background_background&quot;:&quot;classic&quot;}\">\n\t\t\t<div class=\"elementor-widget-wrap elementor-element-populated\">\n\t\t\t\t\t\t<div class=\"elementor-element elementor-element-4a39970f elementor-widget elementor-widget-text-editor\" data-id=\"4a39970f\" data-element_type=\"widget\" data-e-type=\"widget\" data-widget_type=\"text-editor.default\">\n\t\t\t\t\t\t\t\t\t<p>Note de c\u0153ur :<\/p>\t\t\t\t\t\t\t\t<\/div>\n\t\t\t\t\t<\/div>\n\t\t<\/div>\n\t\t\t\t<div class=\"elementor-column elementor-col-50 elementor-inner-column elementor-element elementor-element-2a5e3e5e\" data-id=\"2a5e3e5e\" data-element_type=\"column\" data-e-type=\"column\">\n\t\t\t<div class=\"elementor-widget-wrap elementor-element-populated\">\n\t\t\t\t\t\t<div class=\"elementor-element elementor-element-2b0dd5d9 elementor-widget elementor-widget-text-editor\" data-id=\"2b0dd5d9\" data-element_type=\"widget\" data-e-type=\"widget\" data-widget_type=\"text-editor.default\">\n\t\t\t\t\t\t\t\t\t<p>Iris, bois de c\u00e8dre, cacao<\/p>\t\t\t\t\t\t\t\t<\/div>\n\t\t\t\t\t<\/div>\n\t\t<\/div>\n\t\t\t\t\t<\/div>\n\t\t<\/section>\n\t\t\t\t<section class=\"elementor-section elementor-inner-section elementor-element elementor-element-114c1d6a elementor-section-boxed elementor-section-height-default elementor-section-height-default\" data-id=\"114c1d6a\" data-element_type=\"section\" data-e-type=\"section\">\n\t\t\t\t\t\t<div class=\"elementor-container elementor-column-gap-no\">\n\t\t\t\t\t<div class=\"elementor-column elementor-col-50 elementor-inner-column elementor-element elementor-element-12f47a41\" data-id=\"12f47a41\" data-element_type=\"column\" data-e-type=\"column\" data-settings=\"{&quot;background_background&quot;:&quot;classic&quot;}\">\n\t\t\t<div class=\"elementor-widget-wrap elementor-element-populated\">\n\t\t\t\t\t\t<div class=\"elementor-element elementor-element-40920aed elementor-widget elementor-widget-text-editor\" data-id=\"40920aed\" data-element_type=\"widget\" data-e-type=\"widget\" data-widget_type=\"text-editor.default\">\n\t\t\t\t\t\t\t\t\t<p>Note de fond :<\/p>\t\t\t\t\t\t\t\t<\/div>\n\t\t\t\t\t<\/div>\n\t\t<\/div>\n\t\t\t\t<div class=\"elementor-column elementor-col-50 elementor-inner-column elementor-element elementor-element-2842bf98\" data-id=\"2842bf98\" data-element_type=\"column\" data-e-type=\"column\">\n\t\t\t<div class=\"elementor-widget-wrap elementor-element-populated\">\n\t\t\t\t\t\t<div class=\"elementor-element elementor-element-3805ef75 elementor-widget elementor-widget-text-editor\" data-id=\"3805ef75\" data-element_type=\"widget\" data-e-type=\"widget\" data-widget_type=\"text-editor.default\">\n\t\t\t\t\t\t\t\t\t<p>Bois de santal, bois br\u00fblant, patchouli<\/p>\t\t\t\t\t\t\t\t<\/div>\n\t\t\t\t\t<\/div>\n\t\t<\/div>\n\t\t\t\t\t<\/div>\n\t\t<\/section>\n\t\t\t\t<div class=\"elementor-element elementor-element-03564ca elementor-widget elementor-widget-text-editor\" data-id=\"03564ca\" data-element_type=\"widget\" data-e-type=\"widget\" data-widget_type=\"text-editor.default\">\n\t\t\t\t\t\t\t\t\t<p>\u00c0 vaporiser sur les points de pulsation : le cou, la poitrine et les poignets.<\/p>\t\t\t\t\t\t\t\t<\/div>\n\t\t\t\t\t<\/div>\n\t\t<\/div>\n\t\t\t\t\t<\/div>\n\t\t<\/section>\n\t\t\t\t<\/div>","protected":false},"excerpt":{"rendered":"<ul>\n<li><strong>Famille olfactive :<\/strong> Bois\u00e9e, florale, \u00e9pic\u00e9e<\/li>\n<li><strong>Note de t\u00eate :<\/strong> Poivre noir, coriandre, g\u00e9ranium<\/li>\n<li><strong>Note de c\u0153ur :<\/strong> \u00a0Iris, bois de c\u00e8dre, cacao<\/li>\n<li><strong>Note de fond :<\/strong> Bois de santal, bois br\u00fblant, patchouli<\/li>\n<\/ul>","protected":false},"featured_media":10225,"comment_status":"open","ping_status":"closed","template":"","meta":[],"product_brand":[288],"product_cat":[108,15,105],"product_tag":[436],"class_list":{"0":"post-10222","1":"product","2":"type-product","3":"status-publish","4":"has-post-thumbnail","6":"product_brand-givenchy","7":"product_cat-eau-de-parfum-homme","8":"product_cat-parfums-classiques","9":"product_cat-parfums-homme","10":"product_tag-spray","11":"pa_contenance-100ml","12":"pa_famille-olfactive-boise","13":"pa_famille-olfactive-epice","14":"pa_famille-olfactive-floral","17":"instock","18":"featured","19":"shipping-taxable","20":"purchasable","21":"product-type-variable","22":"has-default-attributes"},"yoast_head":"<!-- This site is optimized with the Yoast SEO plugin v27.4 - https:\/\/yoast.com\/product\/yoast-seo-wordpress\/ -->\n<title>Givenchy Gentleman Bois\u00e9e Eau de Parfum &#8211; Jardin de la Parfumerie<\/title>\n<meta name=\"description\" content=\"Givenchy Gentleman Bois\u00e9e Eau de Parfum associe l\u2019\u00e9l\u00e9gance de l\u2019iris \u00e0 la chaleur du bois et des \u00e9pices pour une signature masculine intense et raffin\u00e9e.\" \/>\n<meta name=\"robots\" content=\"index, follow, max-snippet:-1, max-image-preview:large, max-video-preview:-1\" \/>\n<link rel=\"canonical\" href=\"https:\/\/jardindelaparfumerie.com\/en\/shop\/parfums-classiques\/parfums-homme\/eau-de-parfum-homme\/givenchy-gentleman-boisee-eau-de-parfum\/\" \/>\n<meta property=\"og:locale\" content=\"en_US\" \/>\n<meta property=\"og:type\" content=\"article\" \/>\n<meta property=\"og:title\" content=\"Givenchy Gentleman Bois\u00e9e Eau de Parfum &#8211; Jardin de la Parfumerie\" \/>\n<meta property=\"og:description\" content=\"Givenchy Gentleman Bois\u00e9e Eau de Parfum associe l\u2019\u00e9l\u00e9gance de l\u2019iris \u00e0 la chaleur du bois et des \u00e9pices pour une signature masculine intense et raffin\u00e9e.\" \/>\n<meta property=\"og:url\" content=\"https:\/\/jardindelaparfumerie.com\/en\/shop\/parfums-classiques\/parfums-homme\/eau-de-parfum-homme\/givenchy-gentleman-boisee-eau-de-parfum\/\" \/>\n<meta property=\"og:site_name\" content=\"Jardin de la Parfumerie\" \/>\n<meta property=\"article:publisher\" content=\"https:\/\/www.facebook.com\/p\/Jardin-De-La-Parfumerie-100075860036544\/?locale=fr_FR\" \/>\n<meta property=\"article:modified_time\" content=\"2026-01-21T18:12:10+00:00\" \/>\n<meta property=\"og:image\" content=\"https:\/\/jardindelaparfumerie.com\/wp-content\/uploads\/2026\/01\/Givenchy-Gentleman-Boisee-Eau-de-Parfum.jpg\" \/>\n\t<meta property=\"og:image:width\" content=\"1000\" \/>\n\t<meta property=\"og:image:height\" content=\"1000\" \/>\n\t<meta property=\"og:image:type\" content=\"image\/jpeg\" \/>\n<meta name=\"twitter:card\" content=\"summary_large_image\" \/>\n<meta name=\"twitter:label1\" content=\"Est. reading time\" \/>\n\t<meta name=\"twitter:data1\" content=\"2 minutes\" \/>\n<script type=\"application\/ld+json\" class=\"yoast-schema-graph\">{\"@context\":\"https:\\\/\\\/schema.org\",\"@graph\":[{\"@type\":\"WebPage\",\"@id\":\"https:\\\/\\\/jardindelaparfumerie.com\\\/shop\\\/parfums-classiques\\\/parfums-homme\\\/eau-de-parfum-homme\\\/givenchy-gentleman-boisee-eau-de-parfum\\\/\",\"url\":\"https:\\\/\\\/jardindelaparfumerie.com\\\/shop\\\/parfums-classiques\\\/parfums-homme\\\/eau-de-parfum-homme\\\/givenchy-gentleman-boisee-eau-de-parfum\\\/\",\"name\":\"Givenchy Gentleman Bois\u00e9e Eau de Parfum &#8211; Jardin de la Parfumerie\",\"isPartOf\":{\"@id\":\"https:\\\/\\\/jardindelaparfumerie.com\\\/#website\"},\"primaryImageOfPage\":{\"@id\":\"https:\\\/\\\/jardindelaparfumerie.com\\\/shop\\\/parfums-classiques\\\/parfums-homme\\\/eau-de-parfum-homme\\\/givenchy-gentleman-boisee-eau-de-parfum\\\/#primaryimage\"},\"image\":{\"@id\":\"https:\\\/\\\/jardindelaparfumerie.com\\\/shop\\\/parfums-classiques\\\/parfums-homme\\\/eau-de-parfum-homme\\\/givenchy-gentleman-boisee-eau-de-parfum\\\/#primaryimage\"},\"thumbnailUrl\":\"https:\\\/\\\/jardindelaparfumerie.com\\\/wp-content\\\/uploads\\\/2026\\\/01\\\/Givenchy-Gentleman-Boisee-Eau-de-Parfum.jpg\",\"datePublished\":\"2026-01-21T17:50:36+00:00\",\"dateModified\":\"2026-01-21T18:12:10+00:00\",\"description\":\"Givenchy Gentleman Bois\u00e9e Eau de Parfum associe l\u2019\u00e9l\u00e9gance de l\u2019iris \u00e0 la chaleur du bois et des \u00e9pices pour une signature masculine intense et raffin\u00e9e.\",\"breadcrumb\":{\"@id\":\"https:\\\/\\\/jardindelaparfumerie.com\\\/shop\\\/parfums-classiques\\\/parfums-homme\\\/eau-de-parfum-homme\\\/givenchy-gentleman-boisee-eau-de-parfum\\\/#breadcrumb\"},\"inLanguage\":\"en-US\",\"potentialAction\":[{\"@type\":\"ReadAction\",\"target\":[\"https:\\\/\\\/jardindelaparfumerie.com\\\/shop\\\/parfums-classiques\\\/parfums-homme\\\/eau-de-parfum-homme\\\/givenchy-gentleman-boisee-eau-de-parfum\\\/\"]}]},{\"@type\":\"ImageObject\",\"inLanguage\":\"en-US\",\"@id\":\"https:\\\/\\\/jardindelaparfumerie.com\\\/shop\\\/parfums-classiques\\\/parfums-homme\\\/eau-de-parfum-homme\\\/givenchy-gentleman-boisee-eau-de-parfum\\\/#primaryimage\",\"url\":\"https:\\\/\\\/jardindelaparfumerie.com\\\/wp-content\\\/uploads\\\/2026\\\/01\\\/Givenchy-Gentleman-Boisee-Eau-de-Parfum.jpg\",\"contentUrl\":\"https:\\\/\\\/jardindelaparfumerie.com\\\/wp-content\\\/uploads\\\/2026\\\/01\\\/Givenchy-Gentleman-Boisee-Eau-de-Parfum.jpg\",\"width\":1000,\"height\":1000},{\"@type\":\"BreadcrumbList\",\"@id\":\"https:\\\/\\\/jardindelaparfumerie.com\\\/shop\\\/parfums-classiques\\\/parfums-homme\\\/eau-de-parfum-homme\\\/givenchy-gentleman-boisee-eau-de-parfum\\\/#breadcrumb\",\"itemListElement\":[{\"@type\":\"ListItem\",\"position\":1,\"name\":\"Accueil\",\"item\":\"https:\\\/\\\/jardindelaparfumerie.com\\\/\"},{\"@type\":\"ListItem\",\"position\":2,\"name\":\"Boutique\",\"item\":\"https:\\\/\\\/jardindelaparfumerie.com\\\/boutique\\\/\"},{\"@type\":\"ListItem\",\"position\":3,\"name\":\"Givenchy Gentleman Bois\u00e9e Eau de Parfum\"}]},{\"@type\":\"WebSite\",\"@id\":\"https:\\\/\\\/jardindelaparfumerie.com\\\/#website\",\"url\":\"https:\\\/\\\/jardindelaparfumerie.com\\\/\",\"name\":\"Jardin de la Parfumerie\",\"description\":\"L\u2019art du Parfum, l\u2019essence du Luxe\",\"publisher\":{\"@id\":\"https:\\\/\\\/jardindelaparfumerie.com\\\/#organization\"},\"potentialAction\":[{\"@type\":\"SearchAction\",\"target\":{\"@type\":\"EntryPoint\",\"urlTemplate\":\"https:\\\/\\\/jardindelaparfumerie.com\\\/?s={search_term_string}\"},\"query-input\":{\"@type\":\"PropertyValueSpecification\",\"valueRequired\":true,\"valueName\":\"search_term_string\"}}],\"inLanguage\":\"en-US\"},{\"@type\":\"Organization\",\"@id\":\"https:\\\/\\\/jardindelaparfumerie.com\\\/#organization\",\"name\":\"Jardin de la Parfumerie\",\"url\":\"https:\\\/\\\/jardindelaparfumerie.com\\\/\",\"logo\":{\"@type\":\"ImageObject\",\"inLanguage\":\"en-US\",\"@id\":\"https:\\\/\\\/jardindelaparfumerie.com\\\/#\\\/schema\\\/logo\\\/image\\\/\",\"url\":\"https:\\\/\\\/jardindelaparfumerie.com\\\/wp-content\\\/uploads\\\/2022\\\/05\\\/Logo-alt-1.png\",\"contentUrl\":\"https:\\\/\\\/jardindelaparfumerie.com\\\/wp-content\\\/uploads\\\/2022\\\/05\\\/Logo-alt-1.png\",\"width\":725,\"height\":342,\"caption\":\"Jardin de la Parfumerie\"},\"image\":{\"@id\":\"https:\\\/\\\/jardindelaparfumerie.com\\\/#\\\/schema\\\/logo\\\/image\\\/\"},\"sameAs\":[\"https:\\\/\\\/www.facebook.com\\\/p\\\/Jardin-De-La-Parfumerie-100075860036544\\\/?locale=fr_FR\",\"https:\\\/\\\/www.instagram.com\\\/jardindelaparfumerie\\\/\"]}]}<\/script>\n<!-- \/ Yoast SEO plugin. -->","yoast_head_json":{"title":"Givenchy Gentleman Bois\u00e9e Eau de Parfum &#8211; Jardin de la Parfumerie","description":"Givenchy Gentleman Bois\u00e9e Eau de Parfum associe l\u2019\u00e9l\u00e9gance de l\u2019iris \u00e0 la chaleur du bois et des \u00e9pices pour une signature masculine intense et raffin\u00e9e.","robots":{"index":"index","follow":"follow","max-snippet":"max-snippet:-1","max-image-preview":"max-image-preview:large","max-video-preview":"max-video-preview:-1"},"canonical":"https:\/\/jardindelaparfumerie.com\/en\/shop\/parfums-classiques\/parfums-homme\/eau-de-parfum-homme\/givenchy-gentleman-boisee-eau-de-parfum\/","og_locale":"en_US","og_type":"article","og_title":"Givenchy Gentleman Bois\u00e9e Eau de Parfum &#8211; Jardin de la Parfumerie","og_description":"Givenchy Gentleman Bois\u00e9e Eau de Parfum associe l\u2019\u00e9l\u00e9gance de l\u2019iris \u00e0 la chaleur du bois et des \u00e9pices pour une signature masculine intense et raffin\u00e9e.","og_url":"https:\/\/jardindelaparfumerie.com\/en\/shop\/parfums-classiques\/parfums-homme\/eau-de-parfum-homme\/givenchy-gentleman-boisee-eau-de-parfum\/","og_site_name":"Jardin de la Parfumerie","article_publisher":"https:\/\/www.facebook.com\/p\/Jardin-De-La-Parfumerie-100075860036544\/?locale=fr_FR","article_modified_time":"2026-01-21T18:12:10+00:00","og_image":[{"width":1000,"height":1000,"url":"https:\/\/jardindelaparfumerie.com\/wp-content\/uploads\/2026\/01\/Givenchy-Gentleman-Boisee-Eau-de-Parfum.jpg","type":"image\/jpeg"}],"twitter_card":"summary_large_image","twitter_misc":{"Est. reading time":"2 minutes"},"schema":{"@context":"https:\/\/schema.org","@graph":[{"@type":"WebPage","@id":"https:\/\/jardindelaparfumerie.com\/shop\/parfums-classiques\/parfums-homme\/eau-de-parfum-homme\/givenchy-gentleman-boisee-eau-de-parfum\/","url":"https:\/\/jardindelaparfumerie.com\/shop\/parfums-classiques\/parfums-homme\/eau-de-parfum-homme\/givenchy-gentleman-boisee-eau-de-parfum\/","name":"Givenchy Gentleman Bois\u00e9e Eau de Parfum &#8211; Jardin de la Parfumerie","isPartOf":{"@id":"https:\/\/jardindelaparfumerie.com\/#website"},"primaryImageOfPage":{"@id":"https:\/\/jardindelaparfumerie.com\/shop\/parfums-classiques\/parfums-homme\/eau-de-parfum-homme\/givenchy-gentleman-boisee-eau-de-parfum\/#primaryimage"},"image":{"@id":"https:\/\/jardindelaparfumerie.com\/shop\/parfums-classiques\/parfums-homme\/eau-de-parfum-homme\/givenchy-gentleman-boisee-eau-de-parfum\/#primaryimage"},"thumbnailUrl":"https:\/\/jardindelaparfumerie.com\/wp-content\/uploads\/2026\/01\/Givenchy-Gentleman-Boisee-Eau-de-Parfum.jpg","datePublished":"2026-01-21T17:50:36+00:00","dateModified":"2026-01-21T18:12:10+00:00","description":"Givenchy Gentleman Bois\u00e9e Eau de Parfum associe l\u2019\u00e9l\u00e9gance de l\u2019iris \u00e0 la chaleur du bois et des \u00e9pices pour une signature masculine intense et raffin\u00e9e.","breadcrumb":{"@id":"https:\/\/jardindelaparfumerie.com\/shop\/parfums-classiques\/parfums-homme\/eau-de-parfum-homme\/givenchy-gentleman-boisee-eau-de-parfum\/#breadcrumb"},"inLanguage":"en-US","potentialAction":[{"@type":"ReadAction","target":["https:\/\/jardindelaparfumerie.com\/shop\/parfums-classiques\/parfums-homme\/eau-de-parfum-homme\/givenchy-gentleman-boisee-eau-de-parfum\/"]}]},{"@type":"ImageObject","inLanguage":"en-US","@id":"https:\/\/jardindelaparfumerie.com\/shop\/parfums-classiques\/parfums-homme\/eau-de-parfum-homme\/givenchy-gentleman-boisee-eau-de-parfum\/#primaryimage","url":"https:\/\/jardindelaparfumerie.com\/wp-content\/uploads\/2026\/01\/Givenchy-Gentleman-Boisee-Eau-de-Parfum.jpg","contentUrl":"https:\/\/jardindelaparfumerie.com\/wp-content\/uploads\/2026\/01\/Givenchy-Gentleman-Boisee-Eau-de-Parfum.jpg","width":1000,"height":1000},{"@type":"BreadcrumbList","@id":"https:\/\/jardindelaparfumerie.com\/shop\/parfums-classiques\/parfums-homme\/eau-de-parfum-homme\/givenchy-gentleman-boisee-eau-de-parfum\/#breadcrumb","itemListElement":[{"@type":"ListItem","position":1,"name":"Accueil","item":"https:\/\/jardindelaparfumerie.com\/"},{"@type":"ListItem","position":2,"name":"Boutique","item":"https:\/\/jardindelaparfumerie.com\/boutique\/"},{"@type":"ListItem","position":3,"name":"Givenchy Gentleman Bois\u00e9e Eau de Parfum"}]},{"@type":"WebSite","@id":"https:\/\/jardindelaparfumerie.com\/#website","url":"https:\/\/jardindelaparfumerie.com\/","name":"Jardin de la Parfumerie","description":"L\u2019art du Parfum, l\u2019essence du Luxe","publisher":{"@id":"https:\/\/jardindelaparfumerie.com\/#organization"},"potentialAction":[{"@type":"SearchAction","target":{"@type":"EntryPoint","urlTemplate":"https:\/\/jardindelaparfumerie.com\/?s={search_term_string}"},"query-input":{"@type":"PropertyValueSpecification","valueRequired":true,"valueName":"search_term_string"}}],"inLanguage":"en-US"},{"@type":"Organization","@id":"https:\/\/jardindelaparfumerie.com\/#organization","name":"Jardin de la Parfumerie","url":"https:\/\/jardindelaparfumerie.com\/","logo":{"@type":"ImageObject","inLanguage":"en-US","@id":"https:\/\/jardindelaparfumerie.com\/#\/schema\/logo\/image\/","url":"https:\/\/jardindelaparfumerie.com\/wp-content\/uploads\/2022\/05\/Logo-alt-1.png","contentUrl":"https:\/\/jardindelaparfumerie.com\/wp-content\/uploads\/2022\/05\/Logo-alt-1.png","width":725,"height":342,"caption":"Jardin de la Parfumerie"},"image":{"@id":"https:\/\/jardindelaparfumerie.com\/#\/schema\/logo\/image\/"},"sameAs":["https:\/\/www.facebook.com\/p\/Jardin-De-La-Parfumerie-100075860036544\/?locale=fr_FR","https:\/\/www.instagram.com\/jardindelaparfumerie\/"]}]}},"jetpack_sharing_enabled":true,"_links":{"self":[{"href":"https:\/\/jardindelaparfumerie.com\/en\/wp-json\/wp\/v2\/product\/10222","targetHints":{"allow":["GET"]}}],"collection":[{"href":"https:\/\/jardindelaparfumerie.com\/en\/wp-json\/wp\/v2\/product"}],"about":[{"href":"https:\/\/jardindelaparfumerie.com\/en\/wp-json\/wp\/v2\/types\/product"}],"replies":[{"embeddable":true,"href":"https:\/\/jardindelaparfumerie.com\/en\/wp-json\/wp\/v2\/comments?post=10222"}],"version-history":[{"count":5,"href":"https:\/\/jardindelaparfumerie.com\/en\/wp-json\/wp\/v2\/product\/10222\/revisions"}],"predecessor-version":[{"id":10232,"href":"https:\/\/jardindelaparfumerie.com\/en\/wp-json\/wp\/v2\/product\/10222\/revisions\/10232"}],"wp:featuredmedia":[{"embeddable":true,"href":"https:\/\/jardindelaparfumerie.com\/en\/wp-json\/wp\/v2\/media\/10225"}],"wp:attachment":[{"href":"https:\/\/jardindelaparfumerie.com\/en\/wp-json\/wp\/v2\/media?parent=10222"}],"wp:term":[{"taxonomy":"product_brand","embeddable":true,"href":"https:\/\/jardindelaparfumerie.com\/en\/wp-json\/wp\/v2\/product_brand?post=10222"},{"taxonomy":"product_cat","embeddable":true,"href":"https:\/\/jardindelaparfumerie.com\/en\/wp-json\/wp\/v2\/product_cat?post=10222"},{"taxonomy":"product_tag","embeddable":true,"href":"https:\/\/jardindelaparfumerie.com\/en\/wp-json\/wp\/v2\/product_tag?post=10222"}],"curies":[{"name":"wp","href":"https:\/\/api.w.org\/{rel}","templated":true}]}}