{"id":10361,"date":"2026-01-22T18:28:44","date_gmt":"2026-01-22T17:28:44","guid":{"rendered":"https:\/\/jardindelaparfumerie.com\/?post_type=product&#038;p=10361"},"modified":"2026-01-22T18:44:55","modified_gmt":"2026-01-22T17:44:55","slug":"rochas-femme-eau-de-toilette","status":"publish","type":"product","link":"https:\/\/jardindelaparfumerie.com\/en\/shop\/parfums-classiques\/parfums-femme\/eau-de-toilette-femme\/rochas-femme-eau-de-toilette\/","title":{"rendered":"Rochas Femme Eau de Toilette"},"content":{"rendered":"<div data-elementor-type=\"wp-post\" data-elementor-id=\"10361\" class=\"elementor elementor-10361\" data-elementor-post-type=\"product\">\n\t\t\t\t\t\t<section class=\"elementor-section elementor-top-section elementor-element elementor-element-3e578628 elementor-section-boxed elementor-section-height-default elementor-section-height-default\" data-id=\"3e578628\" data-element_type=\"section\" data-e-type=\"section\">\n\t\t\t\t\t\t<div class=\"elementor-container elementor-column-gap-no\">\n\t\t\t\t\t<div class=\"elementor-column elementor-col-100 elementor-top-column elementor-element elementor-element-70a1b959\" data-id=\"70a1b959\" data-element_type=\"column\" data-e-type=\"column\">\n\t\t\t<div class=\"elementor-widget-wrap elementor-element-populated\">\n\t\t\t\t\t\t<div class=\"elementor-element elementor-element-1553d536 elementor-widget elementor-widget-text-editor\" data-id=\"1553d536\" data-element_type=\"widget\" data-e-type=\"widget\" data-widget_type=\"text-editor.default\">\n\t\t\t\t\t\t\t\t\t<p>Parfum culte cr\u00e9\u00e9 par Marcel Rochas en 1944 pour son \u00e9pouse H\u00e9l\u00e8ne, Femme est un hommage du couturier \u00e0 l\u2019absolu f\u00e9minin.<\/p><p>\u00a0<\/p><div class=\"l-column\"><p><strong>VOLUPTUEUX\u00a0<\/strong><\/p><p>L\u2019iconique flacon amphore rappelle les courbes f\u00e9minines qui inspiraient Marcel Rochas dans ses cr\u00e9ations haute couture.<\/p><\/div><p>\u00a0<\/p><p><strong>L\u00c9GENDAIRE\u00a0<\/strong><\/p><p>\u00ab On doit pouvoir sentir une femme avant m\u00eame de l\u2019avoir vue \u00bb, d\u00e9clare Marcel Rochas quand il imagine un parfum en hommage \u00e0 celle dont il \u00e9tait fou amoureux. Femme capture le style de ses cr\u00e9ations sculpturales \u00e0 la sensualit\u00e9 exacerb\u00e9e. Une d\u00e9claration d\u2019amour faite aux femmes par le couturier qui les voient comme les h\u00e9ro\u00efnes supr\u00eames d\u2019une histoire en marche.<\/p>\t\t\t\t\t\t\t\t<\/div>\n\t\t\t\t<div class=\"elementor-element elementor-element-665a8ccf elementor-widget elementor-widget-heading\" data-id=\"665a8ccf\" data-element_type=\"widget\" data-e-type=\"widget\" data-widget_type=\"heading.default\">\n\t\t\t\t\t<h2 class=\"elementor-heading-title elementor-size-default\">Application <\/h2>\t\t\t\t<\/div>\n\t\t\t\t<section class=\"elementor-section elementor-inner-section elementor-element elementor-element-6139f7dc elementor-section-boxed elementor-section-height-default elementor-section-height-default\" data-id=\"6139f7dc\" data-element_type=\"section\" data-e-type=\"section\">\n\t\t\t\t\t\t<div class=\"elementor-container elementor-column-gap-no\">\n\t\t\t\t\t<div class=\"elementor-column elementor-col-50 elementor-inner-column elementor-element elementor-element-68e3e754\" data-id=\"68e3e754\" data-element_type=\"column\" data-e-type=\"column\" data-settings=\"{&quot;background_background&quot;:&quot;classic&quot;}\">\n\t\t\t<div class=\"elementor-widget-wrap elementor-element-populated\">\n\t\t\t\t\t\t<div class=\"elementor-element elementor-element-4c55e7d5 elementor-widget elementor-widget-text-editor\" data-id=\"4c55e7d5\" data-element_type=\"widget\" data-e-type=\"widget\" data-widget_type=\"text-editor.default\">\n\t\t\t\t\t\t\t\t\t<p>Famille olfactive :<\/p>\t\t\t\t\t\t\t\t<\/div>\n\t\t\t\t\t<\/div>\n\t\t<\/div>\n\t\t\t\t<div class=\"elementor-column elementor-col-50 elementor-inner-column elementor-element elementor-element-31240e69\" data-id=\"31240e69\" data-element_type=\"column\" data-e-type=\"column\">\n\t\t\t<div class=\"elementor-widget-wrap elementor-element-populated\">\n\t\t\t\t\t\t<div class=\"elementor-element elementor-element-1620ebb3 elementor-widget elementor-widget-text-editor\" data-id=\"1620ebb3\" data-element_type=\"widget\" data-e-type=\"widget\" data-widget_type=\"text-editor.default\">\n\t\t\t\t\t\t\t\t\t<p>Chypr\u00e9, fruit\u00e9<\/p>\t\t\t\t\t\t\t\t<\/div>\n\t\t\t\t\t<\/div>\n\t\t<\/div>\n\t\t\t\t\t<\/div>\n\t\t<\/section>\n\t\t\t\t<section class=\"elementor-section elementor-inner-section elementor-element elementor-element-71ca5f24 elementor-section-boxed elementor-section-height-default elementor-section-height-default\" data-id=\"71ca5f24\" data-element_type=\"section\" data-e-type=\"section\">\n\t\t\t\t\t\t<div class=\"elementor-container elementor-column-gap-no\">\n\t\t\t\t\t<div class=\"elementor-column elementor-col-50 elementor-inner-column elementor-element elementor-element-7b945a6b\" data-id=\"7b945a6b\" data-element_type=\"column\" data-e-type=\"column\" data-settings=\"{&quot;background_background&quot;:&quot;classic&quot;}\">\n\t\t\t<div class=\"elementor-widget-wrap elementor-element-populated\">\n\t\t\t\t\t\t<div class=\"elementor-element elementor-element-72eabd13 elementor-widget elementor-widget-text-editor\" data-id=\"72eabd13\" data-element_type=\"widget\" data-e-type=\"widget\" data-widget_type=\"text-editor.default\">\n\t\t\t\t\t\t\t\t\t<p>Notes de t\u00eate :<\/p>\t\t\t\t\t\t\t\t<\/div>\n\t\t\t\t\t<\/div>\n\t\t<\/div>\n\t\t\t\t<div class=\"elementor-column elementor-col-50 elementor-inner-column elementor-element elementor-element-6ff2338\" data-id=\"6ff2338\" data-element_type=\"column\" data-e-type=\"column\">\n\t\t\t<div class=\"elementor-widget-wrap elementor-element-populated\">\n\t\t\t\t\t\t<div class=\"elementor-element elementor-element-2377fa30 elementor-widget elementor-widget-text-editor\" data-id=\"2377fa30\" data-element_type=\"widget\" data-e-type=\"widget\" data-widget_type=\"text-editor.default\">\n\t\t\t\t\t\t\t\t\t<p>Prune, p\u00eache, cannelle, abricot, palissandre du Br\u00e9sil, bergamote, citron<\/p>\t\t\t\t\t\t\t\t<\/div>\n\t\t\t\t\t<\/div>\n\t\t<\/div>\n\t\t\t\t\t<\/div>\n\t\t<\/section>\n\t\t\t\t<section class=\"elementor-section elementor-inner-section elementor-element elementor-element-2e360902 elementor-section-boxed elementor-section-height-default elementor-section-height-default\" data-id=\"2e360902\" data-element_type=\"section\" data-e-type=\"section\">\n\t\t\t\t\t\t<div class=\"elementor-container elementor-column-gap-no\">\n\t\t\t\t\t<div class=\"elementor-column elementor-col-50 elementor-inner-column elementor-element elementor-element-a29e535\" data-id=\"a29e535\" data-element_type=\"column\" data-e-type=\"column\" data-settings=\"{&quot;background_background&quot;:&quot;classic&quot;}\">\n\t\t\t<div class=\"elementor-widget-wrap elementor-element-populated\">\n\t\t\t\t\t\t<div class=\"elementor-element elementor-element-5a7b21ac elementor-widget elementor-widget-text-editor\" data-id=\"5a7b21ac\" data-element_type=\"widget\" data-e-type=\"widget\" data-widget_type=\"text-editor.default\">\n\t\t\t\t\t\t\t\t\t<p>Note de c\u0153ur :<\/p>\t\t\t\t\t\t\t\t<\/div>\n\t\t\t\t\t<\/div>\n\t\t<\/div>\n\t\t\t\t<div class=\"elementor-column elementor-col-50 elementor-inner-column elementor-element elementor-element-668dfa50\" data-id=\"668dfa50\" data-element_type=\"column\" data-e-type=\"column\">\n\t\t\t<div class=\"elementor-widget-wrap elementor-element-populated\">\n\t\t\t\t\t\t<div class=\"elementor-element elementor-element-5aaa20d3 elementor-widget elementor-widget-text-editor\" data-id=\"5aaa20d3\" data-element_type=\"widget\" data-e-type=\"widget\" data-widget_type=\"text-editor.default\">\n\t\t\t\t\t\t\t\t\t<p>Clou de girofle, \u0153illet, ylang-ylang, rose, romarin, iris, jasmin<\/p>\t\t\t\t\t\t\t\t<\/div>\n\t\t\t\t\t<\/div>\n\t\t<\/div>\n\t\t\t\t\t<\/div>\n\t\t<\/section>\n\t\t\t\t<section class=\"elementor-section elementor-inner-section elementor-element elementor-element-5feb3914 elementor-section-boxed elementor-section-height-default elementor-section-height-default\" data-id=\"5feb3914\" data-element_type=\"section\" data-e-type=\"section\">\n\t\t\t\t\t\t<div class=\"elementor-container elementor-column-gap-no\">\n\t\t\t\t\t<div class=\"elementor-column elementor-col-50 elementor-inner-column elementor-element elementor-element-39261f3c\" data-id=\"39261f3c\" data-element_type=\"column\" data-e-type=\"column\" data-settings=\"{&quot;background_background&quot;:&quot;classic&quot;}\">\n\t\t\t<div class=\"elementor-widget-wrap elementor-element-populated\">\n\t\t\t\t\t\t<div class=\"elementor-element elementor-element-5fc36025 elementor-widget elementor-widget-text-editor\" data-id=\"5fc36025\" data-element_type=\"widget\" data-e-type=\"widget\" data-widget_type=\"text-editor.default\">\n\t\t\t\t\t\t\t\t\t<p>Note de fond :<\/p>\t\t\t\t\t\t\t\t<\/div>\n\t\t\t\t\t<\/div>\n\t\t<\/div>\n\t\t\t\t<div class=\"elementor-column elementor-col-50 elementor-inner-column elementor-element elementor-element-51e72dd9\" data-id=\"51e72dd9\" data-element_type=\"column\" data-e-type=\"column\">\n\t\t\t<div class=\"elementor-widget-wrap elementor-element-populated\">\n\t\t\t\t\t\t<div class=\"elementor-element elementor-element-2ea9b1a1 elementor-widget elementor-widget-text-editor\" data-id=\"2ea9b1a1\" data-element_type=\"widget\" data-e-type=\"widget\" data-widget_type=\"text-editor.default\">\n\t\t\t\t\t\t\t\t\t<p>Mousse de ch\u00eane, cuir, benjoin, ambre, patchouli, musc, vanille.<\/p>\t\t\t\t\t\t\t\t<\/div>\n\t\t\t\t\t<\/div>\n\t\t<\/div>\n\t\t\t\t\t<\/div>\n\t\t<\/section>\n\t\t\t\t\t<\/div>\n\t\t<\/div>\n\t\t\t\t\t<\/div>\n\t\t<\/section>\n\t\t\t\t<\/div>","protected":false},"excerpt":{"rendered":"<ul>\n<li><strong>Famille olfactive : <\/strong>Chypr\u00e9, fruit\u00e9<\/li>\n<li><strong>Notes de t\u00eate : <\/strong>Prune, p\u00eache, cannelle, abricot, palissandre du Br\u00e9sil, bergamote, citron<\/li>\n<li><strong>Not\u00e9s de c\u0153ur : <\/strong>Clou de girofle, \u0153illet, ylang-ylang, rose, romarin, iris, jasmin<\/li>\n<li><strong>Notes de fond : <\/strong>Mousse de ch\u00eane, cuir, benjoin, ambre, patchouli, musc, vanille.<\/li>\n<\/ul>","protected":false},"featured_media":10363,"comment_status":"open","ping_status":"closed","template":"","meta":[],"product_brand":[226],"product_cat":[113,15,106],"product_tag":[],"class_list":{"0":"post-10361","1":"product","2":"type-product","3":"status-publish","4":"has-post-thumbnail","6":"product_brand-rochas","7":"product_cat-eau-de-toilette-femme","8":"product_cat-parfums-classiques","9":"product_cat-parfums-femme","10":"pa_contenance-100ml","11":"pa_famille-olfactive-chypre","12":"pa_famille-olfactive-fruite","15":"instock","16":"featured","17":"shipping-taxable","18":"purchasable","19":"product-type-variable","20":"has-default-attributes"},"yoast_head":"<!-- This site is optimized with the Yoast SEO plugin v27.4 - https:\/\/yoast.com\/product\/yoast-seo-wordpress\/ -->\n<title>Rochas Femme Eau de Toilette &#8211; Jardin de la Parfumerie<\/title>\n<meta name=\"description\" content=\"Rochas Femme Eau de Toilette, un parfum mythique aux notes fruit\u00e9es et \u00e9pic\u00e9es, sublim\u00e9 par un fond chypr\u00e9 et sensuel au charme intemporel.\" \/>\n<meta name=\"robots\" content=\"index, follow, max-snippet:-1, max-image-preview:large, max-video-preview:-1\" \/>\n<link rel=\"canonical\" href=\"https:\/\/jardindelaparfumerie.com\/en\/shop\/parfums-classiques\/parfums-femme\/eau-de-toilette-femme\/rochas-femme-eau-de-toilette\/\" \/>\n<meta property=\"og:locale\" content=\"en_US\" \/>\n<meta property=\"og:type\" content=\"article\" \/>\n<meta property=\"og:title\" content=\"Rochas Femme Eau de Toilette &#8211; Jardin de la Parfumerie\" \/>\n<meta property=\"og:description\" content=\"Rochas Femme Eau de Toilette, un parfum mythique aux notes fruit\u00e9es et \u00e9pic\u00e9es, sublim\u00e9 par un fond chypr\u00e9 et sensuel au charme intemporel.\" \/>\n<meta property=\"og:url\" content=\"https:\/\/jardindelaparfumerie.com\/en\/shop\/parfums-classiques\/parfums-femme\/eau-de-toilette-femme\/rochas-femme-eau-de-toilette\/\" \/>\n<meta property=\"og:site_name\" content=\"Jardin de la Parfumerie\" \/>\n<meta property=\"article:publisher\" content=\"https:\/\/www.facebook.com\/p\/Jardin-De-La-Parfumerie-100075860036544\/?locale=fr_FR\" \/>\n<meta property=\"article:modified_time\" content=\"2026-01-22T17:44:55+00:00\" \/>\n<meta property=\"og:image\" content=\"https:\/\/jardindelaparfumerie.com\/wp-content\/uploads\/2026\/01\/Rochas-Femme-Eau-de-Toilette.jpg\" \/>\n\t<meta property=\"og:image:width\" content=\"1000\" \/>\n\t<meta property=\"og:image:height\" content=\"1000\" \/>\n\t<meta property=\"og:image:type\" content=\"image\/jpeg\" \/>\n<meta name=\"twitter:card\" content=\"summary_large_image\" \/>\n<meta name=\"twitter:label1\" content=\"Est. reading time\" \/>\n\t<meta name=\"twitter:data1\" content=\"1 minute\" \/>\n<script type=\"application\/ld+json\" class=\"yoast-schema-graph\">{\"@context\":\"https:\\\/\\\/schema.org\",\"@graph\":[{\"@type\":\"WebPage\",\"@id\":\"https:\\\/\\\/jardindelaparfumerie.com\\\/shop\\\/parfums-classiques\\\/parfums-femme\\\/eau-de-toilette-femme\\\/rochas-femme-eau-de-toilette\\\/\",\"url\":\"https:\\\/\\\/jardindelaparfumerie.com\\\/shop\\\/parfums-classiques\\\/parfums-femme\\\/eau-de-toilette-femme\\\/rochas-femme-eau-de-toilette\\\/\",\"name\":\"Rochas Femme Eau de Toilette &#8211; Jardin de la Parfumerie\",\"isPartOf\":{\"@id\":\"https:\\\/\\\/jardindelaparfumerie.com\\\/#website\"},\"primaryImageOfPage\":{\"@id\":\"https:\\\/\\\/jardindelaparfumerie.com\\\/shop\\\/parfums-classiques\\\/parfums-femme\\\/eau-de-toilette-femme\\\/rochas-femme-eau-de-toilette\\\/#primaryimage\"},\"image\":{\"@id\":\"https:\\\/\\\/jardindelaparfumerie.com\\\/shop\\\/parfums-classiques\\\/parfums-femme\\\/eau-de-toilette-femme\\\/rochas-femme-eau-de-toilette\\\/#primaryimage\"},\"thumbnailUrl\":\"https:\\\/\\\/jardindelaparfumerie.com\\\/wp-content\\\/uploads\\\/2026\\\/01\\\/Rochas-Femme-Eau-de-Toilette.jpg\",\"datePublished\":\"2026-01-22T17:28:44+00:00\",\"dateModified\":\"2026-01-22T17:44:55+00:00\",\"description\":\"Rochas Femme Eau de Toilette, un parfum mythique aux notes fruit\u00e9es et \u00e9pic\u00e9es, sublim\u00e9 par un fond chypr\u00e9 et sensuel au charme intemporel.\",\"breadcrumb\":{\"@id\":\"https:\\\/\\\/jardindelaparfumerie.com\\\/shop\\\/parfums-classiques\\\/parfums-femme\\\/eau-de-toilette-femme\\\/rochas-femme-eau-de-toilette\\\/#breadcrumb\"},\"inLanguage\":\"en-US\",\"potentialAction\":[{\"@type\":\"ReadAction\",\"target\":[\"https:\\\/\\\/jardindelaparfumerie.com\\\/shop\\\/parfums-classiques\\\/parfums-femme\\\/eau-de-toilette-femme\\\/rochas-femme-eau-de-toilette\\\/\"]}]},{\"@type\":\"ImageObject\",\"inLanguage\":\"en-US\",\"@id\":\"https:\\\/\\\/jardindelaparfumerie.com\\\/shop\\\/parfums-classiques\\\/parfums-femme\\\/eau-de-toilette-femme\\\/rochas-femme-eau-de-toilette\\\/#primaryimage\",\"url\":\"https:\\\/\\\/jardindelaparfumerie.com\\\/wp-content\\\/uploads\\\/2026\\\/01\\\/Rochas-Femme-Eau-de-Toilette.jpg\",\"contentUrl\":\"https:\\\/\\\/jardindelaparfumerie.com\\\/wp-content\\\/uploads\\\/2026\\\/01\\\/Rochas-Femme-Eau-de-Toilette.jpg\",\"width\":1000,\"height\":1000},{\"@type\":\"BreadcrumbList\",\"@id\":\"https:\\\/\\\/jardindelaparfumerie.com\\\/shop\\\/parfums-classiques\\\/parfums-femme\\\/eau-de-toilette-femme\\\/rochas-femme-eau-de-toilette\\\/#breadcrumb\",\"itemListElement\":[{\"@type\":\"ListItem\",\"position\":1,\"name\":\"Accueil\",\"item\":\"https:\\\/\\\/jardindelaparfumerie.com\\\/\"},{\"@type\":\"ListItem\",\"position\":2,\"name\":\"Boutique\",\"item\":\"https:\\\/\\\/jardindelaparfumerie.com\\\/boutique\\\/\"},{\"@type\":\"ListItem\",\"position\":3,\"name\":\"Rochas Femme Eau de Toilette\"}]},{\"@type\":\"WebSite\",\"@id\":\"https:\\\/\\\/jardindelaparfumerie.com\\\/#website\",\"url\":\"https:\\\/\\\/jardindelaparfumerie.com\\\/\",\"name\":\"Jardin de la Parfumerie\",\"description\":\"L\u2019art du Parfum, l\u2019essence du Luxe\",\"publisher\":{\"@id\":\"https:\\\/\\\/jardindelaparfumerie.com\\\/#organization\"},\"potentialAction\":[{\"@type\":\"SearchAction\",\"target\":{\"@type\":\"EntryPoint\",\"urlTemplate\":\"https:\\\/\\\/jardindelaparfumerie.com\\\/?s={search_term_string}\"},\"query-input\":{\"@type\":\"PropertyValueSpecification\",\"valueRequired\":true,\"valueName\":\"search_term_string\"}}],\"inLanguage\":\"en-US\"},{\"@type\":\"Organization\",\"@id\":\"https:\\\/\\\/jardindelaparfumerie.com\\\/#organization\",\"name\":\"Jardin de la Parfumerie\",\"url\":\"https:\\\/\\\/jardindelaparfumerie.com\\\/\",\"logo\":{\"@type\":\"ImageObject\",\"inLanguage\":\"en-US\",\"@id\":\"https:\\\/\\\/jardindelaparfumerie.com\\\/#\\\/schema\\\/logo\\\/image\\\/\",\"url\":\"https:\\\/\\\/jardindelaparfumerie.com\\\/wp-content\\\/uploads\\\/2022\\\/05\\\/Logo-alt-1.png\",\"contentUrl\":\"https:\\\/\\\/jardindelaparfumerie.com\\\/wp-content\\\/uploads\\\/2022\\\/05\\\/Logo-alt-1.png\",\"width\":725,\"height\":342,\"caption\":\"Jardin de la Parfumerie\"},\"image\":{\"@id\":\"https:\\\/\\\/jardindelaparfumerie.com\\\/#\\\/schema\\\/logo\\\/image\\\/\"},\"sameAs\":[\"https:\\\/\\\/www.facebook.com\\\/p\\\/Jardin-De-La-Parfumerie-100075860036544\\\/?locale=fr_FR\",\"https:\\\/\\\/www.instagram.com\\\/jardindelaparfumerie\\\/\"]}]}<\/script>\n<!-- \/ Yoast SEO plugin. -->","yoast_head_json":{"title":"Rochas Femme Eau de Toilette &#8211; Jardin de la Parfumerie","description":"Rochas Femme Eau de Toilette, un parfum mythique aux notes fruit\u00e9es et \u00e9pic\u00e9es, sublim\u00e9 par un fond chypr\u00e9 et sensuel au charme intemporel.","robots":{"index":"index","follow":"follow","max-snippet":"max-snippet:-1","max-image-preview":"max-image-preview:large","max-video-preview":"max-video-preview:-1"},"canonical":"https:\/\/jardindelaparfumerie.com\/en\/shop\/parfums-classiques\/parfums-femme\/eau-de-toilette-femme\/rochas-femme-eau-de-toilette\/","og_locale":"en_US","og_type":"article","og_title":"Rochas Femme Eau de Toilette &#8211; Jardin de la Parfumerie","og_description":"Rochas Femme Eau de Toilette, un parfum mythique aux notes fruit\u00e9es et \u00e9pic\u00e9es, sublim\u00e9 par un fond chypr\u00e9 et sensuel au charme intemporel.","og_url":"https:\/\/jardindelaparfumerie.com\/en\/shop\/parfums-classiques\/parfums-femme\/eau-de-toilette-femme\/rochas-femme-eau-de-toilette\/","og_site_name":"Jardin de la Parfumerie","article_publisher":"https:\/\/www.facebook.com\/p\/Jardin-De-La-Parfumerie-100075860036544\/?locale=fr_FR","article_modified_time":"2026-01-22T17:44:55+00:00","og_image":[{"width":1000,"height":1000,"url":"https:\/\/jardindelaparfumerie.com\/wp-content\/uploads\/2026\/01\/Rochas-Femme-Eau-de-Toilette.jpg","type":"image\/jpeg"}],"twitter_card":"summary_large_image","twitter_misc":{"Est. reading time":"1 minute"},"schema":{"@context":"https:\/\/schema.org","@graph":[{"@type":"WebPage","@id":"https:\/\/jardindelaparfumerie.com\/shop\/parfums-classiques\/parfums-femme\/eau-de-toilette-femme\/rochas-femme-eau-de-toilette\/","url":"https:\/\/jardindelaparfumerie.com\/shop\/parfums-classiques\/parfums-femme\/eau-de-toilette-femme\/rochas-femme-eau-de-toilette\/","name":"Rochas Femme Eau de Toilette &#8211; Jardin de la Parfumerie","isPartOf":{"@id":"https:\/\/jardindelaparfumerie.com\/#website"},"primaryImageOfPage":{"@id":"https:\/\/jardindelaparfumerie.com\/shop\/parfums-classiques\/parfums-femme\/eau-de-toilette-femme\/rochas-femme-eau-de-toilette\/#primaryimage"},"image":{"@id":"https:\/\/jardindelaparfumerie.com\/shop\/parfums-classiques\/parfums-femme\/eau-de-toilette-femme\/rochas-femme-eau-de-toilette\/#primaryimage"},"thumbnailUrl":"https:\/\/jardindelaparfumerie.com\/wp-content\/uploads\/2026\/01\/Rochas-Femme-Eau-de-Toilette.jpg","datePublished":"2026-01-22T17:28:44+00:00","dateModified":"2026-01-22T17:44:55+00:00","description":"Rochas Femme Eau de Toilette, un parfum mythique aux notes fruit\u00e9es et \u00e9pic\u00e9es, sublim\u00e9 par un fond chypr\u00e9 et sensuel au charme intemporel.","breadcrumb":{"@id":"https:\/\/jardindelaparfumerie.com\/shop\/parfums-classiques\/parfums-femme\/eau-de-toilette-femme\/rochas-femme-eau-de-toilette\/#breadcrumb"},"inLanguage":"en-US","potentialAction":[{"@type":"ReadAction","target":["https:\/\/jardindelaparfumerie.com\/shop\/parfums-classiques\/parfums-femme\/eau-de-toilette-femme\/rochas-femme-eau-de-toilette\/"]}]},{"@type":"ImageObject","inLanguage":"en-US","@id":"https:\/\/jardindelaparfumerie.com\/shop\/parfums-classiques\/parfums-femme\/eau-de-toilette-femme\/rochas-femme-eau-de-toilette\/#primaryimage","url":"https:\/\/jardindelaparfumerie.com\/wp-content\/uploads\/2026\/01\/Rochas-Femme-Eau-de-Toilette.jpg","contentUrl":"https:\/\/jardindelaparfumerie.com\/wp-content\/uploads\/2026\/01\/Rochas-Femme-Eau-de-Toilette.jpg","width":1000,"height":1000},{"@type":"BreadcrumbList","@id":"https:\/\/jardindelaparfumerie.com\/shop\/parfums-classiques\/parfums-femme\/eau-de-toilette-femme\/rochas-femme-eau-de-toilette\/#breadcrumb","itemListElement":[{"@type":"ListItem","position":1,"name":"Accueil","item":"https:\/\/jardindelaparfumerie.com\/"},{"@type":"ListItem","position":2,"name":"Boutique","item":"https:\/\/jardindelaparfumerie.com\/boutique\/"},{"@type":"ListItem","position":3,"name":"Rochas Femme Eau de Toilette"}]},{"@type":"WebSite","@id":"https:\/\/jardindelaparfumerie.com\/#website","url":"https:\/\/jardindelaparfumerie.com\/","name":"Jardin de la Parfumerie","description":"L\u2019art du Parfum, l\u2019essence du Luxe","publisher":{"@id":"https:\/\/jardindelaparfumerie.com\/#organization"},"potentialAction":[{"@type":"SearchAction","target":{"@type":"EntryPoint","urlTemplate":"https:\/\/jardindelaparfumerie.com\/?s={search_term_string}"},"query-input":{"@type":"PropertyValueSpecification","valueRequired":true,"valueName":"search_term_string"}}],"inLanguage":"en-US"},{"@type":"Organization","@id":"https:\/\/jardindelaparfumerie.com\/#organization","name":"Jardin de la Parfumerie","url":"https:\/\/jardindelaparfumerie.com\/","logo":{"@type":"ImageObject","inLanguage":"en-US","@id":"https:\/\/jardindelaparfumerie.com\/#\/schema\/logo\/image\/","url":"https:\/\/jardindelaparfumerie.com\/wp-content\/uploads\/2022\/05\/Logo-alt-1.png","contentUrl":"https:\/\/jardindelaparfumerie.com\/wp-content\/uploads\/2022\/05\/Logo-alt-1.png","width":725,"height":342,"caption":"Jardin de la Parfumerie"},"image":{"@id":"https:\/\/jardindelaparfumerie.com\/#\/schema\/logo\/image\/"},"sameAs":["https:\/\/www.facebook.com\/p\/Jardin-De-La-Parfumerie-100075860036544\/?locale=fr_FR","https:\/\/www.instagram.com\/jardindelaparfumerie\/"]}]}},"jetpack_sharing_enabled":true,"_links":{"self":[{"href":"https:\/\/jardindelaparfumerie.com\/en\/wp-json\/wp\/v2\/product\/10361","targetHints":{"allow":["GET"]}}],"collection":[{"href":"https:\/\/jardindelaparfumerie.com\/en\/wp-json\/wp\/v2\/product"}],"about":[{"href":"https:\/\/jardindelaparfumerie.com\/en\/wp-json\/wp\/v2\/types\/product"}],"replies":[{"embeddable":true,"href":"https:\/\/jardindelaparfumerie.com\/en\/wp-json\/wp\/v2\/comments?post=10361"}],"version-history":[{"count":5,"href":"https:\/\/jardindelaparfumerie.com\/en\/wp-json\/wp\/v2\/product\/10361\/revisions"}],"predecessor-version":[{"id":10370,"href":"https:\/\/jardindelaparfumerie.com\/en\/wp-json\/wp\/v2\/product\/10361\/revisions\/10370"}],"wp:featuredmedia":[{"embeddable":true,"href":"https:\/\/jardindelaparfumerie.com\/en\/wp-json\/wp\/v2\/media\/10363"}],"wp:attachment":[{"href":"https:\/\/jardindelaparfumerie.com\/en\/wp-json\/wp\/v2\/media?parent=10361"}],"wp:term":[{"taxonomy":"product_brand","embeddable":true,"href":"https:\/\/jardindelaparfumerie.com\/en\/wp-json\/wp\/v2\/product_brand?post=10361"},{"taxonomy":"product_cat","embeddable":true,"href":"https:\/\/jardindelaparfumerie.com\/en\/wp-json\/wp\/v2\/product_cat?post=10361"},{"taxonomy":"product_tag","embeddable":true,"href":"https:\/\/jardindelaparfumerie.com\/en\/wp-json\/wp\/v2\/product_tag?post=10361"}],"curies":[{"name":"wp","href":"https:\/\/api.w.org\/{rel}","templated":true}]}}