{"id":10661,"date":"2026-01-27T19:14:18","date_gmt":"2026-01-27T18:14:18","guid":{"rendered":"https:\/\/jardindelaparfumerie.com\/?post_type=product&#038;p=10661"},"modified":"2026-01-27T19:22:16","modified_gmt":"2026-01-27T18:22:16","slug":"dior-coffret-miss-dior-set-edition-limitee","status":"publish","type":"product","link":"https:\/\/jardindelaparfumerie.com\/en\/shop\/parfums-classiques\/parfums-femme\/coffret-parfum\/dior-coffret-miss-dior-set-edition-limitee\/","title":{"rendered":"Dior Coffret Miss Dior Set &#8211; \u00c9dition Limit\u00e9e"},"content":{"rendered":"<div data-elementor-type=\"wp-post\" data-elementor-id=\"10661\" class=\"elementor elementor-10661\" data-elementor-post-type=\"product\">\n\t\t\t\t\t\t<section class=\"elementor-section elementor-top-section elementor-element elementor-element-25a46325 elementor-section-boxed elementor-section-height-default elementor-section-height-default\" data-id=\"25a46325\" data-element_type=\"section\" data-e-type=\"section\">\n\t\t\t\t\t\t<div class=\"elementor-container elementor-column-gap-no\">\n\t\t\t\t\t<div class=\"elementor-column elementor-col-100 elementor-top-column elementor-element elementor-element-180e4677\" data-id=\"180e4677\" data-element_type=\"column\" data-e-type=\"column\">\n\t\t\t<div class=\"elementor-widget-wrap elementor-element-populated\">\n\t\t\t\t\t\t<div class=\"elementor-element elementor-element-6b3f5509 elementor-widget elementor-widget-text-editor\" data-id=\"6b3f5509\" data-element_type=\"widget\" data-e-type=\"widget\" data-widget_type=\"text-editor.default\">\n\t\t\t\t\t\t\t\t\t<div class=\"l-column\"><p>L&#8217;Eau de Parfum Miss Dior se glisse dans un \u00e9crin magique orn\u00e9 de constellations extraordinaires : 8 constellations, en \u00e9cho au chiffre porte-bonheur de Christian Dior, prennent forme de mani\u00e8re envo\u00fbtante. Pietro Ruffo, cr\u00e9ateur de ce d\u00e9cor f\u00e9\u00e9rique pour Dior, a imagin\u00e9 un voyage onirique o\u00f9 se rencontrent fleurs et \u00e9toiles. Ce coffret Miss Dior est ainsi empreint de la magie luxueuse et de la signature chic de Dior.<\/p><p>Le coffret Miss Dior comprend :<\/p><p>&#8211; Miss Dior Eau de Parfum, 50 ml. Le parfum couture de la Maison Dior, avec un ruban brod\u00e9 de fils multicolores comme un \u00ab millefiori \u00bb. Des notes olfactives florales et fra\u00eeches, travaill\u00e9es autour d&#8217;un accord de rose.<\/p><p>&#8211; Miss Dior vaporisateur de voyage, 10 ml. Un vaporisateur de voyage pr\u00e9rempli avec le parfum Miss Dior Eau de Parfum.<\/p><p>Tr\u00e8s belle id\u00e9e cadeau, ce coffret Miss Dior fera briller les yeux de la personne qui le recevra comme l&#8217;\u00e9toile polaire.<\/p><\/div>\t\t\t\t\t\t\t\t<\/div>\n\t\t\t\t\t<\/div>\n\t\t<\/div>\n\t\t\t\t\t<\/div>\n\t\t<\/section>\n\t\t\t\t<\/div>","protected":false},"excerpt":{"rendered":"<div class=\"c-content-tile__content c-content-tile__section\">\n<p>Dior Coffret Miss Dior &#8211; \u00c9dition Limit\u00e9e, un ensemble raffin\u00e9 r\u00e9unissant la fragrance iconique et ses essentiels pour une f\u00e9minit\u00e9 \u00e9l\u00e9gante et lumineuse.<\/p>\n<\/div>","protected":false},"featured_media":10662,"comment_status":"open","ping_status":"closed","template":"","meta":[],"product_brand":[300],"product_cat":[516,15,106],"product_tag":[436],"class_list":{"0":"post-10661","1":"product","2":"type-product","3":"status-publish","4":"has-post-thumbnail","6":"product_brand-dior","7":"product_cat-coffret-parfum","8":"product_cat-parfums-classiques","9":"product_cat-parfums-femme","10":"product_tag-spray","13":"instock","14":"featured","15":"shipping-taxable","16":"purchasable","17":"product-type-simple"},"yoast_head":"<!-- This site is optimized with the Yoast SEO plugin v27.4 - https:\/\/yoast.com\/product\/yoast-seo-wordpress\/ -->\n<title>Dior Coffret Miss Dior Set - \u00c9dition Limit\u00e9e &#8211; Jardin de la Parfumerie<\/title>\n<meta name=\"description\" content=\"Dior Coffret Miss Dior - \u00c9dition Limit\u00e9e, un \u00e9crin raffin\u00e9 r\u00e9unissant une fragrance florale iconique et des essentiels parfum\u00e9s pour une \u00e9l\u00e9gance intemporelle.\" \/>\n<meta name=\"robots\" content=\"index, follow, max-snippet:-1, max-image-preview:large, max-video-preview:-1\" \/>\n<link rel=\"canonical\" href=\"https:\/\/jardindelaparfumerie.com\/en\/shop\/parfums-classiques\/parfums-femme\/coffret-parfum\/dior-coffret-miss-dior-set-edition-limitee\/\" \/>\n<meta property=\"og:locale\" content=\"en_US\" \/>\n<meta property=\"og:type\" content=\"article\" \/>\n<meta property=\"og:title\" content=\"Dior Coffret Miss Dior Set - \u00c9dition Limit\u00e9e &#8211; Jardin de la Parfumerie\" \/>\n<meta property=\"og:description\" content=\"Dior Coffret Miss Dior - \u00c9dition Limit\u00e9e, un \u00e9crin raffin\u00e9 r\u00e9unissant une fragrance florale iconique et des essentiels parfum\u00e9s pour une \u00e9l\u00e9gance intemporelle.\" \/>\n<meta property=\"og:url\" content=\"https:\/\/jardindelaparfumerie.com\/en\/shop\/parfums-classiques\/parfums-femme\/coffret-parfum\/dior-coffret-miss-dior-set-edition-limitee\/\" \/>\n<meta property=\"og:site_name\" content=\"Jardin de la Parfumerie\" \/>\n<meta property=\"article:publisher\" content=\"https:\/\/www.facebook.com\/p\/Jardin-De-La-Parfumerie-100075860036544\/?locale=fr_FR\" \/>\n<meta property=\"article:modified_time\" content=\"2026-01-27T18:22:16+00:00\" \/>\n<meta property=\"og:image\" content=\"https:\/\/jardindelaparfumerie.com\/wp-content\/uploads\/2026\/01\/Dior-Coffret-Miss-Dior-Set-Edition-Limitee.jpg\" \/>\n\t<meta property=\"og:image:width\" content=\"1000\" \/>\n\t<meta property=\"og:image:height\" content=\"1000\" \/>\n\t<meta property=\"og:image:type\" content=\"image\/jpeg\" \/>\n<meta name=\"twitter:card\" content=\"summary_large_image\" \/>\n<meta name=\"twitter:label1\" content=\"Est. reading time\" \/>\n\t<meta name=\"twitter:data1\" content=\"1 minute\" \/>\n<script type=\"application\/ld+json\" class=\"yoast-schema-graph\">{\"@context\":\"https:\\\/\\\/schema.org\",\"@graph\":[{\"@type\":\"WebPage\",\"@id\":\"https:\\\/\\\/jardindelaparfumerie.com\\\/shop\\\/parfums-classiques\\\/parfums-femme\\\/coffret-parfum\\\/dior-coffret-miss-dior-set-edition-limitee\\\/\",\"url\":\"https:\\\/\\\/jardindelaparfumerie.com\\\/shop\\\/parfums-classiques\\\/parfums-femme\\\/coffret-parfum\\\/dior-coffret-miss-dior-set-edition-limitee\\\/\",\"name\":\"Dior Coffret Miss Dior Set - \u00c9dition Limit\u00e9e &#8211; Jardin de la Parfumerie\",\"isPartOf\":{\"@id\":\"https:\\\/\\\/jardindelaparfumerie.com\\\/#website\"},\"primaryImageOfPage\":{\"@id\":\"https:\\\/\\\/jardindelaparfumerie.com\\\/shop\\\/parfums-classiques\\\/parfums-femme\\\/coffret-parfum\\\/dior-coffret-miss-dior-set-edition-limitee\\\/#primaryimage\"},\"image\":{\"@id\":\"https:\\\/\\\/jardindelaparfumerie.com\\\/shop\\\/parfums-classiques\\\/parfums-femme\\\/coffret-parfum\\\/dior-coffret-miss-dior-set-edition-limitee\\\/#primaryimage\"},\"thumbnailUrl\":\"https:\\\/\\\/jardindelaparfumerie.com\\\/wp-content\\\/uploads\\\/2026\\\/01\\\/Dior-Coffret-Miss-Dior-Set-Edition-Limitee.jpg\",\"datePublished\":\"2026-01-27T18:14:18+00:00\",\"dateModified\":\"2026-01-27T18:22:16+00:00\",\"description\":\"Dior Coffret Miss Dior - \u00c9dition Limit\u00e9e, un \u00e9crin raffin\u00e9 r\u00e9unissant une fragrance florale iconique et des essentiels parfum\u00e9s pour une \u00e9l\u00e9gance intemporelle.\",\"breadcrumb\":{\"@id\":\"https:\\\/\\\/jardindelaparfumerie.com\\\/shop\\\/parfums-classiques\\\/parfums-femme\\\/coffret-parfum\\\/dior-coffret-miss-dior-set-edition-limitee\\\/#breadcrumb\"},\"inLanguage\":\"en-US\",\"potentialAction\":[{\"@type\":\"ReadAction\",\"target\":[\"https:\\\/\\\/jardindelaparfumerie.com\\\/shop\\\/parfums-classiques\\\/parfums-femme\\\/coffret-parfum\\\/dior-coffret-miss-dior-set-edition-limitee\\\/\"]}]},{\"@type\":\"ImageObject\",\"inLanguage\":\"en-US\",\"@id\":\"https:\\\/\\\/jardindelaparfumerie.com\\\/shop\\\/parfums-classiques\\\/parfums-femme\\\/coffret-parfum\\\/dior-coffret-miss-dior-set-edition-limitee\\\/#primaryimage\",\"url\":\"https:\\\/\\\/jardindelaparfumerie.com\\\/wp-content\\\/uploads\\\/2026\\\/01\\\/Dior-Coffret-Miss-Dior-Set-Edition-Limitee.jpg\",\"contentUrl\":\"https:\\\/\\\/jardindelaparfumerie.com\\\/wp-content\\\/uploads\\\/2026\\\/01\\\/Dior-Coffret-Miss-Dior-Set-Edition-Limitee.jpg\",\"width\":1000,\"height\":1000},{\"@type\":\"BreadcrumbList\",\"@id\":\"https:\\\/\\\/jardindelaparfumerie.com\\\/shop\\\/parfums-classiques\\\/parfums-femme\\\/coffret-parfum\\\/dior-coffret-miss-dior-set-edition-limitee\\\/#breadcrumb\",\"itemListElement\":[{\"@type\":\"ListItem\",\"position\":1,\"name\":\"Accueil\",\"item\":\"https:\\\/\\\/jardindelaparfumerie.com\\\/\"},{\"@type\":\"ListItem\",\"position\":2,\"name\":\"Boutique\",\"item\":\"https:\\\/\\\/jardindelaparfumerie.com\\\/boutique\\\/\"},{\"@type\":\"ListItem\",\"position\":3,\"name\":\"Dior Coffret Miss Dior Set &#8211; \u00c9dition Limit\u00e9e\"}]},{\"@type\":\"WebSite\",\"@id\":\"https:\\\/\\\/jardindelaparfumerie.com\\\/#website\",\"url\":\"https:\\\/\\\/jardindelaparfumerie.com\\\/\",\"name\":\"Jardin de la Parfumerie\",\"description\":\"L\u2019art du Parfum, l\u2019essence du Luxe\",\"publisher\":{\"@id\":\"https:\\\/\\\/jardindelaparfumerie.com\\\/#organization\"},\"potentialAction\":[{\"@type\":\"SearchAction\",\"target\":{\"@type\":\"EntryPoint\",\"urlTemplate\":\"https:\\\/\\\/jardindelaparfumerie.com\\\/?s={search_term_string}\"},\"query-input\":{\"@type\":\"PropertyValueSpecification\",\"valueRequired\":true,\"valueName\":\"search_term_string\"}}],\"inLanguage\":\"en-US\"},{\"@type\":\"Organization\",\"@id\":\"https:\\\/\\\/jardindelaparfumerie.com\\\/#organization\",\"name\":\"Jardin de la Parfumerie\",\"url\":\"https:\\\/\\\/jardindelaparfumerie.com\\\/\",\"logo\":{\"@type\":\"ImageObject\",\"inLanguage\":\"en-US\",\"@id\":\"https:\\\/\\\/jardindelaparfumerie.com\\\/#\\\/schema\\\/logo\\\/image\\\/\",\"url\":\"https:\\\/\\\/jardindelaparfumerie.com\\\/wp-content\\\/uploads\\\/2022\\\/05\\\/Logo-alt-1.png\",\"contentUrl\":\"https:\\\/\\\/jardindelaparfumerie.com\\\/wp-content\\\/uploads\\\/2022\\\/05\\\/Logo-alt-1.png\",\"width\":725,\"height\":342,\"caption\":\"Jardin de la Parfumerie\"},\"image\":{\"@id\":\"https:\\\/\\\/jardindelaparfumerie.com\\\/#\\\/schema\\\/logo\\\/image\\\/\"},\"sameAs\":[\"https:\\\/\\\/www.facebook.com\\\/p\\\/Jardin-De-La-Parfumerie-100075860036544\\\/?locale=fr_FR\",\"https:\\\/\\\/www.instagram.com\\\/jardindelaparfumerie\\\/\"]}]}<\/script>\n<!-- \/ Yoast SEO plugin. -->","yoast_head_json":{"title":"Dior Coffret Miss Dior Set - \u00c9dition Limit\u00e9e &#8211; Jardin de la Parfumerie","description":"Dior Coffret Miss Dior - \u00c9dition Limit\u00e9e, un \u00e9crin raffin\u00e9 r\u00e9unissant une fragrance florale iconique et des essentiels parfum\u00e9s pour une \u00e9l\u00e9gance intemporelle.","robots":{"index":"index","follow":"follow","max-snippet":"max-snippet:-1","max-image-preview":"max-image-preview:large","max-video-preview":"max-video-preview:-1"},"canonical":"https:\/\/jardindelaparfumerie.com\/en\/shop\/parfums-classiques\/parfums-femme\/coffret-parfum\/dior-coffret-miss-dior-set-edition-limitee\/","og_locale":"en_US","og_type":"article","og_title":"Dior Coffret Miss Dior Set - \u00c9dition Limit\u00e9e &#8211; Jardin de la Parfumerie","og_description":"Dior Coffret Miss Dior - \u00c9dition Limit\u00e9e, un \u00e9crin raffin\u00e9 r\u00e9unissant une fragrance florale iconique et des essentiels parfum\u00e9s pour une \u00e9l\u00e9gance intemporelle.","og_url":"https:\/\/jardindelaparfumerie.com\/en\/shop\/parfums-classiques\/parfums-femme\/coffret-parfum\/dior-coffret-miss-dior-set-edition-limitee\/","og_site_name":"Jardin de la Parfumerie","article_publisher":"https:\/\/www.facebook.com\/p\/Jardin-De-La-Parfumerie-100075860036544\/?locale=fr_FR","article_modified_time":"2026-01-27T18:22:16+00:00","og_image":[{"width":1000,"height":1000,"url":"https:\/\/jardindelaparfumerie.com\/wp-content\/uploads\/2026\/01\/Dior-Coffret-Miss-Dior-Set-Edition-Limitee.jpg","type":"image\/jpeg"}],"twitter_card":"summary_large_image","twitter_misc":{"Est. reading time":"1 minute"},"schema":{"@context":"https:\/\/schema.org","@graph":[{"@type":"WebPage","@id":"https:\/\/jardindelaparfumerie.com\/shop\/parfums-classiques\/parfums-femme\/coffret-parfum\/dior-coffret-miss-dior-set-edition-limitee\/","url":"https:\/\/jardindelaparfumerie.com\/shop\/parfums-classiques\/parfums-femme\/coffret-parfum\/dior-coffret-miss-dior-set-edition-limitee\/","name":"Dior Coffret Miss Dior Set - \u00c9dition Limit\u00e9e &#8211; Jardin de la Parfumerie","isPartOf":{"@id":"https:\/\/jardindelaparfumerie.com\/#website"},"primaryImageOfPage":{"@id":"https:\/\/jardindelaparfumerie.com\/shop\/parfums-classiques\/parfums-femme\/coffret-parfum\/dior-coffret-miss-dior-set-edition-limitee\/#primaryimage"},"image":{"@id":"https:\/\/jardindelaparfumerie.com\/shop\/parfums-classiques\/parfums-femme\/coffret-parfum\/dior-coffret-miss-dior-set-edition-limitee\/#primaryimage"},"thumbnailUrl":"https:\/\/jardindelaparfumerie.com\/wp-content\/uploads\/2026\/01\/Dior-Coffret-Miss-Dior-Set-Edition-Limitee.jpg","datePublished":"2026-01-27T18:14:18+00:00","dateModified":"2026-01-27T18:22:16+00:00","description":"Dior Coffret Miss Dior - \u00c9dition Limit\u00e9e, un \u00e9crin raffin\u00e9 r\u00e9unissant une fragrance florale iconique et des essentiels parfum\u00e9s pour une \u00e9l\u00e9gance intemporelle.","breadcrumb":{"@id":"https:\/\/jardindelaparfumerie.com\/shop\/parfums-classiques\/parfums-femme\/coffret-parfum\/dior-coffret-miss-dior-set-edition-limitee\/#breadcrumb"},"inLanguage":"en-US","potentialAction":[{"@type":"ReadAction","target":["https:\/\/jardindelaparfumerie.com\/shop\/parfums-classiques\/parfums-femme\/coffret-parfum\/dior-coffret-miss-dior-set-edition-limitee\/"]}]},{"@type":"ImageObject","inLanguage":"en-US","@id":"https:\/\/jardindelaparfumerie.com\/shop\/parfums-classiques\/parfums-femme\/coffret-parfum\/dior-coffret-miss-dior-set-edition-limitee\/#primaryimage","url":"https:\/\/jardindelaparfumerie.com\/wp-content\/uploads\/2026\/01\/Dior-Coffret-Miss-Dior-Set-Edition-Limitee.jpg","contentUrl":"https:\/\/jardindelaparfumerie.com\/wp-content\/uploads\/2026\/01\/Dior-Coffret-Miss-Dior-Set-Edition-Limitee.jpg","width":1000,"height":1000},{"@type":"BreadcrumbList","@id":"https:\/\/jardindelaparfumerie.com\/shop\/parfums-classiques\/parfums-femme\/coffret-parfum\/dior-coffret-miss-dior-set-edition-limitee\/#breadcrumb","itemListElement":[{"@type":"ListItem","position":1,"name":"Accueil","item":"https:\/\/jardindelaparfumerie.com\/"},{"@type":"ListItem","position":2,"name":"Boutique","item":"https:\/\/jardindelaparfumerie.com\/boutique\/"},{"@type":"ListItem","position":3,"name":"Dior Coffret Miss Dior Set &#8211; \u00c9dition Limit\u00e9e"}]},{"@type":"WebSite","@id":"https:\/\/jardindelaparfumerie.com\/#website","url":"https:\/\/jardindelaparfumerie.com\/","name":"Jardin de la Parfumerie","description":"L\u2019art du Parfum, l\u2019essence du Luxe","publisher":{"@id":"https:\/\/jardindelaparfumerie.com\/#organization"},"potentialAction":[{"@type":"SearchAction","target":{"@type":"EntryPoint","urlTemplate":"https:\/\/jardindelaparfumerie.com\/?s={search_term_string}"},"query-input":{"@type":"PropertyValueSpecification","valueRequired":true,"valueName":"search_term_string"}}],"inLanguage":"en-US"},{"@type":"Organization","@id":"https:\/\/jardindelaparfumerie.com\/#organization","name":"Jardin de la Parfumerie","url":"https:\/\/jardindelaparfumerie.com\/","logo":{"@type":"ImageObject","inLanguage":"en-US","@id":"https:\/\/jardindelaparfumerie.com\/#\/schema\/logo\/image\/","url":"https:\/\/jardindelaparfumerie.com\/wp-content\/uploads\/2022\/05\/Logo-alt-1.png","contentUrl":"https:\/\/jardindelaparfumerie.com\/wp-content\/uploads\/2022\/05\/Logo-alt-1.png","width":725,"height":342,"caption":"Jardin de la Parfumerie"},"image":{"@id":"https:\/\/jardindelaparfumerie.com\/#\/schema\/logo\/image\/"},"sameAs":["https:\/\/www.facebook.com\/p\/Jardin-De-La-Parfumerie-100075860036544\/?locale=fr_FR","https:\/\/www.instagram.com\/jardindelaparfumerie\/"]}]}},"jetpack_sharing_enabled":true,"_links":{"self":[{"href":"https:\/\/jardindelaparfumerie.com\/en\/wp-json\/wp\/v2\/product\/10661","targetHints":{"allow":["GET"]}}],"collection":[{"href":"https:\/\/jardindelaparfumerie.com\/en\/wp-json\/wp\/v2\/product"}],"about":[{"href":"https:\/\/jardindelaparfumerie.com\/en\/wp-json\/wp\/v2\/types\/product"}],"replies":[{"embeddable":true,"href":"https:\/\/jardindelaparfumerie.com\/en\/wp-json\/wp\/v2\/comments?post=10661"}],"version-history":[{"count":4,"href":"https:\/\/jardindelaparfumerie.com\/en\/wp-json\/wp\/v2\/product\/10661\/revisions"}],"predecessor-version":[{"id":10666,"href":"https:\/\/jardindelaparfumerie.com\/en\/wp-json\/wp\/v2\/product\/10661\/revisions\/10666"}],"wp:featuredmedia":[{"embeddable":true,"href":"https:\/\/jardindelaparfumerie.com\/en\/wp-json\/wp\/v2\/media\/10662"}],"wp:attachment":[{"href":"https:\/\/jardindelaparfumerie.com\/en\/wp-json\/wp\/v2\/media?parent=10661"}],"wp:term":[{"taxonomy":"product_brand","embeddable":true,"href":"https:\/\/jardindelaparfumerie.com\/en\/wp-json\/wp\/v2\/product_brand?post=10661"},{"taxonomy":"product_cat","embeddable":true,"href":"https:\/\/jardindelaparfumerie.com\/en\/wp-json\/wp\/v2\/product_cat?post=10661"},{"taxonomy":"product_tag","embeddable":true,"href":"https:\/\/jardindelaparfumerie.com\/en\/wp-json\/wp\/v2\/product_tag?post=10661"}],"curies":[{"name":"wp","href":"https:\/\/api.w.org\/{rel}","templated":true}]}}