{"id":10675,"date":"2026-01-28T12:46:14","date_gmt":"2026-01-28T11:46:14","guid":{"rendered":"https:\/\/jardindelaparfumerie.com\/?post_type=product&#038;p=10675"},"modified":"2026-01-28T14:10:45","modified_gmt":"2026-01-28T13:10:45","slug":"essential-parfums-bois-imperial-edition-collector-eau-de-parfum","status":"publish","type":"product","link":"https:\/\/jardindelaparfumerie.com\/en\/shop\/parfums-classiques\/parfum-mixte\/eau-de-parfum-mixte\/essential-parfums-bois-imperial-edition-collector-eau-de-parfum\/","title":{"rendered":"Essential Parfums Bois Imp\u00e9rial Edition Collector Eau de Parfum"},"content":{"rendered":"<div data-elementor-type=\"wp-post\" data-elementor-id=\"10675\" class=\"elementor elementor-10675\" data-elementor-post-type=\"product\">\n\t\t\t\t\t\t<section class=\"elementor-section elementor-top-section elementor-element elementor-element-25a46325 elementor-section-boxed elementor-section-height-default elementor-section-height-default\" data-id=\"25a46325\" data-element_type=\"section\" data-e-type=\"section\">\n\t\t\t\t\t\t<div class=\"elementor-container elementor-column-gap-no\">\n\t\t\t\t\t<div class=\"elementor-column elementor-col-100 elementor-top-column elementor-element elementor-element-180e4677\" data-id=\"180e4677\" data-element_type=\"column\" data-e-type=\"column\">\n\t\t\t<div class=\"elementor-widget-wrap elementor-element-populated\">\n\t\t\t\t\t\t<div class=\"elementor-element elementor-element-6b3f5509 elementor-widget elementor-widget-text-editor\" data-id=\"6b3f5509\" data-element_type=\"widget\" data-e-type=\"widget\" data-widget_type=\"text-editor.default\">\n\t\t\t\t\t\t\t\t\t<div class=\"l-column\"><p class=\"h-font-tertiary h-text-align-left h-text-size-14\">Bois Imp\u00e9rial by Quentin Bisch Eau de Parfum c\u00e9l\u00e8bre son 5\u00e8me anniversaire. D\u00e9couvrez ou red\u00e9couvrez ce bois\u00e9 ambr\u00e9 magistral aux contrastes saisissants dans une \u00e9dition collector exclusive. Sublim\u00e9s par des contrastes graphiques de noir et d&#8217;argent, le flacon et l&#8217;\u00e9tui sont un \u00e9cho visuel \u00e0 la dualit\u00e9 olfactive de ce parfum au caract\u00e8re unique.<\/p><\/div>\t\t\t\t\t\t\t\t<\/div>\n\t\t\t\t<div class=\"elementor-element elementor-element-113d3e3d elementor-widget elementor-widget-heading\" data-id=\"113d3e3d\" data-element_type=\"widget\" data-e-type=\"widget\" data-widget_type=\"heading.default\">\n\t\t\t\t\t<h2 class=\"elementor-heading-title elementor-size-default\">Application <\/h2>\t\t\t\t<\/div>\n\t\t\t\t<section class=\"elementor-section elementor-inner-section elementor-element elementor-element-5f18e1b3 elementor-section-boxed elementor-section-height-default elementor-section-height-default\" data-id=\"5f18e1b3\" data-element_type=\"section\" data-e-type=\"section\">\n\t\t\t\t\t\t<div class=\"elementor-container elementor-column-gap-no\">\n\t\t\t\t\t<div class=\"elementor-column elementor-col-50 elementor-inner-column elementor-element elementor-element-5fbcdffc\" data-id=\"5fbcdffc\" data-element_type=\"column\" data-e-type=\"column\" data-settings=\"{&quot;background_background&quot;:&quot;classic&quot;}\">\n\t\t\t<div class=\"elementor-widget-wrap elementor-element-populated\">\n\t\t\t\t\t\t<div class=\"elementor-element elementor-element-487720d9 elementor-widget elementor-widget-text-editor\" data-id=\"487720d9\" data-element_type=\"widget\" data-e-type=\"widget\" data-widget_type=\"text-editor.default\">\n\t\t\t\t\t\t\t\t\t<p>Famille olfactive :<\/p>\t\t\t\t\t\t\t\t<\/div>\n\t\t\t\t\t<\/div>\n\t\t<\/div>\n\t\t\t\t<div class=\"elementor-column elementor-col-50 elementor-inner-column elementor-element elementor-element-266b4d67\" data-id=\"266b4d67\" data-element_type=\"column\" data-e-type=\"column\">\n\t\t\t<div class=\"elementor-widget-wrap elementor-element-populated\">\n\t\t\t\t\t\t<div class=\"elementor-element elementor-element-5485c62f elementor-widget elementor-widget-text-editor\" data-id=\"5485c62f\" data-element_type=\"widget\" data-e-type=\"widget\" data-widget_type=\"text-editor.default\">\n\t\t\t\t\t\t\t\t\t<p>Bois\u00e9e, ambr\u00e9e<\/p>\t\t\t\t\t\t\t\t<\/div>\n\t\t\t\t\t<\/div>\n\t\t<\/div>\n\t\t\t\t\t<\/div>\n\t\t<\/section>\n\t\t\t\t<section class=\"elementor-section elementor-inner-section elementor-element elementor-element-114c1d6a elementor-section-boxed elementor-section-height-default elementor-section-height-default\" data-id=\"114c1d6a\" data-element_type=\"section\" data-e-type=\"section\">\n\t\t\t\t\t\t<div class=\"elementor-container elementor-column-gap-no\">\n\t\t\t\t\t<div class=\"elementor-column elementor-col-50 elementor-inner-column elementor-element elementor-element-12f47a41\" data-id=\"12f47a41\" data-element_type=\"column\" data-e-type=\"column\" data-settings=\"{&quot;background_background&quot;:&quot;classic&quot;}\">\n\t\t\t<div class=\"elementor-widget-wrap elementor-element-populated\">\n\t\t\t\t\t\t<div class=\"elementor-element elementor-element-40920aed elementor-widget elementor-widget-text-editor\" data-id=\"40920aed\" data-element_type=\"widget\" data-e-type=\"widget\" data-widget_type=\"text-editor.default\">\n\t\t\t\t\t\t\t\t\t<p>Notes :<\/p>\t\t\t\t\t\t\t\t<\/div>\n\t\t\t\t\t<\/div>\n\t\t<\/div>\n\t\t\t\t<div class=\"elementor-column elementor-col-50 elementor-inner-column elementor-element elementor-element-2842bf98\" data-id=\"2842bf98\" data-element_type=\"column\" data-e-type=\"column\">\n\t\t\t<div class=\"elementor-widget-wrap elementor-element-populated\">\n\t\t\t\t\t\t<div class=\"elementor-element elementor-element-3805ef75 elementor-widget elementor-widget-text-editor\" data-id=\"3805ef75\" data-element_type=\"widget\" data-e-type=\"widget\" data-widget_type=\"text-editor.default\">\n\t\t\t\t\t\t\t\t\t<p>Basilic tha\u00ef, pamplemousse, poivre du Sichuan n\u00e9palais, v\u00e9tiver ha\u00eftien, petalia, georgywood, akigalawood, patchouli indon\u00e9sien, ambrofix.<\/p>\t\t\t\t\t\t\t\t<\/div>\n\t\t\t\t\t<\/div>\n\t\t<\/div>\n\t\t\t\t\t<\/div>\n\t\t<\/section>\n\t\t\t\t<div class=\"elementor-element elementor-element-03564ca elementor-widget elementor-widget-text-editor\" data-id=\"03564ca\" data-element_type=\"widget\" data-e-type=\"widget\" data-widget_type=\"text-editor.default\">\n\t\t\t\t\t\t\t\t\t<p>\u00c9viter de vaporiser dans les yeux et vers les muqueuses (nez, bouche, oreilles).<\/p>\t\t\t\t\t\t\t\t<\/div>\n\t\t\t\t\t<\/div>\n\t\t<\/div>\n\t\t\t\t\t<\/div>\n\t\t<\/section>\n\t\t\t\t<section class=\"elementor-section elementor-top-section elementor-element elementor-element-f39c1ba elementor-section-boxed elementor-section-height-default elementor-section-height-default\" data-id=\"f39c1ba\" data-element_type=\"section\" data-e-type=\"section\">\n\t\t\t\t\t\t<div class=\"elementor-container elementor-column-gap-default\">\n\t\t\t\t\t<div class=\"elementor-column elementor-col-100 elementor-top-column elementor-element elementor-element-9faa77c\" data-id=\"9faa77c\" data-element_type=\"column\" data-e-type=\"column\">\n\t\t\t<div class=\"elementor-widget-wrap\">\n\t\t\t\t\t\t\t<\/div>\n\t\t<\/div>\n\t\t\t\t\t<\/div>\n\t\t<\/section>\n\t\t\t\t<\/div>","protected":false},"excerpt":{"rendered":"<div class=\"c-content-tile__content c-content-tile__section\">\n<ul>\n<li><strong>Famille olfactive :<\/strong> Bois\u00e9e, ambr\u00e9e<\/li>\n<li><strong>Notes<\/strong> <strong>:<\/strong> Basilic tha\u00ef, pamplemousse, poivre du Sichuan n\u00e9palais, v\u00e9tiver ha\u00eftien, petalia, georgywood, akigalawood, patchouli indon\u00e9sien, ambrofix.<\/li>\n<\/ul>\n<\/div>","protected":false},"featured_media":10678,"comment_status":"open","ping_status":"closed","template":"","meta":[],"product_brand":[349],"product_cat":[406,405,15],"product_tag":[436],"class_list":{"0":"post-10675","1":"product","2":"type-product","3":"status-publish","4":"has-post-thumbnail","6":"product_brand-essential-parfums","7":"product_cat-eau-de-parfum-mixte","8":"product_cat-parfum-mixte","9":"product_cat-parfums-classiques","10":"product_tag-spray","11":"pa_contenance-100ml","12":"pa_famille-olfactive-ambre","13":"pa_famille-olfactive-boise","16":"instock","17":"featured","18":"shipping-taxable","19":"purchasable","20":"product-type-variable","21":"has-default-attributes"},"yoast_head":"<!-- This site is optimized with the Yoast SEO plugin v27.4 - https:\/\/yoast.com\/product\/yoast-seo-wordpress\/ -->\n<title>Essential Parfums Bois Imp\u00e9rial Edition Collector Eau de Parfum &#8211; Jardin de la Parfumerie<\/title>\n<meta name=\"description\" content=\"Bois Imp\u00e9rial \u00c9dition Collector d\u2019Essential Parfums d\u00e9voile un bois vibrant et \u00e9l\u00e9gant, aux accents \u00e9pic\u00e9s et ambr\u00e9s, pour un sillage moderne et magn\u00e9tique.\" \/>\n<meta name=\"robots\" content=\"index, follow, max-snippet:-1, max-image-preview:large, max-video-preview:-1\" \/>\n<link rel=\"canonical\" href=\"https:\/\/jardindelaparfumerie.com\/en\/shop\/parfums-classiques\/parfum-mixte\/eau-de-parfum-mixte\/essential-parfums-bois-imperial-edition-collector-eau-de-parfum\/\" \/>\n<meta property=\"og:locale\" content=\"en_US\" \/>\n<meta property=\"og:type\" content=\"article\" \/>\n<meta property=\"og:title\" content=\"Essential Parfums Bois Imp\u00e9rial Edition Collector Eau de Parfum &#8211; Jardin de la Parfumerie\" \/>\n<meta property=\"og:description\" content=\"Bois Imp\u00e9rial \u00c9dition Collector d\u2019Essential Parfums d\u00e9voile un bois vibrant et \u00e9l\u00e9gant, aux accents \u00e9pic\u00e9s et ambr\u00e9s, pour un sillage moderne et magn\u00e9tique.\" \/>\n<meta property=\"og:url\" content=\"https:\/\/jardindelaparfumerie.com\/en\/shop\/parfums-classiques\/parfum-mixte\/eau-de-parfum-mixte\/essential-parfums-bois-imperial-edition-collector-eau-de-parfum\/\" \/>\n<meta property=\"og:site_name\" content=\"Jardin de la Parfumerie\" \/>\n<meta property=\"article:publisher\" content=\"https:\/\/www.facebook.com\/p\/Jardin-De-La-Parfumerie-100075860036544\/?locale=fr_FR\" \/>\n<meta property=\"article:modified_time\" content=\"2026-01-28T13:10:45+00:00\" \/>\n<meta property=\"og:image\" content=\"https:\/\/jardindelaparfumerie.com\/wp-content\/uploads\/2026\/01\/Essential-Parfums-Bois-Imperial-Edition-Collector.jpg\" \/>\n\t<meta property=\"og:image:width\" content=\"1000\" \/>\n\t<meta property=\"og:image:height\" content=\"1000\" \/>\n\t<meta property=\"og:image:type\" content=\"image\/jpeg\" \/>\n<meta name=\"twitter:card\" content=\"summary_large_image\" \/>\n<meta name=\"twitter:label1\" content=\"Est. reading time\" \/>\n\t<meta name=\"twitter:data1\" content=\"1 minute\" \/>\n<script type=\"application\/ld+json\" class=\"yoast-schema-graph\">{\"@context\":\"https:\\\/\\\/schema.org\",\"@graph\":[{\"@type\":\"WebPage\",\"@id\":\"https:\\\/\\\/jardindelaparfumerie.com\\\/shop\\\/parfums-classiques\\\/parfum-mixte\\\/eau-de-parfum-mixte\\\/essential-parfums-bois-imperial-edition-collector-eau-de-parfum\\\/\",\"url\":\"https:\\\/\\\/jardindelaparfumerie.com\\\/shop\\\/parfums-classiques\\\/parfum-mixte\\\/eau-de-parfum-mixte\\\/essential-parfums-bois-imperial-edition-collector-eau-de-parfum\\\/\",\"name\":\"Essential Parfums Bois Imp\u00e9rial Edition Collector Eau de Parfum &#8211; Jardin de la Parfumerie\",\"isPartOf\":{\"@id\":\"https:\\\/\\\/jardindelaparfumerie.com\\\/#website\"},\"primaryImageOfPage\":{\"@id\":\"https:\\\/\\\/jardindelaparfumerie.com\\\/shop\\\/parfums-classiques\\\/parfum-mixte\\\/eau-de-parfum-mixte\\\/essential-parfums-bois-imperial-edition-collector-eau-de-parfum\\\/#primaryimage\"},\"image\":{\"@id\":\"https:\\\/\\\/jardindelaparfumerie.com\\\/shop\\\/parfums-classiques\\\/parfum-mixte\\\/eau-de-parfum-mixte\\\/essential-parfums-bois-imperial-edition-collector-eau-de-parfum\\\/#primaryimage\"},\"thumbnailUrl\":\"https:\\\/\\\/jardindelaparfumerie.com\\\/wp-content\\\/uploads\\\/2026\\\/01\\\/Essential-Parfums-Bois-Imperial-Edition-Collector.jpg\",\"datePublished\":\"2026-01-28T11:46:14+00:00\",\"dateModified\":\"2026-01-28T13:10:45+00:00\",\"description\":\"Bois Imp\u00e9rial \u00c9dition Collector d\u2019Essential Parfums d\u00e9voile un bois vibrant et \u00e9l\u00e9gant, aux accents \u00e9pic\u00e9s et ambr\u00e9s, pour un sillage moderne et magn\u00e9tique.\",\"breadcrumb\":{\"@id\":\"https:\\\/\\\/jardindelaparfumerie.com\\\/shop\\\/parfums-classiques\\\/parfum-mixte\\\/eau-de-parfum-mixte\\\/essential-parfums-bois-imperial-edition-collector-eau-de-parfum\\\/#breadcrumb\"},\"inLanguage\":\"en-US\",\"potentialAction\":[{\"@type\":\"ReadAction\",\"target\":[\"https:\\\/\\\/jardindelaparfumerie.com\\\/shop\\\/parfums-classiques\\\/parfum-mixte\\\/eau-de-parfum-mixte\\\/essential-parfums-bois-imperial-edition-collector-eau-de-parfum\\\/\"]}]},{\"@type\":\"ImageObject\",\"inLanguage\":\"en-US\",\"@id\":\"https:\\\/\\\/jardindelaparfumerie.com\\\/shop\\\/parfums-classiques\\\/parfum-mixte\\\/eau-de-parfum-mixte\\\/essential-parfums-bois-imperial-edition-collector-eau-de-parfum\\\/#primaryimage\",\"url\":\"https:\\\/\\\/jardindelaparfumerie.com\\\/wp-content\\\/uploads\\\/2026\\\/01\\\/Essential-Parfums-Bois-Imperial-Edition-Collector.jpg\",\"contentUrl\":\"https:\\\/\\\/jardindelaparfumerie.com\\\/wp-content\\\/uploads\\\/2026\\\/01\\\/Essential-Parfums-Bois-Imperial-Edition-Collector.jpg\",\"width\":1000,\"height\":1000},{\"@type\":\"BreadcrumbList\",\"@id\":\"https:\\\/\\\/jardindelaparfumerie.com\\\/shop\\\/parfums-classiques\\\/parfum-mixte\\\/eau-de-parfum-mixte\\\/essential-parfums-bois-imperial-edition-collector-eau-de-parfum\\\/#breadcrumb\",\"itemListElement\":[{\"@type\":\"ListItem\",\"position\":1,\"name\":\"Accueil\",\"item\":\"https:\\\/\\\/jardindelaparfumerie.com\\\/\"},{\"@type\":\"ListItem\",\"position\":2,\"name\":\"Boutique\",\"item\":\"https:\\\/\\\/jardindelaparfumerie.com\\\/boutique\\\/\"},{\"@type\":\"ListItem\",\"position\":3,\"name\":\"Essential Parfums Bois Imp\u00e9rial Edition Collector Eau de Parfum\"}]},{\"@type\":\"WebSite\",\"@id\":\"https:\\\/\\\/jardindelaparfumerie.com\\\/#website\",\"url\":\"https:\\\/\\\/jardindelaparfumerie.com\\\/\",\"name\":\"Jardin de la Parfumerie\",\"description\":\"L\u2019art du Parfum, l\u2019essence du Luxe\",\"publisher\":{\"@id\":\"https:\\\/\\\/jardindelaparfumerie.com\\\/#organization\"},\"potentialAction\":[{\"@type\":\"SearchAction\",\"target\":{\"@type\":\"EntryPoint\",\"urlTemplate\":\"https:\\\/\\\/jardindelaparfumerie.com\\\/?s={search_term_string}\"},\"query-input\":{\"@type\":\"PropertyValueSpecification\",\"valueRequired\":true,\"valueName\":\"search_term_string\"}}],\"inLanguage\":\"en-US\"},{\"@type\":\"Organization\",\"@id\":\"https:\\\/\\\/jardindelaparfumerie.com\\\/#organization\",\"name\":\"Jardin de la Parfumerie\",\"url\":\"https:\\\/\\\/jardindelaparfumerie.com\\\/\",\"logo\":{\"@type\":\"ImageObject\",\"inLanguage\":\"en-US\",\"@id\":\"https:\\\/\\\/jardindelaparfumerie.com\\\/#\\\/schema\\\/logo\\\/image\\\/\",\"url\":\"https:\\\/\\\/jardindelaparfumerie.com\\\/wp-content\\\/uploads\\\/2022\\\/05\\\/Logo-alt-1.png\",\"contentUrl\":\"https:\\\/\\\/jardindelaparfumerie.com\\\/wp-content\\\/uploads\\\/2022\\\/05\\\/Logo-alt-1.png\",\"width\":725,\"height\":342,\"caption\":\"Jardin de la Parfumerie\"},\"image\":{\"@id\":\"https:\\\/\\\/jardindelaparfumerie.com\\\/#\\\/schema\\\/logo\\\/image\\\/\"},\"sameAs\":[\"https:\\\/\\\/www.facebook.com\\\/p\\\/Jardin-De-La-Parfumerie-100075860036544\\\/?locale=fr_FR\",\"https:\\\/\\\/www.instagram.com\\\/jardindelaparfumerie\\\/\"]}]}<\/script>\n<!-- \/ Yoast SEO plugin. -->","yoast_head_json":{"title":"Essential Parfums Bois Imp\u00e9rial Edition Collector Eau de Parfum &#8211; Jardin de la Parfumerie","description":"Bois Imp\u00e9rial \u00c9dition Collector d\u2019Essential Parfums d\u00e9voile un bois vibrant et \u00e9l\u00e9gant, aux accents \u00e9pic\u00e9s et ambr\u00e9s, pour un sillage moderne et magn\u00e9tique.","robots":{"index":"index","follow":"follow","max-snippet":"max-snippet:-1","max-image-preview":"max-image-preview:large","max-video-preview":"max-video-preview:-1"},"canonical":"https:\/\/jardindelaparfumerie.com\/en\/shop\/parfums-classiques\/parfum-mixte\/eau-de-parfum-mixte\/essential-parfums-bois-imperial-edition-collector-eau-de-parfum\/","og_locale":"en_US","og_type":"article","og_title":"Essential Parfums Bois Imp\u00e9rial Edition Collector Eau de Parfum &#8211; Jardin de la Parfumerie","og_description":"Bois Imp\u00e9rial \u00c9dition Collector d\u2019Essential Parfums d\u00e9voile un bois vibrant et \u00e9l\u00e9gant, aux accents \u00e9pic\u00e9s et ambr\u00e9s, pour un sillage moderne et magn\u00e9tique.","og_url":"https:\/\/jardindelaparfumerie.com\/en\/shop\/parfums-classiques\/parfum-mixte\/eau-de-parfum-mixte\/essential-parfums-bois-imperial-edition-collector-eau-de-parfum\/","og_site_name":"Jardin de la Parfumerie","article_publisher":"https:\/\/www.facebook.com\/p\/Jardin-De-La-Parfumerie-100075860036544\/?locale=fr_FR","article_modified_time":"2026-01-28T13:10:45+00:00","og_image":[{"width":1000,"height":1000,"url":"https:\/\/jardindelaparfumerie.com\/wp-content\/uploads\/2026\/01\/Essential-Parfums-Bois-Imperial-Edition-Collector.jpg","type":"image\/jpeg"}],"twitter_card":"summary_large_image","twitter_misc":{"Est. reading time":"1 minute"},"schema":{"@context":"https:\/\/schema.org","@graph":[{"@type":"WebPage","@id":"https:\/\/jardindelaparfumerie.com\/shop\/parfums-classiques\/parfum-mixte\/eau-de-parfum-mixte\/essential-parfums-bois-imperial-edition-collector-eau-de-parfum\/","url":"https:\/\/jardindelaparfumerie.com\/shop\/parfums-classiques\/parfum-mixte\/eau-de-parfum-mixte\/essential-parfums-bois-imperial-edition-collector-eau-de-parfum\/","name":"Essential Parfums Bois Imp\u00e9rial Edition Collector Eau de Parfum &#8211; Jardin de la Parfumerie","isPartOf":{"@id":"https:\/\/jardindelaparfumerie.com\/#website"},"primaryImageOfPage":{"@id":"https:\/\/jardindelaparfumerie.com\/shop\/parfums-classiques\/parfum-mixte\/eau-de-parfum-mixte\/essential-parfums-bois-imperial-edition-collector-eau-de-parfum\/#primaryimage"},"image":{"@id":"https:\/\/jardindelaparfumerie.com\/shop\/parfums-classiques\/parfum-mixte\/eau-de-parfum-mixte\/essential-parfums-bois-imperial-edition-collector-eau-de-parfum\/#primaryimage"},"thumbnailUrl":"https:\/\/jardindelaparfumerie.com\/wp-content\/uploads\/2026\/01\/Essential-Parfums-Bois-Imperial-Edition-Collector.jpg","datePublished":"2026-01-28T11:46:14+00:00","dateModified":"2026-01-28T13:10:45+00:00","description":"Bois Imp\u00e9rial \u00c9dition Collector d\u2019Essential Parfums d\u00e9voile un bois vibrant et \u00e9l\u00e9gant, aux accents \u00e9pic\u00e9s et ambr\u00e9s, pour un sillage moderne et magn\u00e9tique.","breadcrumb":{"@id":"https:\/\/jardindelaparfumerie.com\/shop\/parfums-classiques\/parfum-mixte\/eau-de-parfum-mixte\/essential-parfums-bois-imperial-edition-collector-eau-de-parfum\/#breadcrumb"},"inLanguage":"en-US","potentialAction":[{"@type":"ReadAction","target":["https:\/\/jardindelaparfumerie.com\/shop\/parfums-classiques\/parfum-mixte\/eau-de-parfum-mixte\/essential-parfums-bois-imperial-edition-collector-eau-de-parfum\/"]}]},{"@type":"ImageObject","inLanguage":"en-US","@id":"https:\/\/jardindelaparfumerie.com\/shop\/parfums-classiques\/parfum-mixte\/eau-de-parfum-mixte\/essential-parfums-bois-imperial-edition-collector-eau-de-parfum\/#primaryimage","url":"https:\/\/jardindelaparfumerie.com\/wp-content\/uploads\/2026\/01\/Essential-Parfums-Bois-Imperial-Edition-Collector.jpg","contentUrl":"https:\/\/jardindelaparfumerie.com\/wp-content\/uploads\/2026\/01\/Essential-Parfums-Bois-Imperial-Edition-Collector.jpg","width":1000,"height":1000},{"@type":"BreadcrumbList","@id":"https:\/\/jardindelaparfumerie.com\/shop\/parfums-classiques\/parfum-mixte\/eau-de-parfum-mixte\/essential-parfums-bois-imperial-edition-collector-eau-de-parfum\/#breadcrumb","itemListElement":[{"@type":"ListItem","position":1,"name":"Accueil","item":"https:\/\/jardindelaparfumerie.com\/"},{"@type":"ListItem","position":2,"name":"Boutique","item":"https:\/\/jardindelaparfumerie.com\/boutique\/"},{"@type":"ListItem","position":3,"name":"Essential Parfums Bois Imp\u00e9rial Edition Collector Eau de Parfum"}]},{"@type":"WebSite","@id":"https:\/\/jardindelaparfumerie.com\/#website","url":"https:\/\/jardindelaparfumerie.com\/","name":"Jardin de la Parfumerie","description":"L\u2019art du Parfum, l\u2019essence du Luxe","publisher":{"@id":"https:\/\/jardindelaparfumerie.com\/#organization"},"potentialAction":[{"@type":"SearchAction","target":{"@type":"EntryPoint","urlTemplate":"https:\/\/jardindelaparfumerie.com\/?s={search_term_string}"},"query-input":{"@type":"PropertyValueSpecification","valueRequired":true,"valueName":"search_term_string"}}],"inLanguage":"en-US"},{"@type":"Organization","@id":"https:\/\/jardindelaparfumerie.com\/#organization","name":"Jardin de la Parfumerie","url":"https:\/\/jardindelaparfumerie.com\/","logo":{"@type":"ImageObject","inLanguage":"en-US","@id":"https:\/\/jardindelaparfumerie.com\/#\/schema\/logo\/image\/","url":"https:\/\/jardindelaparfumerie.com\/wp-content\/uploads\/2022\/05\/Logo-alt-1.png","contentUrl":"https:\/\/jardindelaparfumerie.com\/wp-content\/uploads\/2022\/05\/Logo-alt-1.png","width":725,"height":342,"caption":"Jardin de la Parfumerie"},"image":{"@id":"https:\/\/jardindelaparfumerie.com\/#\/schema\/logo\/image\/"},"sameAs":["https:\/\/www.facebook.com\/p\/Jardin-De-La-Parfumerie-100075860036544\/?locale=fr_FR","https:\/\/www.instagram.com\/jardindelaparfumerie\/"]}]}},"jetpack_sharing_enabled":true,"_links":{"self":[{"href":"https:\/\/jardindelaparfumerie.com\/en\/wp-json\/wp\/v2\/product\/10675","targetHints":{"allow":["GET"]}}],"collection":[{"href":"https:\/\/jardindelaparfumerie.com\/en\/wp-json\/wp\/v2\/product"}],"about":[{"href":"https:\/\/jardindelaparfumerie.com\/en\/wp-json\/wp\/v2\/types\/product"}],"replies":[{"embeddable":true,"href":"https:\/\/jardindelaparfumerie.com\/en\/wp-json\/wp\/v2\/comments?post=10675"}],"version-history":[{"count":5,"href":"https:\/\/jardindelaparfumerie.com\/en\/wp-json\/wp\/v2\/product\/10675\/revisions"}],"predecessor-version":[{"id":10693,"href":"https:\/\/jardindelaparfumerie.com\/en\/wp-json\/wp\/v2\/product\/10675\/revisions\/10693"}],"wp:featuredmedia":[{"embeddable":true,"href":"https:\/\/jardindelaparfumerie.com\/en\/wp-json\/wp\/v2\/media\/10678"}],"wp:attachment":[{"href":"https:\/\/jardindelaparfumerie.com\/en\/wp-json\/wp\/v2\/media?parent=10675"}],"wp:term":[{"taxonomy":"product_brand","embeddable":true,"href":"https:\/\/jardindelaparfumerie.com\/en\/wp-json\/wp\/v2\/product_brand?post=10675"},{"taxonomy":"product_cat","embeddable":true,"href":"https:\/\/jardindelaparfumerie.com\/en\/wp-json\/wp\/v2\/product_cat?post=10675"},{"taxonomy":"product_tag","embeddable":true,"href":"https:\/\/jardindelaparfumerie.com\/en\/wp-json\/wp\/v2\/product_tag?post=10675"}],"curies":[{"name":"wp","href":"https:\/\/api.w.org\/{rel}","templated":true}]}}