{"id":8348,"date":"2025-11-10T12:24:01","date_gmt":"2025-11-10T11:24:01","guid":{"rendered":"https:\/\/jardindelaparfumerie.com\/?post_type=product&#038;p=8348"},"modified":"2025-11-12T14:21:24","modified_gmt":"2025-11-12T13:21:24","slug":"cerave-lait-hydratant","status":"publish","type":"product","link":"https:\/\/jardindelaparfumerie.com\/en\/shop\/soins-corps\/cremes-et-soins-hydratants\/cerave-lait-hydratant\/","title":{"rendered":"CeraVe Lait Hydratant"},"content":{"rendered":"<div data-elementor-type=\"wp-post\" data-elementor-id=\"8348\" class=\"elementor elementor-8348\" data-elementor-post-type=\"product\">\n\t\t\t\t\t\t<section class=\"elementor-section elementor-top-section elementor-element elementor-element-25a46325 elementor-section-boxed elementor-section-height-default elementor-section-height-default\" data-id=\"25a46325\" data-element_type=\"section\" data-e-type=\"section\">\n\t\t\t\t\t\t<div class=\"elementor-container elementor-column-gap-no\">\n\t\t\t\t\t<div class=\"elementor-column elementor-col-100 elementor-top-column elementor-element elementor-element-180e4677\" data-id=\"180e4677\" data-element_type=\"column\" data-e-type=\"column\">\n\t\t\t<div class=\"elementor-widget-wrap elementor-element-populated\">\n\t\t\t\t\t\t<div class=\"elementor-element elementor-element-6b3f5509 elementor-widget elementor-widget-text-editor\" data-id=\"6b3f5509\" data-element_type=\"widget\" data-e-type=\"widget\" data-widget_type=\"text-editor.default\">\n\t\t\t\t\t\t\t\t\t<div class=\"l-column\"><p class=\"product-details__main-benefit\"><strong>Soin \u00e0 la texture l\u00e9g\u00e8re qui hydrate en continu 24H<\/strong><\/p><div class=\"product-details__description\"><p>Le Lait Hydratant de CeraVe est un soin qui hydrate les peaux s\u00e8ches \u00e0 tr\u00e8s s\u00e8ches. Ce soin hydratant s&#8217;applique sur le visage et le corps pour hydrater la peau toute la journ\u00e9e. Sa texture est l\u00e9g\u00e8re, non grasse et ne colle pas \u00e0 la peau pour un habillage rapide.<\/p><p>Enrichi aux\u00a0<a class=\"generic-event\" href=\"https:\/\/www.cerave.fr\/notre-marque\/l-importance-des-ceramides\" data-module=\"product details description\">\u00a03 c\u00e9ramides essentiels\u00a0<\/a>et \u00e0 l&#8217;\u00a0<a class=\"generic-event\" href=\"https:\/\/www.cerave.fr\/nos-ingredients\/acide-hyaluronique\" data-module=\"product details description\">acide hyaluronique,<\/a>\u00a0il hydrate en continu pendant 24 heures gr\u00e2ce \u00e0 la technologie MVE, qui encapsule les actifs et les diffuse tout au long de la journ\u00e9e, et restaure la barri\u00e8re cutan\u00e9e.<\/p><p>D\u00e9velopp\u00e9e avec des dermatologues, sa formule haute tol\u00e9rance est test\u00e9e sous contr\u00f4le dermatologique et respecte une charte de formulation stricte pour convenir aux peaux sensibles : sans parfum, hypoallerg\u00e9nique et non-com\u00e9dog\u00e8ne.<\/p><p><strong>Formats disponibles :<\/strong>\u00a088ml, 236ml, 473ml<\/p><\/div><\/div>\t\t\t\t\t\t\t\t<\/div>\n\t\t\t\t<section class=\"elementor-section elementor-inner-section elementor-element elementor-element-13d18d6a elementor-section-boxed elementor-section-height-default elementor-section-height-default\" data-id=\"13d18d6a\" data-element_type=\"section\" data-e-type=\"section\">\n\t\t\t\t\t\t<div class=\"elementor-container elementor-column-gap-no\">\n\t\t\t\t\t<div class=\"elementor-column elementor-col-50 elementor-inner-column elementor-element elementor-element-3da4f049\" data-id=\"3da4f049\" data-element_type=\"column\" data-e-type=\"column\">\n\t\t\t<div class=\"elementor-widget-wrap elementor-element-populated\">\n\t\t\t\t\t\t<div class=\"elementor-element elementor-element-318a2190 elementor-widget elementor-widget-image\" data-id=\"318a2190\" data-element_type=\"widget\" data-e-type=\"widget\" data-widget_type=\"image.default\">\n\t\t\t\t\t\t\t\t\t\t\t\t\t\t\t<img fetchpriority=\"high\" decoding=\"async\" width=\"700\" height=\"700\" src=\"https:\/\/jardindelaparfumerie.com\/wp-content\/uploads\/2025\/11\/CeraVe-Lait-Hydratant-473ml-3-1.jpg\" class=\"attachment-full size-full wp-image-8362\" alt=\"\" \/>\t\t\t\t\t\t\t\t\t\t\t\t\t\t\t<\/div>\n\t\t\t\t\t<\/div>\n\t\t<\/div>\n\t\t\t\t<div class=\"elementor-column elementor-col-50 elementor-inner-column elementor-element elementor-element-a042d22\" data-id=\"a042d22\" data-element_type=\"column\" data-e-type=\"column\">\n\t\t\t<div class=\"elementor-widget-wrap elementor-element-populated\">\n\t\t\t\t\t\t<div class=\"elementor-element elementor-element-1b9e13ab elementor-widget elementor-widget-image\" data-id=\"1b9e13ab\" data-element_type=\"widget\" data-e-type=\"widget\" data-widget_type=\"image.default\">\n\t\t\t\t\t\t\t\t\t\t\t\t\t\t\t<img decoding=\"async\" width=\"700\" height=\"700\" src=\"https:\/\/jardindelaparfumerie.com\/wp-content\/uploads\/2025\/11\/CeraVe-Lait-Hydratant-473ml-4.jpg\" class=\"attachment-full size-full wp-image-8359\" alt=\"\" \/>\t\t\t\t\t\t\t\t\t\t\t\t\t\t\t<\/div>\n\t\t\t\t\t<\/div>\n\t\t<\/div>\n\t\t\t\t\t<\/div>\n\t\t<\/section>\n\t\t\t\t<div class=\"elementor-element elementor-element-113d3e3d elementor-widget elementor-widget-heading\" data-id=\"113d3e3d\" data-element_type=\"widget\" data-e-type=\"widget\" data-widget_type=\"heading.default\">\n\t\t\t\t\t<h2 class=\"elementor-heading-title elementor-size-default\">Application <\/h2>\t\t\t\t<\/div>\n\t\t\t\t<div class=\"elementor-element elementor-element-03564ca elementor-widget elementor-widget-text-editor\" data-id=\"03564ca\" data-element_type=\"widget\" data-e-type=\"widget\" data-widget_type=\"text-editor.default\">\n\t\t\t\t\t\t\t\t\t<ul><li>Appliquer g\u00e9n\u00e9reusement aussi souvent que n\u00e9cessaire sur le visage et le corps.<\/li><li>Ne pas appliquer sur le contour des yeux. En cas de contact avec les yeux, rincer abondamment et imm\u00e9diatement \u00e0 l&#8217;eau.<\/li><\/ul>\t\t\t\t\t\t\t\t<\/div>\n\t\t\t\t\t<\/div>\n\t\t<\/div>\n\t\t\t\t\t<\/div>\n\t\t<\/section>\n\t\t\t\t<\/div>","protected":false},"excerpt":{"rendered":"<ul>\n<li>Adapt\u00e9e aux peaux s\u00e8ches \u00e0 tr\u00e8s s\u00e8ches<\/li>\n<li>Sans parfum, non-com\u00e9dog\u00e8ne et hypoallerg\u00e9nique<\/li>\n<li>Test\u00e9e sous contr\u00f4le dermatologique<\/li>\n<\/ul>\n<p><strong>Cette formule contient :<\/strong><\/p>\n<ul>\n<li><strong>Glyc\u00e9rine :<\/strong> adoucit et prot\u00e8ge.<\/li>\n<li><strong>Acide hyaluronique :<\/strong> aide \u00e0 maintenir l\u2019hydratation.<\/li>\n<li><strong>3 c\u00e9ramides essentiels (1, 3, 6-II)<\/strong> : aident \u00e0 restaurer la barri\u00e8re cutan\u00e9e.<\/li>\n<li><strong>Technologie MVE<\/strong> : permet d&#8217;encapsuler les actifs et de les diffuser en continu pour hydrater pendant 24h.<\/li>\n<\/ul>","protected":false},"featured_media":8357,"comment_status":"open","ping_status":"closed","template":"","meta":[],"product_brand":[346],"product_cat":[188,101],"product_tag":[],"class_list":{"0":"post-8348","1":"product","2":"type-product","3":"status-publish","4":"has-post-thumbnail","6":"product_brand-cerave","7":"product_cat-cremes-et-soins-hydratants","8":"product_cat-soins-corps","9":"pa_contenance-473ml","12":"instock","13":"featured","14":"shipping-taxable","15":"purchasable","16":"product-type-variable","17":"has-default-attributes"},"yoast_head":"<!-- This site is optimized with the Yoast SEO plugin v27.4 - https:\/\/yoast.com\/product\/yoast-seo-wordpress\/ -->\n<title>CeraVe Lait Hydratant &#8211; Jardin de la Parfumerie<\/title>\n<meta name=\"description\" content=\"CeraVe Lait Hydratant, soin quotidien enrichi en c\u00e9ramides et acide hyaluronique, hydrate durablement et restaure la barri\u00e8re protectrice de la peau.\" \/>\n<meta name=\"robots\" content=\"index, follow, max-snippet:-1, max-image-preview:large, max-video-preview:-1\" \/>\n<link rel=\"canonical\" href=\"https:\/\/jardindelaparfumerie.com\/en\/shop\/soins-corps\/cremes-et-soins-hydratants\/cerave-lait-hydratant\/\" \/>\n<meta property=\"og:locale\" content=\"en_US\" \/>\n<meta property=\"og:type\" content=\"article\" \/>\n<meta property=\"og:title\" content=\"CeraVe Lait Hydratant &#8211; Jardin de la Parfumerie\" \/>\n<meta property=\"og:description\" content=\"CeraVe Lait Hydratant, soin quotidien enrichi en c\u00e9ramides et acide hyaluronique, hydrate durablement et restaure la barri\u00e8re protectrice de la peau.\" \/>\n<meta property=\"og:url\" content=\"https:\/\/jardindelaparfumerie.com\/en\/shop\/soins-corps\/cremes-et-soins-hydratants\/cerave-lait-hydratant\/\" \/>\n<meta property=\"og:site_name\" content=\"Jardin de la Parfumerie\" \/>\n<meta property=\"article:publisher\" content=\"https:\/\/www.facebook.com\/p\/Jardin-De-La-Parfumerie-100075860036544\/?locale=fr_FR\" \/>\n<meta property=\"article:modified_time\" content=\"2025-11-12T13:21:24+00:00\" \/>\n<meta property=\"og:image\" content=\"https:\/\/jardindelaparfumerie.com\/wp-content\/uploads\/2025\/11\/CeraVe-Lait-Hydratant-473ml.jpg\" \/>\n\t<meta property=\"og:image:width\" content=\"1000\" \/>\n\t<meta property=\"og:image:height\" content=\"1000\" \/>\n\t<meta property=\"og:image:type\" content=\"image\/jpeg\" \/>\n<meta name=\"twitter:card\" content=\"summary_large_image\" \/>\n<meta name=\"twitter:label1\" content=\"Est. reading time\" \/>\n\t<meta name=\"twitter:data1\" content=\"2 minutes\" \/>\n<script type=\"application\/ld+json\" class=\"yoast-schema-graph\">{\"@context\":\"https:\\\/\\\/schema.org\",\"@graph\":[{\"@type\":\"WebPage\",\"@id\":\"https:\\\/\\\/jardindelaparfumerie.com\\\/shop\\\/soins-corps\\\/cremes-et-soins-hydratants\\\/cerave-lait-hydratant\\\/\",\"url\":\"https:\\\/\\\/jardindelaparfumerie.com\\\/shop\\\/soins-corps\\\/cremes-et-soins-hydratants\\\/cerave-lait-hydratant\\\/\",\"name\":\"CeraVe Lait Hydratant &#8211; Jardin de la Parfumerie\",\"isPartOf\":{\"@id\":\"https:\\\/\\\/jardindelaparfumerie.com\\\/#website\"},\"primaryImageOfPage\":{\"@id\":\"https:\\\/\\\/jardindelaparfumerie.com\\\/shop\\\/soins-corps\\\/cremes-et-soins-hydratants\\\/cerave-lait-hydratant\\\/#primaryimage\"},\"image\":{\"@id\":\"https:\\\/\\\/jardindelaparfumerie.com\\\/shop\\\/soins-corps\\\/cremes-et-soins-hydratants\\\/cerave-lait-hydratant\\\/#primaryimage\"},\"thumbnailUrl\":\"https:\\\/\\\/jardindelaparfumerie.com\\\/wp-content\\\/uploads\\\/2025\\\/11\\\/CeraVe-Lait-Hydratant-473ml.jpg\",\"datePublished\":\"2025-11-10T11:24:01+00:00\",\"dateModified\":\"2025-11-12T13:21:24+00:00\",\"description\":\"CeraVe Lait Hydratant, soin quotidien enrichi en c\u00e9ramides et acide hyaluronique, hydrate durablement et restaure la barri\u00e8re protectrice de la peau.\",\"breadcrumb\":{\"@id\":\"https:\\\/\\\/jardindelaparfumerie.com\\\/shop\\\/soins-corps\\\/cremes-et-soins-hydratants\\\/cerave-lait-hydratant\\\/#breadcrumb\"},\"inLanguage\":\"en-US\",\"potentialAction\":[{\"@type\":\"ReadAction\",\"target\":[\"https:\\\/\\\/jardindelaparfumerie.com\\\/shop\\\/soins-corps\\\/cremes-et-soins-hydratants\\\/cerave-lait-hydratant\\\/\"]}]},{\"@type\":\"ImageObject\",\"inLanguage\":\"en-US\",\"@id\":\"https:\\\/\\\/jardindelaparfumerie.com\\\/shop\\\/soins-corps\\\/cremes-et-soins-hydratants\\\/cerave-lait-hydratant\\\/#primaryimage\",\"url\":\"https:\\\/\\\/jardindelaparfumerie.com\\\/wp-content\\\/uploads\\\/2025\\\/11\\\/CeraVe-Lait-Hydratant-473ml.jpg\",\"contentUrl\":\"https:\\\/\\\/jardindelaparfumerie.com\\\/wp-content\\\/uploads\\\/2025\\\/11\\\/CeraVe-Lait-Hydratant-473ml.jpg\",\"width\":1000,\"height\":1000},{\"@type\":\"BreadcrumbList\",\"@id\":\"https:\\\/\\\/jardindelaparfumerie.com\\\/shop\\\/soins-corps\\\/cremes-et-soins-hydratants\\\/cerave-lait-hydratant\\\/#breadcrumb\",\"itemListElement\":[{\"@type\":\"ListItem\",\"position\":1,\"name\":\"Accueil\",\"item\":\"https:\\\/\\\/jardindelaparfumerie.com\\\/\"},{\"@type\":\"ListItem\",\"position\":2,\"name\":\"Boutique\",\"item\":\"https:\\\/\\\/jardindelaparfumerie.com\\\/boutique\\\/\"},{\"@type\":\"ListItem\",\"position\":3,\"name\":\"CeraVe Lait Hydratant\"}]},{\"@type\":\"WebSite\",\"@id\":\"https:\\\/\\\/jardindelaparfumerie.com\\\/#website\",\"url\":\"https:\\\/\\\/jardindelaparfumerie.com\\\/\",\"name\":\"Jardin de la Parfumerie\",\"description\":\"L\u2019art du Parfum, l\u2019essence du Luxe\",\"publisher\":{\"@id\":\"https:\\\/\\\/jardindelaparfumerie.com\\\/#organization\"},\"potentialAction\":[{\"@type\":\"SearchAction\",\"target\":{\"@type\":\"EntryPoint\",\"urlTemplate\":\"https:\\\/\\\/jardindelaparfumerie.com\\\/?s={search_term_string}\"},\"query-input\":{\"@type\":\"PropertyValueSpecification\",\"valueRequired\":true,\"valueName\":\"search_term_string\"}}],\"inLanguage\":\"en-US\"},{\"@type\":\"Organization\",\"@id\":\"https:\\\/\\\/jardindelaparfumerie.com\\\/#organization\",\"name\":\"Jardin de la Parfumerie\",\"url\":\"https:\\\/\\\/jardindelaparfumerie.com\\\/\",\"logo\":{\"@type\":\"ImageObject\",\"inLanguage\":\"en-US\",\"@id\":\"https:\\\/\\\/jardindelaparfumerie.com\\\/#\\\/schema\\\/logo\\\/image\\\/\",\"url\":\"https:\\\/\\\/jardindelaparfumerie.com\\\/wp-content\\\/uploads\\\/2022\\\/05\\\/Logo-alt-1.png\",\"contentUrl\":\"https:\\\/\\\/jardindelaparfumerie.com\\\/wp-content\\\/uploads\\\/2022\\\/05\\\/Logo-alt-1.png\",\"width\":725,\"height\":342,\"caption\":\"Jardin de la Parfumerie\"},\"image\":{\"@id\":\"https:\\\/\\\/jardindelaparfumerie.com\\\/#\\\/schema\\\/logo\\\/image\\\/\"},\"sameAs\":[\"https:\\\/\\\/www.facebook.com\\\/p\\\/Jardin-De-La-Parfumerie-100075860036544\\\/?locale=fr_FR\",\"https:\\\/\\\/www.instagram.com\\\/jardindelaparfumerie\\\/\"]}]}<\/script>\n<!-- \/ Yoast SEO plugin. -->","yoast_head_json":{"title":"CeraVe Lait Hydratant &#8211; Jardin de la Parfumerie","description":"CeraVe Lait Hydratant, soin quotidien enrichi en c\u00e9ramides et acide hyaluronique, hydrate durablement et restaure la barri\u00e8re protectrice de la peau.","robots":{"index":"index","follow":"follow","max-snippet":"max-snippet:-1","max-image-preview":"max-image-preview:large","max-video-preview":"max-video-preview:-1"},"canonical":"https:\/\/jardindelaparfumerie.com\/en\/shop\/soins-corps\/cremes-et-soins-hydratants\/cerave-lait-hydratant\/","og_locale":"en_US","og_type":"article","og_title":"CeraVe Lait Hydratant &#8211; Jardin de la Parfumerie","og_description":"CeraVe Lait Hydratant, soin quotidien enrichi en c\u00e9ramides et acide hyaluronique, hydrate durablement et restaure la barri\u00e8re protectrice de la peau.","og_url":"https:\/\/jardindelaparfumerie.com\/en\/shop\/soins-corps\/cremes-et-soins-hydratants\/cerave-lait-hydratant\/","og_site_name":"Jardin de la Parfumerie","article_publisher":"https:\/\/www.facebook.com\/p\/Jardin-De-La-Parfumerie-100075860036544\/?locale=fr_FR","article_modified_time":"2025-11-12T13:21:24+00:00","og_image":[{"width":1000,"height":1000,"url":"https:\/\/jardindelaparfumerie.com\/wp-content\/uploads\/2025\/11\/CeraVe-Lait-Hydratant-473ml.jpg","type":"image\/jpeg"}],"twitter_card":"summary_large_image","twitter_misc":{"Est. reading time":"2 minutes"},"schema":{"@context":"https:\/\/schema.org","@graph":[{"@type":"WebPage","@id":"https:\/\/jardindelaparfumerie.com\/shop\/soins-corps\/cremes-et-soins-hydratants\/cerave-lait-hydratant\/","url":"https:\/\/jardindelaparfumerie.com\/shop\/soins-corps\/cremes-et-soins-hydratants\/cerave-lait-hydratant\/","name":"CeraVe Lait Hydratant &#8211; Jardin de la Parfumerie","isPartOf":{"@id":"https:\/\/jardindelaparfumerie.com\/#website"},"primaryImageOfPage":{"@id":"https:\/\/jardindelaparfumerie.com\/shop\/soins-corps\/cremes-et-soins-hydratants\/cerave-lait-hydratant\/#primaryimage"},"image":{"@id":"https:\/\/jardindelaparfumerie.com\/shop\/soins-corps\/cremes-et-soins-hydratants\/cerave-lait-hydratant\/#primaryimage"},"thumbnailUrl":"https:\/\/jardindelaparfumerie.com\/wp-content\/uploads\/2025\/11\/CeraVe-Lait-Hydratant-473ml.jpg","datePublished":"2025-11-10T11:24:01+00:00","dateModified":"2025-11-12T13:21:24+00:00","description":"CeraVe Lait Hydratant, soin quotidien enrichi en c\u00e9ramides et acide hyaluronique, hydrate durablement et restaure la barri\u00e8re protectrice de la peau.","breadcrumb":{"@id":"https:\/\/jardindelaparfumerie.com\/shop\/soins-corps\/cremes-et-soins-hydratants\/cerave-lait-hydratant\/#breadcrumb"},"inLanguage":"en-US","potentialAction":[{"@type":"ReadAction","target":["https:\/\/jardindelaparfumerie.com\/shop\/soins-corps\/cremes-et-soins-hydratants\/cerave-lait-hydratant\/"]}]},{"@type":"ImageObject","inLanguage":"en-US","@id":"https:\/\/jardindelaparfumerie.com\/shop\/soins-corps\/cremes-et-soins-hydratants\/cerave-lait-hydratant\/#primaryimage","url":"https:\/\/jardindelaparfumerie.com\/wp-content\/uploads\/2025\/11\/CeraVe-Lait-Hydratant-473ml.jpg","contentUrl":"https:\/\/jardindelaparfumerie.com\/wp-content\/uploads\/2025\/11\/CeraVe-Lait-Hydratant-473ml.jpg","width":1000,"height":1000},{"@type":"BreadcrumbList","@id":"https:\/\/jardindelaparfumerie.com\/shop\/soins-corps\/cremes-et-soins-hydratants\/cerave-lait-hydratant\/#breadcrumb","itemListElement":[{"@type":"ListItem","position":1,"name":"Accueil","item":"https:\/\/jardindelaparfumerie.com\/"},{"@type":"ListItem","position":2,"name":"Boutique","item":"https:\/\/jardindelaparfumerie.com\/boutique\/"},{"@type":"ListItem","position":3,"name":"CeraVe Lait Hydratant"}]},{"@type":"WebSite","@id":"https:\/\/jardindelaparfumerie.com\/#website","url":"https:\/\/jardindelaparfumerie.com\/","name":"Jardin de la Parfumerie","description":"L\u2019art du Parfum, l\u2019essence du Luxe","publisher":{"@id":"https:\/\/jardindelaparfumerie.com\/#organization"},"potentialAction":[{"@type":"SearchAction","target":{"@type":"EntryPoint","urlTemplate":"https:\/\/jardindelaparfumerie.com\/?s={search_term_string}"},"query-input":{"@type":"PropertyValueSpecification","valueRequired":true,"valueName":"search_term_string"}}],"inLanguage":"en-US"},{"@type":"Organization","@id":"https:\/\/jardindelaparfumerie.com\/#organization","name":"Jardin de la Parfumerie","url":"https:\/\/jardindelaparfumerie.com\/","logo":{"@type":"ImageObject","inLanguage":"en-US","@id":"https:\/\/jardindelaparfumerie.com\/#\/schema\/logo\/image\/","url":"https:\/\/jardindelaparfumerie.com\/wp-content\/uploads\/2022\/05\/Logo-alt-1.png","contentUrl":"https:\/\/jardindelaparfumerie.com\/wp-content\/uploads\/2022\/05\/Logo-alt-1.png","width":725,"height":342,"caption":"Jardin de la Parfumerie"},"image":{"@id":"https:\/\/jardindelaparfumerie.com\/#\/schema\/logo\/image\/"},"sameAs":["https:\/\/www.facebook.com\/p\/Jardin-De-La-Parfumerie-100075860036544\/?locale=fr_FR","https:\/\/www.instagram.com\/jardindelaparfumerie\/"]}]}},"jetpack_sharing_enabled":true,"_links":{"self":[{"href":"https:\/\/jardindelaparfumerie.com\/en\/wp-json\/wp\/v2\/product\/8348","targetHints":{"allow":["GET"]}}],"collection":[{"href":"https:\/\/jardindelaparfumerie.com\/en\/wp-json\/wp\/v2\/product"}],"about":[{"href":"https:\/\/jardindelaparfumerie.com\/en\/wp-json\/wp\/v2\/types\/product"}],"replies":[{"embeddable":true,"href":"https:\/\/jardindelaparfumerie.com\/en\/wp-json\/wp\/v2\/comments?post=8348"}],"version-history":[{"count":8,"href":"https:\/\/jardindelaparfumerie.com\/en\/wp-json\/wp\/v2\/product\/8348\/revisions"}],"predecessor-version":[{"id":8621,"href":"https:\/\/jardindelaparfumerie.com\/en\/wp-json\/wp\/v2\/product\/8348\/revisions\/8621"}],"wp:featuredmedia":[{"embeddable":true,"href":"https:\/\/jardindelaparfumerie.com\/en\/wp-json\/wp\/v2\/media\/8357"}],"wp:attachment":[{"href":"https:\/\/jardindelaparfumerie.com\/en\/wp-json\/wp\/v2\/media?parent=8348"}],"wp:term":[{"taxonomy":"product_brand","embeddable":true,"href":"https:\/\/jardindelaparfumerie.com\/en\/wp-json\/wp\/v2\/product_brand?post=8348"},{"taxonomy":"product_cat","embeddable":true,"href":"https:\/\/jardindelaparfumerie.com\/en\/wp-json\/wp\/v2\/product_cat?post=8348"},{"taxonomy":"product_tag","embeddable":true,"href":"https:\/\/jardindelaparfumerie.com\/en\/wp-json\/wp\/v2\/product_tag?post=8348"}],"curies":[{"name":"wp","href":"https:\/\/api.w.org\/{rel}","templated":true}]}}