{"id":8427,"date":"2025-11-10T17:37:45","date_gmt":"2025-11-10T16:37:45","guid":{"rendered":"https:\/\/jardindelaparfumerie.com\/?post_type=product&#038;p=8427"},"modified":"2025-11-24T12:30:34","modified_gmt":"2025-11-24T11:30:34","slug":"flormar-kiss-me-more-lip-tattoo","status":"publish","type":"product","link":"https:\/\/jardindelaparfumerie.com\/en\/shop\/maquillage\/levres\/rouge-a-levres\/flormar-kiss-me-more-lip-tattoo\/","title":{"rendered":"Flormar Kiss Me More Lip Tattoo"},"content":{"rendered":"<div data-elementor-type=\"wp-post\" data-elementor-id=\"8427\" class=\"elementor elementor-8427\" data-elementor-post-type=\"product\">\n\t\t\t\t\t\t<section class=\"elementor-section elementor-top-section elementor-element elementor-element-25a46325 elementor-section-boxed elementor-section-height-default elementor-section-height-default\" data-id=\"25a46325\" data-element_type=\"section\" data-e-type=\"section\">\n\t\t\t\t\t\t<div class=\"elementor-container elementor-column-gap-no\">\n\t\t\t\t\t<div class=\"elementor-column elementor-col-100 elementor-top-column elementor-element elementor-element-180e4677\" data-id=\"180e4677\" data-element_type=\"column\" data-e-type=\"column\">\n\t\t\t<div class=\"elementor-widget-wrap elementor-element-populated\">\n\t\t\t\t\t\t<div class=\"elementor-element elementor-element-6b3f5509 elementor-widget elementor-widget-text-editor\" data-id=\"6b3f5509\" data-element_type=\"widget\" data-e-type=\"widget\" data-widget_type=\"text-editor.default\">\n\t\t\t\t\t\t\t\t\t<div class=\"l-column\"><p class=\"product-details__main-benefit\">Si vous recherchez un rouge \u00e0 l\u00e8vres qui ne coule pas et offre une pigmentation intense, alors Kiss Me More Lip Tattoo est fait pour vous ! Il reste sur vos l\u00e8vres gr\u00e2ce \u00e0 sa formule longue tenue ! Avec sa texture lisse et cr\u00e9meuse, ce rouge \u00e0 l\u00e8vres liquide est facile \u00e0 appliquer gr\u00e2ce \u00e0 son applicateur \u00e9ponge doux. Contrairement aux autres rouges \u00e0 l\u00e8vres mats, il ne dess\u00e8che pas les l\u00e8vres gr\u00e2ce \u00e0 sa formule riche et offre une grande facilit\u00e9 d&#8217;utilisation. Sa texture douce le rend incroyablement l\u00e9ger. De plus, il est disponible en 16 couleurs diff\u00e9rentes pour exprimer votre style ! Pour un effet impeccable et longue dur\u00e9e, il vous suffit d&#8217;attendre 1 minute apr\u00e8s l&#8217;application, les l\u00e8vres \u00e9cart\u00e9es, pour que le produit s\u00e8che et se fixe !<\/p><\/div>\t\t\t\t\t\t\t\t<\/div>\n\t\t\t\t<section class=\"elementor-section elementor-inner-section elementor-element elementor-element-13d18d6a elementor-section-boxed elementor-section-height-default elementor-section-height-default\" data-id=\"13d18d6a\" data-element_type=\"section\" data-e-type=\"section\">\n\t\t\t\t\t\t<div class=\"elementor-container elementor-column-gap-no\">\n\t\t\t\t\t<div class=\"elementor-column elementor-col-50 elementor-inner-column elementor-element elementor-element-3da4f049\" data-id=\"3da4f049\" data-element_type=\"column\" data-e-type=\"column\">\n\t\t\t<div class=\"elementor-widget-wrap elementor-element-populated\">\n\t\t\t\t\t\t<div class=\"elementor-element elementor-element-318a2190 elementor-widget elementor-widget-image\" data-id=\"318a2190\" data-element_type=\"widget\" data-e-type=\"widget\" data-widget_type=\"image.default\">\n\t\t\t\t\t\t\t\t\t\t\t\t\t\t\t<img fetchpriority=\"high\" decoding=\"async\" width=\"1000\" height=\"1000\" src=\"https:\/\/jardindelaparfumerie.com\/wp-content\/uploads\/2025\/11\/Kiss-Me-More-Lip-Tattoo-Crazy-Pink-3-1.jpg\" class=\"attachment-full size-full wp-image-8443\" alt=\"\" \/>\t\t\t\t\t\t\t\t\t\t\t\t\t\t\t<\/div>\n\t\t\t\t\t<\/div>\n\t\t<\/div>\n\t\t\t\t<div class=\"elementor-column elementor-col-50 elementor-inner-column elementor-element elementor-element-a042d22\" data-id=\"a042d22\" data-element_type=\"column\" data-e-type=\"column\">\n\t\t\t<div class=\"elementor-widget-wrap elementor-element-populated\">\n\t\t\t\t\t\t<div class=\"elementor-element elementor-element-1b9e13ab elementor-widget elementor-widget-image\" data-id=\"1b9e13ab\" data-element_type=\"widget\" data-e-type=\"widget\" data-widget_type=\"image.default\">\n\t\t\t\t\t\t\t\t\t\t\t\t\t\t\t<img decoding=\"async\" width=\"1000\" height=\"1000\" src=\"https:\/\/jardindelaparfumerie.com\/wp-content\/uploads\/2025\/11\/Flormar-Kiss-Me-More-Lip-Tattoo.jpg\" class=\"attachment-full size-full wp-image-9268\" alt=\"\" \/>\t\t\t\t\t\t\t\t\t\t\t\t\t\t\t<\/div>\n\t\t\t\t\t<\/div>\n\t\t<\/div>\n\t\t\t\t\t<\/div>\n\t\t<\/section>\n\t\t\t\t\t<\/div>\n\t\t<\/div>\n\t\t\t\t\t<\/div>\n\t\t<\/section>\n\t\t\t\t<\/div>","protected":false},"excerpt":{"rendered":"<p>Gr\u00e2ce \u00e0 sa nouvelle formule enrichie en beurre de cacao, en huile de murumuru et en beurre de karit\u00e9, Kiss Me More Lip Tattoo offre jusqu&#8217;\u00e0 24 heures d&#8217;hydratation, jusqu&#8217;\u00e0 8 heures de tenue et ne coule pas.<\/p>","protected":false},"featured_media":8429,"comment_status":"open","ping_status":"closed","template":"","meta":[],"product_brand":[351],"product_cat":[123,103,128],"product_tag":[],"class_list":{"0":"post-8427","1":"product","2":"type-product","3":"status-publish","4":"has-post-thumbnail","6":"product_brand-flormar","7":"product_cat-levres","8":"product_cat-maquillage","9":"product_cat-rouge-a-levres","10":"pa_couleur-candy","11":"pa_couleur-crazy-pink","12":"pa_couleur-peach","13":"pa_couleur-sangria","16":"instock","17":"featured","18":"shipping-taxable","19":"purchasable","20":"product-type-variable","21":"has-default-attributes"},"yoast_head":"<!-- This site is optimized with the Yoast SEO plugin v27.4 - https:\/\/yoast.com\/product\/yoast-seo-wordpress\/ -->\n<title>Flormar Kiss Me More Lip Tattoo &#8211; Jardin de la Parfumerie<\/title>\n<meta name=\"description\" content=\"Flormar Kiss Me More Lip Tattoo : un rouge \u00e0 l\u00e8vres liquide longue tenue, ultra pigment\u00e9 et l\u00e9ger, qui ne dess\u00e8che pas les l\u00e8vres et sublime votre sourire.\" \/>\n<meta name=\"robots\" content=\"index, follow, max-snippet:-1, max-image-preview:large, max-video-preview:-1\" \/>\n<link rel=\"canonical\" href=\"https:\/\/jardindelaparfumerie.com\/en\/shop\/maquillage\/levres\/rouge-a-levres\/flormar-kiss-me-more-lip-tattoo\/\" \/>\n<meta property=\"og:locale\" content=\"en_US\" \/>\n<meta property=\"og:type\" content=\"article\" \/>\n<meta property=\"og:title\" content=\"Flormar Kiss Me More Lip Tattoo &#8211; Jardin de la Parfumerie\" \/>\n<meta property=\"og:description\" content=\"Flormar Kiss Me More Lip Tattoo : un rouge \u00e0 l\u00e8vres liquide longue tenue, ultra pigment\u00e9 et l\u00e9ger, qui ne dess\u00e8che pas les l\u00e8vres et sublime votre sourire.\" \/>\n<meta property=\"og:url\" content=\"https:\/\/jardindelaparfumerie.com\/en\/shop\/maquillage\/levres\/rouge-a-levres\/flormar-kiss-me-more-lip-tattoo\/\" \/>\n<meta property=\"og:site_name\" content=\"Jardin de la Parfumerie\" \/>\n<meta property=\"article:publisher\" content=\"https:\/\/www.facebook.com\/p\/Jardin-De-La-Parfumerie-100075860036544\/?locale=fr_FR\" \/>\n<meta property=\"article:modified_time\" content=\"2025-11-24T11:30:34+00:00\" \/>\n<meta property=\"og:image\" content=\"https:\/\/jardindelaparfumerie.com\/wp-content\/uploads\/2025\/11\/Kiss-Me-More-Lip-Tattoo-Crazy-Pink.jpg\" \/>\n\t<meta property=\"og:image:width\" content=\"1000\" \/>\n\t<meta property=\"og:image:height\" content=\"1000\" \/>\n\t<meta property=\"og:image:type\" content=\"image\/jpeg\" \/>\n<meta name=\"twitter:card\" content=\"summary_large_image\" \/>\n<meta name=\"twitter:label1\" content=\"Est. reading time\" \/>\n\t<meta name=\"twitter:data1\" content=\"1 minute\" \/>\n<script type=\"application\/ld+json\" class=\"yoast-schema-graph\">{\"@context\":\"https:\\\/\\\/schema.org\",\"@graph\":[{\"@type\":\"WebPage\",\"@id\":\"https:\\\/\\\/jardindelaparfumerie.com\\\/shop\\\/maquillage\\\/levres\\\/rouge-a-levres\\\/flormar-kiss-me-more-lip-tattoo\\\/\",\"url\":\"https:\\\/\\\/jardindelaparfumerie.com\\\/shop\\\/maquillage\\\/levres\\\/rouge-a-levres\\\/flormar-kiss-me-more-lip-tattoo\\\/\",\"name\":\"Flormar Kiss Me More Lip Tattoo &#8211; Jardin de la Parfumerie\",\"isPartOf\":{\"@id\":\"https:\\\/\\\/jardindelaparfumerie.com\\\/#website\"},\"primaryImageOfPage\":{\"@id\":\"https:\\\/\\\/jardindelaparfumerie.com\\\/shop\\\/maquillage\\\/levres\\\/rouge-a-levres\\\/flormar-kiss-me-more-lip-tattoo\\\/#primaryimage\"},\"image\":{\"@id\":\"https:\\\/\\\/jardindelaparfumerie.com\\\/shop\\\/maquillage\\\/levres\\\/rouge-a-levres\\\/flormar-kiss-me-more-lip-tattoo\\\/#primaryimage\"},\"thumbnailUrl\":\"https:\\\/\\\/jardindelaparfumerie.com\\\/wp-content\\\/uploads\\\/2025\\\/11\\\/Kiss-Me-More-Lip-Tattoo-Crazy-Pink.jpg\",\"datePublished\":\"2025-11-10T16:37:45+00:00\",\"dateModified\":\"2025-11-24T11:30:34+00:00\",\"description\":\"Flormar Kiss Me More Lip Tattoo : un rouge \u00e0 l\u00e8vres liquide longue tenue, ultra pigment\u00e9 et l\u00e9ger, qui ne dess\u00e8che pas les l\u00e8vres et sublime votre sourire.\",\"breadcrumb\":{\"@id\":\"https:\\\/\\\/jardindelaparfumerie.com\\\/shop\\\/maquillage\\\/levres\\\/rouge-a-levres\\\/flormar-kiss-me-more-lip-tattoo\\\/#breadcrumb\"},\"inLanguage\":\"en-US\",\"potentialAction\":[{\"@type\":\"ReadAction\",\"target\":[\"https:\\\/\\\/jardindelaparfumerie.com\\\/shop\\\/maquillage\\\/levres\\\/rouge-a-levres\\\/flormar-kiss-me-more-lip-tattoo\\\/\"]}]},{\"@type\":\"ImageObject\",\"inLanguage\":\"en-US\",\"@id\":\"https:\\\/\\\/jardindelaparfumerie.com\\\/shop\\\/maquillage\\\/levres\\\/rouge-a-levres\\\/flormar-kiss-me-more-lip-tattoo\\\/#primaryimage\",\"url\":\"https:\\\/\\\/jardindelaparfumerie.com\\\/wp-content\\\/uploads\\\/2025\\\/11\\\/Kiss-Me-More-Lip-Tattoo-Crazy-Pink.jpg\",\"contentUrl\":\"https:\\\/\\\/jardindelaparfumerie.com\\\/wp-content\\\/uploads\\\/2025\\\/11\\\/Kiss-Me-More-Lip-Tattoo-Crazy-Pink.jpg\",\"width\":1000,\"height\":1000},{\"@type\":\"BreadcrumbList\",\"@id\":\"https:\\\/\\\/jardindelaparfumerie.com\\\/shop\\\/maquillage\\\/levres\\\/rouge-a-levres\\\/flormar-kiss-me-more-lip-tattoo\\\/#breadcrumb\",\"itemListElement\":[{\"@type\":\"ListItem\",\"position\":1,\"name\":\"Accueil\",\"item\":\"https:\\\/\\\/jardindelaparfumerie.com\\\/\"},{\"@type\":\"ListItem\",\"position\":2,\"name\":\"Boutique\",\"item\":\"https:\\\/\\\/jardindelaparfumerie.com\\\/boutique\\\/\"},{\"@type\":\"ListItem\",\"position\":3,\"name\":\"Flormar Kiss Me More Lip Tattoo\"}]},{\"@type\":\"WebSite\",\"@id\":\"https:\\\/\\\/jardindelaparfumerie.com\\\/#website\",\"url\":\"https:\\\/\\\/jardindelaparfumerie.com\\\/\",\"name\":\"Jardin de la Parfumerie\",\"description\":\"L\u2019art du Parfum, l\u2019essence du Luxe\",\"publisher\":{\"@id\":\"https:\\\/\\\/jardindelaparfumerie.com\\\/#organization\"},\"potentialAction\":[{\"@type\":\"SearchAction\",\"target\":{\"@type\":\"EntryPoint\",\"urlTemplate\":\"https:\\\/\\\/jardindelaparfumerie.com\\\/?s={search_term_string}\"},\"query-input\":{\"@type\":\"PropertyValueSpecification\",\"valueRequired\":true,\"valueName\":\"search_term_string\"}}],\"inLanguage\":\"en-US\"},{\"@type\":\"Organization\",\"@id\":\"https:\\\/\\\/jardindelaparfumerie.com\\\/#organization\",\"name\":\"Jardin de la Parfumerie\",\"url\":\"https:\\\/\\\/jardindelaparfumerie.com\\\/\",\"logo\":{\"@type\":\"ImageObject\",\"inLanguage\":\"en-US\",\"@id\":\"https:\\\/\\\/jardindelaparfumerie.com\\\/#\\\/schema\\\/logo\\\/image\\\/\",\"url\":\"https:\\\/\\\/jardindelaparfumerie.com\\\/wp-content\\\/uploads\\\/2022\\\/05\\\/Logo-alt-1.png\",\"contentUrl\":\"https:\\\/\\\/jardindelaparfumerie.com\\\/wp-content\\\/uploads\\\/2022\\\/05\\\/Logo-alt-1.png\",\"width\":725,\"height\":342,\"caption\":\"Jardin de la Parfumerie\"},\"image\":{\"@id\":\"https:\\\/\\\/jardindelaparfumerie.com\\\/#\\\/schema\\\/logo\\\/image\\\/\"},\"sameAs\":[\"https:\\\/\\\/www.facebook.com\\\/p\\\/Jardin-De-La-Parfumerie-100075860036544\\\/?locale=fr_FR\",\"https:\\\/\\\/www.instagram.com\\\/jardindelaparfumerie\\\/\"]}]}<\/script>\n<!-- \/ Yoast SEO plugin. -->","yoast_head_json":{"title":"Flormar Kiss Me More Lip Tattoo &#8211; Jardin de la Parfumerie","description":"Flormar Kiss Me More Lip Tattoo : un rouge \u00e0 l\u00e8vres liquide longue tenue, ultra pigment\u00e9 et l\u00e9ger, qui ne dess\u00e8che pas les l\u00e8vres et sublime votre sourire.","robots":{"index":"index","follow":"follow","max-snippet":"max-snippet:-1","max-image-preview":"max-image-preview:large","max-video-preview":"max-video-preview:-1"},"canonical":"https:\/\/jardindelaparfumerie.com\/en\/shop\/maquillage\/levres\/rouge-a-levres\/flormar-kiss-me-more-lip-tattoo\/","og_locale":"en_US","og_type":"article","og_title":"Flormar Kiss Me More Lip Tattoo &#8211; Jardin de la Parfumerie","og_description":"Flormar Kiss Me More Lip Tattoo : un rouge \u00e0 l\u00e8vres liquide longue tenue, ultra pigment\u00e9 et l\u00e9ger, qui ne dess\u00e8che pas les l\u00e8vres et sublime votre sourire.","og_url":"https:\/\/jardindelaparfumerie.com\/en\/shop\/maquillage\/levres\/rouge-a-levres\/flormar-kiss-me-more-lip-tattoo\/","og_site_name":"Jardin de la Parfumerie","article_publisher":"https:\/\/www.facebook.com\/p\/Jardin-De-La-Parfumerie-100075860036544\/?locale=fr_FR","article_modified_time":"2025-11-24T11:30:34+00:00","og_image":[{"width":1000,"height":1000,"url":"https:\/\/jardindelaparfumerie.com\/wp-content\/uploads\/2025\/11\/Kiss-Me-More-Lip-Tattoo-Crazy-Pink.jpg","type":"image\/jpeg"}],"twitter_card":"summary_large_image","twitter_misc":{"Est. reading time":"1 minute"},"schema":{"@context":"https:\/\/schema.org","@graph":[{"@type":"WebPage","@id":"https:\/\/jardindelaparfumerie.com\/shop\/maquillage\/levres\/rouge-a-levres\/flormar-kiss-me-more-lip-tattoo\/","url":"https:\/\/jardindelaparfumerie.com\/shop\/maquillage\/levres\/rouge-a-levres\/flormar-kiss-me-more-lip-tattoo\/","name":"Flormar Kiss Me More Lip Tattoo &#8211; Jardin de la Parfumerie","isPartOf":{"@id":"https:\/\/jardindelaparfumerie.com\/#website"},"primaryImageOfPage":{"@id":"https:\/\/jardindelaparfumerie.com\/shop\/maquillage\/levres\/rouge-a-levres\/flormar-kiss-me-more-lip-tattoo\/#primaryimage"},"image":{"@id":"https:\/\/jardindelaparfumerie.com\/shop\/maquillage\/levres\/rouge-a-levres\/flormar-kiss-me-more-lip-tattoo\/#primaryimage"},"thumbnailUrl":"https:\/\/jardindelaparfumerie.com\/wp-content\/uploads\/2025\/11\/Kiss-Me-More-Lip-Tattoo-Crazy-Pink.jpg","datePublished":"2025-11-10T16:37:45+00:00","dateModified":"2025-11-24T11:30:34+00:00","description":"Flormar Kiss Me More Lip Tattoo : un rouge \u00e0 l\u00e8vres liquide longue tenue, ultra pigment\u00e9 et l\u00e9ger, qui ne dess\u00e8che pas les l\u00e8vres et sublime votre sourire.","breadcrumb":{"@id":"https:\/\/jardindelaparfumerie.com\/shop\/maquillage\/levres\/rouge-a-levres\/flormar-kiss-me-more-lip-tattoo\/#breadcrumb"},"inLanguage":"en-US","potentialAction":[{"@type":"ReadAction","target":["https:\/\/jardindelaparfumerie.com\/shop\/maquillage\/levres\/rouge-a-levres\/flormar-kiss-me-more-lip-tattoo\/"]}]},{"@type":"ImageObject","inLanguage":"en-US","@id":"https:\/\/jardindelaparfumerie.com\/shop\/maquillage\/levres\/rouge-a-levres\/flormar-kiss-me-more-lip-tattoo\/#primaryimage","url":"https:\/\/jardindelaparfumerie.com\/wp-content\/uploads\/2025\/11\/Kiss-Me-More-Lip-Tattoo-Crazy-Pink.jpg","contentUrl":"https:\/\/jardindelaparfumerie.com\/wp-content\/uploads\/2025\/11\/Kiss-Me-More-Lip-Tattoo-Crazy-Pink.jpg","width":1000,"height":1000},{"@type":"BreadcrumbList","@id":"https:\/\/jardindelaparfumerie.com\/shop\/maquillage\/levres\/rouge-a-levres\/flormar-kiss-me-more-lip-tattoo\/#breadcrumb","itemListElement":[{"@type":"ListItem","position":1,"name":"Accueil","item":"https:\/\/jardindelaparfumerie.com\/"},{"@type":"ListItem","position":2,"name":"Boutique","item":"https:\/\/jardindelaparfumerie.com\/boutique\/"},{"@type":"ListItem","position":3,"name":"Flormar Kiss Me More Lip Tattoo"}]},{"@type":"WebSite","@id":"https:\/\/jardindelaparfumerie.com\/#website","url":"https:\/\/jardindelaparfumerie.com\/","name":"Jardin de la Parfumerie","description":"L\u2019art du Parfum, l\u2019essence du Luxe","publisher":{"@id":"https:\/\/jardindelaparfumerie.com\/#organization"},"potentialAction":[{"@type":"SearchAction","target":{"@type":"EntryPoint","urlTemplate":"https:\/\/jardindelaparfumerie.com\/?s={search_term_string}"},"query-input":{"@type":"PropertyValueSpecification","valueRequired":true,"valueName":"search_term_string"}}],"inLanguage":"en-US"},{"@type":"Organization","@id":"https:\/\/jardindelaparfumerie.com\/#organization","name":"Jardin de la Parfumerie","url":"https:\/\/jardindelaparfumerie.com\/","logo":{"@type":"ImageObject","inLanguage":"en-US","@id":"https:\/\/jardindelaparfumerie.com\/#\/schema\/logo\/image\/","url":"https:\/\/jardindelaparfumerie.com\/wp-content\/uploads\/2022\/05\/Logo-alt-1.png","contentUrl":"https:\/\/jardindelaparfumerie.com\/wp-content\/uploads\/2022\/05\/Logo-alt-1.png","width":725,"height":342,"caption":"Jardin de la Parfumerie"},"image":{"@id":"https:\/\/jardindelaparfumerie.com\/#\/schema\/logo\/image\/"},"sameAs":["https:\/\/www.facebook.com\/p\/Jardin-De-La-Parfumerie-100075860036544\/?locale=fr_FR","https:\/\/www.instagram.com\/jardindelaparfumerie\/"]}]}},"jetpack_sharing_enabled":true,"_links":{"self":[{"href":"https:\/\/jardindelaparfumerie.com\/en\/wp-json\/wp\/v2\/product\/8427","targetHints":{"allow":["GET"]}}],"collection":[{"href":"https:\/\/jardindelaparfumerie.com\/en\/wp-json\/wp\/v2\/product"}],"about":[{"href":"https:\/\/jardindelaparfumerie.com\/en\/wp-json\/wp\/v2\/types\/product"}],"replies":[{"embeddable":true,"href":"https:\/\/jardindelaparfumerie.com\/en\/wp-json\/wp\/v2\/comments?post=8427"}],"version-history":[{"count":12,"href":"https:\/\/jardindelaparfumerie.com\/en\/wp-json\/wp\/v2\/product\/8427\/revisions"}],"predecessor-version":[{"id":9271,"href":"https:\/\/jardindelaparfumerie.com\/en\/wp-json\/wp\/v2\/product\/8427\/revisions\/9271"}],"wp:featuredmedia":[{"embeddable":true,"href":"https:\/\/jardindelaparfumerie.com\/en\/wp-json\/wp\/v2\/media\/8429"}],"wp:attachment":[{"href":"https:\/\/jardindelaparfumerie.com\/en\/wp-json\/wp\/v2\/media?parent=8427"}],"wp:term":[{"taxonomy":"product_brand","embeddable":true,"href":"https:\/\/jardindelaparfumerie.com\/en\/wp-json\/wp\/v2\/product_brand?post=8427"},{"taxonomy":"product_cat","embeddable":true,"href":"https:\/\/jardindelaparfumerie.com\/en\/wp-json\/wp\/v2\/product_cat?post=8427"},{"taxonomy":"product_tag","embeddable":true,"href":"https:\/\/jardindelaparfumerie.com\/en\/wp-json\/wp\/v2\/product_tag?post=8427"}],"curies":[{"name":"wp","href":"https:\/\/api.w.org\/{rel}","templated":true}]}}