{"id":8733,"date":"2025-11-12T20:56:43","date_gmt":"2025-11-12T19:56:43","guid":{"rendered":"https:\/\/jardindelaparfumerie.com\/?post_type=product&#038;p=8733"},"modified":"2025-11-12T21:12:26","modified_gmt":"2025-11-12T20:12:26","slug":"paco-rabanne-black-xs-eau-de-toilette","status":"publish","type":"product","link":"https:\/\/jardindelaparfumerie.com\/en\/shop\/parfums-classiques\/parfums-homme\/eau-de-toilette-homme\/paco-rabanne-black-xs-eau-de-toilette\/","title":{"rendered":"Paco Rabanne Black XS Eau de Toilette"},"content":{"rendered":"<div data-elementor-type=\"wp-post\" data-elementor-id=\"8733\" class=\"elementor elementor-8733\" data-elementor-post-type=\"product\">\n\t\t\t\t\t\t<section class=\"elementor-section elementor-top-section elementor-element elementor-element-25a46325 elementor-section-boxed elementor-section-height-default elementor-section-height-default\" data-id=\"25a46325\" data-element_type=\"section\" data-e-type=\"section\">\n\t\t\t\t\t\t<div class=\"elementor-container elementor-column-gap-no\">\n\t\t\t\t\t<div class=\"elementor-column elementor-col-100 elementor-top-column elementor-element elementor-element-180e4677\" data-id=\"180e4677\" data-element_type=\"column\" data-e-type=\"column\">\n\t\t\t<div class=\"elementor-widget-wrap elementor-element-populated\">\n\t\t\t\t\t\t<div class=\"elementor-element elementor-element-6b3f5509 elementor-widget elementor-widget-text-editor\" data-id=\"6b3f5509\" data-element_type=\"widget\" data-e-type=\"widget\" data-widget_type=\"text-editor.default\">\n\t\t\t\t\t\t\t\t\t<div class=\"l-column\"><p class=\"h-font-tertiary h-text-align-left h-text-size-14\">Suivre son instinct. Intens\u00e9ment, excessivement. Briser les codes. Capter l\u2019instant. Le parfum Black XS pour homme. Fra\u00eecheur sans concession. Une fragrance au charme radical, sensuel et impr\u00e9visible. Rock. In excess.Le charme radical d\u2019une eau de toilette ambr\u00e9e bois\u00e9e qui percute. Des notes de citron de Calabre et Kalamanzi en t\u00eate. \u00c9nergie fra\u00eeche, d\u00e9bordante. Accord praline-cannelle\u00a0: cors\u00e9, sensuel. Impr\u00e9visible. Ambre noir et patchouli overdos\u00e9 pour un final en puissance. Un parfum pour homme \u00e0 l\u2019intensit\u00e9 singuli\u00e8re.<\/p><\/div>\t\t\t\t\t\t\t\t<\/div>\n\t\t\t\t<div class=\"elementor-element elementor-element-aa3f7f7 elementor-widget elementor-widget-spacer\" data-id=\"aa3f7f7\" data-element_type=\"widget\" data-e-type=\"widget\" data-widget_type=\"spacer.default\">\n\t\t\t\t\t\t\t<div class=\"elementor-spacer\">\n\t\t\t<div class=\"elementor-spacer-inner\"><\/div>\n\t\t<\/div>\n\t\t\t\t\t\t<\/div>\n\t\t\t\t<div class=\"elementor-element elementor-element-113d3e3d elementor-widget elementor-widget-heading\" data-id=\"113d3e3d\" data-element_type=\"widget\" data-e-type=\"widget\" data-widget_type=\"heading.default\">\n\t\t\t\t\t<h2 class=\"elementor-heading-title elementor-size-default\">Application <\/h2>\t\t\t\t<\/div>\n\t\t\t\t<section class=\"elementor-section elementor-inner-section elementor-element elementor-element-5f18e1b3 elementor-section-boxed elementor-section-height-default elementor-section-height-default\" data-id=\"5f18e1b3\" data-element_type=\"section\" data-e-type=\"section\">\n\t\t\t\t\t\t<div class=\"elementor-container elementor-column-gap-no\">\n\t\t\t\t\t<div class=\"elementor-column elementor-col-50 elementor-inner-column elementor-element elementor-element-5fbcdffc\" data-id=\"5fbcdffc\" data-element_type=\"column\" data-e-type=\"column\" data-settings=\"{&quot;background_background&quot;:&quot;classic&quot;}\">\n\t\t\t<div class=\"elementor-widget-wrap elementor-element-populated\">\n\t\t\t\t\t\t<div class=\"elementor-element elementor-element-487720d9 elementor-widget elementor-widget-text-editor\" data-id=\"487720d9\" data-element_type=\"widget\" data-e-type=\"widget\" data-widget_type=\"text-editor.default\">\n\t\t\t\t\t\t\t\t\t<p>Famille olfactive :<\/p>\t\t\t\t\t\t\t\t<\/div>\n\t\t\t\t\t<\/div>\n\t\t<\/div>\n\t\t\t\t<div class=\"elementor-column elementor-col-50 elementor-inner-column elementor-element elementor-element-266b4d67\" data-id=\"266b4d67\" data-element_type=\"column\" data-e-type=\"column\">\n\t\t\t<div class=\"elementor-widget-wrap elementor-element-populated\">\n\t\t\t\t\t\t<div class=\"elementor-element elementor-element-5485c62f elementor-widget elementor-widget-text-editor\" data-id=\"5485c62f\" data-element_type=\"widget\" data-e-type=\"widget\" data-widget_type=\"text-editor.default\">\n\t\t\t\t\t\t\t\t\t<p>Ambr\u00e9, Bois\u00e9<\/p>\t\t\t\t\t\t\t\t<\/div>\n\t\t\t\t\t<\/div>\n\t\t<\/div>\n\t\t\t\t\t<\/div>\n\t\t<\/section>\n\t\t\t\t<section class=\"elementor-section elementor-inner-section elementor-element elementor-element-7b62a0a4 elementor-section-boxed elementor-section-height-default elementor-section-height-default\" data-id=\"7b62a0a4\" data-element_type=\"section\" data-e-type=\"section\">\n\t\t\t\t\t\t<div class=\"elementor-container elementor-column-gap-no\">\n\t\t\t\t\t<div class=\"elementor-column elementor-col-50 elementor-inner-column elementor-element elementor-element-7e2b40b5\" data-id=\"7e2b40b5\" data-element_type=\"column\" data-e-type=\"column\" data-settings=\"{&quot;background_background&quot;:&quot;classic&quot;}\">\n\t\t\t<div class=\"elementor-widget-wrap elementor-element-populated\">\n\t\t\t\t\t\t<div class=\"elementor-element elementor-element-256188d0 elementor-widget elementor-widget-text-editor\" data-id=\"256188d0\" data-element_type=\"widget\" data-e-type=\"widget\" data-widget_type=\"text-editor.default\">\n\t\t\t\t\t\t\t\t\t<p>Notes de t\u00eate :<\/p>\t\t\t\t\t\t\t\t<\/div>\n\t\t\t\t\t<\/div>\n\t\t<\/div>\n\t\t\t\t<div class=\"elementor-column elementor-col-50 elementor-inner-column elementor-element elementor-element-3bccc703\" data-id=\"3bccc703\" data-element_type=\"column\" data-e-type=\"column\">\n\t\t\t<div class=\"elementor-widget-wrap elementor-element-populated\">\n\t\t\t\t\t\t<div class=\"elementor-element elementor-element-4c2c29cc elementor-widget elementor-widget-text-editor\" data-id=\"4c2c29cc\" data-element_type=\"widget\" data-e-type=\"widget\" data-widget_type=\"text-editor.default\">\n\t\t\t\t\t\t\t\t\t<div class=\"c-content-tile__content c-content-tile__section\"><p>Citron de Calabre et kalamansi<\/p><\/div>\t\t\t\t\t\t\t\t<\/div>\n\t\t\t\t\t<\/div>\n\t\t<\/div>\n\t\t\t\t\t<\/div>\n\t\t<\/section>\n\t\t\t\t<section class=\"elementor-section elementor-inner-section elementor-element elementor-element-a5ed80a elementor-section-boxed elementor-section-height-default elementor-section-height-default\" data-id=\"a5ed80a\" data-element_type=\"section\" data-e-type=\"section\">\n\t\t\t\t\t\t<div class=\"elementor-container elementor-column-gap-no\">\n\t\t\t\t\t<div class=\"elementor-column elementor-col-50 elementor-inner-column elementor-element elementor-element-27b75f11\" data-id=\"27b75f11\" data-element_type=\"column\" data-e-type=\"column\" data-settings=\"{&quot;background_background&quot;:&quot;classic&quot;}\">\n\t\t\t<div class=\"elementor-widget-wrap elementor-element-populated\">\n\t\t\t\t\t\t<div class=\"elementor-element elementor-element-4a39970f elementor-widget elementor-widget-text-editor\" data-id=\"4a39970f\" data-element_type=\"widget\" data-e-type=\"widget\" data-widget_type=\"text-editor.default\">\n\t\t\t\t\t\t\t\t\t<p>Note de c\u0153ur :<\/p>\t\t\t\t\t\t\t\t<\/div>\n\t\t\t\t\t<\/div>\n\t\t<\/div>\n\t\t\t\t<div class=\"elementor-column elementor-col-50 elementor-inner-column elementor-element elementor-element-2a5e3e5e\" data-id=\"2a5e3e5e\" data-element_type=\"column\" data-e-type=\"column\">\n\t\t\t<div class=\"elementor-widget-wrap elementor-element-populated\">\n\t\t\t\t\t\t<div class=\"elementor-element elementor-element-2b0dd5d9 elementor-widget elementor-widget-text-editor\" data-id=\"2b0dd5d9\" data-element_type=\"widget\" data-e-type=\"widget\" data-widget_type=\"text-editor.default\">\n\t\t\t\t\t\t\t\t\t<p>Accord praline et cannelle<\/p>\t\t\t\t\t\t\t\t<\/div>\n\t\t\t\t\t<\/div>\n\t\t<\/div>\n\t\t\t\t\t<\/div>\n\t\t<\/section>\n\t\t\t\t<section class=\"elementor-section elementor-inner-section elementor-element elementor-element-114c1d6a elementor-section-boxed elementor-section-height-default elementor-section-height-default\" data-id=\"114c1d6a\" data-element_type=\"section\" data-e-type=\"section\">\n\t\t\t\t\t\t<div class=\"elementor-container elementor-column-gap-no\">\n\t\t\t\t\t<div class=\"elementor-column elementor-col-50 elementor-inner-column elementor-element elementor-element-12f47a41\" data-id=\"12f47a41\" data-element_type=\"column\" data-e-type=\"column\" data-settings=\"{&quot;background_background&quot;:&quot;classic&quot;}\">\n\t\t\t<div class=\"elementor-widget-wrap elementor-element-populated\">\n\t\t\t\t\t\t<div class=\"elementor-element elementor-element-40920aed elementor-widget elementor-widget-text-editor\" data-id=\"40920aed\" data-element_type=\"widget\" data-e-type=\"widget\" data-widget_type=\"text-editor.default\">\n\t\t\t\t\t\t\t\t\t<p>Note de fond :<\/p>\t\t\t\t\t\t\t\t<\/div>\n\t\t\t\t\t<\/div>\n\t\t<\/div>\n\t\t\t\t<div class=\"elementor-column elementor-col-50 elementor-inner-column elementor-element elementor-element-2842bf98\" data-id=\"2842bf98\" data-element_type=\"column\" data-e-type=\"column\">\n\t\t\t<div class=\"elementor-widget-wrap elementor-element-populated\">\n\t\t\t\t\t\t<div class=\"elementor-element elementor-element-3805ef75 elementor-widget elementor-widget-text-editor\" data-id=\"3805ef75\" data-element_type=\"widget\" data-e-type=\"widget\" data-widget_type=\"text-editor.default\">\n\t\t\t\t\t\t\t\t\t<p>Ambre noir et patchouli<\/p>\t\t\t\t\t\t\t\t<\/div>\n\t\t\t\t\t<\/div>\n\t\t<\/div>\n\t\t\t\t\t<\/div>\n\t\t<\/section>\n\t\t\t\t<div class=\"elementor-element elementor-element-03564ca elementor-widget elementor-widget-text-editor\" data-id=\"03564ca\" data-element_type=\"widget\" data-e-type=\"widget\" data-widget_type=\"text-editor.default\">\n\t\t\t\t\t\t\t\t\t<p>\u00c0 vaporiser sur les points de pulsation : le cou, la poitrine et les poignets.<\/p>\t\t\t\t\t\t\t\t<\/div>\n\t\t\t\t\t<\/div>\n\t\t<\/div>\n\t\t\t\t\t<\/div>\n\t\t<\/section>\n\t\t\t\t<\/div>","protected":false},"excerpt":{"rendered":"<div class=\"c-content-tile__content c-content-tile__section\">\n<ul>\n<li><strong>Famille olfactive :<\/strong> Ambr\u00e9, Bois\u00e9<\/li>\n<li><strong>Note de t\u00eate :<\/strong> \u00a0Citron de Calabre et kalamansi<\/li>\n<li><strong>Note de c\u0153ur :<\/strong> Accord praline et cannelle<\/li>\n<li><strong>Note de fond :<\/strong> Ambre noir et patchouli<\/li>\n<\/ul>\n<\/div>","protected":false},"featured_media":8735,"comment_status":"open","ping_status":"closed","template":"","meta":[],"product_brand":[229],"product_cat":[107,15,105],"product_tag":[436],"class_list":{"0":"post-8733","1":"product","2":"type-product","3":"status-publish","4":"has-post-thumbnail","6":"product_brand-paco-rabanne","7":"product_cat-eau-de-toilette-homme","8":"product_cat-parfums-classiques","9":"product_cat-parfums-homme","10":"product_tag-spray","11":"pa_contenance-100ml","12":"pa_famille-olfactive-ambre","13":"pa_famille-olfactive-boise","16":"instock","17":"featured","18":"shipping-taxable","19":"purchasable","20":"product-type-variable","21":"has-default-attributes"},"yoast_head":"<!-- This site is optimized with the Yoast SEO plugin v27.4 - https:\/\/yoast.com\/product\/yoast-seo-wordpress\/ -->\n<title>Paco Rabanne Black XS Eau de Toilette &#8211; Jardin de la Parfumerie<\/title>\n<meta name=\"description\" content=\"Paco Rabanne Black XS, une eau de toilette sensuelle et rebelle aux notes bois\u00e9es et ambr\u00e9es, m\u00ealant \u00e9nergie rock, s\u00e9duction et intensit\u00e9 masculine.\" \/>\n<meta name=\"robots\" content=\"index, follow, max-snippet:-1, max-image-preview:large, max-video-preview:-1\" \/>\n<link rel=\"canonical\" href=\"https:\/\/jardindelaparfumerie.com\/en\/shop\/parfums-classiques\/parfums-homme\/eau-de-toilette-homme\/paco-rabanne-black-xs-eau-de-toilette\/\" \/>\n<meta property=\"og:locale\" content=\"en_US\" \/>\n<meta property=\"og:type\" content=\"article\" \/>\n<meta property=\"og:title\" content=\"Paco Rabanne Black XS Eau de Toilette &#8211; Jardin de la Parfumerie\" \/>\n<meta property=\"og:description\" content=\"Paco Rabanne Black XS, une eau de toilette sensuelle et rebelle aux notes bois\u00e9es et ambr\u00e9es, m\u00ealant \u00e9nergie rock, s\u00e9duction et intensit\u00e9 masculine.\" \/>\n<meta property=\"og:url\" content=\"https:\/\/jardindelaparfumerie.com\/en\/shop\/parfums-classiques\/parfums-homme\/eau-de-toilette-homme\/paco-rabanne-black-xs-eau-de-toilette\/\" \/>\n<meta property=\"og:site_name\" content=\"Jardin de la Parfumerie\" \/>\n<meta property=\"article:publisher\" content=\"https:\/\/www.facebook.com\/p\/Jardin-De-La-Parfumerie-100075860036544\/?locale=fr_FR\" \/>\n<meta property=\"article:modified_time\" content=\"2025-11-12T20:12:26+00:00\" \/>\n<meta property=\"og:image\" content=\"https:\/\/jardindelaparfumerie.com\/wp-content\/uploads\/2025\/11\/Paco-Rabanne-Black-XS-Eau-de-Toilette.jpg\" \/>\n\t<meta property=\"og:image:width\" content=\"1000\" \/>\n\t<meta property=\"og:image:height\" content=\"1000\" \/>\n\t<meta property=\"og:image:type\" content=\"image\/jpeg\" \/>\n<meta name=\"twitter:card\" content=\"summary_large_image\" \/>\n<meta name=\"twitter:label1\" content=\"Est. reading time\" \/>\n\t<meta name=\"twitter:data1\" content=\"1 minute\" \/>\n<script type=\"application\/ld+json\" class=\"yoast-schema-graph\">{\"@context\":\"https:\\\/\\\/schema.org\",\"@graph\":[{\"@type\":\"WebPage\",\"@id\":\"https:\\\/\\\/jardindelaparfumerie.com\\\/shop\\\/parfums-classiques\\\/parfums-homme\\\/eau-de-toilette-homme\\\/paco-rabanne-black-xs-eau-de-toilette\\\/\",\"url\":\"https:\\\/\\\/jardindelaparfumerie.com\\\/shop\\\/parfums-classiques\\\/parfums-homme\\\/eau-de-toilette-homme\\\/paco-rabanne-black-xs-eau-de-toilette\\\/\",\"name\":\"Paco Rabanne Black XS Eau de Toilette &#8211; Jardin de la Parfumerie\",\"isPartOf\":{\"@id\":\"https:\\\/\\\/jardindelaparfumerie.com\\\/#website\"},\"primaryImageOfPage\":{\"@id\":\"https:\\\/\\\/jardindelaparfumerie.com\\\/shop\\\/parfums-classiques\\\/parfums-homme\\\/eau-de-toilette-homme\\\/paco-rabanne-black-xs-eau-de-toilette\\\/#primaryimage\"},\"image\":{\"@id\":\"https:\\\/\\\/jardindelaparfumerie.com\\\/shop\\\/parfums-classiques\\\/parfums-homme\\\/eau-de-toilette-homme\\\/paco-rabanne-black-xs-eau-de-toilette\\\/#primaryimage\"},\"thumbnailUrl\":\"https:\\\/\\\/jardindelaparfumerie.com\\\/wp-content\\\/uploads\\\/2025\\\/11\\\/Paco-Rabanne-Black-XS-Eau-de-Toilette.jpg\",\"datePublished\":\"2025-11-12T19:56:43+00:00\",\"dateModified\":\"2025-11-12T20:12:26+00:00\",\"description\":\"Paco Rabanne Black XS, une eau de toilette sensuelle et rebelle aux notes bois\u00e9es et ambr\u00e9es, m\u00ealant \u00e9nergie rock, s\u00e9duction et intensit\u00e9 masculine.\",\"breadcrumb\":{\"@id\":\"https:\\\/\\\/jardindelaparfumerie.com\\\/shop\\\/parfums-classiques\\\/parfums-homme\\\/eau-de-toilette-homme\\\/paco-rabanne-black-xs-eau-de-toilette\\\/#breadcrumb\"},\"inLanguage\":\"en-US\",\"potentialAction\":[{\"@type\":\"ReadAction\",\"target\":[\"https:\\\/\\\/jardindelaparfumerie.com\\\/shop\\\/parfums-classiques\\\/parfums-homme\\\/eau-de-toilette-homme\\\/paco-rabanne-black-xs-eau-de-toilette\\\/\"]}]},{\"@type\":\"ImageObject\",\"inLanguage\":\"en-US\",\"@id\":\"https:\\\/\\\/jardindelaparfumerie.com\\\/shop\\\/parfums-classiques\\\/parfums-homme\\\/eau-de-toilette-homme\\\/paco-rabanne-black-xs-eau-de-toilette\\\/#primaryimage\",\"url\":\"https:\\\/\\\/jardindelaparfumerie.com\\\/wp-content\\\/uploads\\\/2025\\\/11\\\/Paco-Rabanne-Black-XS-Eau-de-Toilette.jpg\",\"contentUrl\":\"https:\\\/\\\/jardindelaparfumerie.com\\\/wp-content\\\/uploads\\\/2025\\\/11\\\/Paco-Rabanne-Black-XS-Eau-de-Toilette.jpg\",\"width\":1000,\"height\":1000},{\"@type\":\"BreadcrumbList\",\"@id\":\"https:\\\/\\\/jardindelaparfumerie.com\\\/shop\\\/parfums-classiques\\\/parfums-homme\\\/eau-de-toilette-homme\\\/paco-rabanne-black-xs-eau-de-toilette\\\/#breadcrumb\",\"itemListElement\":[{\"@type\":\"ListItem\",\"position\":1,\"name\":\"Accueil\",\"item\":\"https:\\\/\\\/jardindelaparfumerie.com\\\/\"},{\"@type\":\"ListItem\",\"position\":2,\"name\":\"Boutique\",\"item\":\"https:\\\/\\\/jardindelaparfumerie.com\\\/boutique\\\/\"},{\"@type\":\"ListItem\",\"position\":3,\"name\":\"Paco Rabanne Black XS Eau de Toilette\"}]},{\"@type\":\"WebSite\",\"@id\":\"https:\\\/\\\/jardindelaparfumerie.com\\\/#website\",\"url\":\"https:\\\/\\\/jardindelaparfumerie.com\\\/\",\"name\":\"Jardin de la Parfumerie\",\"description\":\"L\u2019art du Parfum, l\u2019essence du Luxe\",\"publisher\":{\"@id\":\"https:\\\/\\\/jardindelaparfumerie.com\\\/#organization\"},\"potentialAction\":[{\"@type\":\"SearchAction\",\"target\":{\"@type\":\"EntryPoint\",\"urlTemplate\":\"https:\\\/\\\/jardindelaparfumerie.com\\\/?s={search_term_string}\"},\"query-input\":{\"@type\":\"PropertyValueSpecification\",\"valueRequired\":true,\"valueName\":\"search_term_string\"}}],\"inLanguage\":\"en-US\"},{\"@type\":\"Organization\",\"@id\":\"https:\\\/\\\/jardindelaparfumerie.com\\\/#organization\",\"name\":\"Jardin de la Parfumerie\",\"url\":\"https:\\\/\\\/jardindelaparfumerie.com\\\/\",\"logo\":{\"@type\":\"ImageObject\",\"inLanguage\":\"en-US\",\"@id\":\"https:\\\/\\\/jardindelaparfumerie.com\\\/#\\\/schema\\\/logo\\\/image\\\/\",\"url\":\"https:\\\/\\\/jardindelaparfumerie.com\\\/wp-content\\\/uploads\\\/2022\\\/05\\\/Logo-alt-1.png\",\"contentUrl\":\"https:\\\/\\\/jardindelaparfumerie.com\\\/wp-content\\\/uploads\\\/2022\\\/05\\\/Logo-alt-1.png\",\"width\":725,\"height\":342,\"caption\":\"Jardin de la Parfumerie\"},\"image\":{\"@id\":\"https:\\\/\\\/jardindelaparfumerie.com\\\/#\\\/schema\\\/logo\\\/image\\\/\"},\"sameAs\":[\"https:\\\/\\\/www.facebook.com\\\/p\\\/Jardin-De-La-Parfumerie-100075860036544\\\/?locale=fr_FR\",\"https:\\\/\\\/www.instagram.com\\\/jardindelaparfumerie\\\/\"]}]}<\/script>\n<!-- \/ Yoast SEO plugin. -->","yoast_head_json":{"title":"Paco Rabanne Black XS Eau de Toilette &#8211; Jardin de la Parfumerie","description":"Paco Rabanne Black XS, une eau de toilette sensuelle et rebelle aux notes bois\u00e9es et ambr\u00e9es, m\u00ealant \u00e9nergie rock, s\u00e9duction et intensit\u00e9 masculine.","robots":{"index":"index","follow":"follow","max-snippet":"max-snippet:-1","max-image-preview":"max-image-preview:large","max-video-preview":"max-video-preview:-1"},"canonical":"https:\/\/jardindelaparfumerie.com\/en\/shop\/parfums-classiques\/parfums-homme\/eau-de-toilette-homme\/paco-rabanne-black-xs-eau-de-toilette\/","og_locale":"en_US","og_type":"article","og_title":"Paco Rabanne Black XS Eau de Toilette &#8211; Jardin de la Parfumerie","og_description":"Paco Rabanne Black XS, une eau de toilette sensuelle et rebelle aux notes bois\u00e9es et ambr\u00e9es, m\u00ealant \u00e9nergie rock, s\u00e9duction et intensit\u00e9 masculine.","og_url":"https:\/\/jardindelaparfumerie.com\/en\/shop\/parfums-classiques\/parfums-homme\/eau-de-toilette-homme\/paco-rabanne-black-xs-eau-de-toilette\/","og_site_name":"Jardin de la Parfumerie","article_publisher":"https:\/\/www.facebook.com\/p\/Jardin-De-La-Parfumerie-100075860036544\/?locale=fr_FR","article_modified_time":"2025-11-12T20:12:26+00:00","og_image":[{"width":1000,"height":1000,"url":"https:\/\/jardindelaparfumerie.com\/wp-content\/uploads\/2025\/11\/Paco-Rabanne-Black-XS-Eau-de-Toilette.jpg","type":"image\/jpeg"}],"twitter_card":"summary_large_image","twitter_misc":{"Est. reading time":"1 minute"},"schema":{"@context":"https:\/\/schema.org","@graph":[{"@type":"WebPage","@id":"https:\/\/jardindelaparfumerie.com\/shop\/parfums-classiques\/parfums-homme\/eau-de-toilette-homme\/paco-rabanne-black-xs-eau-de-toilette\/","url":"https:\/\/jardindelaparfumerie.com\/shop\/parfums-classiques\/parfums-homme\/eau-de-toilette-homme\/paco-rabanne-black-xs-eau-de-toilette\/","name":"Paco Rabanne Black XS Eau de Toilette &#8211; Jardin de la Parfumerie","isPartOf":{"@id":"https:\/\/jardindelaparfumerie.com\/#website"},"primaryImageOfPage":{"@id":"https:\/\/jardindelaparfumerie.com\/shop\/parfums-classiques\/parfums-homme\/eau-de-toilette-homme\/paco-rabanne-black-xs-eau-de-toilette\/#primaryimage"},"image":{"@id":"https:\/\/jardindelaparfumerie.com\/shop\/parfums-classiques\/parfums-homme\/eau-de-toilette-homme\/paco-rabanne-black-xs-eau-de-toilette\/#primaryimage"},"thumbnailUrl":"https:\/\/jardindelaparfumerie.com\/wp-content\/uploads\/2025\/11\/Paco-Rabanne-Black-XS-Eau-de-Toilette.jpg","datePublished":"2025-11-12T19:56:43+00:00","dateModified":"2025-11-12T20:12:26+00:00","description":"Paco Rabanne Black XS, une eau de toilette sensuelle et rebelle aux notes bois\u00e9es et ambr\u00e9es, m\u00ealant \u00e9nergie rock, s\u00e9duction et intensit\u00e9 masculine.","breadcrumb":{"@id":"https:\/\/jardindelaparfumerie.com\/shop\/parfums-classiques\/parfums-homme\/eau-de-toilette-homme\/paco-rabanne-black-xs-eau-de-toilette\/#breadcrumb"},"inLanguage":"en-US","potentialAction":[{"@type":"ReadAction","target":["https:\/\/jardindelaparfumerie.com\/shop\/parfums-classiques\/parfums-homme\/eau-de-toilette-homme\/paco-rabanne-black-xs-eau-de-toilette\/"]}]},{"@type":"ImageObject","inLanguage":"en-US","@id":"https:\/\/jardindelaparfumerie.com\/shop\/parfums-classiques\/parfums-homme\/eau-de-toilette-homme\/paco-rabanne-black-xs-eau-de-toilette\/#primaryimage","url":"https:\/\/jardindelaparfumerie.com\/wp-content\/uploads\/2025\/11\/Paco-Rabanne-Black-XS-Eau-de-Toilette.jpg","contentUrl":"https:\/\/jardindelaparfumerie.com\/wp-content\/uploads\/2025\/11\/Paco-Rabanne-Black-XS-Eau-de-Toilette.jpg","width":1000,"height":1000},{"@type":"BreadcrumbList","@id":"https:\/\/jardindelaparfumerie.com\/shop\/parfums-classiques\/parfums-homme\/eau-de-toilette-homme\/paco-rabanne-black-xs-eau-de-toilette\/#breadcrumb","itemListElement":[{"@type":"ListItem","position":1,"name":"Accueil","item":"https:\/\/jardindelaparfumerie.com\/"},{"@type":"ListItem","position":2,"name":"Boutique","item":"https:\/\/jardindelaparfumerie.com\/boutique\/"},{"@type":"ListItem","position":3,"name":"Paco Rabanne Black XS Eau de Toilette"}]},{"@type":"WebSite","@id":"https:\/\/jardindelaparfumerie.com\/#website","url":"https:\/\/jardindelaparfumerie.com\/","name":"Jardin de la Parfumerie","description":"L\u2019art du Parfum, l\u2019essence du Luxe","publisher":{"@id":"https:\/\/jardindelaparfumerie.com\/#organization"},"potentialAction":[{"@type":"SearchAction","target":{"@type":"EntryPoint","urlTemplate":"https:\/\/jardindelaparfumerie.com\/?s={search_term_string}"},"query-input":{"@type":"PropertyValueSpecification","valueRequired":true,"valueName":"search_term_string"}}],"inLanguage":"en-US"},{"@type":"Organization","@id":"https:\/\/jardindelaparfumerie.com\/#organization","name":"Jardin de la Parfumerie","url":"https:\/\/jardindelaparfumerie.com\/","logo":{"@type":"ImageObject","inLanguage":"en-US","@id":"https:\/\/jardindelaparfumerie.com\/#\/schema\/logo\/image\/","url":"https:\/\/jardindelaparfumerie.com\/wp-content\/uploads\/2022\/05\/Logo-alt-1.png","contentUrl":"https:\/\/jardindelaparfumerie.com\/wp-content\/uploads\/2022\/05\/Logo-alt-1.png","width":725,"height":342,"caption":"Jardin de la Parfumerie"},"image":{"@id":"https:\/\/jardindelaparfumerie.com\/#\/schema\/logo\/image\/"},"sameAs":["https:\/\/www.facebook.com\/p\/Jardin-De-La-Parfumerie-100075860036544\/?locale=fr_FR","https:\/\/www.instagram.com\/jardindelaparfumerie\/"]}]}},"jetpack_sharing_enabled":true,"_links":{"self":[{"href":"https:\/\/jardindelaparfumerie.com\/en\/wp-json\/wp\/v2\/product\/8733","targetHints":{"allow":["GET"]}}],"collection":[{"href":"https:\/\/jardindelaparfumerie.com\/en\/wp-json\/wp\/v2\/product"}],"about":[{"href":"https:\/\/jardindelaparfumerie.com\/en\/wp-json\/wp\/v2\/types\/product"}],"replies":[{"embeddable":true,"href":"https:\/\/jardindelaparfumerie.com\/en\/wp-json\/wp\/v2\/comments?post=8733"}],"version-history":[{"count":5,"href":"https:\/\/jardindelaparfumerie.com\/en\/wp-json\/wp\/v2\/product\/8733\/revisions"}],"predecessor-version":[{"id":8741,"href":"https:\/\/jardindelaparfumerie.com\/en\/wp-json\/wp\/v2\/product\/8733\/revisions\/8741"}],"wp:featuredmedia":[{"embeddable":true,"href":"https:\/\/jardindelaparfumerie.com\/en\/wp-json\/wp\/v2\/media\/8735"}],"wp:attachment":[{"href":"https:\/\/jardindelaparfumerie.com\/en\/wp-json\/wp\/v2\/media?parent=8733"}],"wp:term":[{"taxonomy":"product_brand","embeddable":true,"href":"https:\/\/jardindelaparfumerie.com\/en\/wp-json\/wp\/v2\/product_brand?post=8733"},{"taxonomy":"product_cat","embeddable":true,"href":"https:\/\/jardindelaparfumerie.com\/en\/wp-json\/wp\/v2\/product_cat?post=8733"},{"taxonomy":"product_tag","embeddable":true,"href":"https:\/\/jardindelaparfumerie.com\/en\/wp-json\/wp\/v2\/product_tag?post=8733"}],"curies":[{"name":"wp","href":"https:\/\/api.w.org\/{rel}","templated":true}]}}