{"id":8811,"date":"2025-11-18T12:00:17","date_gmt":"2025-11-18T11:00:17","guid":{"rendered":"https:\/\/jardindelaparfumerie.com\/?post_type=product&#038;p=8811"},"modified":"2025-11-18T15:09:09","modified_gmt":"2025-11-18T14:09:09","slug":"sospiro-bel-canto-eau-de-parfum","status":"publish","type":"product","link":"https:\/\/jardindelaparfumerie.com\/en\/shop\/parfums-de-niche\/parfum-de-niche-mixte\/eau-de-parfum-de-niche-mixte\/sospiro-bel-canto-eau-de-parfum\/","title":{"rendered":"Sospiro Bel Canto Eau de Parfum"},"content":{"rendered":"<div data-elementor-type=\"wp-post\" data-elementor-id=\"8811\" class=\"elementor elementor-8811\" data-elementor-post-type=\"product\">\n\t\t\t\t\t\t<section class=\"elementor-section elementor-top-section elementor-element elementor-element-25a46325 elementor-section-boxed elementor-section-height-default elementor-section-height-default\" data-id=\"25a46325\" data-element_type=\"section\" data-e-type=\"section\">\n\t\t\t\t\t\t<div class=\"elementor-container elementor-column-gap-no\">\n\t\t\t\t\t<div class=\"elementor-column elementor-col-100 elementor-top-column elementor-element elementor-element-180e4677\" data-id=\"180e4677\" data-element_type=\"column\" data-e-type=\"column\">\n\t\t\t<div class=\"elementor-widget-wrap elementor-element-populated\">\n\t\t\t\t\t\t<div class=\"elementor-element elementor-element-6b3f5509 elementor-widget elementor-widget-text-editor\" data-id=\"6b3f5509\" data-element_type=\"widget\" data-e-type=\"widget\" data-widget_type=\"text-editor.default\">\n\t\t\t\t\t\t\t\t\t<div class=\"l-column\"><p>La voix par excellence de l&#8217;op\u00e9ra.<\/p><p>Le niveau d&#8217;expression le plus doux. Une voix qui vous touche au plus profond de votre \u00eatre avec ses belles m\u00e9lodies, ses timbres argent\u00e9s et ses notes riches et juteuses qui montent et descendent la gamme.<\/p><p>Un mariage de brillance et de beaut\u00e9 qui se d\u00e9voile pour r\u00e9v\u00e9ler un m\u00e9lange floral de jasmin a\u00e9rien et de lavande apaisante, rafra\u00eechi par un c\u0153ur terreux et romantique de notes poudr\u00e9es, de violette et d&#8217;herbes. Les notes de fond chaudes d&#8217;ambre, de bois, de musc et de santal induisent des airs aromatiques \u00e9tonnants avec un final grandiose de notes profondes, herbac\u00e9es et sucr\u00e9es de v\u00e9tiver, de terre, de patchouli et de vanille qui caressent vos sens.<\/p><\/div>\t\t\t\t\t\t\t\t<\/div>\n\t\t\t\t<div class=\"elementor-element elementor-element-113d3e3d elementor-widget elementor-widget-heading\" data-id=\"113d3e3d\" data-element_type=\"widget\" data-e-type=\"widget\" data-widget_type=\"heading.default\">\n\t\t\t\t\t<h2 class=\"elementor-heading-title elementor-size-default\">Application <\/h2>\t\t\t\t<\/div>\n\t\t\t\t<section class=\"elementor-section elementor-inner-section elementor-element elementor-element-5f18e1b3 elementor-section-boxed elementor-section-height-default elementor-section-height-default\" data-id=\"5f18e1b3\" data-element_type=\"section\" data-e-type=\"section\">\n\t\t\t\t\t\t<div class=\"elementor-container elementor-column-gap-no\">\n\t\t\t\t\t<div class=\"elementor-column elementor-col-50 elementor-inner-column elementor-element elementor-element-5fbcdffc\" data-id=\"5fbcdffc\" data-element_type=\"column\" data-e-type=\"column\" data-settings=\"{&quot;background_background&quot;:&quot;classic&quot;}\">\n\t\t\t<div class=\"elementor-widget-wrap elementor-element-populated\">\n\t\t\t\t\t\t<div class=\"elementor-element elementor-element-487720d9 elementor-widget elementor-widget-text-editor\" data-id=\"487720d9\" data-element_type=\"widget\" data-e-type=\"widget\" data-widget_type=\"text-editor.default\">\n\t\t\t\t\t\t\t\t\t<p>Famille olfactive :<\/p>\t\t\t\t\t\t\t\t<\/div>\n\t\t\t\t\t<\/div>\n\t\t<\/div>\n\t\t\t\t<div class=\"elementor-column elementor-col-50 elementor-inner-column elementor-element elementor-element-266b4d67\" data-id=\"266b4d67\" data-element_type=\"column\" data-e-type=\"column\">\n\t\t\t<div class=\"elementor-widget-wrap elementor-element-populated\">\n\t\t\t\t\t\t<div class=\"elementor-element elementor-element-5485c62f elementor-widget elementor-widget-text-editor\" data-id=\"5485c62f\" data-element_type=\"widget\" data-e-type=\"widget\" data-widget_type=\"text-editor.default\">\n\t\t\t\t\t\t\t\t\t<p>Florale, fruit\u00e9e, bois\u00e9e<\/p>\t\t\t\t\t\t\t\t<\/div>\n\t\t\t\t\t<\/div>\n\t\t<\/div>\n\t\t\t\t\t<\/div>\n\t\t<\/section>\n\t\t\t\t<section class=\"elementor-section elementor-inner-section elementor-element elementor-element-7b62a0a4 elementor-section-boxed elementor-section-height-default elementor-section-height-default\" data-id=\"7b62a0a4\" data-element_type=\"section\" data-e-type=\"section\">\n\t\t\t\t\t\t<div class=\"elementor-container elementor-column-gap-no\">\n\t\t\t\t\t<div class=\"elementor-column elementor-col-50 elementor-inner-column elementor-element elementor-element-7e2b40b5\" data-id=\"7e2b40b5\" data-element_type=\"column\" data-e-type=\"column\" data-settings=\"{&quot;background_background&quot;:&quot;classic&quot;}\">\n\t\t\t<div class=\"elementor-widget-wrap elementor-element-populated\">\n\t\t\t\t\t\t<div class=\"elementor-element elementor-element-256188d0 elementor-widget elementor-widget-text-editor\" data-id=\"256188d0\" data-element_type=\"widget\" data-e-type=\"widget\" data-widget_type=\"text-editor.default\">\n\t\t\t\t\t\t\t\t\t<p>Notes de t\u00eate :<\/p>\t\t\t\t\t\t\t\t<\/div>\n\t\t\t\t\t<\/div>\n\t\t<\/div>\n\t\t\t\t<div class=\"elementor-column elementor-col-50 elementor-inner-column elementor-element elementor-element-3bccc703\" data-id=\"3bccc703\" data-element_type=\"column\" data-e-type=\"column\">\n\t\t\t<div class=\"elementor-widget-wrap elementor-element-populated\">\n\t\t\t\t\t\t<div class=\"elementor-element elementor-element-4c2c29cc elementor-widget elementor-widget-text-editor\" data-id=\"4c2c29cc\" data-element_type=\"widget\" data-e-type=\"widget\" data-widget_type=\"text-editor.default\">\n\t\t\t\t\t\t\t\t\t<div class=\"c-content-tile__content c-content-tile__section\"><p>Jasmin, agrumes<\/p><\/div>\t\t\t\t\t\t\t\t<\/div>\n\t\t\t\t\t<\/div>\n\t\t<\/div>\n\t\t\t\t\t<\/div>\n\t\t<\/section>\n\t\t\t\t<section class=\"elementor-section elementor-inner-section elementor-element elementor-element-a5ed80a elementor-section-boxed elementor-section-height-default elementor-section-height-default\" data-id=\"a5ed80a\" data-element_type=\"section\" data-e-type=\"section\">\n\t\t\t\t\t\t<div class=\"elementor-container elementor-column-gap-no\">\n\t\t\t\t\t<div class=\"elementor-column elementor-col-50 elementor-inner-column elementor-element elementor-element-27b75f11\" data-id=\"27b75f11\" data-element_type=\"column\" data-e-type=\"column\" data-settings=\"{&quot;background_background&quot;:&quot;classic&quot;}\">\n\t\t\t<div class=\"elementor-widget-wrap elementor-element-populated\">\n\t\t\t\t\t\t<div class=\"elementor-element elementor-element-4a39970f elementor-widget elementor-widget-text-editor\" data-id=\"4a39970f\" data-element_type=\"widget\" data-e-type=\"widget\" data-widget_type=\"text-editor.default\">\n\t\t\t\t\t\t\t\t\t<p>Note de c\u0153ur :<\/p>\t\t\t\t\t\t\t\t<\/div>\n\t\t\t\t\t<\/div>\n\t\t<\/div>\n\t\t\t\t<div class=\"elementor-column elementor-col-50 elementor-inner-column elementor-element elementor-element-2a5e3e5e\" data-id=\"2a5e3e5e\" data-element_type=\"column\" data-e-type=\"column\">\n\t\t\t<div class=\"elementor-widget-wrap elementor-element-populated\">\n\t\t\t\t\t\t<div class=\"elementor-element elementor-element-2b0dd5d9 elementor-widget elementor-widget-text-editor\" data-id=\"2b0dd5d9\" data-element_type=\"widget\" data-e-type=\"widget\" data-widget_type=\"text-editor.default\">\n\t\t\t\t\t\t\t\t\t<p>Poudr\u00e9, violette, notes vertes<\/p>\t\t\t\t\t\t\t\t<\/div>\n\t\t\t\t\t<\/div>\n\t\t<\/div>\n\t\t\t\t\t<\/div>\n\t\t<\/section>\n\t\t\t\t<section class=\"elementor-section elementor-inner-section elementor-element elementor-element-114c1d6a elementor-section-boxed elementor-section-height-default elementor-section-height-default\" data-id=\"114c1d6a\" data-element_type=\"section\" data-e-type=\"section\">\n\t\t\t\t\t\t<div class=\"elementor-container elementor-column-gap-no\">\n\t\t\t\t\t<div class=\"elementor-column elementor-col-50 elementor-inner-column elementor-element elementor-element-12f47a41\" data-id=\"12f47a41\" data-element_type=\"column\" data-e-type=\"column\" data-settings=\"{&quot;background_background&quot;:&quot;classic&quot;}\">\n\t\t\t<div class=\"elementor-widget-wrap elementor-element-populated\">\n\t\t\t\t\t\t<div class=\"elementor-element elementor-element-40920aed elementor-widget elementor-widget-text-editor\" data-id=\"40920aed\" data-element_type=\"widget\" data-e-type=\"widget\" data-widget_type=\"text-editor.default\">\n\t\t\t\t\t\t\t\t\t<p>Note de fond :<\/p>\t\t\t\t\t\t\t\t<\/div>\n\t\t\t\t\t<\/div>\n\t\t<\/div>\n\t\t\t\t<div class=\"elementor-column elementor-col-50 elementor-inner-column elementor-element elementor-element-2842bf98\" data-id=\"2842bf98\" data-element_type=\"column\" data-e-type=\"column\">\n\t\t\t<div class=\"elementor-widget-wrap elementor-element-populated\">\n\t\t\t\t\t\t<div class=\"elementor-element elementor-element-3805ef75 elementor-widget elementor-widget-text-editor\" data-id=\"3805ef75\" data-element_type=\"widget\" data-e-type=\"widget\" data-widget_type=\"text-editor.default\">\n\t\t\t\t\t\t\t\t\t<p>Ambre, notes bois\u00e9es, musc, bois de santal, v\u00e9tiver, vanille, patchouli terreux<\/p>\t\t\t\t\t\t\t\t<\/div>\n\t\t\t\t\t<\/div>\n\t\t<\/div>\n\t\t\t\t\t<\/div>\n\t\t<\/section>\n\t\t\t\t<div class=\"elementor-element elementor-element-03564ca elementor-widget elementor-widget-text-editor\" data-id=\"03564ca\" data-element_type=\"widget\" data-e-type=\"widget\" data-widget_type=\"text-editor.default\">\n\t\t\t\t\t\t\t\t\t<p>\u00c9viter de vaporiser dans les yeux et vers les muqueuses (nez, bouche, oreilles).<\/p>\t\t\t\t\t\t\t\t<\/div>\n\t\t\t\t\t<\/div>\n\t\t<\/div>\n\t\t\t\t\t<\/div>\n\t\t<\/section>\n\t\t\t\t<\/div>","protected":false},"excerpt":{"rendered":"<div class=\"c-content-tile__content c-content-tile__section\">\n<ul>\n<li><strong>Notes de t\u00eate :<\/strong> Jasmin, agrumes<\/li>\n<li><strong>Notes de c\u0153ur :<\/strong> Poudr\u00e9, violette, notes vertes<\/li>\n<li><strong>Notes de fond :<\/strong> Ambre, notes bois\u00e9es, musc, bois de santal, v\u00e9tiver, vanille, patchouli terreux<\/li>\n<\/ul>\n<\/div>","protected":false},"featured_media":8814,"comment_status":"open","ping_status":"closed","template":"","meta":[],"product_brand":[394],"product_cat":[457,449,446],"product_tag":[436],"class_list":{"0":"post-8811","1":"product","2":"type-product","3":"status-publish","4":"has-post-thumbnail","6":"product_brand-sospiro","7":"product_cat-eau-de-parfum-de-niche-mixte","8":"product_cat-parfum-de-niche-mixte","9":"product_cat-parfums-de-niche","10":"product_tag-spray","11":"pa_contenance-100ml","12":"pa_famille-olfactive-boise","13":"pa_famille-olfactive-floral","14":"pa_famille-olfactive-fruite","17":"instock","18":"featured","19":"shipping-taxable","20":"purchasable","21":"product-type-variable","22":"has-default-attributes"},"yoast_head":"<!-- This site is optimized with the Yoast SEO plugin v27.4 - https:\/\/yoast.com\/product\/yoast-seo-wordpress\/ -->\n<title>Sospiro Bel Canto Eau de Parfum &#8211; Jardin de la Parfumerie<\/title>\n<meta name=\"description\" content=\"Sospiro Bel Canto, un parfum luxueux aux accords floraux, bois\u00e9s et musqu\u00e9s, offrant un sillage opulent et raffin\u00e9 inspir\u00e9 de l\u2019art lyrique italien.\" \/>\n<meta name=\"robots\" content=\"index, follow, max-snippet:-1, max-image-preview:large, max-video-preview:-1\" \/>\n<link rel=\"canonical\" href=\"https:\/\/jardindelaparfumerie.com\/en\/shop\/parfums-de-niche\/parfum-de-niche-mixte\/eau-de-parfum-de-niche-mixte\/sospiro-bel-canto-eau-de-parfum\/\" \/>\n<meta property=\"og:locale\" content=\"en_US\" \/>\n<meta property=\"og:type\" content=\"article\" \/>\n<meta property=\"og:title\" content=\"Sospiro Bel Canto Eau de Parfum &#8211; Jardin de la Parfumerie\" \/>\n<meta property=\"og:description\" content=\"Sospiro Bel Canto, un parfum luxueux aux accords floraux, bois\u00e9s et musqu\u00e9s, offrant un sillage opulent et raffin\u00e9 inspir\u00e9 de l\u2019art lyrique italien.\" \/>\n<meta property=\"og:url\" content=\"https:\/\/jardindelaparfumerie.com\/en\/shop\/parfums-de-niche\/parfum-de-niche-mixte\/eau-de-parfum-de-niche-mixte\/sospiro-bel-canto-eau-de-parfum\/\" \/>\n<meta property=\"og:site_name\" content=\"Jardin de la Parfumerie\" \/>\n<meta property=\"article:publisher\" content=\"https:\/\/www.facebook.com\/p\/Jardin-De-La-Parfumerie-100075860036544\/?locale=fr_FR\" \/>\n<meta property=\"article:modified_time\" content=\"2025-11-18T14:09:09+00:00\" \/>\n<meta property=\"og:image\" content=\"https:\/\/jardindelaparfumerie.com\/wp-content\/uploads\/2025\/11\/Sospiro-Bel-Canto.jpg\" \/>\n\t<meta property=\"og:image:width\" content=\"1000\" \/>\n\t<meta property=\"og:image:height\" content=\"1000\" \/>\n\t<meta property=\"og:image:type\" content=\"image\/jpeg\" \/>\n<meta name=\"twitter:card\" content=\"summary_large_image\" \/>\n<meta name=\"twitter:label1\" content=\"Est. reading time\" \/>\n\t<meta name=\"twitter:data1\" content=\"2 minutes\" \/>\n<script type=\"application\/ld+json\" class=\"yoast-schema-graph\">{\"@context\":\"https:\\\/\\\/schema.org\",\"@graph\":[{\"@type\":\"WebPage\",\"@id\":\"https:\\\/\\\/jardindelaparfumerie.com\\\/shop\\\/parfums-de-niche\\\/parfum-de-niche-mixte\\\/eau-de-parfum-de-niche-mixte\\\/sospiro-bel-canto-eau-de-parfum\\\/\",\"url\":\"https:\\\/\\\/jardindelaparfumerie.com\\\/shop\\\/parfums-de-niche\\\/parfum-de-niche-mixte\\\/eau-de-parfum-de-niche-mixte\\\/sospiro-bel-canto-eau-de-parfum\\\/\",\"name\":\"Sospiro Bel Canto Eau de Parfum &#8211; Jardin de la Parfumerie\",\"isPartOf\":{\"@id\":\"https:\\\/\\\/jardindelaparfumerie.com\\\/#website\"},\"primaryImageOfPage\":{\"@id\":\"https:\\\/\\\/jardindelaparfumerie.com\\\/shop\\\/parfums-de-niche\\\/parfum-de-niche-mixte\\\/eau-de-parfum-de-niche-mixte\\\/sospiro-bel-canto-eau-de-parfum\\\/#primaryimage\"},\"image\":{\"@id\":\"https:\\\/\\\/jardindelaparfumerie.com\\\/shop\\\/parfums-de-niche\\\/parfum-de-niche-mixte\\\/eau-de-parfum-de-niche-mixte\\\/sospiro-bel-canto-eau-de-parfum\\\/#primaryimage\"},\"thumbnailUrl\":\"https:\\\/\\\/jardindelaparfumerie.com\\\/wp-content\\\/uploads\\\/2025\\\/11\\\/Sospiro-Bel-Canto.jpg\",\"datePublished\":\"2025-11-18T11:00:17+00:00\",\"dateModified\":\"2025-11-18T14:09:09+00:00\",\"description\":\"Sospiro Bel Canto, un parfum luxueux aux accords floraux, bois\u00e9s et musqu\u00e9s, offrant un sillage opulent et raffin\u00e9 inspir\u00e9 de l\u2019art lyrique italien.\",\"breadcrumb\":{\"@id\":\"https:\\\/\\\/jardindelaparfumerie.com\\\/shop\\\/parfums-de-niche\\\/parfum-de-niche-mixte\\\/eau-de-parfum-de-niche-mixte\\\/sospiro-bel-canto-eau-de-parfum\\\/#breadcrumb\"},\"inLanguage\":\"en-US\",\"potentialAction\":[{\"@type\":\"ReadAction\",\"target\":[\"https:\\\/\\\/jardindelaparfumerie.com\\\/shop\\\/parfums-de-niche\\\/parfum-de-niche-mixte\\\/eau-de-parfum-de-niche-mixte\\\/sospiro-bel-canto-eau-de-parfum\\\/\"]}]},{\"@type\":\"ImageObject\",\"inLanguage\":\"en-US\",\"@id\":\"https:\\\/\\\/jardindelaparfumerie.com\\\/shop\\\/parfums-de-niche\\\/parfum-de-niche-mixte\\\/eau-de-parfum-de-niche-mixte\\\/sospiro-bel-canto-eau-de-parfum\\\/#primaryimage\",\"url\":\"https:\\\/\\\/jardindelaparfumerie.com\\\/wp-content\\\/uploads\\\/2025\\\/11\\\/Sospiro-Bel-Canto.jpg\",\"contentUrl\":\"https:\\\/\\\/jardindelaparfumerie.com\\\/wp-content\\\/uploads\\\/2025\\\/11\\\/Sospiro-Bel-Canto.jpg\",\"width\":1000,\"height\":1000},{\"@type\":\"BreadcrumbList\",\"@id\":\"https:\\\/\\\/jardindelaparfumerie.com\\\/shop\\\/parfums-de-niche\\\/parfum-de-niche-mixte\\\/eau-de-parfum-de-niche-mixte\\\/sospiro-bel-canto-eau-de-parfum\\\/#breadcrumb\",\"itemListElement\":[{\"@type\":\"ListItem\",\"position\":1,\"name\":\"Accueil\",\"item\":\"https:\\\/\\\/jardindelaparfumerie.com\\\/\"},{\"@type\":\"ListItem\",\"position\":2,\"name\":\"Boutique\",\"item\":\"https:\\\/\\\/jardindelaparfumerie.com\\\/boutique\\\/\"},{\"@type\":\"ListItem\",\"position\":3,\"name\":\"Sospiro Bel Canto Eau de Parfum\"}]},{\"@type\":\"WebSite\",\"@id\":\"https:\\\/\\\/jardindelaparfumerie.com\\\/#website\",\"url\":\"https:\\\/\\\/jardindelaparfumerie.com\\\/\",\"name\":\"Jardin de la Parfumerie\",\"description\":\"L\u2019art du Parfum, l\u2019essence du Luxe\",\"publisher\":{\"@id\":\"https:\\\/\\\/jardindelaparfumerie.com\\\/#organization\"},\"potentialAction\":[{\"@type\":\"SearchAction\",\"target\":{\"@type\":\"EntryPoint\",\"urlTemplate\":\"https:\\\/\\\/jardindelaparfumerie.com\\\/?s={search_term_string}\"},\"query-input\":{\"@type\":\"PropertyValueSpecification\",\"valueRequired\":true,\"valueName\":\"search_term_string\"}}],\"inLanguage\":\"en-US\"},{\"@type\":\"Organization\",\"@id\":\"https:\\\/\\\/jardindelaparfumerie.com\\\/#organization\",\"name\":\"Jardin de la Parfumerie\",\"url\":\"https:\\\/\\\/jardindelaparfumerie.com\\\/\",\"logo\":{\"@type\":\"ImageObject\",\"inLanguage\":\"en-US\",\"@id\":\"https:\\\/\\\/jardindelaparfumerie.com\\\/#\\\/schema\\\/logo\\\/image\\\/\",\"url\":\"https:\\\/\\\/jardindelaparfumerie.com\\\/wp-content\\\/uploads\\\/2022\\\/05\\\/Logo-alt-1.png\",\"contentUrl\":\"https:\\\/\\\/jardindelaparfumerie.com\\\/wp-content\\\/uploads\\\/2022\\\/05\\\/Logo-alt-1.png\",\"width\":725,\"height\":342,\"caption\":\"Jardin de la Parfumerie\"},\"image\":{\"@id\":\"https:\\\/\\\/jardindelaparfumerie.com\\\/#\\\/schema\\\/logo\\\/image\\\/\"},\"sameAs\":[\"https:\\\/\\\/www.facebook.com\\\/p\\\/Jardin-De-La-Parfumerie-100075860036544\\\/?locale=fr_FR\",\"https:\\\/\\\/www.instagram.com\\\/jardindelaparfumerie\\\/\"]}]}<\/script>\n<!-- \/ Yoast SEO plugin. -->","yoast_head_json":{"title":"Sospiro Bel Canto Eau de Parfum &#8211; Jardin de la Parfumerie","description":"Sospiro Bel Canto, un parfum luxueux aux accords floraux, bois\u00e9s et musqu\u00e9s, offrant un sillage opulent et raffin\u00e9 inspir\u00e9 de l\u2019art lyrique italien.","robots":{"index":"index","follow":"follow","max-snippet":"max-snippet:-1","max-image-preview":"max-image-preview:large","max-video-preview":"max-video-preview:-1"},"canonical":"https:\/\/jardindelaparfumerie.com\/en\/shop\/parfums-de-niche\/parfum-de-niche-mixte\/eau-de-parfum-de-niche-mixte\/sospiro-bel-canto-eau-de-parfum\/","og_locale":"en_US","og_type":"article","og_title":"Sospiro Bel Canto Eau de Parfum &#8211; Jardin de la Parfumerie","og_description":"Sospiro Bel Canto, un parfum luxueux aux accords floraux, bois\u00e9s et musqu\u00e9s, offrant un sillage opulent et raffin\u00e9 inspir\u00e9 de l\u2019art lyrique italien.","og_url":"https:\/\/jardindelaparfumerie.com\/en\/shop\/parfums-de-niche\/parfum-de-niche-mixte\/eau-de-parfum-de-niche-mixte\/sospiro-bel-canto-eau-de-parfum\/","og_site_name":"Jardin de la Parfumerie","article_publisher":"https:\/\/www.facebook.com\/p\/Jardin-De-La-Parfumerie-100075860036544\/?locale=fr_FR","article_modified_time":"2025-11-18T14:09:09+00:00","og_image":[{"width":1000,"height":1000,"url":"https:\/\/jardindelaparfumerie.com\/wp-content\/uploads\/2025\/11\/Sospiro-Bel-Canto.jpg","type":"image\/jpeg"}],"twitter_card":"summary_large_image","twitter_misc":{"Est. reading time":"2 minutes"},"schema":{"@context":"https:\/\/schema.org","@graph":[{"@type":"WebPage","@id":"https:\/\/jardindelaparfumerie.com\/shop\/parfums-de-niche\/parfum-de-niche-mixte\/eau-de-parfum-de-niche-mixte\/sospiro-bel-canto-eau-de-parfum\/","url":"https:\/\/jardindelaparfumerie.com\/shop\/parfums-de-niche\/parfum-de-niche-mixte\/eau-de-parfum-de-niche-mixte\/sospiro-bel-canto-eau-de-parfum\/","name":"Sospiro Bel Canto Eau de Parfum &#8211; Jardin de la Parfumerie","isPartOf":{"@id":"https:\/\/jardindelaparfumerie.com\/#website"},"primaryImageOfPage":{"@id":"https:\/\/jardindelaparfumerie.com\/shop\/parfums-de-niche\/parfum-de-niche-mixte\/eau-de-parfum-de-niche-mixte\/sospiro-bel-canto-eau-de-parfum\/#primaryimage"},"image":{"@id":"https:\/\/jardindelaparfumerie.com\/shop\/parfums-de-niche\/parfum-de-niche-mixte\/eau-de-parfum-de-niche-mixte\/sospiro-bel-canto-eau-de-parfum\/#primaryimage"},"thumbnailUrl":"https:\/\/jardindelaparfumerie.com\/wp-content\/uploads\/2025\/11\/Sospiro-Bel-Canto.jpg","datePublished":"2025-11-18T11:00:17+00:00","dateModified":"2025-11-18T14:09:09+00:00","description":"Sospiro Bel Canto, un parfum luxueux aux accords floraux, bois\u00e9s et musqu\u00e9s, offrant un sillage opulent et raffin\u00e9 inspir\u00e9 de l\u2019art lyrique italien.","breadcrumb":{"@id":"https:\/\/jardindelaparfumerie.com\/shop\/parfums-de-niche\/parfum-de-niche-mixte\/eau-de-parfum-de-niche-mixte\/sospiro-bel-canto-eau-de-parfum\/#breadcrumb"},"inLanguage":"en-US","potentialAction":[{"@type":"ReadAction","target":["https:\/\/jardindelaparfumerie.com\/shop\/parfums-de-niche\/parfum-de-niche-mixte\/eau-de-parfum-de-niche-mixte\/sospiro-bel-canto-eau-de-parfum\/"]}]},{"@type":"ImageObject","inLanguage":"en-US","@id":"https:\/\/jardindelaparfumerie.com\/shop\/parfums-de-niche\/parfum-de-niche-mixte\/eau-de-parfum-de-niche-mixte\/sospiro-bel-canto-eau-de-parfum\/#primaryimage","url":"https:\/\/jardindelaparfumerie.com\/wp-content\/uploads\/2025\/11\/Sospiro-Bel-Canto.jpg","contentUrl":"https:\/\/jardindelaparfumerie.com\/wp-content\/uploads\/2025\/11\/Sospiro-Bel-Canto.jpg","width":1000,"height":1000},{"@type":"BreadcrumbList","@id":"https:\/\/jardindelaparfumerie.com\/shop\/parfums-de-niche\/parfum-de-niche-mixte\/eau-de-parfum-de-niche-mixte\/sospiro-bel-canto-eau-de-parfum\/#breadcrumb","itemListElement":[{"@type":"ListItem","position":1,"name":"Accueil","item":"https:\/\/jardindelaparfumerie.com\/"},{"@type":"ListItem","position":2,"name":"Boutique","item":"https:\/\/jardindelaparfumerie.com\/boutique\/"},{"@type":"ListItem","position":3,"name":"Sospiro Bel Canto Eau de Parfum"}]},{"@type":"WebSite","@id":"https:\/\/jardindelaparfumerie.com\/#website","url":"https:\/\/jardindelaparfumerie.com\/","name":"Jardin de la Parfumerie","description":"L\u2019art du Parfum, l\u2019essence du Luxe","publisher":{"@id":"https:\/\/jardindelaparfumerie.com\/#organization"},"potentialAction":[{"@type":"SearchAction","target":{"@type":"EntryPoint","urlTemplate":"https:\/\/jardindelaparfumerie.com\/?s={search_term_string}"},"query-input":{"@type":"PropertyValueSpecification","valueRequired":true,"valueName":"search_term_string"}}],"inLanguage":"en-US"},{"@type":"Organization","@id":"https:\/\/jardindelaparfumerie.com\/#organization","name":"Jardin de la Parfumerie","url":"https:\/\/jardindelaparfumerie.com\/","logo":{"@type":"ImageObject","inLanguage":"en-US","@id":"https:\/\/jardindelaparfumerie.com\/#\/schema\/logo\/image\/","url":"https:\/\/jardindelaparfumerie.com\/wp-content\/uploads\/2022\/05\/Logo-alt-1.png","contentUrl":"https:\/\/jardindelaparfumerie.com\/wp-content\/uploads\/2022\/05\/Logo-alt-1.png","width":725,"height":342,"caption":"Jardin de la Parfumerie"},"image":{"@id":"https:\/\/jardindelaparfumerie.com\/#\/schema\/logo\/image\/"},"sameAs":["https:\/\/www.facebook.com\/p\/Jardin-De-La-Parfumerie-100075860036544\/?locale=fr_FR","https:\/\/www.instagram.com\/jardindelaparfumerie\/"]}]}},"jetpack_sharing_enabled":true,"_links":{"self":[{"href":"https:\/\/jardindelaparfumerie.com\/en\/wp-json\/wp\/v2\/product\/8811","targetHints":{"allow":["GET"]}}],"collection":[{"href":"https:\/\/jardindelaparfumerie.com\/en\/wp-json\/wp\/v2\/product"}],"about":[{"href":"https:\/\/jardindelaparfumerie.com\/en\/wp-json\/wp\/v2\/types\/product"}],"replies":[{"embeddable":true,"href":"https:\/\/jardindelaparfumerie.com\/en\/wp-json\/wp\/v2\/comments?post=8811"}],"version-history":[{"count":5,"href":"https:\/\/jardindelaparfumerie.com\/en\/wp-json\/wp\/v2\/product\/8811\/revisions"}],"predecessor-version":[{"id":8836,"href":"https:\/\/jardindelaparfumerie.com\/en\/wp-json\/wp\/v2\/product\/8811\/revisions\/8836"}],"wp:featuredmedia":[{"embeddable":true,"href":"https:\/\/jardindelaparfumerie.com\/en\/wp-json\/wp\/v2\/media\/8814"}],"wp:attachment":[{"href":"https:\/\/jardindelaparfumerie.com\/en\/wp-json\/wp\/v2\/media?parent=8811"}],"wp:term":[{"taxonomy":"product_brand","embeddable":true,"href":"https:\/\/jardindelaparfumerie.com\/en\/wp-json\/wp\/v2\/product_brand?post=8811"},{"taxonomy":"product_cat","embeddable":true,"href":"https:\/\/jardindelaparfumerie.com\/en\/wp-json\/wp\/v2\/product_cat?post=8811"},{"taxonomy":"product_tag","embeddable":true,"href":"https:\/\/jardindelaparfumerie.com\/en\/wp-json\/wp\/v2\/product_tag?post=8811"}],"curies":[{"name":"wp","href":"https:\/\/api.w.org\/{rel}","templated":true}]}}