{"id":9105,"date":"2025-11-23T12:09:41","date_gmt":"2025-11-23T11:09:41","guid":{"rendered":"https:\/\/jardindelaparfumerie.com\/?post_type=product&#038;p=9105"},"modified":"2025-11-23T12:34:42","modified_gmt":"2025-11-23T11:34:42","slug":"korloff-paris-royal-rose-eau-de-parfum","status":"publish","type":"product","link":"https:\/\/jardindelaparfumerie.com\/en\/shop\/parfums-classiques\/parfums-femme\/eau-de-parfum-femme\/korloff-paris-royal-rose-eau-de-parfum\/","title":{"rendered":"Korloff Paris Royal Rose Eau de Parfum"},"content":{"rendered":"<div data-elementor-type=\"wp-post\" data-elementor-id=\"9105\" class=\"elementor elementor-9105\" data-elementor-post-type=\"product\">\n\t\t\t\t\t\t<section class=\"elementor-section elementor-top-section elementor-element elementor-element-25a46325 elementor-section-boxed elementor-section-height-default elementor-section-height-default\" data-id=\"25a46325\" data-element_type=\"section\" data-e-type=\"section\">\n\t\t\t\t\t\t<div class=\"elementor-container elementor-column-gap-no\">\n\t\t\t\t\t<div class=\"elementor-column elementor-col-100 elementor-top-column elementor-element elementor-element-180e4677\" data-id=\"180e4677\" data-element_type=\"column\" data-e-type=\"column\">\n\t\t\t<div class=\"elementor-widget-wrap elementor-element-populated\">\n\t\t\t\t\t\t<div class=\"elementor-element elementor-element-6b3f5509 elementor-widget elementor-widget-text-editor\" data-id=\"6b3f5509\" data-element_type=\"widget\" data-e-type=\"widget\" data-widget_type=\"text-editor.default\">\n\t\t\t\t\t\t\t\t\t<div class=\"l-column\"><p>Un voyage au c\u0153ur de la rose, Royal Rose d\u00e9voile ses multiples facettes : mystique, sensuelle et audacieuse. A\u00e9rienne et insaisissable au premier abord, elle r\u00e9v\u00e8le ensuite une \u00e2me passionn\u00e9e, d\u00e9licate mais puissante, incarnant la dualit\u00e9 entre douceur et force. Au fil du temps, son charme textur\u00e9 et profond captive, laissant une empreinte inoubliable. Plus qu\u2019un parfum, Royal Rose est une ode \u00e0 la f\u00e9minit\u00e9 dans toute sa splendeur.<\/p><\/div>\t\t\t\t\t\t\t\t<\/div>\n\t\t\t\t<div class=\"elementor-element elementor-element-113d3e3d elementor-widget elementor-widget-heading\" data-id=\"113d3e3d\" data-element_type=\"widget\" data-e-type=\"widget\" data-widget_type=\"heading.default\">\n\t\t\t\t\t<h2 class=\"elementor-heading-title elementor-size-default\">Application <\/h2>\t\t\t\t<\/div>\n\t\t\t\t<section class=\"elementor-section elementor-inner-section elementor-element elementor-element-b933c85 elementor-section-boxed elementor-section-height-default elementor-section-height-default\" data-id=\"b933c85\" data-element_type=\"section\" data-e-type=\"section\">\n\t\t\t\t\t\t<div class=\"elementor-container elementor-column-gap-no\">\n\t\t\t\t\t<div class=\"elementor-column elementor-col-50 elementor-inner-column elementor-element elementor-element-4c34dc9\" data-id=\"4c34dc9\" data-element_type=\"column\" data-e-type=\"column\" data-settings=\"{&quot;background_background&quot;:&quot;classic&quot;}\">\n\t\t\t<div class=\"elementor-widget-wrap elementor-element-populated\">\n\t\t\t\t\t\t<div class=\"elementor-element elementor-element-8f9354f elementor-widget elementor-widget-text-editor\" data-id=\"8f9354f\" data-element_type=\"widget\" data-e-type=\"widget\" data-widget_type=\"text-editor.default\">\n\t\t\t\t\t\t\t\t\t<p>Famille olfactive :<\/p>\t\t\t\t\t\t\t\t<\/div>\n\t\t\t\t\t<\/div>\n\t\t<\/div>\n\t\t\t\t<div class=\"elementor-column elementor-col-50 elementor-inner-column elementor-element elementor-element-44467d5\" data-id=\"44467d5\" data-element_type=\"column\" data-e-type=\"column\">\n\t\t\t<div class=\"elementor-widget-wrap elementor-element-populated\">\n\t\t\t\t\t\t<div class=\"elementor-element elementor-element-0ae5698 elementor-widget elementor-widget-text-editor\" data-id=\"0ae5698\" data-element_type=\"widget\" data-e-type=\"widget\" data-widget_type=\"text-editor.default\">\n\t\t\t\t\t\t\t\t\t<p>Bois\u00e9, floral, ambr\u00e9<\/p>\t\t\t\t\t\t\t\t<\/div>\n\t\t\t\t\t<\/div>\n\t\t<\/div>\n\t\t\t\t\t<\/div>\n\t\t<\/section>\n\t\t\t\t<section class=\"elementor-section elementor-inner-section elementor-element elementor-element-7b62a0a4 elementor-section-boxed elementor-section-height-default elementor-section-height-default\" data-id=\"7b62a0a4\" data-element_type=\"section\" data-e-type=\"section\">\n\t\t\t\t\t\t<div class=\"elementor-container elementor-column-gap-no\">\n\t\t\t\t\t<div class=\"elementor-column elementor-col-50 elementor-inner-column elementor-element elementor-element-7e2b40b5\" data-id=\"7e2b40b5\" data-element_type=\"column\" data-e-type=\"column\" data-settings=\"{&quot;background_background&quot;:&quot;classic&quot;}\">\n\t\t\t<div class=\"elementor-widget-wrap elementor-element-populated\">\n\t\t\t\t\t\t<div class=\"elementor-element elementor-element-256188d0 elementor-widget elementor-widget-text-editor\" data-id=\"256188d0\" data-element_type=\"widget\" data-e-type=\"widget\" data-widget_type=\"text-editor.default\">\n\t\t\t\t\t\t\t\t\t<p>Notes de t\u00eate :<\/p>\t\t\t\t\t\t\t\t<\/div>\n\t\t\t\t\t<\/div>\n\t\t<\/div>\n\t\t\t\t<div class=\"elementor-column elementor-col-50 elementor-inner-column elementor-element elementor-element-3bccc703\" data-id=\"3bccc703\" data-element_type=\"column\" data-e-type=\"column\">\n\t\t\t<div class=\"elementor-widget-wrap elementor-element-populated\">\n\t\t\t\t\t\t<div class=\"elementor-element elementor-element-4c2c29cc elementor-widget elementor-widget-text-editor\" data-id=\"4c2c29cc\" data-element_type=\"widget\" data-e-type=\"widget\" data-widget_type=\"text-editor.default\">\n\t\t\t\t\t\t\t\t\t<div class=\"c-content-tile__content c-content-tile__section\"><p>Bergamote d\u2019Italie, mandarine, poivre rose<\/p><\/div>\t\t\t\t\t\t\t\t<\/div>\n\t\t\t\t\t<\/div>\n\t\t<\/div>\n\t\t\t\t\t<\/div>\n\t\t<\/section>\n\t\t\t\t<section class=\"elementor-section elementor-inner-section elementor-element elementor-element-a5ed80a elementor-section-boxed elementor-section-height-default elementor-section-height-default\" data-id=\"a5ed80a\" data-element_type=\"section\" data-e-type=\"section\">\n\t\t\t\t\t\t<div class=\"elementor-container elementor-column-gap-no\">\n\t\t\t\t\t<div class=\"elementor-column elementor-col-50 elementor-inner-column elementor-element elementor-element-27b75f11\" data-id=\"27b75f11\" data-element_type=\"column\" data-e-type=\"column\" data-settings=\"{&quot;background_background&quot;:&quot;classic&quot;}\">\n\t\t\t<div class=\"elementor-widget-wrap elementor-element-populated\">\n\t\t\t\t\t\t<div class=\"elementor-element elementor-element-4a39970f elementor-widget elementor-widget-text-editor\" data-id=\"4a39970f\" data-element_type=\"widget\" data-e-type=\"widget\" data-widget_type=\"text-editor.default\">\n\t\t\t\t\t\t\t\t\t<p>Note de c\u0153ur :<\/p>\t\t\t\t\t\t\t\t<\/div>\n\t\t\t\t\t<\/div>\n\t\t<\/div>\n\t\t\t\t<div class=\"elementor-column elementor-col-50 elementor-inner-column elementor-element elementor-element-2a5e3e5e\" data-id=\"2a5e3e5e\" data-element_type=\"column\" data-e-type=\"column\">\n\t\t\t<div class=\"elementor-widget-wrap elementor-element-populated\">\n\t\t\t\t\t\t<div class=\"elementor-element elementor-element-2b0dd5d9 elementor-widget elementor-widget-text-editor\" data-id=\"2b0dd5d9\" data-element_type=\"widget\" data-e-type=\"widget\" data-widget_type=\"text-editor.default\">\n\t\t\t\t\t\t\t\t\t<p>Infusion de rose Turque, encens, \u00e9l\u00e9mi des Philippines<\/p>\t\t\t\t\t\t\t\t<\/div>\n\t\t\t\t\t<\/div>\n\t\t<\/div>\n\t\t\t\t\t<\/div>\n\t\t<\/section>\n\t\t\t\t<section class=\"elementor-section elementor-inner-section elementor-element elementor-element-114c1d6a elementor-section-boxed elementor-section-height-default elementor-section-height-default\" data-id=\"114c1d6a\" data-element_type=\"section\" data-e-type=\"section\">\n\t\t\t\t\t\t<div class=\"elementor-container elementor-column-gap-no\">\n\t\t\t\t\t<div class=\"elementor-column elementor-col-50 elementor-inner-column elementor-element elementor-element-12f47a41\" data-id=\"12f47a41\" data-element_type=\"column\" data-e-type=\"column\" data-settings=\"{&quot;background_background&quot;:&quot;classic&quot;}\">\n\t\t\t<div class=\"elementor-widget-wrap elementor-element-populated\">\n\t\t\t\t\t\t<div class=\"elementor-element elementor-element-40920aed elementor-widget elementor-widget-text-editor\" data-id=\"40920aed\" data-element_type=\"widget\" data-e-type=\"widget\" data-widget_type=\"text-editor.default\">\n\t\t\t\t\t\t\t\t\t<p>Note de fond :<\/p>\t\t\t\t\t\t\t\t<\/div>\n\t\t\t\t\t<\/div>\n\t\t<\/div>\n\t\t\t\t<div class=\"elementor-column elementor-col-50 elementor-inner-column elementor-element elementor-element-2842bf98\" data-id=\"2842bf98\" data-element_type=\"column\" data-e-type=\"column\">\n\t\t\t<div class=\"elementor-widget-wrap elementor-element-populated\">\n\t\t\t\t\t\t<div class=\"elementor-element elementor-element-3805ef75 elementor-widget elementor-widget-text-editor\" data-id=\"3805ef75\" data-element_type=\"widget\" data-e-type=\"widget\" data-widget_type=\"text-editor.default\">\n\t\t\t\t\t\t\t\t\t<p>C\u0153ur de patchouli, clearwood prisma, dreamwood<\/p>\t\t\t\t\t\t\t\t<\/div>\n\t\t\t\t\t<\/div>\n\t\t<\/div>\n\t\t\t\t\t<\/div>\n\t\t<\/section>\n\t\t\t\t<div class=\"elementor-element elementor-element-03564ca elementor-widget elementor-widget-text-editor\" data-id=\"03564ca\" data-element_type=\"widget\" data-e-type=\"widget\" data-widget_type=\"text-editor.default\">\n\t\t\t\t\t\t\t\t\t<p>\u00c0 vaporiser sur les points de pulsation : le cou, la poitrine et les poignets.<\/p>\t\t\t\t\t\t\t\t<\/div>\n\t\t\t\t\t<\/div>\n\t\t<\/div>\n\t\t\t\t\t<\/div>\n\t\t<\/section>\n\t\t\t\t<\/div>","protected":false},"excerpt":{"rendered":"<div class=\"c-content-tile__content c-content-tile__section\">\n<ul>\n<li><strong>Famille olfactive :<\/strong> Bois\u00e9, floral, ambr\u00e9<\/li>\n<li><strong>Notes de t\u00eate :<\/strong> Bergamote d\u2019Italie, mandarine, poivre rose<\/li>\n<li><strong>Notes de c\u0153ur :<\/strong> Infusion de rose Turque, encens, \u00e9l\u00e9mi des Philippines<\/li>\n<li><strong>Notes de fond :<\/strong> C\u0153ur de patchouli, clearwood prisma, dreamwood<\/li>\n<\/ul>\n<\/div>","protected":false},"featured_media":9109,"comment_status":"open","ping_status":"closed","template":"","meta":[],"product_brand":[365],"product_cat":[112,15,106],"product_tag":[436],"class_list":{"0":"post-9105","1":"product","2":"type-product","3":"status-publish","4":"has-post-thumbnail","6":"product_brand-korloff-paris","7":"product_cat-eau-de-parfum-femme","8":"product_cat-parfums-classiques","9":"product_cat-parfums-femme","10":"product_tag-spray","11":"pa_contenance-88ml","12":"pa_famille-olfactive-ambre","13":"pa_famille-olfactive-boise","14":"pa_famille-olfactive-floral","17":"instock","18":"shipping-taxable","19":"purchasable","20":"product-type-variable","21":"has-default-attributes"},"yoast_head":"<!-- This site is optimized with the Yoast SEO plugin v27.4 - https:\/\/yoast.com\/product\/yoast-seo-wordpress\/ -->\n<title>Korloff Paris Royal Rose Eau de Parfum &#8211; Jardin de la Parfumerie<\/title>\n<meta name=\"description\" content=\"Korloff Paris Royal Rose, une eau de parfum riche et envo\u00fbtante o\u00f9 la rose majestueuse s\u2019allie \u00e0 des notes chaudes et sensuelles pour une \u00e9l\u00e9gance raffin\u00e9e.\" \/>\n<meta name=\"robots\" content=\"index, follow, max-snippet:-1, max-image-preview:large, max-video-preview:-1\" \/>\n<link rel=\"canonical\" href=\"https:\/\/jardindelaparfumerie.com\/en\/shop\/parfums-classiques\/parfums-femme\/eau-de-parfum-femme\/korloff-paris-royal-rose-eau-de-parfum\/\" \/>\n<meta property=\"og:locale\" content=\"en_US\" \/>\n<meta property=\"og:type\" content=\"article\" \/>\n<meta property=\"og:title\" content=\"Korloff Paris Royal Rose Eau de Parfum &#8211; Jardin de la Parfumerie\" \/>\n<meta property=\"og:description\" content=\"Korloff Paris Royal Rose, une eau de parfum riche et envo\u00fbtante o\u00f9 la rose majestueuse s\u2019allie \u00e0 des notes chaudes et sensuelles pour une \u00e9l\u00e9gance raffin\u00e9e.\" \/>\n<meta property=\"og:url\" content=\"https:\/\/jardindelaparfumerie.com\/en\/shop\/parfums-classiques\/parfums-femme\/eau-de-parfum-femme\/korloff-paris-royal-rose-eau-de-parfum\/\" \/>\n<meta property=\"og:site_name\" content=\"Jardin de la Parfumerie\" \/>\n<meta property=\"article:publisher\" content=\"https:\/\/www.facebook.com\/p\/Jardin-De-La-Parfumerie-100075860036544\/?locale=fr_FR\" \/>\n<meta property=\"article:modified_time\" content=\"2025-11-23T11:34:42+00:00\" \/>\n<meta property=\"og:image\" content=\"https:\/\/jardindelaparfumerie.com\/wp-content\/uploads\/2025\/11\/Korloff-Paris-Royal-Rose.jpg\" \/>\n\t<meta property=\"og:image:width\" content=\"1000\" \/>\n\t<meta property=\"og:image:height\" content=\"1000\" \/>\n\t<meta property=\"og:image:type\" content=\"image\/jpeg\" \/>\n<meta name=\"twitter:card\" content=\"summary_large_image\" \/>\n<meta name=\"twitter:label1\" content=\"Est. reading time\" \/>\n\t<meta name=\"twitter:data1\" content=\"1 minute\" \/>\n<script type=\"application\/ld+json\" class=\"yoast-schema-graph\">{\"@context\":\"https:\\\/\\\/schema.org\",\"@graph\":[{\"@type\":\"WebPage\",\"@id\":\"https:\\\/\\\/jardindelaparfumerie.com\\\/shop\\\/parfums-classiques\\\/parfums-femme\\\/eau-de-parfum-femme\\\/korloff-paris-royal-rose-eau-de-parfum\\\/\",\"url\":\"https:\\\/\\\/jardindelaparfumerie.com\\\/shop\\\/parfums-classiques\\\/parfums-femme\\\/eau-de-parfum-femme\\\/korloff-paris-royal-rose-eau-de-parfum\\\/\",\"name\":\"Korloff Paris Royal Rose Eau de Parfum &#8211; Jardin de la Parfumerie\",\"isPartOf\":{\"@id\":\"https:\\\/\\\/jardindelaparfumerie.com\\\/#website\"},\"primaryImageOfPage\":{\"@id\":\"https:\\\/\\\/jardindelaparfumerie.com\\\/shop\\\/parfums-classiques\\\/parfums-femme\\\/eau-de-parfum-femme\\\/korloff-paris-royal-rose-eau-de-parfum\\\/#primaryimage\"},\"image\":{\"@id\":\"https:\\\/\\\/jardindelaparfumerie.com\\\/shop\\\/parfums-classiques\\\/parfums-femme\\\/eau-de-parfum-femme\\\/korloff-paris-royal-rose-eau-de-parfum\\\/#primaryimage\"},\"thumbnailUrl\":\"https:\\\/\\\/jardindelaparfumerie.com\\\/wp-content\\\/uploads\\\/2025\\\/11\\\/Korloff-Paris-Royal-Rose.jpg\",\"datePublished\":\"2025-11-23T11:09:41+00:00\",\"dateModified\":\"2025-11-23T11:34:42+00:00\",\"description\":\"Korloff Paris Royal Rose, une eau de parfum riche et envo\u00fbtante o\u00f9 la rose majestueuse s\u2019allie \u00e0 des notes chaudes et sensuelles pour une \u00e9l\u00e9gance raffin\u00e9e.\",\"breadcrumb\":{\"@id\":\"https:\\\/\\\/jardindelaparfumerie.com\\\/shop\\\/parfums-classiques\\\/parfums-femme\\\/eau-de-parfum-femme\\\/korloff-paris-royal-rose-eau-de-parfum\\\/#breadcrumb\"},\"inLanguage\":\"en-US\",\"potentialAction\":[{\"@type\":\"ReadAction\",\"target\":[\"https:\\\/\\\/jardindelaparfumerie.com\\\/shop\\\/parfums-classiques\\\/parfums-femme\\\/eau-de-parfum-femme\\\/korloff-paris-royal-rose-eau-de-parfum\\\/\"]}]},{\"@type\":\"ImageObject\",\"inLanguage\":\"en-US\",\"@id\":\"https:\\\/\\\/jardindelaparfumerie.com\\\/shop\\\/parfums-classiques\\\/parfums-femme\\\/eau-de-parfum-femme\\\/korloff-paris-royal-rose-eau-de-parfum\\\/#primaryimage\",\"url\":\"https:\\\/\\\/jardindelaparfumerie.com\\\/wp-content\\\/uploads\\\/2025\\\/11\\\/Korloff-Paris-Royal-Rose.jpg\",\"contentUrl\":\"https:\\\/\\\/jardindelaparfumerie.com\\\/wp-content\\\/uploads\\\/2025\\\/11\\\/Korloff-Paris-Royal-Rose.jpg\",\"width\":1000,\"height\":1000},{\"@type\":\"BreadcrumbList\",\"@id\":\"https:\\\/\\\/jardindelaparfumerie.com\\\/shop\\\/parfums-classiques\\\/parfums-femme\\\/eau-de-parfum-femme\\\/korloff-paris-royal-rose-eau-de-parfum\\\/#breadcrumb\",\"itemListElement\":[{\"@type\":\"ListItem\",\"position\":1,\"name\":\"Accueil\",\"item\":\"https:\\\/\\\/jardindelaparfumerie.com\\\/\"},{\"@type\":\"ListItem\",\"position\":2,\"name\":\"Boutique\",\"item\":\"https:\\\/\\\/jardindelaparfumerie.com\\\/boutique\\\/\"},{\"@type\":\"ListItem\",\"position\":3,\"name\":\"Korloff Paris Royal Rose Eau de Parfum\"}]},{\"@type\":\"WebSite\",\"@id\":\"https:\\\/\\\/jardindelaparfumerie.com\\\/#website\",\"url\":\"https:\\\/\\\/jardindelaparfumerie.com\\\/\",\"name\":\"Jardin de la Parfumerie\",\"description\":\"L\u2019art du Parfum, l\u2019essence du Luxe\",\"publisher\":{\"@id\":\"https:\\\/\\\/jardindelaparfumerie.com\\\/#organization\"},\"potentialAction\":[{\"@type\":\"SearchAction\",\"target\":{\"@type\":\"EntryPoint\",\"urlTemplate\":\"https:\\\/\\\/jardindelaparfumerie.com\\\/?s={search_term_string}\"},\"query-input\":{\"@type\":\"PropertyValueSpecification\",\"valueRequired\":true,\"valueName\":\"search_term_string\"}}],\"inLanguage\":\"en-US\"},{\"@type\":\"Organization\",\"@id\":\"https:\\\/\\\/jardindelaparfumerie.com\\\/#organization\",\"name\":\"Jardin de la Parfumerie\",\"url\":\"https:\\\/\\\/jardindelaparfumerie.com\\\/\",\"logo\":{\"@type\":\"ImageObject\",\"inLanguage\":\"en-US\",\"@id\":\"https:\\\/\\\/jardindelaparfumerie.com\\\/#\\\/schema\\\/logo\\\/image\\\/\",\"url\":\"https:\\\/\\\/jardindelaparfumerie.com\\\/wp-content\\\/uploads\\\/2022\\\/05\\\/Logo-alt-1.png\",\"contentUrl\":\"https:\\\/\\\/jardindelaparfumerie.com\\\/wp-content\\\/uploads\\\/2022\\\/05\\\/Logo-alt-1.png\",\"width\":725,\"height\":342,\"caption\":\"Jardin de la Parfumerie\"},\"image\":{\"@id\":\"https:\\\/\\\/jardindelaparfumerie.com\\\/#\\\/schema\\\/logo\\\/image\\\/\"},\"sameAs\":[\"https:\\\/\\\/www.facebook.com\\\/p\\\/Jardin-De-La-Parfumerie-100075860036544\\\/?locale=fr_FR\",\"https:\\\/\\\/www.instagram.com\\\/jardindelaparfumerie\\\/\"]}]}<\/script>\n<!-- \/ Yoast SEO plugin. -->","yoast_head_json":{"title":"Korloff Paris Royal Rose Eau de Parfum &#8211; Jardin de la Parfumerie","description":"Korloff Paris Royal Rose, une eau de parfum riche et envo\u00fbtante o\u00f9 la rose majestueuse s\u2019allie \u00e0 des notes chaudes et sensuelles pour une \u00e9l\u00e9gance raffin\u00e9e.","robots":{"index":"index","follow":"follow","max-snippet":"max-snippet:-1","max-image-preview":"max-image-preview:large","max-video-preview":"max-video-preview:-1"},"canonical":"https:\/\/jardindelaparfumerie.com\/en\/shop\/parfums-classiques\/parfums-femme\/eau-de-parfum-femme\/korloff-paris-royal-rose-eau-de-parfum\/","og_locale":"en_US","og_type":"article","og_title":"Korloff Paris Royal Rose Eau de Parfum &#8211; Jardin de la Parfumerie","og_description":"Korloff Paris Royal Rose, une eau de parfum riche et envo\u00fbtante o\u00f9 la rose majestueuse s\u2019allie \u00e0 des notes chaudes et sensuelles pour une \u00e9l\u00e9gance raffin\u00e9e.","og_url":"https:\/\/jardindelaparfumerie.com\/en\/shop\/parfums-classiques\/parfums-femme\/eau-de-parfum-femme\/korloff-paris-royal-rose-eau-de-parfum\/","og_site_name":"Jardin de la Parfumerie","article_publisher":"https:\/\/www.facebook.com\/p\/Jardin-De-La-Parfumerie-100075860036544\/?locale=fr_FR","article_modified_time":"2025-11-23T11:34:42+00:00","og_image":[{"width":1000,"height":1000,"url":"https:\/\/jardindelaparfumerie.com\/wp-content\/uploads\/2025\/11\/Korloff-Paris-Royal-Rose.jpg","type":"image\/jpeg"}],"twitter_card":"summary_large_image","twitter_misc":{"Est. reading time":"1 minute"},"schema":{"@context":"https:\/\/schema.org","@graph":[{"@type":"WebPage","@id":"https:\/\/jardindelaparfumerie.com\/shop\/parfums-classiques\/parfums-femme\/eau-de-parfum-femme\/korloff-paris-royal-rose-eau-de-parfum\/","url":"https:\/\/jardindelaparfumerie.com\/shop\/parfums-classiques\/parfums-femme\/eau-de-parfum-femme\/korloff-paris-royal-rose-eau-de-parfum\/","name":"Korloff Paris Royal Rose Eau de Parfum &#8211; Jardin de la Parfumerie","isPartOf":{"@id":"https:\/\/jardindelaparfumerie.com\/#website"},"primaryImageOfPage":{"@id":"https:\/\/jardindelaparfumerie.com\/shop\/parfums-classiques\/parfums-femme\/eau-de-parfum-femme\/korloff-paris-royal-rose-eau-de-parfum\/#primaryimage"},"image":{"@id":"https:\/\/jardindelaparfumerie.com\/shop\/parfums-classiques\/parfums-femme\/eau-de-parfum-femme\/korloff-paris-royal-rose-eau-de-parfum\/#primaryimage"},"thumbnailUrl":"https:\/\/jardindelaparfumerie.com\/wp-content\/uploads\/2025\/11\/Korloff-Paris-Royal-Rose.jpg","datePublished":"2025-11-23T11:09:41+00:00","dateModified":"2025-11-23T11:34:42+00:00","description":"Korloff Paris Royal Rose, une eau de parfum riche et envo\u00fbtante o\u00f9 la rose majestueuse s\u2019allie \u00e0 des notes chaudes et sensuelles pour une \u00e9l\u00e9gance raffin\u00e9e.","breadcrumb":{"@id":"https:\/\/jardindelaparfumerie.com\/shop\/parfums-classiques\/parfums-femme\/eau-de-parfum-femme\/korloff-paris-royal-rose-eau-de-parfum\/#breadcrumb"},"inLanguage":"en-US","potentialAction":[{"@type":"ReadAction","target":["https:\/\/jardindelaparfumerie.com\/shop\/parfums-classiques\/parfums-femme\/eau-de-parfum-femme\/korloff-paris-royal-rose-eau-de-parfum\/"]}]},{"@type":"ImageObject","inLanguage":"en-US","@id":"https:\/\/jardindelaparfumerie.com\/shop\/parfums-classiques\/parfums-femme\/eau-de-parfum-femme\/korloff-paris-royal-rose-eau-de-parfum\/#primaryimage","url":"https:\/\/jardindelaparfumerie.com\/wp-content\/uploads\/2025\/11\/Korloff-Paris-Royal-Rose.jpg","contentUrl":"https:\/\/jardindelaparfumerie.com\/wp-content\/uploads\/2025\/11\/Korloff-Paris-Royal-Rose.jpg","width":1000,"height":1000},{"@type":"BreadcrumbList","@id":"https:\/\/jardindelaparfumerie.com\/shop\/parfums-classiques\/parfums-femme\/eau-de-parfum-femme\/korloff-paris-royal-rose-eau-de-parfum\/#breadcrumb","itemListElement":[{"@type":"ListItem","position":1,"name":"Accueil","item":"https:\/\/jardindelaparfumerie.com\/"},{"@type":"ListItem","position":2,"name":"Boutique","item":"https:\/\/jardindelaparfumerie.com\/boutique\/"},{"@type":"ListItem","position":3,"name":"Korloff Paris Royal Rose Eau de Parfum"}]},{"@type":"WebSite","@id":"https:\/\/jardindelaparfumerie.com\/#website","url":"https:\/\/jardindelaparfumerie.com\/","name":"Jardin de la Parfumerie","description":"L\u2019art du Parfum, l\u2019essence du Luxe","publisher":{"@id":"https:\/\/jardindelaparfumerie.com\/#organization"},"potentialAction":[{"@type":"SearchAction","target":{"@type":"EntryPoint","urlTemplate":"https:\/\/jardindelaparfumerie.com\/?s={search_term_string}"},"query-input":{"@type":"PropertyValueSpecification","valueRequired":true,"valueName":"search_term_string"}}],"inLanguage":"en-US"},{"@type":"Organization","@id":"https:\/\/jardindelaparfumerie.com\/#organization","name":"Jardin de la Parfumerie","url":"https:\/\/jardindelaparfumerie.com\/","logo":{"@type":"ImageObject","inLanguage":"en-US","@id":"https:\/\/jardindelaparfumerie.com\/#\/schema\/logo\/image\/","url":"https:\/\/jardindelaparfumerie.com\/wp-content\/uploads\/2022\/05\/Logo-alt-1.png","contentUrl":"https:\/\/jardindelaparfumerie.com\/wp-content\/uploads\/2022\/05\/Logo-alt-1.png","width":725,"height":342,"caption":"Jardin de la Parfumerie"},"image":{"@id":"https:\/\/jardindelaparfumerie.com\/#\/schema\/logo\/image\/"},"sameAs":["https:\/\/www.facebook.com\/p\/Jardin-De-La-Parfumerie-100075860036544\/?locale=fr_FR","https:\/\/www.instagram.com\/jardindelaparfumerie\/"]}]}},"jetpack_sharing_enabled":true,"_links":{"self":[{"href":"https:\/\/jardindelaparfumerie.com\/en\/wp-json\/wp\/v2\/product\/9105","targetHints":{"allow":["GET"]}}],"collection":[{"href":"https:\/\/jardindelaparfumerie.com\/en\/wp-json\/wp\/v2\/product"}],"about":[{"href":"https:\/\/jardindelaparfumerie.com\/en\/wp-json\/wp\/v2\/types\/product"}],"replies":[{"embeddable":true,"href":"https:\/\/jardindelaparfumerie.com\/en\/wp-json\/wp\/v2\/comments?post=9105"}],"version-history":[{"count":4,"href":"https:\/\/jardindelaparfumerie.com\/en\/wp-json\/wp\/v2\/product\/9105\/revisions"}],"predecessor-version":[{"id":9115,"href":"https:\/\/jardindelaparfumerie.com\/en\/wp-json\/wp\/v2\/product\/9105\/revisions\/9115"}],"wp:featuredmedia":[{"embeddable":true,"href":"https:\/\/jardindelaparfumerie.com\/en\/wp-json\/wp\/v2\/media\/9109"}],"wp:attachment":[{"href":"https:\/\/jardindelaparfumerie.com\/en\/wp-json\/wp\/v2\/media?parent=9105"}],"wp:term":[{"taxonomy":"product_brand","embeddable":true,"href":"https:\/\/jardindelaparfumerie.com\/en\/wp-json\/wp\/v2\/product_brand?post=9105"},{"taxonomy":"product_cat","embeddable":true,"href":"https:\/\/jardindelaparfumerie.com\/en\/wp-json\/wp\/v2\/product_cat?post=9105"},{"taxonomy":"product_tag","embeddable":true,"href":"https:\/\/jardindelaparfumerie.com\/en\/wp-json\/wp\/v2\/product_tag?post=9105"}],"curies":[{"name":"wp","href":"https:\/\/api.w.org\/{rel}","templated":true}]}}