{"id":9226,"date":"2025-11-24T10:59:49","date_gmt":"2025-11-24T09:59:49","guid":{"rendered":"https:\/\/jardindelaparfumerie.com\/?post_type=product&#038;p=9226"},"modified":"2025-11-28T16:05:38","modified_gmt":"2025-11-28T15:05:38","slug":"flormar-shine-kiss-me-more-lip-tattoo","status":"publish","type":"product","link":"https:\/\/jardindelaparfumerie.com\/en\/shop\/maquillage\/levres\/rouge-a-levres\/flormar-shine-kiss-me-more-lip-tattoo\/","title":{"rendered":"Flormar Shine Kiss Me More Lip Tattoo"},"content":{"rendered":"<div data-elementor-type=\"wp-post\" data-elementor-id=\"9226\" class=\"elementor elementor-9226\" data-elementor-post-type=\"product\">\n\t\t\t\t\t\t<section class=\"elementor-section elementor-top-section elementor-element elementor-element-25a46325 elementor-section-boxed elementor-section-height-default elementor-section-height-default\" data-id=\"25a46325\" data-element_type=\"section\" data-e-type=\"section\">\n\t\t\t\t\t\t<div class=\"elementor-container elementor-column-gap-no\">\n\t\t\t\t\t<div class=\"elementor-column elementor-col-100 elementor-top-column elementor-element elementor-element-180e4677\" data-id=\"180e4677\" data-element_type=\"column\" data-e-type=\"column\">\n\t\t\t<div class=\"elementor-widget-wrap elementor-element-populated\">\n\t\t\t\t\t\t<div class=\"elementor-element elementor-element-6b3f5509 elementor-widget elementor-widget-text-editor\" data-id=\"6b3f5509\" data-element_type=\"widget\" data-e-type=\"widget\" data-widget_type=\"text-editor.default\">\n\t\t\t\t\t\t\t\t\t<div class=\"l-column\"><p>\u00cates-vous pr\u00eate \u00e0 d\u00e9couvrir le produit pour les l\u00e8vres le plus \u00e9blouissant de Flormar ? Alors commandez d\u00e8s maintenant le rouge \u00e0 l\u00e8vres liquide longue tenue et brillant Shine Kiss Me More de Flormar ! Le tout nouveau rouge \u00e0 l\u00e8vres Shine Kiss Me More de Flormar se distingue comme l&#8217;un des produits pr\u00e9f\u00e9r\u00e9s des nouvelles tendances maquillage gr\u00e2ce \u00e0 l&#8217;aspect ultra brillant qu&#8217;il donne aux l\u00e8vres. Ce rouge \u00e0 l\u00e8vres Flormar offre un maquillage des l\u00e8vres intens\u00e9ment pigment\u00e9 et ultra-brillant, tandis que sa formule intens\u00e9ment nourrissante apporte toutes les propri\u00e9t\u00e9s attendues d&#8217;un produit pour les l\u00e8vres. Si vous souhaitez donner \u00e0 vos l\u00e8vres une couleur intense et brillante tout en leur apportant une hydratation efficace, ne manquez pas le rouge \u00e0 l\u00e8vres liquide Flormar Shine Kiss Me More !<\/p><p>\u00a0<\/p><p><strong>Qu&#8217;est-ce que le rouge \u00e0 l\u00e8vres liquide longue tenue et brillant Flormar Shine Kiss Me More ?<\/strong><\/p><p><br \/>Le rouge \u00e0 l\u00e8vres liquide longue tenue et brillant Flormar Shine Kiss Me More est un produit de maquillage nourrissant pour les l\u00e8vres, enrichi en beurre de murumuru et en acide hyaluronique. Il offre une couvrance \u00e9lev\u00e9e. Il pr\u00e9sente un fini ultra-brillant et une texture cr\u00e9meuse. Il est parfum\u00e9 \u00e0 la vanille. Il est dot\u00e9 d&#8217;un applicateur sp\u00e9cial inclin\u00e9 pour une application optimale.<\/p><p>\u00a0<\/p><p><strong>Que fait le rouge \u00e0 l\u00e8vres liquide longue tenue et brillant Shine Kiss Me More de Flormar ?<\/strong><\/p><p><br \/>Le rouge \u00e0 l\u00e8vres brillant Shine Kiss Me More de Flormar hydrate intens\u00e9ment les l\u00e8vres pendant 24 heures gr\u00e2ce \u00e0 sa formule \u00e0 base de beurre de murumuru et d&#8217;acide hyaluronique. Tout en emp\u00eachant les l\u00e8vres de se dess\u00e9cher, de se gercer et de peler, il cr\u00e9e un maquillage impeccable. Malgr\u00e9 son pouvoir hydratant intense et son fini brillant, il ne laisse pas de sensation collante sur les l\u00e8vres. Il offre un confort et une sensation agr\u00e9able tout au long de la journ\u00e9e. Gr\u00e2ce \u00e0 sa couvrance \u00e9lev\u00e9e, il donne aux l\u00e8vres une couleur intense en un seul passage. Sa texture cr\u00e9meuse glisse facilement sur les l\u00e8vres, pour une application facile et parfaite.<\/p><p>Gr\u00e2ce \u00e0 son applicateur sp\u00e9cialement inclin\u00e9, vous pouvez tirer le meilleur parti de sa texture cr\u00e9meuse qui donne une couleur intense. Il cr\u00e9e un look saisissant lorsqu&#8217;il est appliqu\u00e9 \u00e0 l&#8217;intensit\u00e9 souhait\u00e9e sur les l\u00e8vres. Il convient pour obtenir des l\u00e8vres saisissantes dans le maquillage de jour comme de soir\u00e9e. Avec des options de couleurs dans les tons orange, rose, rouge et bordeaux, il s&#8217;adapte facilement \u00e0 diff\u00e9rents styles de maquillage. L&#8217;ar\u00f4me de vanille ajoute de la joie \u00e0 l&#8217;exp\u00e9rience du maquillage. Son effet longue dur\u00e9e en fait un choix pratique m\u00eame pour les jours les plus sp\u00e9ciaux.<\/p><\/div>\t\t\t\t\t\t\t\t<\/div>\n\t\t\t\t<section class=\"elementor-section elementor-inner-section elementor-element elementor-element-13d18d6a elementor-section-boxed elementor-section-height-default elementor-section-height-default\" data-id=\"13d18d6a\" data-element_type=\"section\" data-e-type=\"section\">\n\t\t\t\t\t\t<div class=\"elementor-container elementor-column-gap-no\">\n\t\t\t\t\t<div class=\"elementor-column elementor-col-50 elementor-inner-column elementor-element elementor-element-3da4f049\" data-id=\"3da4f049\" data-element_type=\"column\" data-e-type=\"column\">\n\t\t\t<div class=\"elementor-widget-wrap elementor-element-populated\">\n\t\t\t\t\t\t<div class=\"elementor-element elementor-element-318a2190 elementor-widget elementor-widget-image\" data-id=\"318a2190\" data-element_type=\"widget\" data-e-type=\"widget\" data-widget_type=\"image.default\">\n\t\t\t\t\t\t\t\t\t\t\t\t\t\t\t<img fetchpriority=\"high\" decoding=\"async\" width=\"1000\" height=\"1000\" src=\"https:\/\/jardindelaparfumerie.com\/wp-content\/uploads\/2025\/11\/Flormar-Shine-Kiss-Me-More-Lip-Tattoo-Apricot-Marmalade-2.jpg\" class=\"attachment-full size-full wp-image-9239\" alt=\"\" \/>\t\t\t\t\t\t\t\t\t\t\t\t\t\t\t<\/div>\n\t\t\t\t\t<\/div>\n\t\t<\/div>\n\t\t\t\t<div class=\"elementor-column elementor-col-50 elementor-inner-column elementor-element elementor-element-a042d22\" data-id=\"a042d22\" data-element_type=\"column\" data-e-type=\"column\">\n\t\t\t<div class=\"elementor-widget-wrap elementor-element-populated\">\n\t\t\t\t\t\t<div class=\"elementor-element elementor-element-1b9e13ab elementor-widget elementor-widget-image\" data-id=\"1b9e13ab\" data-element_type=\"widget\" data-e-type=\"widget\" data-widget_type=\"image.default\">\n\t\t\t\t\t\t\t\t\t\t\t\t\t\t\t<img decoding=\"async\" width=\"1000\" height=\"1000\" src=\"https:\/\/jardindelaparfumerie.com\/wp-content\/uploads\/2025\/11\/Flormar-Shine-Kiss-Me-More-Lip-Tattoo.jpg\" class=\"attachment-full size-full wp-image-9256\" alt=\"\" \/>\t\t\t\t\t\t\t\t\t\t\t\t\t\t\t<\/div>\n\t\t\t\t\t<\/div>\n\t\t<\/div>\n\t\t\t\t\t<\/div>\n\t\t<\/section>\n\t\t\t\t\t<\/div>\n\t\t<\/div>\n\t\t\t\t\t<\/div>\n\t\t<\/section>\n\t\t\t\t<\/div>","protected":false},"excerpt":{"rendered":"<p>Facile \u00e0 appliquer gr\u00e2ce \u00e0 son applicateur \u00e9ponge doux, le rouge \u00e0 l\u00e8vres Flormar Shine Kiss Me More Lip Tattoo offre une exp\u00e9rience unique gr\u00e2ce \u00e0 sa formule longue tenue et sa texture cr\u00e9meuse, intens\u00e9ment pigment\u00e9e.<\/p>","protected":false},"featured_media":9238,"comment_status":"open","ping_status":"closed","template":"","meta":[],"product_brand":[351],"product_cat":[123,103,128],"product_tag":[],"class_list":{"0":"post-9226","1":"product","2":"type-product","3":"status-publish","4":"has-post-thumbnail","6":"product_brand-flormar","7":"product_cat-levres","8":"product_cat-maquillage","9":"product_cat-rouge-a-levres","10":"pa_couleur-apricot-marmalade","11":"pa_couleur-bare-beauty","12":"pa_couleur-candy","13":"pa_couleur-flormar-pink","14":"pa_couleur-home-office-day","15":"pa_couleur-party-night","16":"pa_couleur-pinky-touch","17":"pa_couleur-rich-girl","20":"instock","21":"featured","22":"shipping-taxable","23":"purchasable","24":"product-type-variable"},"yoast_head":"<!-- This site is optimized with the Yoast SEO plugin v27.4 - https:\/\/yoast.com\/product\/yoast-seo-wordpress\/ -->\n<title>Flormar Shine Kiss Me More Lip Tattoo &#8211; Jardin de la Parfumerie<\/title>\n<meta name=\"description\" content=\"Flormar Shine Kiss Me More Lip Tattoo offre une couleur intense, longue tenue et un fini brillant l\u00e9ger pour des l\u00e8vres sublim\u00e9es toute la journ\u00e9e.\" \/>\n<meta name=\"robots\" content=\"index, follow, max-snippet:-1, max-image-preview:large, max-video-preview:-1\" \/>\n<link rel=\"canonical\" href=\"https:\/\/jardindelaparfumerie.com\/en\/shop\/maquillage\/levres\/rouge-a-levres\/flormar-shine-kiss-me-more-lip-tattoo\/\" \/>\n<meta property=\"og:locale\" content=\"en_US\" \/>\n<meta property=\"og:type\" content=\"article\" \/>\n<meta property=\"og:title\" content=\"Flormar Shine Kiss Me More Lip Tattoo &#8211; Jardin de la Parfumerie\" \/>\n<meta property=\"og:description\" content=\"Flormar Shine Kiss Me More Lip Tattoo offre une couleur intense, longue tenue et un fini brillant l\u00e9ger pour des l\u00e8vres sublim\u00e9es toute la journ\u00e9e.\" \/>\n<meta property=\"og:url\" content=\"https:\/\/jardindelaparfumerie.com\/en\/shop\/maquillage\/levres\/rouge-a-levres\/flormar-shine-kiss-me-more-lip-tattoo\/\" \/>\n<meta property=\"og:site_name\" content=\"Jardin de la Parfumerie\" \/>\n<meta property=\"article:publisher\" content=\"https:\/\/www.facebook.com\/p\/Jardin-De-La-Parfumerie-100075860036544\/?locale=fr_FR\" \/>\n<meta property=\"article:modified_time\" content=\"2025-11-28T15:05:38+00:00\" \/>\n<meta property=\"og:image\" content=\"https:\/\/jardindelaparfumerie.com\/wp-content\/uploads\/2025\/11\/Flormar-Shine-Kiss-Me-More-Lip-Tattoo-Apricot-Marmalade.jpg\" \/>\n\t<meta property=\"og:image:width\" content=\"1000\" \/>\n\t<meta property=\"og:image:height\" content=\"1000\" \/>\n\t<meta property=\"og:image:type\" content=\"image\/jpeg\" \/>\n<meta name=\"twitter:card\" content=\"summary_large_image\" \/>\n<meta name=\"twitter:label1\" content=\"Est. reading time\" \/>\n\t<meta name=\"twitter:data1\" content=\"3 minutes\" \/>\n<script type=\"application\/ld+json\" class=\"yoast-schema-graph\">{\"@context\":\"https:\\\/\\\/schema.org\",\"@graph\":[{\"@type\":\"WebPage\",\"@id\":\"https:\\\/\\\/jardindelaparfumerie.com\\\/shop\\\/maquillage\\\/levres\\\/rouge-a-levres\\\/flormar-shine-kiss-me-more-lip-tattoo\\\/\",\"url\":\"https:\\\/\\\/jardindelaparfumerie.com\\\/shop\\\/maquillage\\\/levres\\\/rouge-a-levres\\\/flormar-shine-kiss-me-more-lip-tattoo\\\/\",\"name\":\"Flormar Shine Kiss Me More Lip Tattoo &#8211; Jardin de la Parfumerie\",\"isPartOf\":{\"@id\":\"https:\\\/\\\/jardindelaparfumerie.com\\\/#website\"},\"primaryImageOfPage\":{\"@id\":\"https:\\\/\\\/jardindelaparfumerie.com\\\/shop\\\/maquillage\\\/levres\\\/rouge-a-levres\\\/flormar-shine-kiss-me-more-lip-tattoo\\\/#primaryimage\"},\"image\":{\"@id\":\"https:\\\/\\\/jardindelaparfumerie.com\\\/shop\\\/maquillage\\\/levres\\\/rouge-a-levres\\\/flormar-shine-kiss-me-more-lip-tattoo\\\/#primaryimage\"},\"thumbnailUrl\":\"https:\\\/\\\/jardindelaparfumerie.com\\\/wp-content\\\/uploads\\\/2025\\\/11\\\/Flormar-Shine-Kiss-Me-More-Lip-Tattoo-Apricot-Marmalade.jpg\",\"datePublished\":\"2025-11-24T09:59:49+00:00\",\"dateModified\":\"2025-11-28T15:05:38+00:00\",\"description\":\"Flormar Shine Kiss Me More Lip Tattoo offre une couleur intense, longue tenue et un fini brillant l\u00e9ger pour des l\u00e8vres sublim\u00e9es toute la journ\u00e9e.\",\"breadcrumb\":{\"@id\":\"https:\\\/\\\/jardindelaparfumerie.com\\\/shop\\\/maquillage\\\/levres\\\/rouge-a-levres\\\/flormar-shine-kiss-me-more-lip-tattoo\\\/#breadcrumb\"},\"inLanguage\":\"en-US\",\"potentialAction\":[{\"@type\":\"ReadAction\",\"target\":[\"https:\\\/\\\/jardindelaparfumerie.com\\\/shop\\\/maquillage\\\/levres\\\/rouge-a-levres\\\/flormar-shine-kiss-me-more-lip-tattoo\\\/\"]}]},{\"@type\":\"ImageObject\",\"inLanguage\":\"en-US\",\"@id\":\"https:\\\/\\\/jardindelaparfumerie.com\\\/shop\\\/maquillage\\\/levres\\\/rouge-a-levres\\\/flormar-shine-kiss-me-more-lip-tattoo\\\/#primaryimage\",\"url\":\"https:\\\/\\\/jardindelaparfumerie.com\\\/wp-content\\\/uploads\\\/2025\\\/11\\\/Flormar-Shine-Kiss-Me-More-Lip-Tattoo-Apricot-Marmalade.jpg\",\"contentUrl\":\"https:\\\/\\\/jardindelaparfumerie.com\\\/wp-content\\\/uploads\\\/2025\\\/11\\\/Flormar-Shine-Kiss-Me-More-Lip-Tattoo-Apricot-Marmalade.jpg\",\"width\":1000,\"height\":1000},{\"@type\":\"BreadcrumbList\",\"@id\":\"https:\\\/\\\/jardindelaparfumerie.com\\\/shop\\\/maquillage\\\/levres\\\/rouge-a-levres\\\/flormar-shine-kiss-me-more-lip-tattoo\\\/#breadcrumb\",\"itemListElement\":[{\"@type\":\"ListItem\",\"position\":1,\"name\":\"Accueil\",\"item\":\"https:\\\/\\\/jardindelaparfumerie.com\\\/\"},{\"@type\":\"ListItem\",\"position\":2,\"name\":\"Boutique\",\"item\":\"https:\\\/\\\/jardindelaparfumerie.com\\\/boutique\\\/\"},{\"@type\":\"ListItem\",\"position\":3,\"name\":\"Flormar Shine Kiss Me More Lip Tattoo\"}]},{\"@type\":\"WebSite\",\"@id\":\"https:\\\/\\\/jardindelaparfumerie.com\\\/#website\",\"url\":\"https:\\\/\\\/jardindelaparfumerie.com\\\/\",\"name\":\"Jardin de la Parfumerie\",\"description\":\"L\u2019art du Parfum, l\u2019essence du Luxe\",\"publisher\":{\"@id\":\"https:\\\/\\\/jardindelaparfumerie.com\\\/#organization\"},\"potentialAction\":[{\"@type\":\"SearchAction\",\"target\":{\"@type\":\"EntryPoint\",\"urlTemplate\":\"https:\\\/\\\/jardindelaparfumerie.com\\\/?s={search_term_string}\"},\"query-input\":{\"@type\":\"PropertyValueSpecification\",\"valueRequired\":true,\"valueName\":\"search_term_string\"}}],\"inLanguage\":\"en-US\"},{\"@type\":\"Organization\",\"@id\":\"https:\\\/\\\/jardindelaparfumerie.com\\\/#organization\",\"name\":\"Jardin de la Parfumerie\",\"url\":\"https:\\\/\\\/jardindelaparfumerie.com\\\/\",\"logo\":{\"@type\":\"ImageObject\",\"inLanguage\":\"en-US\",\"@id\":\"https:\\\/\\\/jardindelaparfumerie.com\\\/#\\\/schema\\\/logo\\\/image\\\/\",\"url\":\"https:\\\/\\\/jardindelaparfumerie.com\\\/wp-content\\\/uploads\\\/2022\\\/05\\\/Logo-alt-1.png\",\"contentUrl\":\"https:\\\/\\\/jardindelaparfumerie.com\\\/wp-content\\\/uploads\\\/2022\\\/05\\\/Logo-alt-1.png\",\"width\":725,\"height\":342,\"caption\":\"Jardin de la Parfumerie\"},\"image\":{\"@id\":\"https:\\\/\\\/jardindelaparfumerie.com\\\/#\\\/schema\\\/logo\\\/image\\\/\"},\"sameAs\":[\"https:\\\/\\\/www.facebook.com\\\/p\\\/Jardin-De-La-Parfumerie-100075860036544\\\/?locale=fr_FR\",\"https:\\\/\\\/www.instagram.com\\\/jardindelaparfumerie\\\/\"]}]}<\/script>\n<!-- \/ Yoast SEO plugin. -->","yoast_head_json":{"title":"Flormar Shine Kiss Me More Lip Tattoo &#8211; Jardin de la Parfumerie","description":"Flormar Shine Kiss Me More Lip Tattoo offre une couleur intense, longue tenue et un fini brillant l\u00e9ger pour des l\u00e8vres sublim\u00e9es toute la journ\u00e9e.","robots":{"index":"index","follow":"follow","max-snippet":"max-snippet:-1","max-image-preview":"max-image-preview:large","max-video-preview":"max-video-preview:-1"},"canonical":"https:\/\/jardindelaparfumerie.com\/en\/shop\/maquillage\/levres\/rouge-a-levres\/flormar-shine-kiss-me-more-lip-tattoo\/","og_locale":"en_US","og_type":"article","og_title":"Flormar Shine Kiss Me More Lip Tattoo &#8211; Jardin de la Parfumerie","og_description":"Flormar Shine Kiss Me More Lip Tattoo offre une couleur intense, longue tenue et un fini brillant l\u00e9ger pour des l\u00e8vres sublim\u00e9es toute la journ\u00e9e.","og_url":"https:\/\/jardindelaparfumerie.com\/en\/shop\/maquillage\/levres\/rouge-a-levres\/flormar-shine-kiss-me-more-lip-tattoo\/","og_site_name":"Jardin de la Parfumerie","article_publisher":"https:\/\/www.facebook.com\/p\/Jardin-De-La-Parfumerie-100075860036544\/?locale=fr_FR","article_modified_time":"2025-11-28T15:05:38+00:00","og_image":[{"width":1000,"height":1000,"url":"https:\/\/jardindelaparfumerie.com\/wp-content\/uploads\/2025\/11\/Flormar-Shine-Kiss-Me-More-Lip-Tattoo-Apricot-Marmalade.jpg","type":"image\/jpeg"}],"twitter_card":"summary_large_image","twitter_misc":{"Est. reading time":"3 minutes"},"schema":{"@context":"https:\/\/schema.org","@graph":[{"@type":"WebPage","@id":"https:\/\/jardindelaparfumerie.com\/shop\/maquillage\/levres\/rouge-a-levres\/flormar-shine-kiss-me-more-lip-tattoo\/","url":"https:\/\/jardindelaparfumerie.com\/shop\/maquillage\/levres\/rouge-a-levres\/flormar-shine-kiss-me-more-lip-tattoo\/","name":"Flormar Shine Kiss Me More Lip Tattoo &#8211; Jardin de la Parfumerie","isPartOf":{"@id":"https:\/\/jardindelaparfumerie.com\/#website"},"primaryImageOfPage":{"@id":"https:\/\/jardindelaparfumerie.com\/shop\/maquillage\/levres\/rouge-a-levres\/flormar-shine-kiss-me-more-lip-tattoo\/#primaryimage"},"image":{"@id":"https:\/\/jardindelaparfumerie.com\/shop\/maquillage\/levres\/rouge-a-levres\/flormar-shine-kiss-me-more-lip-tattoo\/#primaryimage"},"thumbnailUrl":"https:\/\/jardindelaparfumerie.com\/wp-content\/uploads\/2025\/11\/Flormar-Shine-Kiss-Me-More-Lip-Tattoo-Apricot-Marmalade.jpg","datePublished":"2025-11-24T09:59:49+00:00","dateModified":"2025-11-28T15:05:38+00:00","description":"Flormar Shine Kiss Me More Lip Tattoo offre une couleur intense, longue tenue et un fini brillant l\u00e9ger pour des l\u00e8vres sublim\u00e9es toute la journ\u00e9e.","breadcrumb":{"@id":"https:\/\/jardindelaparfumerie.com\/shop\/maquillage\/levres\/rouge-a-levres\/flormar-shine-kiss-me-more-lip-tattoo\/#breadcrumb"},"inLanguage":"en-US","potentialAction":[{"@type":"ReadAction","target":["https:\/\/jardindelaparfumerie.com\/shop\/maquillage\/levres\/rouge-a-levres\/flormar-shine-kiss-me-more-lip-tattoo\/"]}]},{"@type":"ImageObject","inLanguage":"en-US","@id":"https:\/\/jardindelaparfumerie.com\/shop\/maquillage\/levres\/rouge-a-levres\/flormar-shine-kiss-me-more-lip-tattoo\/#primaryimage","url":"https:\/\/jardindelaparfumerie.com\/wp-content\/uploads\/2025\/11\/Flormar-Shine-Kiss-Me-More-Lip-Tattoo-Apricot-Marmalade.jpg","contentUrl":"https:\/\/jardindelaparfumerie.com\/wp-content\/uploads\/2025\/11\/Flormar-Shine-Kiss-Me-More-Lip-Tattoo-Apricot-Marmalade.jpg","width":1000,"height":1000},{"@type":"BreadcrumbList","@id":"https:\/\/jardindelaparfumerie.com\/shop\/maquillage\/levres\/rouge-a-levres\/flormar-shine-kiss-me-more-lip-tattoo\/#breadcrumb","itemListElement":[{"@type":"ListItem","position":1,"name":"Accueil","item":"https:\/\/jardindelaparfumerie.com\/"},{"@type":"ListItem","position":2,"name":"Boutique","item":"https:\/\/jardindelaparfumerie.com\/boutique\/"},{"@type":"ListItem","position":3,"name":"Flormar Shine Kiss Me More Lip Tattoo"}]},{"@type":"WebSite","@id":"https:\/\/jardindelaparfumerie.com\/#website","url":"https:\/\/jardindelaparfumerie.com\/","name":"Jardin de la Parfumerie","description":"L\u2019art du Parfum, l\u2019essence du Luxe","publisher":{"@id":"https:\/\/jardindelaparfumerie.com\/#organization"},"potentialAction":[{"@type":"SearchAction","target":{"@type":"EntryPoint","urlTemplate":"https:\/\/jardindelaparfumerie.com\/?s={search_term_string}"},"query-input":{"@type":"PropertyValueSpecification","valueRequired":true,"valueName":"search_term_string"}}],"inLanguage":"en-US"},{"@type":"Organization","@id":"https:\/\/jardindelaparfumerie.com\/#organization","name":"Jardin de la Parfumerie","url":"https:\/\/jardindelaparfumerie.com\/","logo":{"@type":"ImageObject","inLanguage":"en-US","@id":"https:\/\/jardindelaparfumerie.com\/#\/schema\/logo\/image\/","url":"https:\/\/jardindelaparfumerie.com\/wp-content\/uploads\/2022\/05\/Logo-alt-1.png","contentUrl":"https:\/\/jardindelaparfumerie.com\/wp-content\/uploads\/2022\/05\/Logo-alt-1.png","width":725,"height":342,"caption":"Jardin de la Parfumerie"},"image":{"@id":"https:\/\/jardindelaparfumerie.com\/#\/schema\/logo\/image\/"},"sameAs":["https:\/\/www.facebook.com\/p\/Jardin-De-La-Parfumerie-100075860036544\/?locale=fr_FR","https:\/\/www.instagram.com\/jardindelaparfumerie\/"]}]}},"jetpack_sharing_enabled":true,"_links":{"self":[{"href":"https:\/\/jardindelaparfumerie.com\/en\/wp-json\/wp\/v2\/product\/9226","targetHints":{"allow":["GET"]}}],"collection":[{"href":"https:\/\/jardindelaparfumerie.com\/en\/wp-json\/wp\/v2\/product"}],"about":[{"href":"https:\/\/jardindelaparfumerie.com\/en\/wp-json\/wp\/v2\/types\/product"}],"replies":[{"embeddable":true,"href":"https:\/\/jardindelaparfumerie.com\/en\/wp-json\/wp\/v2\/comments?post=9226"}],"version-history":[{"count":5,"href":"https:\/\/jardindelaparfumerie.com\/en\/wp-json\/wp\/v2\/product\/9226\/revisions"}],"predecessor-version":[{"id":9260,"href":"https:\/\/jardindelaparfumerie.com\/en\/wp-json\/wp\/v2\/product\/9226\/revisions\/9260"}],"wp:featuredmedia":[{"embeddable":true,"href":"https:\/\/jardindelaparfumerie.com\/en\/wp-json\/wp\/v2\/media\/9238"}],"wp:attachment":[{"href":"https:\/\/jardindelaparfumerie.com\/en\/wp-json\/wp\/v2\/media?parent=9226"}],"wp:term":[{"taxonomy":"product_brand","embeddable":true,"href":"https:\/\/jardindelaparfumerie.com\/en\/wp-json\/wp\/v2\/product_brand?post=9226"},{"taxonomy":"product_cat","embeddable":true,"href":"https:\/\/jardindelaparfumerie.com\/en\/wp-json\/wp\/v2\/product_cat?post=9226"},{"taxonomy":"product_tag","embeddable":true,"href":"https:\/\/jardindelaparfumerie.com\/en\/wp-json\/wp\/v2\/product_tag?post=9226"}],"curies":[{"name":"wp","href":"https:\/\/api.w.org\/{rel}","templated":true}]}}