{"id":9305,"date":"2025-11-24T13:32:03","date_gmt":"2025-11-24T12:32:03","guid":{"rendered":"https:\/\/jardindelaparfumerie.com\/?post_type=product&#038;p=9305"},"modified":"2025-11-24T13:53:26","modified_gmt":"2025-11-24T12:53:26","slug":"flormar-3in1-cleansing-gel-system","status":"publish","type":"product","link":"https:\/\/jardindelaparfumerie.com\/en\/shop\/soins-visage\/gel-nettoyant\/flormar-3in1-cleansing-gel-system\/","title":{"rendered":"Flormar 3In1 Cleansing Gel System"},"content":{"rendered":"<div data-elementor-type=\"wp-post\" data-elementor-id=\"9305\" class=\"elementor elementor-9305\" data-elementor-post-type=\"product\">\n\t\t\t\t\t\t<section class=\"elementor-section elementor-top-section elementor-element elementor-element-25a46325 elementor-section-boxed elementor-section-height-default elementor-section-height-default\" data-id=\"25a46325\" data-element_type=\"section\" data-e-type=\"section\">\n\t\t\t\t\t\t<div class=\"elementor-container elementor-column-gap-no\">\n\t\t\t\t\t<div class=\"elementor-column elementor-col-100 elementor-top-column elementor-element elementor-element-180e4677\" data-id=\"180e4677\" data-element_type=\"column\" data-e-type=\"column\">\n\t\t\t<div class=\"elementor-widget-wrap elementor-element-populated\">\n\t\t\t\t\t\t<div class=\"elementor-element elementor-element-6b3f5509 elementor-widget elementor-widget-text-editor\" data-id=\"6b3f5509\" data-element_type=\"widget\" data-e-type=\"widget\" data-widget_type=\"text-editor.default\">\n\t\t\t\t\t\t\t\t\t<div class=\"l-column\"><p>Le secret d&#8217;une peau \u00e9clatante et saine r\u00e9side dans des soins quotidiens r\u00e9guliers, matin et soir. La premi\u00e8re \u00e9tape d&#8217;une routine de soins quotidienne consiste \u00e0 utiliser un gel nettoyant efficace adapt\u00e9 au nettoyage du visage. Gr\u00e2ce \u00e0 sa formule sp\u00e9ciale con\u00e7ue pour les peaux mixtes et grasses, le gel nettoyant 3 en 1 est id\u00e9al pour vous, surtout si vous en avez assez des points noirs. Utilis\u00e9 r\u00e9guli\u00e8rement, ce gel nettoyant en profondeur vous aide \u00e0 lutter contre les points noirs, qui entra\u00eenent une accumulation de salet\u00e9 et de s\u00e9bum dans la peau. Vous allez adorer la sensation de douceur et de souplesse que ce produit, qui contient de l&#8217;extrait d&#8217;agrumes connu pour son effet nettoyant et \u00e9claircissant, laisse sur votre peau apr\u00e8s chaque utilisation ! Ce produit, qui rend votre routine quotidienne de soins de la peau plus agr\u00e9able gr\u00e2ce \u00e0 la sensation de fra\u00eecheur et au parfum agr\u00e9able qu&#8217;il procure \u00e0 votre peau, est facile \u00e0 utiliser gr\u00e2ce \u00e0 son conditionnement en tube de 150 ml.<\/p><\/div>\t\t\t\t\t\t\t\t<\/div>\n\t\t\t\t<section class=\"elementor-section elementor-inner-section elementor-element elementor-element-13d18d6a elementor-section-boxed elementor-section-height-default elementor-section-height-default\" data-id=\"13d18d6a\" data-element_type=\"section\" data-e-type=\"section\">\n\t\t\t\t\t\t<div class=\"elementor-container elementor-column-gap-no\">\n\t\t\t\t\t<div class=\"elementor-column elementor-col-50 elementor-inner-column elementor-element elementor-element-3da4f049\" data-id=\"3da4f049\" data-element_type=\"column\" data-e-type=\"column\">\n\t\t\t<div class=\"elementor-widget-wrap elementor-element-populated\">\n\t\t\t\t\t\t<div class=\"elementor-element elementor-element-318a2190 elementor-widget elementor-widget-image\" data-id=\"318a2190\" data-element_type=\"widget\" data-e-type=\"widget\" data-widget_type=\"image.default\">\n\t\t\t\t\t\t\t\t\t\t\t\t\t\t\t<img fetchpriority=\"high\" decoding=\"async\" width=\"1000\" height=\"1000\" src=\"https:\/\/jardindelaparfumerie.com\/wp-content\/uploads\/2025\/11\/Flormar-3In1-Cleansing-Gel-System-3.jpg\" class=\"attachment-full size-full wp-image-9307\" alt=\"\" \/>\t\t\t\t\t\t\t\t\t\t\t\t\t\t\t<\/div>\n\t\t\t\t\t<\/div>\n\t\t<\/div>\n\t\t\t\t<div class=\"elementor-column elementor-col-50 elementor-inner-column elementor-element elementor-element-a042d22\" data-id=\"a042d22\" data-element_type=\"column\" data-e-type=\"column\">\n\t\t\t<div class=\"elementor-widget-wrap elementor-element-populated\">\n\t\t\t\t\t\t<div class=\"elementor-element elementor-element-1b9e13ab elementor-widget elementor-widget-image\" data-id=\"1b9e13ab\" data-element_type=\"widget\" data-e-type=\"widget\" data-widget_type=\"image.default\">\n\t\t\t\t\t\t\t\t\t\t\t\t\t\t\t<img decoding=\"async\" width=\"1000\" height=\"1000\" src=\"https:\/\/jardindelaparfumerie.com\/wp-content\/uploads\/2025\/11\/Flormar-3In1-Cleansing-Gel-System-2.jpg\" class=\"attachment-full size-full wp-image-9308\" alt=\"\" \/>\t\t\t\t\t\t\t\t\t\t\t\t\t\t\t<\/div>\n\t\t\t\t\t<\/div>\n\t\t<\/div>\n\t\t\t\t\t<\/div>\n\t\t<\/section>\n\t\t\t\t\t<\/div>\n\t\t<\/div>\n\t\t\t\t\t<\/div>\n\t\t<\/section>\n\t\t\t\t<\/div>","protected":false},"excerpt":{"rendered":"<p>D\u00e9velopp\u00e9 pour les peaux grasses et mixtes, le gel nettoyant 3 en 1 Flormar combat les points noirs et pr\u00e9vient la formation d&#8217;imperfections caus\u00e9es par le s\u00e9bum et les impuret\u00e9s pr\u00e9sents sur la peau.<\/p>","protected":false},"featured_media":9309,"comment_status":"open","ping_status":"closed","template":"","meta":[],"product_brand":[351],"product_cat":[499,102],"product_tag":[],"class_list":{"0":"post-9305","1":"product","2":"type-product","3":"status-publish","4":"has-post-thumbnail","6":"product_brand-flormar","7":"product_cat-gel-nettoyant","8":"product_cat-soins-visage","11":"instock","12":"featured","13":"shipping-taxable","14":"purchasable","15":"product-type-simple"},"yoast_head":"<!-- This site is optimized with the Yoast SEO plugin v27.4 - https:\/\/yoast.com\/product\/yoast-seo-wordpress\/ -->\n<title>Flormar 3In1 Cleansing Gel System &#8211; Jardin de la Parfumerie<\/title>\n<meta name=\"description\" content=\"Un gel nettoyant 3-en-1 efficace pour les peaux mixtes \u00e0 grasses : purifie, d\u00e9sincruste et r\u00e9gule l\u2019exc\u00e8s de s\u00e9bum pour une peau nette, fra\u00eeche et \u00e9quilibr\u00e9e au quotidien.\" \/>\n<meta name=\"robots\" content=\"index, follow, max-snippet:-1, max-image-preview:large, max-video-preview:-1\" \/>\n<link rel=\"canonical\" href=\"https:\/\/jardindelaparfumerie.com\/en\/shop\/soins-visage\/gel-nettoyant\/flormar-3in1-cleansing-gel-system\/\" \/>\n<meta property=\"og:locale\" content=\"en_US\" \/>\n<meta property=\"og:type\" content=\"article\" \/>\n<meta property=\"og:title\" content=\"Flormar 3In1 Cleansing Gel System &#8211; Jardin de la Parfumerie\" \/>\n<meta property=\"og:description\" content=\"Un gel nettoyant 3-en-1 efficace pour les peaux mixtes \u00e0 grasses : purifie, d\u00e9sincruste et r\u00e9gule l\u2019exc\u00e8s de s\u00e9bum pour une peau nette, fra\u00eeche et \u00e9quilibr\u00e9e au quotidien.\" \/>\n<meta property=\"og:url\" content=\"https:\/\/jardindelaparfumerie.com\/en\/shop\/soins-visage\/gel-nettoyant\/flormar-3in1-cleansing-gel-system\/\" \/>\n<meta property=\"og:site_name\" content=\"Jardin de la Parfumerie\" \/>\n<meta property=\"article:publisher\" content=\"https:\/\/www.facebook.com\/p\/Jardin-De-La-Parfumerie-100075860036544\/?locale=fr_FR\" \/>\n<meta property=\"article:modified_time\" content=\"2025-11-24T12:53:26+00:00\" \/>\n<meta property=\"og:image\" content=\"https:\/\/jardindelaparfumerie.com\/wp-content\/uploads\/2025\/11\/Flormar-3In1-Cleansing-Gel-System.jpg\" \/>\n\t<meta property=\"og:image:width\" content=\"1000\" \/>\n\t<meta property=\"og:image:height\" content=\"1000\" \/>\n\t<meta property=\"og:image:type\" content=\"image\/jpeg\" \/>\n<meta name=\"twitter:card\" content=\"summary_large_image\" \/>\n<meta name=\"twitter:label1\" content=\"Est. reading time\" \/>\n\t<meta name=\"twitter:data1\" content=\"2 minutes\" \/>\n<script type=\"application\/ld+json\" class=\"yoast-schema-graph\">{\"@context\":\"https:\\\/\\\/schema.org\",\"@graph\":[{\"@type\":\"WebPage\",\"@id\":\"https:\\\/\\\/jardindelaparfumerie.com\\\/shop\\\/soins-visage\\\/gel-nettoyant\\\/flormar-3in1-cleansing-gel-system\\\/\",\"url\":\"https:\\\/\\\/jardindelaparfumerie.com\\\/shop\\\/soins-visage\\\/gel-nettoyant\\\/flormar-3in1-cleansing-gel-system\\\/\",\"name\":\"Flormar 3In1 Cleansing Gel System &#8211; Jardin de la Parfumerie\",\"isPartOf\":{\"@id\":\"https:\\\/\\\/jardindelaparfumerie.com\\\/#website\"},\"primaryImageOfPage\":{\"@id\":\"https:\\\/\\\/jardindelaparfumerie.com\\\/shop\\\/soins-visage\\\/gel-nettoyant\\\/flormar-3in1-cleansing-gel-system\\\/#primaryimage\"},\"image\":{\"@id\":\"https:\\\/\\\/jardindelaparfumerie.com\\\/shop\\\/soins-visage\\\/gel-nettoyant\\\/flormar-3in1-cleansing-gel-system\\\/#primaryimage\"},\"thumbnailUrl\":\"https:\\\/\\\/jardindelaparfumerie.com\\\/wp-content\\\/uploads\\\/2025\\\/11\\\/Flormar-3In1-Cleansing-Gel-System.jpg\",\"datePublished\":\"2025-11-24T12:32:03+00:00\",\"dateModified\":\"2025-11-24T12:53:26+00:00\",\"description\":\"Un gel nettoyant 3-en-1 efficace pour les peaux mixtes \u00e0 grasses : purifie, d\u00e9sincruste et r\u00e9gule l\u2019exc\u00e8s de s\u00e9bum pour une peau nette, fra\u00eeche et \u00e9quilibr\u00e9e au quotidien.\",\"breadcrumb\":{\"@id\":\"https:\\\/\\\/jardindelaparfumerie.com\\\/shop\\\/soins-visage\\\/gel-nettoyant\\\/flormar-3in1-cleansing-gel-system\\\/#breadcrumb\"},\"inLanguage\":\"en-US\",\"potentialAction\":[{\"@type\":\"ReadAction\",\"target\":[\"https:\\\/\\\/jardindelaparfumerie.com\\\/shop\\\/soins-visage\\\/gel-nettoyant\\\/flormar-3in1-cleansing-gel-system\\\/\"]}]},{\"@type\":\"ImageObject\",\"inLanguage\":\"en-US\",\"@id\":\"https:\\\/\\\/jardindelaparfumerie.com\\\/shop\\\/soins-visage\\\/gel-nettoyant\\\/flormar-3in1-cleansing-gel-system\\\/#primaryimage\",\"url\":\"https:\\\/\\\/jardindelaparfumerie.com\\\/wp-content\\\/uploads\\\/2025\\\/11\\\/Flormar-3In1-Cleansing-Gel-System.jpg\",\"contentUrl\":\"https:\\\/\\\/jardindelaparfumerie.com\\\/wp-content\\\/uploads\\\/2025\\\/11\\\/Flormar-3In1-Cleansing-Gel-System.jpg\",\"width\":1000,\"height\":1000},{\"@type\":\"BreadcrumbList\",\"@id\":\"https:\\\/\\\/jardindelaparfumerie.com\\\/shop\\\/soins-visage\\\/gel-nettoyant\\\/flormar-3in1-cleansing-gel-system\\\/#breadcrumb\",\"itemListElement\":[{\"@type\":\"ListItem\",\"position\":1,\"name\":\"Accueil\",\"item\":\"https:\\\/\\\/jardindelaparfumerie.com\\\/\"},{\"@type\":\"ListItem\",\"position\":2,\"name\":\"Boutique\",\"item\":\"https:\\\/\\\/jardindelaparfumerie.com\\\/boutique\\\/\"},{\"@type\":\"ListItem\",\"position\":3,\"name\":\"Flormar 3In1 Cleansing Gel System\"}]},{\"@type\":\"WebSite\",\"@id\":\"https:\\\/\\\/jardindelaparfumerie.com\\\/#website\",\"url\":\"https:\\\/\\\/jardindelaparfumerie.com\\\/\",\"name\":\"Jardin de la Parfumerie\",\"description\":\"L\u2019art du Parfum, l\u2019essence du Luxe\",\"publisher\":{\"@id\":\"https:\\\/\\\/jardindelaparfumerie.com\\\/#organization\"},\"potentialAction\":[{\"@type\":\"SearchAction\",\"target\":{\"@type\":\"EntryPoint\",\"urlTemplate\":\"https:\\\/\\\/jardindelaparfumerie.com\\\/?s={search_term_string}\"},\"query-input\":{\"@type\":\"PropertyValueSpecification\",\"valueRequired\":true,\"valueName\":\"search_term_string\"}}],\"inLanguage\":\"en-US\"},{\"@type\":\"Organization\",\"@id\":\"https:\\\/\\\/jardindelaparfumerie.com\\\/#organization\",\"name\":\"Jardin de la Parfumerie\",\"url\":\"https:\\\/\\\/jardindelaparfumerie.com\\\/\",\"logo\":{\"@type\":\"ImageObject\",\"inLanguage\":\"en-US\",\"@id\":\"https:\\\/\\\/jardindelaparfumerie.com\\\/#\\\/schema\\\/logo\\\/image\\\/\",\"url\":\"https:\\\/\\\/jardindelaparfumerie.com\\\/wp-content\\\/uploads\\\/2022\\\/05\\\/Logo-alt-1.png\",\"contentUrl\":\"https:\\\/\\\/jardindelaparfumerie.com\\\/wp-content\\\/uploads\\\/2022\\\/05\\\/Logo-alt-1.png\",\"width\":725,\"height\":342,\"caption\":\"Jardin de la Parfumerie\"},\"image\":{\"@id\":\"https:\\\/\\\/jardindelaparfumerie.com\\\/#\\\/schema\\\/logo\\\/image\\\/\"},\"sameAs\":[\"https:\\\/\\\/www.facebook.com\\\/p\\\/Jardin-De-La-Parfumerie-100075860036544\\\/?locale=fr_FR\",\"https:\\\/\\\/www.instagram.com\\\/jardindelaparfumerie\\\/\"]}]}<\/script>\n<!-- \/ Yoast SEO plugin. -->","yoast_head_json":{"title":"Flormar 3In1 Cleansing Gel System &#8211; Jardin de la Parfumerie","description":"Un gel nettoyant 3-en-1 efficace pour les peaux mixtes \u00e0 grasses : purifie, d\u00e9sincruste et r\u00e9gule l\u2019exc\u00e8s de s\u00e9bum pour une peau nette, fra\u00eeche et \u00e9quilibr\u00e9e au quotidien.","robots":{"index":"index","follow":"follow","max-snippet":"max-snippet:-1","max-image-preview":"max-image-preview:large","max-video-preview":"max-video-preview:-1"},"canonical":"https:\/\/jardindelaparfumerie.com\/en\/shop\/soins-visage\/gel-nettoyant\/flormar-3in1-cleansing-gel-system\/","og_locale":"en_US","og_type":"article","og_title":"Flormar 3In1 Cleansing Gel System &#8211; Jardin de la Parfumerie","og_description":"Un gel nettoyant 3-en-1 efficace pour les peaux mixtes \u00e0 grasses : purifie, d\u00e9sincruste et r\u00e9gule l\u2019exc\u00e8s de s\u00e9bum pour une peau nette, fra\u00eeche et \u00e9quilibr\u00e9e au quotidien.","og_url":"https:\/\/jardindelaparfumerie.com\/en\/shop\/soins-visage\/gel-nettoyant\/flormar-3in1-cleansing-gel-system\/","og_site_name":"Jardin de la Parfumerie","article_publisher":"https:\/\/www.facebook.com\/p\/Jardin-De-La-Parfumerie-100075860036544\/?locale=fr_FR","article_modified_time":"2025-11-24T12:53:26+00:00","og_image":[{"width":1000,"height":1000,"url":"https:\/\/jardindelaparfumerie.com\/wp-content\/uploads\/2025\/11\/Flormar-3In1-Cleansing-Gel-System.jpg","type":"image\/jpeg"}],"twitter_card":"summary_large_image","twitter_misc":{"Est. reading time":"2 minutes"},"schema":{"@context":"https:\/\/schema.org","@graph":[{"@type":"WebPage","@id":"https:\/\/jardindelaparfumerie.com\/shop\/soins-visage\/gel-nettoyant\/flormar-3in1-cleansing-gel-system\/","url":"https:\/\/jardindelaparfumerie.com\/shop\/soins-visage\/gel-nettoyant\/flormar-3in1-cleansing-gel-system\/","name":"Flormar 3In1 Cleansing Gel System &#8211; Jardin de la Parfumerie","isPartOf":{"@id":"https:\/\/jardindelaparfumerie.com\/#website"},"primaryImageOfPage":{"@id":"https:\/\/jardindelaparfumerie.com\/shop\/soins-visage\/gel-nettoyant\/flormar-3in1-cleansing-gel-system\/#primaryimage"},"image":{"@id":"https:\/\/jardindelaparfumerie.com\/shop\/soins-visage\/gel-nettoyant\/flormar-3in1-cleansing-gel-system\/#primaryimage"},"thumbnailUrl":"https:\/\/jardindelaparfumerie.com\/wp-content\/uploads\/2025\/11\/Flormar-3In1-Cleansing-Gel-System.jpg","datePublished":"2025-11-24T12:32:03+00:00","dateModified":"2025-11-24T12:53:26+00:00","description":"Un gel nettoyant 3-en-1 efficace pour les peaux mixtes \u00e0 grasses : purifie, d\u00e9sincruste et r\u00e9gule l\u2019exc\u00e8s de s\u00e9bum pour une peau nette, fra\u00eeche et \u00e9quilibr\u00e9e au quotidien.","breadcrumb":{"@id":"https:\/\/jardindelaparfumerie.com\/shop\/soins-visage\/gel-nettoyant\/flormar-3in1-cleansing-gel-system\/#breadcrumb"},"inLanguage":"en-US","potentialAction":[{"@type":"ReadAction","target":["https:\/\/jardindelaparfumerie.com\/shop\/soins-visage\/gel-nettoyant\/flormar-3in1-cleansing-gel-system\/"]}]},{"@type":"ImageObject","inLanguage":"en-US","@id":"https:\/\/jardindelaparfumerie.com\/shop\/soins-visage\/gel-nettoyant\/flormar-3in1-cleansing-gel-system\/#primaryimage","url":"https:\/\/jardindelaparfumerie.com\/wp-content\/uploads\/2025\/11\/Flormar-3In1-Cleansing-Gel-System.jpg","contentUrl":"https:\/\/jardindelaparfumerie.com\/wp-content\/uploads\/2025\/11\/Flormar-3In1-Cleansing-Gel-System.jpg","width":1000,"height":1000},{"@type":"BreadcrumbList","@id":"https:\/\/jardindelaparfumerie.com\/shop\/soins-visage\/gel-nettoyant\/flormar-3in1-cleansing-gel-system\/#breadcrumb","itemListElement":[{"@type":"ListItem","position":1,"name":"Accueil","item":"https:\/\/jardindelaparfumerie.com\/"},{"@type":"ListItem","position":2,"name":"Boutique","item":"https:\/\/jardindelaparfumerie.com\/boutique\/"},{"@type":"ListItem","position":3,"name":"Flormar 3In1 Cleansing Gel System"}]},{"@type":"WebSite","@id":"https:\/\/jardindelaparfumerie.com\/#website","url":"https:\/\/jardindelaparfumerie.com\/","name":"Jardin de la Parfumerie","description":"L\u2019art du Parfum, l\u2019essence du Luxe","publisher":{"@id":"https:\/\/jardindelaparfumerie.com\/#organization"},"potentialAction":[{"@type":"SearchAction","target":{"@type":"EntryPoint","urlTemplate":"https:\/\/jardindelaparfumerie.com\/?s={search_term_string}"},"query-input":{"@type":"PropertyValueSpecification","valueRequired":true,"valueName":"search_term_string"}}],"inLanguage":"en-US"},{"@type":"Organization","@id":"https:\/\/jardindelaparfumerie.com\/#organization","name":"Jardin de la Parfumerie","url":"https:\/\/jardindelaparfumerie.com\/","logo":{"@type":"ImageObject","inLanguage":"en-US","@id":"https:\/\/jardindelaparfumerie.com\/#\/schema\/logo\/image\/","url":"https:\/\/jardindelaparfumerie.com\/wp-content\/uploads\/2022\/05\/Logo-alt-1.png","contentUrl":"https:\/\/jardindelaparfumerie.com\/wp-content\/uploads\/2022\/05\/Logo-alt-1.png","width":725,"height":342,"caption":"Jardin de la Parfumerie"},"image":{"@id":"https:\/\/jardindelaparfumerie.com\/#\/schema\/logo\/image\/"},"sameAs":["https:\/\/www.facebook.com\/p\/Jardin-De-La-Parfumerie-100075860036544\/?locale=fr_FR","https:\/\/www.instagram.com\/jardindelaparfumerie\/"]}]}},"jetpack_sharing_enabled":true,"_links":{"self":[{"href":"https:\/\/jardindelaparfumerie.com\/en\/wp-json\/wp\/v2\/product\/9305","targetHints":{"allow":["GET"]}}],"collection":[{"href":"https:\/\/jardindelaparfumerie.com\/en\/wp-json\/wp\/v2\/product"}],"about":[{"href":"https:\/\/jardindelaparfumerie.com\/en\/wp-json\/wp\/v2\/types\/product"}],"replies":[{"embeddable":true,"href":"https:\/\/jardindelaparfumerie.com\/en\/wp-json\/wp\/v2\/comments?post=9305"}],"version-history":[{"count":5,"href":"https:\/\/jardindelaparfumerie.com\/en\/wp-json\/wp\/v2\/product\/9305\/revisions"}],"predecessor-version":[{"id":9314,"href":"https:\/\/jardindelaparfumerie.com\/en\/wp-json\/wp\/v2\/product\/9305\/revisions\/9314"}],"wp:featuredmedia":[{"embeddable":true,"href":"https:\/\/jardindelaparfumerie.com\/en\/wp-json\/wp\/v2\/media\/9309"}],"wp:attachment":[{"href":"https:\/\/jardindelaparfumerie.com\/en\/wp-json\/wp\/v2\/media?parent=9305"}],"wp:term":[{"taxonomy":"product_brand","embeddable":true,"href":"https:\/\/jardindelaparfumerie.com\/en\/wp-json\/wp\/v2\/product_brand?post=9305"},{"taxonomy":"product_cat","embeddable":true,"href":"https:\/\/jardindelaparfumerie.com\/en\/wp-json\/wp\/v2\/product_cat?post=9305"},{"taxonomy":"product_tag","embeddable":true,"href":"https:\/\/jardindelaparfumerie.com\/en\/wp-json\/wp\/v2\/product_tag?post=9305"}],"curies":[{"name":"wp","href":"https:\/\/api.w.org\/{rel}","templated":true}]}}