{"id":9324,"date":"2025-11-24T16:09:47","date_gmt":"2025-11-24T15:09:47","guid":{"rendered":"https:\/\/jardindelaparfumerie.com\/?post_type=product&#038;p=9324"},"modified":"2025-11-24T16:18:58","modified_gmt":"2025-11-24T15:18:58","slug":"flormar-4-in-1-complete-care","status":"publish","type":"product","link":"https:\/\/jardindelaparfumerie.com\/en\/shop\/maquillage\/ongles\/base-coat\/flormar-4-in-1-complete-care\/","title":{"rendered":"Flormar 4 In 1 Complete Care"},"content":{"rendered":"<div data-elementor-type=\"wp-post\" data-elementor-id=\"9324\" class=\"elementor elementor-9324\" data-elementor-post-type=\"product\">\n\t\t\t\t\t\t<section class=\"elementor-section elementor-top-section elementor-element elementor-element-25a46325 elementor-section-boxed elementor-section-height-default elementor-section-height-default\" data-id=\"25a46325\" data-element_type=\"section\" data-e-type=\"section\">\n\t\t\t\t\t\t<div class=\"elementor-container elementor-column-gap-no\">\n\t\t\t\t\t<div class=\"elementor-column elementor-col-100 elementor-top-column elementor-element elementor-element-180e4677\" data-id=\"180e4677\" data-element_type=\"column\" data-e-type=\"column\">\n\t\t\t<div class=\"elementor-widget-wrap elementor-element-populated\">\n\t\t\t\t\t\t<div class=\"elementor-element elementor-element-6b3f5509 elementor-widget elementor-widget-text-editor\" data-id=\"6b3f5509\" data-element_type=\"widget\" data-e-type=\"widget\" data-widget_type=\"text-editor.default\">\n\t\t\t\t\t\t\t\t\t<div class=\"l-column\"><p>Le kit complet 4 en 1 Flormar est une base pour ongles qui peut \u00eatre utilis\u00e9e \u00e0 la fois comme base et comme top coat, avec 4 effets diff\u00e9rents sur les ongles. Ces 4 effets sont le renforcement, l&#8217;hydratation, la croissance saine et le polissage de la surface des ongles. Brillant et incolore, ce vernis \u00e0 ongles peut \u00eatre appliqu\u00e9 seul sous le vernis \u00e0 ongles ou par-dessus le vernis \u00e0 ongles comme top coat.<\/p><\/div>\t\t\t\t\t\t\t\t<\/div>\n\t\t\t\t<section class=\"elementor-section elementor-inner-section elementor-element elementor-element-13d18d6a elementor-section-boxed elementor-section-height-default elementor-section-height-default\" data-id=\"13d18d6a\" data-element_type=\"section\" data-e-type=\"section\">\n\t\t\t\t\t\t<div class=\"elementor-container elementor-column-gap-no\">\n\t\t\t\t\t<div class=\"elementor-column elementor-col-50 elementor-inner-column elementor-element elementor-element-3da4f049\" data-id=\"3da4f049\" data-element_type=\"column\" data-e-type=\"column\">\n\t\t\t<div class=\"elementor-widget-wrap elementor-element-populated\">\n\t\t\t\t\t\t<div class=\"elementor-element elementor-element-318a2190 elementor-widget elementor-widget-image\" data-id=\"318a2190\" data-element_type=\"widget\" data-e-type=\"widget\" data-widget_type=\"image.default\">\n\t\t\t\t\t\t\t\t\t\t\t\t\t\t\t<img fetchpriority=\"high\" decoding=\"async\" width=\"1000\" height=\"1000\" src=\"https:\/\/jardindelaparfumerie.com\/wp-content\/uploads\/2025\/11\/4-In-1-Complete-Care-3.jpg\" class=\"attachment-full size-full wp-image-9327\" alt=\"\" \/>\t\t\t\t\t\t\t\t\t\t\t\t\t\t\t<\/div>\n\t\t\t\t\t<\/div>\n\t\t<\/div>\n\t\t\t\t<div class=\"elementor-column elementor-col-50 elementor-inner-column elementor-element elementor-element-a042d22\" data-id=\"a042d22\" data-element_type=\"column\" data-e-type=\"column\">\n\t\t\t<div class=\"elementor-widget-wrap elementor-element-populated\">\n\t\t\t\t\t\t<div class=\"elementor-element elementor-element-1b9e13ab elementor-widget elementor-widget-image\" data-id=\"1b9e13ab\" data-element_type=\"widget\" data-e-type=\"widget\" data-widget_type=\"image.default\">\n\t\t\t\t\t\t\t\t\t\t\t\t\t\t\t<img decoding=\"async\" width=\"1000\" height=\"1000\" src=\"https:\/\/jardindelaparfumerie.com\/wp-content\/uploads\/2025\/11\/4-In-1-Complete-Care-4.jpg\" class=\"attachment-full size-full wp-image-9328\" alt=\"\" \/>\t\t\t\t\t\t\t\t\t\t\t\t\t\t\t<\/div>\n\t\t\t\t\t<\/div>\n\t\t<\/div>\n\t\t\t\t\t<\/div>\n\t\t<\/section>\n\t\t\t\t\t<\/div>\n\t\t<\/div>\n\t\t\t\t\t<\/div>\n\t\t<\/section>\n\t\t\t\t<\/div>","protected":false},"excerpt":{"rendered":"<p>Le kit complet 4 en 1 Flormar est une base pour ongles qui peut \u00eatre utilis\u00e9e \u00e0 la fois comme base et comme top coat. Elle renforce, hydrate, embellit et allonge les ongles tout en \u00e9claircissant leur surface.<\/p>","protected":false},"featured_media":9325,"comment_status":"open","ping_status":"closed","template":"","meta":[],"product_brand":[351],"product_cat":[429,103,425,430],"product_tag":[],"class_list":{"0":"post-9324","1":"product","2":"type-product","3":"status-publish","4":"has-post-thumbnail","6":"product_brand-flormar","7":"product_cat-base-coat","8":"product_cat-maquillage","9":"product_cat-ongles","10":"product_cat-top-coat","13":"instock","14":"featured","15":"shipping-taxable","16":"purchasable","17":"product-type-simple"},"yoast_head":"<!-- This site is optimized with the Yoast SEO plugin v27.4 - https:\/\/yoast.com\/product\/yoast-seo-wordpress\/ -->\n<title>Flormar 4 In 1 Complete Care &#8211; Jardin de la Parfumerie<\/title>\n<meta name=\"description\" content=\"Flormar 4 in 1 Complete Care renforce, nourrit, prot\u00e8ge et fait briller les ongles pour une manucure plus saine, plus r\u00e9sistante et \u00e9clatante au quotidien.\" \/>\n<meta name=\"robots\" content=\"index, follow, max-snippet:-1, max-image-preview:large, max-video-preview:-1\" \/>\n<link rel=\"canonical\" href=\"https:\/\/jardindelaparfumerie.com\/en\/shop\/maquillage\/ongles\/base-coat\/flormar-4-in-1-complete-care\/\" \/>\n<meta property=\"og:locale\" content=\"en_US\" \/>\n<meta property=\"og:type\" content=\"article\" \/>\n<meta property=\"og:title\" content=\"Flormar 4 In 1 Complete Care &#8211; Jardin de la Parfumerie\" \/>\n<meta property=\"og:description\" content=\"Flormar 4 in 1 Complete Care renforce, nourrit, prot\u00e8ge et fait briller les ongles pour une manucure plus saine, plus r\u00e9sistante et \u00e9clatante au quotidien.\" \/>\n<meta property=\"og:url\" content=\"https:\/\/jardindelaparfumerie.com\/en\/shop\/maquillage\/ongles\/base-coat\/flormar-4-in-1-complete-care\/\" \/>\n<meta property=\"og:site_name\" content=\"Jardin de la Parfumerie\" \/>\n<meta property=\"article:publisher\" content=\"https:\/\/www.facebook.com\/p\/Jardin-De-La-Parfumerie-100075860036544\/?locale=fr_FR\" \/>\n<meta property=\"article:modified_time\" content=\"2025-11-24T15:18:58+00:00\" \/>\n<meta property=\"og:image\" content=\"https:\/\/jardindelaparfumerie.com\/wp-content\/uploads\/2025\/11\/4-In-1-Complete-Care.jpg\" \/>\n\t<meta property=\"og:image:width\" content=\"1000\" \/>\n\t<meta property=\"og:image:height\" content=\"1000\" \/>\n\t<meta property=\"og:image:type\" content=\"image\/jpeg\" \/>\n<meta name=\"twitter:card\" content=\"summary_large_image\" \/>\n<meta name=\"twitter:label1\" content=\"Est. reading time\" \/>\n\t<meta name=\"twitter:data1\" content=\"1 minute\" \/>\n<script type=\"application\/ld+json\" class=\"yoast-schema-graph\">{\"@context\":\"https:\\\/\\\/schema.org\",\"@graph\":[{\"@type\":\"WebPage\",\"@id\":\"https:\\\/\\\/jardindelaparfumerie.com\\\/shop\\\/maquillage\\\/ongles\\\/base-coat\\\/flormar-4-in-1-complete-care\\\/\",\"url\":\"https:\\\/\\\/jardindelaparfumerie.com\\\/shop\\\/maquillage\\\/ongles\\\/base-coat\\\/flormar-4-in-1-complete-care\\\/\",\"name\":\"Flormar 4 In 1 Complete Care &#8211; Jardin de la Parfumerie\",\"isPartOf\":{\"@id\":\"https:\\\/\\\/jardindelaparfumerie.com\\\/#website\"},\"primaryImageOfPage\":{\"@id\":\"https:\\\/\\\/jardindelaparfumerie.com\\\/shop\\\/maquillage\\\/ongles\\\/base-coat\\\/flormar-4-in-1-complete-care\\\/#primaryimage\"},\"image\":{\"@id\":\"https:\\\/\\\/jardindelaparfumerie.com\\\/shop\\\/maquillage\\\/ongles\\\/base-coat\\\/flormar-4-in-1-complete-care\\\/#primaryimage\"},\"thumbnailUrl\":\"https:\\\/\\\/jardindelaparfumerie.com\\\/wp-content\\\/uploads\\\/2025\\\/11\\\/4-In-1-Complete-Care.jpg\",\"datePublished\":\"2025-11-24T15:09:47+00:00\",\"dateModified\":\"2025-11-24T15:18:58+00:00\",\"description\":\"Flormar 4 in 1 Complete Care renforce, nourrit, prot\u00e8ge et fait briller les ongles pour une manucure plus saine, plus r\u00e9sistante et \u00e9clatante au quotidien.\",\"breadcrumb\":{\"@id\":\"https:\\\/\\\/jardindelaparfumerie.com\\\/shop\\\/maquillage\\\/ongles\\\/base-coat\\\/flormar-4-in-1-complete-care\\\/#breadcrumb\"},\"inLanguage\":\"en-US\",\"potentialAction\":[{\"@type\":\"ReadAction\",\"target\":[\"https:\\\/\\\/jardindelaparfumerie.com\\\/shop\\\/maquillage\\\/ongles\\\/base-coat\\\/flormar-4-in-1-complete-care\\\/\"]}]},{\"@type\":\"ImageObject\",\"inLanguage\":\"en-US\",\"@id\":\"https:\\\/\\\/jardindelaparfumerie.com\\\/shop\\\/maquillage\\\/ongles\\\/base-coat\\\/flormar-4-in-1-complete-care\\\/#primaryimage\",\"url\":\"https:\\\/\\\/jardindelaparfumerie.com\\\/wp-content\\\/uploads\\\/2025\\\/11\\\/4-In-1-Complete-Care.jpg\",\"contentUrl\":\"https:\\\/\\\/jardindelaparfumerie.com\\\/wp-content\\\/uploads\\\/2025\\\/11\\\/4-In-1-Complete-Care.jpg\",\"width\":1000,\"height\":1000},{\"@type\":\"BreadcrumbList\",\"@id\":\"https:\\\/\\\/jardindelaparfumerie.com\\\/shop\\\/maquillage\\\/ongles\\\/base-coat\\\/flormar-4-in-1-complete-care\\\/#breadcrumb\",\"itemListElement\":[{\"@type\":\"ListItem\",\"position\":1,\"name\":\"Accueil\",\"item\":\"https:\\\/\\\/jardindelaparfumerie.com\\\/\"},{\"@type\":\"ListItem\",\"position\":2,\"name\":\"Boutique\",\"item\":\"https:\\\/\\\/jardindelaparfumerie.com\\\/boutique\\\/\"},{\"@type\":\"ListItem\",\"position\":3,\"name\":\"Flormar 4 In 1 Complete Care\"}]},{\"@type\":\"WebSite\",\"@id\":\"https:\\\/\\\/jardindelaparfumerie.com\\\/#website\",\"url\":\"https:\\\/\\\/jardindelaparfumerie.com\\\/\",\"name\":\"Jardin de la Parfumerie\",\"description\":\"L\u2019art du Parfum, l\u2019essence du Luxe\",\"publisher\":{\"@id\":\"https:\\\/\\\/jardindelaparfumerie.com\\\/#organization\"},\"potentialAction\":[{\"@type\":\"SearchAction\",\"target\":{\"@type\":\"EntryPoint\",\"urlTemplate\":\"https:\\\/\\\/jardindelaparfumerie.com\\\/?s={search_term_string}\"},\"query-input\":{\"@type\":\"PropertyValueSpecification\",\"valueRequired\":true,\"valueName\":\"search_term_string\"}}],\"inLanguage\":\"en-US\"},{\"@type\":\"Organization\",\"@id\":\"https:\\\/\\\/jardindelaparfumerie.com\\\/#organization\",\"name\":\"Jardin de la Parfumerie\",\"url\":\"https:\\\/\\\/jardindelaparfumerie.com\\\/\",\"logo\":{\"@type\":\"ImageObject\",\"inLanguage\":\"en-US\",\"@id\":\"https:\\\/\\\/jardindelaparfumerie.com\\\/#\\\/schema\\\/logo\\\/image\\\/\",\"url\":\"https:\\\/\\\/jardindelaparfumerie.com\\\/wp-content\\\/uploads\\\/2022\\\/05\\\/Logo-alt-1.png\",\"contentUrl\":\"https:\\\/\\\/jardindelaparfumerie.com\\\/wp-content\\\/uploads\\\/2022\\\/05\\\/Logo-alt-1.png\",\"width\":725,\"height\":342,\"caption\":\"Jardin de la Parfumerie\"},\"image\":{\"@id\":\"https:\\\/\\\/jardindelaparfumerie.com\\\/#\\\/schema\\\/logo\\\/image\\\/\"},\"sameAs\":[\"https:\\\/\\\/www.facebook.com\\\/p\\\/Jardin-De-La-Parfumerie-100075860036544\\\/?locale=fr_FR\",\"https:\\\/\\\/www.instagram.com\\\/jardindelaparfumerie\\\/\"]}]}<\/script>\n<!-- \/ Yoast SEO plugin. -->","yoast_head_json":{"title":"Flormar 4 In 1 Complete Care &#8211; Jardin de la Parfumerie","description":"Flormar 4 in 1 Complete Care renforce, nourrit, prot\u00e8ge et fait briller les ongles pour une manucure plus saine, plus r\u00e9sistante et \u00e9clatante au quotidien.","robots":{"index":"index","follow":"follow","max-snippet":"max-snippet:-1","max-image-preview":"max-image-preview:large","max-video-preview":"max-video-preview:-1"},"canonical":"https:\/\/jardindelaparfumerie.com\/en\/shop\/maquillage\/ongles\/base-coat\/flormar-4-in-1-complete-care\/","og_locale":"en_US","og_type":"article","og_title":"Flormar 4 In 1 Complete Care &#8211; Jardin de la Parfumerie","og_description":"Flormar 4 in 1 Complete Care renforce, nourrit, prot\u00e8ge et fait briller les ongles pour une manucure plus saine, plus r\u00e9sistante et \u00e9clatante au quotidien.","og_url":"https:\/\/jardindelaparfumerie.com\/en\/shop\/maquillage\/ongles\/base-coat\/flormar-4-in-1-complete-care\/","og_site_name":"Jardin de la Parfumerie","article_publisher":"https:\/\/www.facebook.com\/p\/Jardin-De-La-Parfumerie-100075860036544\/?locale=fr_FR","article_modified_time":"2025-11-24T15:18:58+00:00","og_image":[{"width":1000,"height":1000,"url":"https:\/\/jardindelaparfumerie.com\/wp-content\/uploads\/2025\/11\/4-In-1-Complete-Care.jpg","type":"image\/jpeg"}],"twitter_card":"summary_large_image","twitter_misc":{"Est. reading time":"1 minute"},"schema":{"@context":"https:\/\/schema.org","@graph":[{"@type":"WebPage","@id":"https:\/\/jardindelaparfumerie.com\/shop\/maquillage\/ongles\/base-coat\/flormar-4-in-1-complete-care\/","url":"https:\/\/jardindelaparfumerie.com\/shop\/maquillage\/ongles\/base-coat\/flormar-4-in-1-complete-care\/","name":"Flormar 4 In 1 Complete Care &#8211; Jardin de la Parfumerie","isPartOf":{"@id":"https:\/\/jardindelaparfumerie.com\/#website"},"primaryImageOfPage":{"@id":"https:\/\/jardindelaparfumerie.com\/shop\/maquillage\/ongles\/base-coat\/flormar-4-in-1-complete-care\/#primaryimage"},"image":{"@id":"https:\/\/jardindelaparfumerie.com\/shop\/maquillage\/ongles\/base-coat\/flormar-4-in-1-complete-care\/#primaryimage"},"thumbnailUrl":"https:\/\/jardindelaparfumerie.com\/wp-content\/uploads\/2025\/11\/4-In-1-Complete-Care.jpg","datePublished":"2025-11-24T15:09:47+00:00","dateModified":"2025-11-24T15:18:58+00:00","description":"Flormar 4 in 1 Complete Care renforce, nourrit, prot\u00e8ge et fait briller les ongles pour une manucure plus saine, plus r\u00e9sistante et \u00e9clatante au quotidien.","breadcrumb":{"@id":"https:\/\/jardindelaparfumerie.com\/shop\/maquillage\/ongles\/base-coat\/flormar-4-in-1-complete-care\/#breadcrumb"},"inLanguage":"en-US","potentialAction":[{"@type":"ReadAction","target":["https:\/\/jardindelaparfumerie.com\/shop\/maquillage\/ongles\/base-coat\/flormar-4-in-1-complete-care\/"]}]},{"@type":"ImageObject","inLanguage":"en-US","@id":"https:\/\/jardindelaparfumerie.com\/shop\/maquillage\/ongles\/base-coat\/flormar-4-in-1-complete-care\/#primaryimage","url":"https:\/\/jardindelaparfumerie.com\/wp-content\/uploads\/2025\/11\/4-In-1-Complete-Care.jpg","contentUrl":"https:\/\/jardindelaparfumerie.com\/wp-content\/uploads\/2025\/11\/4-In-1-Complete-Care.jpg","width":1000,"height":1000},{"@type":"BreadcrumbList","@id":"https:\/\/jardindelaparfumerie.com\/shop\/maquillage\/ongles\/base-coat\/flormar-4-in-1-complete-care\/#breadcrumb","itemListElement":[{"@type":"ListItem","position":1,"name":"Accueil","item":"https:\/\/jardindelaparfumerie.com\/"},{"@type":"ListItem","position":2,"name":"Boutique","item":"https:\/\/jardindelaparfumerie.com\/boutique\/"},{"@type":"ListItem","position":3,"name":"Flormar 4 In 1 Complete Care"}]},{"@type":"WebSite","@id":"https:\/\/jardindelaparfumerie.com\/#website","url":"https:\/\/jardindelaparfumerie.com\/","name":"Jardin de la Parfumerie","description":"L\u2019art du Parfum, l\u2019essence du Luxe","publisher":{"@id":"https:\/\/jardindelaparfumerie.com\/#organization"},"potentialAction":[{"@type":"SearchAction","target":{"@type":"EntryPoint","urlTemplate":"https:\/\/jardindelaparfumerie.com\/?s={search_term_string}"},"query-input":{"@type":"PropertyValueSpecification","valueRequired":true,"valueName":"search_term_string"}}],"inLanguage":"en-US"},{"@type":"Organization","@id":"https:\/\/jardindelaparfumerie.com\/#organization","name":"Jardin de la Parfumerie","url":"https:\/\/jardindelaparfumerie.com\/","logo":{"@type":"ImageObject","inLanguage":"en-US","@id":"https:\/\/jardindelaparfumerie.com\/#\/schema\/logo\/image\/","url":"https:\/\/jardindelaparfumerie.com\/wp-content\/uploads\/2022\/05\/Logo-alt-1.png","contentUrl":"https:\/\/jardindelaparfumerie.com\/wp-content\/uploads\/2022\/05\/Logo-alt-1.png","width":725,"height":342,"caption":"Jardin de la Parfumerie"},"image":{"@id":"https:\/\/jardindelaparfumerie.com\/#\/schema\/logo\/image\/"},"sameAs":["https:\/\/www.facebook.com\/p\/Jardin-De-La-Parfumerie-100075860036544\/?locale=fr_FR","https:\/\/www.instagram.com\/jardindelaparfumerie\/"]}]}},"jetpack_sharing_enabled":true,"_links":{"self":[{"href":"https:\/\/jardindelaparfumerie.com\/en\/wp-json\/wp\/v2\/product\/9324","targetHints":{"allow":["GET"]}}],"collection":[{"href":"https:\/\/jardindelaparfumerie.com\/en\/wp-json\/wp\/v2\/product"}],"about":[{"href":"https:\/\/jardindelaparfumerie.com\/en\/wp-json\/wp\/v2\/types\/product"}],"replies":[{"embeddable":true,"href":"https:\/\/jardindelaparfumerie.com\/en\/wp-json\/wp\/v2\/comments?post=9324"}],"version-history":[{"count":5,"href":"https:\/\/jardindelaparfumerie.com\/en\/wp-json\/wp\/v2\/product\/9324\/revisions"}],"predecessor-version":[{"id":9333,"href":"https:\/\/jardindelaparfumerie.com\/en\/wp-json\/wp\/v2\/product\/9324\/revisions\/9333"}],"wp:featuredmedia":[{"embeddable":true,"href":"https:\/\/jardindelaparfumerie.com\/en\/wp-json\/wp\/v2\/media\/9325"}],"wp:attachment":[{"href":"https:\/\/jardindelaparfumerie.com\/en\/wp-json\/wp\/v2\/media?parent=9324"}],"wp:term":[{"taxonomy":"product_brand","embeddable":true,"href":"https:\/\/jardindelaparfumerie.com\/en\/wp-json\/wp\/v2\/product_brand?post=9324"},{"taxonomy":"product_cat","embeddable":true,"href":"https:\/\/jardindelaparfumerie.com\/en\/wp-json\/wp\/v2\/product_cat?post=9324"},{"taxonomy":"product_tag","embeddable":true,"href":"https:\/\/jardindelaparfumerie.com\/en\/wp-json\/wp\/v2\/product_tag?post=9324"}],"curies":[{"name":"wp","href":"https:\/\/api.w.org\/{rel}","templated":true}]}}