{"id":9426,"date":"2025-11-26T13:17:59","date_gmt":"2025-11-26T12:17:59","guid":{"rendered":"https:\/\/jardindelaparfumerie.com\/?post_type=product&#038;p=9426"},"modified":"2025-11-26T13:25:34","modified_gmt":"2025-11-26T12:25:34","slug":"flormar-festival-breeze-body-lotion","status":"publish","type":"product","link":"https:\/\/jardindelaparfumerie.com\/en\/shop\/soins-corps\/cremes-et-soins-hydratants\/flormar-festival-breeze-body-lotion\/","title":{"rendered":"Flormar Festival Breeze Body Lotion"},"content":{"rendered":"<div data-elementor-type=\"wp-post\" data-elementor-id=\"9426\" class=\"elementor elementor-9426\" data-elementor-post-type=\"product\">\n\t\t\t\t\t\t<section class=\"elementor-section elementor-top-section elementor-element elementor-element-25a46325 elementor-section-boxed elementor-section-height-default elementor-section-height-default\" data-id=\"25a46325\" data-element_type=\"section\" data-e-type=\"section\">\n\t\t\t\t\t\t<div class=\"elementor-container elementor-column-gap-no\">\n\t\t\t\t\t<div class=\"elementor-column elementor-col-100 elementor-top-column elementor-element elementor-element-180e4677\" data-id=\"180e4677\" data-element_type=\"column\" data-e-type=\"column\">\n\t\t\t<div class=\"elementor-widget-wrap elementor-element-populated\">\n\t\t\t\t\t\t<div class=\"elementor-element elementor-element-6b3f5509 elementor-widget elementor-widget-text-editor\" data-id=\"6b3f5509\" data-element_type=\"widget\" data-e-type=\"widget\" data-widget_type=\"text-editor.default\">\n\t\t\t\t\t\t\t\t\t<div class=\"l-column\"><p>La lotion pour le corps Festival Breeze donne \u00e0 votre peau un \u00e9clat naturel et la revitalise instantan\u00e9ment gr\u00e2ce \u00e0 sa texture l\u00e9g\u00e8re. De plus, elle procure une sensation de fra\u00eecheur en laissant un agr\u00e9able parfum floral sur la peau. Ce produit nourrit et illumine votre peau. \u00cates-vous pr\u00eate \u00e0 rayonner et \u00e0 sentir comme une fleur ?<\/p><p>\u00a0<\/p><p><strong>Qu&#8217;est-ce que la lotion pour le corps Festival Breeze ?<\/strong><br \/>La lotion pour le corps Festival Breeze est un produit hydratant intense con\u00e7u pour apporter \u00e9clat et vitalit\u00e9 \u00e0 votre peau. Sa formule sp\u00e9ciale hydrate votre peau en profondeur et lui donne un \u00e9clat naturel gr\u00e2ce \u00e0 ses particules r\u00e9fl\u00e9chissant la lumi\u00e8re. De plus, elle enveloppe votre peau d&#8217;un parfum floral l\u00e9ger et rafra\u00eechissant. La glyc\u00e9rine et la noix de coco, qui contribuent \u00e0 augmenter l&#8217;\u00e9lasticit\u00e9 de la peau, hydratent et nourrissent la peau, et lui apportent beaut\u00e9 naturelle et fra\u00eecheur.<\/p><p><br \/><strong>Que fait la lotion pour le corps Festival Breeze ?<\/strong><br \/>La lotion pour le corps Festival Breeze hydrate et nourrit votre peau, augmente son \u00e9lasticit\u00e9 et lui apporte un \u00e9clat naturel. Gr\u00e2ce \u00e0 son pouvoir hydratant intense, elle nourrit et lisse votre peau en profondeur. Les particules scintillantes donnent \u00e0 votre peau un \u00e9clat naturel, vous rendant plus rayonnante. De plus, elle offre une exp\u00e9rience rafra\u00eechissante gr\u00e2ce \u00e0 son agr\u00e9able parfum floral. Gr\u00e2ce \u00e0 toutes ces caract\u00e9ristiques, la lotion pour le corps Festival Breeze aide votre peau \u00e0 retrouver un aspect sain, \u00e9clatant et radieux.<\/p><\/div>\t\t\t\t\t\t\t\t<\/div>\n\t\t\t\t<section class=\"elementor-section elementor-inner-section elementor-element elementor-element-13d18d6a elementor-section-boxed elementor-section-height-default elementor-section-height-default\" data-id=\"13d18d6a\" data-element_type=\"section\" data-e-type=\"section\">\n\t\t\t\t\t\t<div class=\"elementor-container elementor-column-gap-no\">\n\t\t\t\t\t<div class=\"elementor-column elementor-col-50 elementor-inner-column elementor-element elementor-element-3da4f049\" data-id=\"3da4f049\" data-element_type=\"column\" data-e-type=\"column\">\n\t\t\t<div class=\"elementor-widget-wrap elementor-element-populated\">\n\t\t\t\t\t\t<div class=\"elementor-element elementor-element-318a2190 elementor-widget elementor-widget-image\" data-id=\"318a2190\" data-element_type=\"widget\" data-e-type=\"widget\" data-widget_type=\"image.default\">\n\t\t\t\t\t\t\t\t\t\t\t\t\t\t\t<img fetchpriority=\"high\" decoding=\"async\" width=\"1000\" height=\"1000\" src=\"https:\/\/jardindelaparfumerie.com\/wp-content\/uploads\/2025\/11\/Flormar-Festival-Breeze-Body-Lotion-2.jpg\" class=\"attachment-full size-full wp-image-9429\" alt=\"\" \/>\t\t\t\t\t\t\t\t\t\t\t\t\t\t\t<\/div>\n\t\t\t\t\t<\/div>\n\t\t<\/div>\n\t\t\t\t<div class=\"elementor-column elementor-col-50 elementor-inner-column elementor-element elementor-element-a042d22\" data-id=\"a042d22\" data-element_type=\"column\" data-e-type=\"column\">\n\t\t\t<div class=\"elementor-widget-wrap elementor-element-populated\">\n\t\t\t\t\t\t<div class=\"elementor-element elementor-element-1b9e13ab elementor-widget elementor-widget-image\" data-id=\"1b9e13ab\" data-element_type=\"widget\" data-e-type=\"widget\" data-widget_type=\"image.default\">\n\t\t\t\t\t\t\t\t\t\t\t\t\t\t\t<img decoding=\"async\" width=\"1000\" height=\"1000\" src=\"https:\/\/jardindelaparfumerie.com\/wp-content\/uploads\/2025\/11\/Flormar-Festival-Breeze-Body-Lotion-3.jpg\" class=\"attachment-full size-full wp-image-9428\" alt=\"\" \/>\t\t\t\t\t\t\t\t\t\t\t\t\t\t\t<\/div>\n\t\t\t\t\t<\/div>\n\t\t<\/div>\n\t\t\t\t\t<\/div>\n\t\t<\/section>\n\t\t\t\t\t<\/div>\n\t\t<\/div>\n\t\t\t\t\t<\/div>\n\t\t<\/section>\n\t\t\t\t<\/div>","protected":false},"excerpt":{"rendered":"<p>La lotion corporelle Festival Breeze est un produit qui hydrate la peau en profondeur et a \u00e9t\u00e9 sp\u00e9cialement d\u00e9velopp\u00e9 pour augmenter l&#8217;\u00e9clat naturel de la peau. Les particules r\u00e9fl\u00e9chissant la lumi\u00e8re qu&#8217;elle contient ajoutent un \u00e9clat naturel \u00e0 la peau et la revitalisent. De plus, elle procure une sensation de fra\u00eecheur gr\u00e2ce \u00e0 son agr\u00e9able parfum floral.<\/p>","protected":false},"featured_media":9427,"comment_status":"open","ping_status":"closed","template":"","meta":[],"product_brand":[351],"product_cat":[188,101],"product_tag":[],"class_list":{"0":"post-9426","1":"product","2":"type-product","3":"status-publish","4":"has-post-thumbnail","6":"product_brand-flormar","7":"product_cat-cremes-et-soins-hydratants","8":"product_cat-soins-corps","9":"pa_couleur-dark-brown","12":"instock","13":"featured","14":"shipping-taxable","15":"purchasable","16":"product-type-simple"},"yoast_head":"<!-- This site is optimized with the Yoast SEO plugin v27.4 - https:\/\/yoast.com\/product\/yoast-seo-wordpress\/ -->\n<title>Flormar Festival Breeze Body Lotion &#8211; Jardin de la Parfumerie<\/title>\n<meta name=\"description\" content=\"Flormar Festival Breeze Body Lotion hydrate et parfume la peau d\u2019un voile frais et \u00e9nergisant, offrant douceur, \u00e9clat et une sensation estivale longue dur\u00e9e.\" \/>\n<meta name=\"robots\" content=\"index, follow, max-snippet:-1, max-image-preview:large, max-video-preview:-1\" \/>\n<link rel=\"canonical\" href=\"https:\/\/jardindelaparfumerie.com\/en\/shop\/soins-corps\/cremes-et-soins-hydratants\/flormar-festival-breeze-body-lotion\/\" \/>\n<meta property=\"og:locale\" content=\"en_US\" \/>\n<meta property=\"og:type\" content=\"article\" \/>\n<meta property=\"og:title\" content=\"Flormar Festival Breeze Body Lotion &#8211; Jardin de la Parfumerie\" \/>\n<meta property=\"og:description\" content=\"Flormar Festival Breeze Body Lotion hydrate et parfume la peau d\u2019un voile frais et \u00e9nergisant, offrant douceur, \u00e9clat et une sensation estivale longue dur\u00e9e.\" \/>\n<meta property=\"og:url\" content=\"https:\/\/jardindelaparfumerie.com\/en\/shop\/soins-corps\/cremes-et-soins-hydratants\/flormar-festival-breeze-body-lotion\/\" \/>\n<meta property=\"og:site_name\" content=\"Jardin de la Parfumerie\" \/>\n<meta property=\"article:publisher\" content=\"https:\/\/www.facebook.com\/p\/Jardin-De-La-Parfumerie-100075860036544\/?locale=fr_FR\" \/>\n<meta property=\"article:modified_time\" content=\"2025-11-26T12:25:34+00:00\" \/>\n<meta property=\"og:image\" content=\"https:\/\/jardindelaparfumerie.com\/wp-content\/uploads\/2025\/11\/Flormar-Festival-Breeze-Body-Lotion.jpg\" \/>\n\t<meta property=\"og:image:width\" content=\"1000\" \/>\n\t<meta property=\"og:image:height\" content=\"1000\" \/>\n\t<meta property=\"og:image:type\" content=\"image\/jpeg\" \/>\n<meta name=\"twitter:card\" content=\"summary_large_image\" \/>\n<meta name=\"twitter:label1\" content=\"Est. reading time\" \/>\n\t<meta name=\"twitter:data1\" content=\"2 minutes\" \/>\n<script type=\"application\/ld+json\" class=\"yoast-schema-graph\">{\"@context\":\"https:\\\/\\\/schema.org\",\"@graph\":[{\"@type\":\"WebPage\",\"@id\":\"https:\\\/\\\/jardindelaparfumerie.com\\\/shop\\\/soins-corps\\\/cremes-et-soins-hydratants\\\/flormar-festival-breeze-body-lotion\\\/\",\"url\":\"https:\\\/\\\/jardindelaparfumerie.com\\\/shop\\\/soins-corps\\\/cremes-et-soins-hydratants\\\/flormar-festival-breeze-body-lotion\\\/\",\"name\":\"Flormar Festival Breeze Body Lotion &#8211; Jardin de la Parfumerie\",\"isPartOf\":{\"@id\":\"https:\\\/\\\/jardindelaparfumerie.com\\\/#website\"},\"primaryImageOfPage\":{\"@id\":\"https:\\\/\\\/jardindelaparfumerie.com\\\/shop\\\/soins-corps\\\/cremes-et-soins-hydratants\\\/flormar-festival-breeze-body-lotion\\\/#primaryimage\"},\"image\":{\"@id\":\"https:\\\/\\\/jardindelaparfumerie.com\\\/shop\\\/soins-corps\\\/cremes-et-soins-hydratants\\\/flormar-festival-breeze-body-lotion\\\/#primaryimage\"},\"thumbnailUrl\":\"https:\\\/\\\/jardindelaparfumerie.com\\\/wp-content\\\/uploads\\\/2025\\\/11\\\/Flormar-Festival-Breeze-Body-Lotion.jpg\",\"datePublished\":\"2025-11-26T12:17:59+00:00\",\"dateModified\":\"2025-11-26T12:25:34+00:00\",\"description\":\"Flormar Festival Breeze Body Lotion hydrate et parfume la peau d\u2019un voile frais et \u00e9nergisant, offrant douceur, \u00e9clat et une sensation estivale longue dur\u00e9e.\",\"breadcrumb\":{\"@id\":\"https:\\\/\\\/jardindelaparfumerie.com\\\/shop\\\/soins-corps\\\/cremes-et-soins-hydratants\\\/flormar-festival-breeze-body-lotion\\\/#breadcrumb\"},\"inLanguage\":\"en-US\",\"potentialAction\":[{\"@type\":\"ReadAction\",\"target\":[\"https:\\\/\\\/jardindelaparfumerie.com\\\/shop\\\/soins-corps\\\/cremes-et-soins-hydratants\\\/flormar-festival-breeze-body-lotion\\\/\"]}]},{\"@type\":\"ImageObject\",\"inLanguage\":\"en-US\",\"@id\":\"https:\\\/\\\/jardindelaparfumerie.com\\\/shop\\\/soins-corps\\\/cremes-et-soins-hydratants\\\/flormar-festival-breeze-body-lotion\\\/#primaryimage\",\"url\":\"https:\\\/\\\/jardindelaparfumerie.com\\\/wp-content\\\/uploads\\\/2025\\\/11\\\/Flormar-Festival-Breeze-Body-Lotion.jpg\",\"contentUrl\":\"https:\\\/\\\/jardindelaparfumerie.com\\\/wp-content\\\/uploads\\\/2025\\\/11\\\/Flormar-Festival-Breeze-Body-Lotion.jpg\",\"width\":1000,\"height\":1000},{\"@type\":\"BreadcrumbList\",\"@id\":\"https:\\\/\\\/jardindelaparfumerie.com\\\/shop\\\/soins-corps\\\/cremes-et-soins-hydratants\\\/flormar-festival-breeze-body-lotion\\\/#breadcrumb\",\"itemListElement\":[{\"@type\":\"ListItem\",\"position\":1,\"name\":\"Accueil\",\"item\":\"https:\\\/\\\/jardindelaparfumerie.com\\\/\"},{\"@type\":\"ListItem\",\"position\":2,\"name\":\"Boutique\",\"item\":\"https:\\\/\\\/jardindelaparfumerie.com\\\/boutique\\\/\"},{\"@type\":\"ListItem\",\"position\":3,\"name\":\"Flormar Festival Breeze Body Lotion\"}]},{\"@type\":\"WebSite\",\"@id\":\"https:\\\/\\\/jardindelaparfumerie.com\\\/#website\",\"url\":\"https:\\\/\\\/jardindelaparfumerie.com\\\/\",\"name\":\"Jardin de la Parfumerie\",\"description\":\"L\u2019art du Parfum, l\u2019essence du Luxe\",\"publisher\":{\"@id\":\"https:\\\/\\\/jardindelaparfumerie.com\\\/#organization\"},\"potentialAction\":[{\"@type\":\"SearchAction\",\"target\":{\"@type\":\"EntryPoint\",\"urlTemplate\":\"https:\\\/\\\/jardindelaparfumerie.com\\\/?s={search_term_string}\"},\"query-input\":{\"@type\":\"PropertyValueSpecification\",\"valueRequired\":true,\"valueName\":\"search_term_string\"}}],\"inLanguage\":\"en-US\"},{\"@type\":\"Organization\",\"@id\":\"https:\\\/\\\/jardindelaparfumerie.com\\\/#organization\",\"name\":\"Jardin de la Parfumerie\",\"url\":\"https:\\\/\\\/jardindelaparfumerie.com\\\/\",\"logo\":{\"@type\":\"ImageObject\",\"inLanguage\":\"en-US\",\"@id\":\"https:\\\/\\\/jardindelaparfumerie.com\\\/#\\\/schema\\\/logo\\\/image\\\/\",\"url\":\"https:\\\/\\\/jardindelaparfumerie.com\\\/wp-content\\\/uploads\\\/2022\\\/05\\\/Logo-alt-1.png\",\"contentUrl\":\"https:\\\/\\\/jardindelaparfumerie.com\\\/wp-content\\\/uploads\\\/2022\\\/05\\\/Logo-alt-1.png\",\"width\":725,\"height\":342,\"caption\":\"Jardin de la Parfumerie\"},\"image\":{\"@id\":\"https:\\\/\\\/jardindelaparfumerie.com\\\/#\\\/schema\\\/logo\\\/image\\\/\"},\"sameAs\":[\"https:\\\/\\\/www.facebook.com\\\/p\\\/Jardin-De-La-Parfumerie-100075860036544\\\/?locale=fr_FR\",\"https:\\\/\\\/www.instagram.com\\\/jardindelaparfumerie\\\/\"]}]}<\/script>\n<!-- \/ Yoast SEO plugin. -->","yoast_head_json":{"title":"Flormar Festival Breeze Body Lotion &#8211; Jardin de la Parfumerie","description":"Flormar Festival Breeze Body Lotion hydrate et parfume la peau d\u2019un voile frais et \u00e9nergisant, offrant douceur, \u00e9clat et une sensation estivale longue dur\u00e9e.","robots":{"index":"index","follow":"follow","max-snippet":"max-snippet:-1","max-image-preview":"max-image-preview:large","max-video-preview":"max-video-preview:-1"},"canonical":"https:\/\/jardindelaparfumerie.com\/en\/shop\/soins-corps\/cremes-et-soins-hydratants\/flormar-festival-breeze-body-lotion\/","og_locale":"en_US","og_type":"article","og_title":"Flormar Festival Breeze Body Lotion &#8211; Jardin de la Parfumerie","og_description":"Flormar Festival Breeze Body Lotion hydrate et parfume la peau d\u2019un voile frais et \u00e9nergisant, offrant douceur, \u00e9clat et une sensation estivale longue dur\u00e9e.","og_url":"https:\/\/jardindelaparfumerie.com\/en\/shop\/soins-corps\/cremes-et-soins-hydratants\/flormar-festival-breeze-body-lotion\/","og_site_name":"Jardin de la Parfumerie","article_publisher":"https:\/\/www.facebook.com\/p\/Jardin-De-La-Parfumerie-100075860036544\/?locale=fr_FR","article_modified_time":"2025-11-26T12:25:34+00:00","og_image":[{"width":1000,"height":1000,"url":"https:\/\/jardindelaparfumerie.com\/wp-content\/uploads\/2025\/11\/Flormar-Festival-Breeze-Body-Lotion.jpg","type":"image\/jpeg"}],"twitter_card":"summary_large_image","twitter_misc":{"Est. reading time":"2 minutes"},"schema":{"@context":"https:\/\/schema.org","@graph":[{"@type":"WebPage","@id":"https:\/\/jardindelaparfumerie.com\/shop\/soins-corps\/cremes-et-soins-hydratants\/flormar-festival-breeze-body-lotion\/","url":"https:\/\/jardindelaparfumerie.com\/shop\/soins-corps\/cremes-et-soins-hydratants\/flormar-festival-breeze-body-lotion\/","name":"Flormar Festival Breeze Body Lotion &#8211; Jardin de la Parfumerie","isPartOf":{"@id":"https:\/\/jardindelaparfumerie.com\/#website"},"primaryImageOfPage":{"@id":"https:\/\/jardindelaparfumerie.com\/shop\/soins-corps\/cremes-et-soins-hydratants\/flormar-festival-breeze-body-lotion\/#primaryimage"},"image":{"@id":"https:\/\/jardindelaparfumerie.com\/shop\/soins-corps\/cremes-et-soins-hydratants\/flormar-festival-breeze-body-lotion\/#primaryimage"},"thumbnailUrl":"https:\/\/jardindelaparfumerie.com\/wp-content\/uploads\/2025\/11\/Flormar-Festival-Breeze-Body-Lotion.jpg","datePublished":"2025-11-26T12:17:59+00:00","dateModified":"2025-11-26T12:25:34+00:00","description":"Flormar Festival Breeze Body Lotion hydrate et parfume la peau d\u2019un voile frais et \u00e9nergisant, offrant douceur, \u00e9clat et une sensation estivale longue dur\u00e9e.","breadcrumb":{"@id":"https:\/\/jardindelaparfumerie.com\/shop\/soins-corps\/cremes-et-soins-hydratants\/flormar-festival-breeze-body-lotion\/#breadcrumb"},"inLanguage":"en-US","potentialAction":[{"@type":"ReadAction","target":["https:\/\/jardindelaparfumerie.com\/shop\/soins-corps\/cremes-et-soins-hydratants\/flormar-festival-breeze-body-lotion\/"]}]},{"@type":"ImageObject","inLanguage":"en-US","@id":"https:\/\/jardindelaparfumerie.com\/shop\/soins-corps\/cremes-et-soins-hydratants\/flormar-festival-breeze-body-lotion\/#primaryimage","url":"https:\/\/jardindelaparfumerie.com\/wp-content\/uploads\/2025\/11\/Flormar-Festival-Breeze-Body-Lotion.jpg","contentUrl":"https:\/\/jardindelaparfumerie.com\/wp-content\/uploads\/2025\/11\/Flormar-Festival-Breeze-Body-Lotion.jpg","width":1000,"height":1000},{"@type":"BreadcrumbList","@id":"https:\/\/jardindelaparfumerie.com\/shop\/soins-corps\/cremes-et-soins-hydratants\/flormar-festival-breeze-body-lotion\/#breadcrumb","itemListElement":[{"@type":"ListItem","position":1,"name":"Accueil","item":"https:\/\/jardindelaparfumerie.com\/"},{"@type":"ListItem","position":2,"name":"Boutique","item":"https:\/\/jardindelaparfumerie.com\/boutique\/"},{"@type":"ListItem","position":3,"name":"Flormar Festival Breeze Body Lotion"}]},{"@type":"WebSite","@id":"https:\/\/jardindelaparfumerie.com\/#website","url":"https:\/\/jardindelaparfumerie.com\/","name":"Jardin de la Parfumerie","description":"L\u2019art du Parfum, l\u2019essence du Luxe","publisher":{"@id":"https:\/\/jardindelaparfumerie.com\/#organization"},"potentialAction":[{"@type":"SearchAction","target":{"@type":"EntryPoint","urlTemplate":"https:\/\/jardindelaparfumerie.com\/?s={search_term_string}"},"query-input":{"@type":"PropertyValueSpecification","valueRequired":true,"valueName":"search_term_string"}}],"inLanguage":"en-US"},{"@type":"Organization","@id":"https:\/\/jardindelaparfumerie.com\/#organization","name":"Jardin de la Parfumerie","url":"https:\/\/jardindelaparfumerie.com\/","logo":{"@type":"ImageObject","inLanguage":"en-US","@id":"https:\/\/jardindelaparfumerie.com\/#\/schema\/logo\/image\/","url":"https:\/\/jardindelaparfumerie.com\/wp-content\/uploads\/2022\/05\/Logo-alt-1.png","contentUrl":"https:\/\/jardindelaparfumerie.com\/wp-content\/uploads\/2022\/05\/Logo-alt-1.png","width":725,"height":342,"caption":"Jardin de la Parfumerie"},"image":{"@id":"https:\/\/jardindelaparfumerie.com\/#\/schema\/logo\/image\/"},"sameAs":["https:\/\/www.facebook.com\/p\/Jardin-De-La-Parfumerie-100075860036544\/?locale=fr_FR","https:\/\/www.instagram.com\/jardindelaparfumerie\/"]}]}},"jetpack_sharing_enabled":true,"_links":{"self":[{"href":"https:\/\/jardindelaparfumerie.com\/en\/wp-json\/wp\/v2\/product\/9426","targetHints":{"allow":["GET"]}}],"collection":[{"href":"https:\/\/jardindelaparfumerie.com\/en\/wp-json\/wp\/v2\/product"}],"about":[{"href":"https:\/\/jardindelaparfumerie.com\/en\/wp-json\/wp\/v2\/types\/product"}],"replies":[{"embeddable":true,"href":"https:\/\/jardindelaparfumerie.com\/en\/wp-json\/wp\/v2\/comments?post=9426"}],"version-history":[{"count":5,"href":"https:\/\/jardindelaparfumerie.com\/en\/wp-json\/wp\/v2\/product\/9426\/revisions"}],"predecessor-version":[{"id":9434,"href":"https:\/\/jardindelaparfumerie.com\/en\/wp-json\/wp\/v2\/product\/9426\/revisions\/9434"}],"wp:featuredmedia":[{"embeddable":true,"href":"https:\/\/jardindelaparfumerie.com\/en\/wp-json\/wp\/v2\/media\/9427"}],"wp:attachment":[{"href":"https:\/\/jardindelaparfumerie.com\/en\/wp-json\/wp\/v2\/media?parent=9426"}],"wp:term":[{"taxonomy":"product_brand","embeddable":true,"href":"https:\/\/jardindelaparfumerie.com\/en\/wp-json\/wp\/v2\/product_brand?post=9426"},{"taxonomy":"product_cat","embeddable":true,"href":"https:\/\/jardindelaparfumerie.com\/en\/wp-json\/wp\/v2\/product_cat?post=9426"},{"taxonomy":"product_tag","embeddable":true,"href":"https:\/\/jardindelaparfumerie.com\/en\/wp-json\/wp\/v2\/product_tag?post=9426"}],"curies":[{"name":"wp","href":"https:\/\/api.w.org\/{rel}","templated":true}]}}