{"id":9504,"date":"2025-11-27T16:54:48","date_gmt":"2025-11-27T15:54:48","guid":{"rendered":"https:\/\/jardindelaparfumerie.com\/?post_type=product&#038;p=9504"},"modified":"2025-11-27T17:22:54","modified_gmt":"2025-11-27T16:22:54","slug":"flormar-pore-minimizer-makeup-primer","status":"publish","type":"product","link":"https:\/\/jardindelaparfumerie.com\/en\/shop\/maquillage\/teint\/anti-cernes-correcteurs-et-enlumineurs\/flormar-pore-minimizer-makeup-primer\/","title":{"rendered":"Flormar Pore Minimizer Makeup Primer"},"content":{"rendered":"<div data-elementor-type=\"wp-post\" data-elementor-id=\"9504\" class=\"elementor elementor-9504\" data-elementor-post-type=\"product\">\n\t\t\t\t\t\t<section class=\"elementor-section elementor-top-section elementor-element elementor-element-25a46325 elementor-section-boxed elementor-section-height-default elementor-section-height-default\" data-id=\"25a46325\" data-element_type=\"section\" data-e-type=\"section\">\n\t\t\t\t\t\t<div class=\"elementor-container elementor-column-gap-no\">\n\t\t\t\t\t<div class=\"elementor-column elementor-col-100 elementor-top-column elementor-element elementor-element-180e4677\" data-id=\"180e4677\" data-element_type=\"column\" data-e-type=\"column\">\n\t\t\t<div class=\"elementor-widget-wrap elementor-element-populated\">\n\t\t\t\t\t\t<div class=\"elementor-element elementor-element-6b3f5509 elementor-widget elementor-widget-text-editor\" data-id=\"6b3f5509\" data-element_type=\"widget\" data-e-type=\"widget\" data-widget_type=\"text-editor.default\">\n\t\t\t\t\t\t\t\t\t<div class=\"l-column\"><p><strong>Qu&#8217;est-ce que la base de maquillage lissante Flormar qui camoufle les pores ?<\/strong><\/p><p>La base de maquillage lissante Flormar Pore Appearance Concealing Smoothing Makeup Base est une base de maquillage au fini naturel. Elle est enrichie en poudres matifiantes et en extrait de fleur de cerisier japonais. Elle poss\u00e8de une structure sp\u00e9ciale \u00e0 base de gel de silicone. Elle a des propri\u00e9t\u00e9s absorbantes. Texture ultra-fine, douce et l\u00e9g\u00e8re. Convient \u00e0 tous les types de peau, en particulier aux peaux mixtes et grasses.<\/p><p>\u00a0<\/p><p><strong>Quel est l&#8217;effet de la base de maquillage lissante et matifiante Flormar ?<\/strong><\/p><p>La base de maquillage Flormar Pore Minimizer aide \u00e0 masquer les pores et \u00e0 pr\u00e9parer la peau au maquillage. M\u00eame appliqu\u00e9e en petite quantit\u00e9, elle couvre les imperfections et aide \u00e0 \u00e9liminer les diff\u00e9rences de couleur. Cette base de maquillage lissante \u00e0 couvrance naturelle masque les imperfections et cr\u00e9e une base appropri\u00e9e pour l&#8217;application du maquillage. Am\u00e9liore la tenue du fond de teint, du correcteur, du fard \u00e0 joues et d&#8217;autres produits de maquillage pour la peau. Sa formule unique contient des billes de poudre matifiantes et nourrit la peau gr\u00e2ce \u00e0 l&#8217;extrait de fleur de cerisier japonais. Elle emp\u00eache le maquillage de couler au cours de la journ\u00e9e et \u00e9limine le probl\u00e8me de brillance, en particulier sur les peaux grasses.<\/p><\/div>\t\t\t\t\t\t\t\t<\/div>\n\t\t\t\t<section class=\"elementor-section elementor-inner-section elementor-element elementor-element-13d18d6a elementor-section-boxed elementor-section-height-default elementor-section-height-default\" data-id=\"13d18d6a\" data-element_type=\"section\" data-e-type=\"section\">\n\t\t\t\t\t\t<div class=\"elementor-container elementor-column-gap-no\">\n\t\t\t\t\t<div class=\"elementor-column elementor-col-50 elementor-inner-column elementor-element elementor-element-3da4f049\" data-id=\"3da4f049\" data-element_type=\"column\" data-e-type=\"column\">\n\t\t\t<div class=\"elementor-widget-wrap elementor-element-populated\">\n\t\t\t\t\t\t<div class=\"elementor-element elementor-element-318a2190 elementor-widget elementor-widget-image\" data-id=\"318a2190\" data-element_type=\"widget\" data-e-type=\"widget\" data-widget_type=\"image.default\">\n\t\t\t\t\t\t\t\t\t\t\t\t\t\t\t<img fetchpriority=\"high\" decoding=\"async\" width=\"1000\" height=\"1000\" src=\"https:\/\/jardindelaparfumerie.com\/wp-content\/uploads\/2025\/11\/Flormar-Pore-Minimizer-Makeup-Primer-2.jpg\" class=\"attachment-full size-full wp-image-9507\" alt=\"\" \/>\t\t\t\t\t\t\t\t\t\t\t\t\t\t\t<\/div>\n\t\t\t\t\t<\/div>\n\t\t<\/div>\n\t\t\t\t<div class=\"elementor-column elementor-col-50 elementor-inner-column elementor-element elementor-element-a042d22\" data-id=\"a042d22\" data-element_type=\"column\" data-e-type=\"column\">\n\t\t\t<div class=\"elementor-widget-wrap elementor-element-populated\">\n\t\t\t\t\t\t<div class=\"elementor-element elementor-element-1b9e13ab elementor-widget elementor-widget-image\" data-id=\"1b9e13ab\" data-element_type=\"widget\" data-e-type=\"widget\" data-widget_type=\"image.default\">\n\t\t\t\t\t\t\t\t\t\t\t\t\t\t\t<img decoding=\"async\" width=\"1000\" height=\"1000\" src=\"https:\/\/jardindelaparfumerie.com\/wp-content\/uploads\/2025\/11\/Flormar-Pore-Minimizer-Makeup-Primer-3.jpg\" class=\"attachment-full size-full wp-image-9506\" alt=\"\" \/>\t\t\t\t\t\t\t\t\t\t\t\t\t\t\t<\/div>\n\t\t\t\t\t<\/div>\n\t\t<\/div>\n\t\t\t\t\t<\/div>\n\t\t<\/section>\n\t\t\t\t\t<\/div>\n\t\t<\/div>\n\t\t\t\t\t<\/div>\n\t\t<\/section>\n\t\t\t\t<\/div>","protected":false},"excerpt":{"rendered":"<p>Gr\u00e2ce \u00e0 sa formule qui r\u00e9duit l&#8217;apparence des pores, la base de maquillage Flormar Pore Minimizer Makeup Primer aide \u00e0 cr\u00e9er un maquillage impeccable en rendant la peau velout\u00e9e et lisse.<\/p>","protected":false},"featured_media":9505,"comment_status":"open","ping_status":"closed","template":"","meta":[],"product_brand":[351],"product_cat":[161,103,117],"product_tag":[],"class_list":{"0":"post-9504","1":"product","2":"type-product","3":"status-publish","4":"has-post-thumbnail","6":"product_brand-flormar","7":"product_cat-anti-cernes-correcteurs-et-enlumineurs","8":"product_cat-maquillage","9":"product_cat-teint","12":"instock","13":"featured","14":"shipping-taxable","15":"purchasable","16":"product-type-simple"},"yoast_head":"<!-- This site is optimized with the Yoast SEO plugin v27.4 - https:\/\/yoast.com\/product\/yoast-seo-wordpress\/ -->\n<title>Flormar Pore Minimizer Makeup Primer &#8211; Jardin de la Parfumerie<\/title>\n<meta name=\"description\" content=\"Flormar Pore Minimizer Makeup Primer lisse la peau, r\u00e9duit visiblement l\u2019apparence des pores et offre une base parfaite pour un maquillage uniforme et longue tenue.\" \/>\n<meta name=\"robots\" content=\"index, follow, max-snippet:-1, max-image-preview:large, max-video-preview:-1\" \/>\n<link rel=\"canonical\" href=\"https:\/\/jardindelaparfumerie.com\/en\/shop\/maquillage\/teint\/anti-cernes-correcteurs-et-enlumineurs\/flormar-pore-minimizer-makeup-primer\/\" \/>\n<meta property=\"og:locale\" content=\"en_US\" \/>\n<meta property=\"og:type\" content=\"article\" \/>\n<meta property=\"og:title\" content=\"Flormar Pore Minimizer Makeup Primer &#8211; Jardin de la Parfumerie\" \/>\n<meta property=\"og:description\" content=\"Flormar Pore Minimizer Makeup Primer lisse la peau, r\u00e9duit visiblement l\u2019apparence des pores et offre une base parfaite pour un maquillage uniforme et longue tenue.\" \/>\n<meta property=\"og:url\" content=\"https:\/\/jardindelaparfumerie.com\/en\/shop\/maquillage\/teint\/anti-cernes-correcteurs-et-enlumineurs\/flormar-pore-minimizer-makeup-primer\/\" \/>\n<meta property=\"og:site_name\" content=\"Jardin de la Parfumerie\" \/>\n<meta property=\"article:publisher\" content=\"https:\/\/www.facebook.com\/p\/Jardin-De-La-Parfumerie-100075860036544\/?locale=fr_FR\" \/>\n<meta property=\"article:modified_time\" content=\"2025-11-27T16:22:54+00:00\" \/>\n<meta property=\"og:image\" content=\"https:\/\/jardindelaparfumerie.com\/wp-content\/uploads\/2025\/11\/Flormar-Pore-Minimizer-Makeup-Primer.jpg\" \/>\n\t<meta property=\"og:image:width\" content=\"1000\" \/>\n\t<meta property=\"og:image:height\" content=\"1000\" \/>\n\t<meta property=\"og:image:type\" content=\"image\/jpeg\" \/>\n<meta name=\"twitter:card\" content=\"summary_large_image\" \/>\n<meta name=\"twitter:label1\" content=\"Est. reading time\" \/>\n\t<meta name=\"twitter:data1\" content=\"2 minutes\" \/>\n<script type=\"application\/ld+json\" class=\"yoast-schema-graph\">{\"@context\":\"https:\\\/\\\/schema.org\",\"@graph\":[{\"@type\":\"WebPage\",\"@id\":\"https:\\\/\\\/jardindelaparfumerie.com\\\/shop\\\/maquillage\\\/teint\\\/anti-cernes-correcteurs-et-enlumineurs\\\/flormar-pore-minimizer-makeup-primer\\\/\",\"url\":\"https:\\\/\\\/jardindelaparfumerie.com\\\/shop\\\/maquillage\\\/teint\\\/anti-cernes-correcteurs-et-enlumineurs\\\/flormar-pore-minimizer-makeup-primer\\\/\",\"name\":\"Flormar Pore Minimizer Makeup Primer &#8211; Jardin de la Parfumerie\",\"isPartOf\":{\"@id\":\"https:\\\/\\\/jardindelaparfumerie.com\\\/#website\"},\"primaryImageOfPage\":{\"@id\":\"https:\\\/\\\/jardindelaparfumerie.com\\\/shop\\\/maquillage\\\/teint\\\/anti-cernes-correcteurs-et-enlumineurs\\\/flormar-pore-minimizer-makeup-primer\\\/#primaryimage\"},\"image\":{\"@id\":\"https:\\\/\\\/jardindelaparfumerie.com\\\/shop\\\/maquillage\\\/teint\\\/anti-cernes-correcteurs-et-enlumineurs\\\/flormar-pore-minimizer-makeup-primer\\\/#primaryimage\"},\"thumbnailUrl\":\"https:\\\/\\\/jardindelaparfumerie.com\\\/wp-content\\\/uploads\\\/2025\\\/11\\\/Flormar-Pore-Minimizer-Makeup-Primer.jpg\",\"datePublished\":\"2025-11-27T15:54:48+00:00\",\"dateModified\":\"2025-11-27T16:22:54+00:00\",\"description\":\"Flormar Pore Minimizer Makeup Primer lisse la peau, r\u00e9duit visiblement l\u2019apparence des pores et offre une base parfaite pour un maquillage uniforme et longue tenue.\",\"breadcrumb\":{\"@id\":\"https:\\\/\\\/jardindelaparfumerie.com\\\/shop\\\/maquillage\\\/teint\\\/anti-cernes-correcteurs-et-enlumineurs\\\/flormar-pore-minimizer-makeup-primer\\\/#breadcrumb\"},\"inLanguage\":\"en-US\",\"potentialAction\":[{\"@type\":\"ReadAction\",\"target\":[\"https:\\\/\\\/jardindelaparfumerie.com\\\/shop\\\/maquillage\\\/teint\\\/anti-cernes-correcteurs-et-enlumineurs\\\/flormar-pore-minimizer-makeup-primer\\\/\"]}]},{\"@type\":\"ImageObject\",\"inLanguage\":\"en-US\",\"@id\":\"https:\\\/\\\/jardindelaparfumerie.com\\\/shop\\\/maquillage\\\/teint\\\/anti-cernes-correcteurs-et-enlumineurs\\\/flormar-pore-minimizer-makeup-primer\\\/#primaryimage\",\"url\":\"https:\\\/\\\/jardindelaparfumerie.com\\\/wp-content\\\/uploads\\\/2025\\\/11\\\/Flormar-Pore-Minimizer-Makeup-Primer.jpg\",\"contentUrl\":\"https:\\\/\\\/jardindelaparfumerie.com\\\/wp-content\\\/uploads\\\/2025\\\/11\\\/Flormar-Pore-Minimizer-Makeup-Primer.jpg\",\"width\":1000,\"height\":1000},{\"@type\":\"BreadcrumbList\",\"@id\":\"https:\\\/\\\/jardindelaparfumerie.com\\\/shop\\\/maquillage\\\/teint\\\/anti-cernes-correcteurs-et-enlumineurs\\\/flormar-pore-minimizer-makeup-primer\\\/#breadcrumb\",\"itemListElement\":[{\"@type\":\"ListItem\",\"position\":1,\"name\":\"Accueil\",\"item\":\"https:\\\/\\\/jardindelaparfumerie.com\\\/\"},{\"@type\":\"ListItem\",\"position\":2,\"name\":\"Boutique\",\"item\":\"https:\\\/\\\/jardindelaparfumerie.com\\\/boutique\\\/\"},{\"@type\":\"ListItem\",\"position\":3,\"name\":\"Flormar Pore Minimizer Makeup Primer\"}]},{\"@type\":\"WebSite\",\"@id\":\"https:\\\/\\\/jardindelaparfumerie.com\\\/#website\",\"url\":\"https:\\\/\\\/jardindelaparfumerie.com\\\/\",\"name\":\"Jardin de la Parfumerie\",\"description\":\"L\u2019art du Parfum, l\u2019essence du Luxe\",\"publisher\":{\"@id\":\"https:\\\/\\\/jardindelaparfumerie.com\\\/#organization\"},\"potentialAction\":[{\"@type\":\"SearchAction\",\"target\":{\"@type\":\"EntryPoint\",\"urlTemplate\":\"https:\\\/\\\/jardindelaparfumerie.com\\\/?s={search_term_string}\"},\"query-input\":{\"@type\":\"PropertyValueSpecification\",\"valueRequired\":true,\"valueName\":\"search_term_string\"}}],\"inLanguage\":\"en-US\"},{\"@type\":\"Organization\",\"@id\":\"https:\\\/\\\/jardindelaparfumerie.com\\\/#organization\",\"name\":\"Jardin de la Parfumerie\",\"url\":\"https:\\\/\\\/jardindelaparfumerie.com\\\/\",\"logo\":{\"@type\":\"ImageObject\",\"inLanguage\":\"en-US\",\"@id\":\"https:\\\/\\\/jardindelaparfumerie.com\\\/#\\\/schema\\\/logo\\\/image\\\/\",\"url\":\"https:\\\/\\\/jardindelaparfumerie.com\\\/wp-content\\\/uploads\\\/2022\\\/05\\\/Logo-alt-1.png\",\"contentUrl\":\"https:\\\/\\\/jardindelaparfumerie.com\\\/wp-content\\\/uploads\\\/2022\\\/05\\\/Logo-alt-1.png\",\"width\":725,\"height\":342,\"caption\":\"Jardin de la Parfumerie\"},\"image\":{\"@id\":\"https:\\\/\\\/jardindelaparfumerie.com\\\/#\\\/schema\\\/logo\\\/image\\\/\"},\"sameAs\":[\"https:\\\/\\\/www.facebook.com\\\/p\\\/Jardin-De-La-Parfumerie-100075860036544\\\/?locale=fr_FR\",\"https:\\\/\\\/www.instagram.com\\\/jardindelaparfumerie\\\/\"]}]}<\/script>\n<!-- \/ Yoast SEO plugin. -->","yoast_head_json":{"title":"Flormar Pore Minimizer Makeup Primer &#8211; Jardin de la Parfumerie","description":"Flormar Pore Minimizer Makeup Primer lisse la peau, r\u00e9duit visiblement l\u2019apparence des pores et offre une base parfaite pour un maquillage uniforme et longue tenue.","robots":{"index":"index","follow":"follow","max-snippet":"max-snippet:-1","max-image-preview":"max-image-preview:large","max-video-preview":"max-video-preview:-1"},"canonical":"https:\/\/jardindelaparfumerie.com\/en\/shop\/maquillage\/teint\/anti-cernes-correcteurs-et-enlumineurs\/flormar-pore-minimizer-makeup-primer\/","og_locale":"en_US","og_type":"article","og_title":"Flormar Pore Minimizer Makeup Primer &#8211; Jardin de la Parfumerie","og_description":"Flormar Pore Minimizer Makeup Primer lisse la peau, r\u00e9duit visiblement l\u2019apparence des pores et offre une base parfaite pour un maquillage uniforme et longue tenue.","og_url":"https:\/\/jardindelaparfumerie.com\/en\/shop\/maquillage\/teint\/anti-cernes-correcteurs-et-enlumineurs\/flormar-pore-minimizer-makeup-primer\/","og_site_name":"Jardin de la Parfumerie","article_publisher":"https:\/\/www.facebook.com\/p\/Jardin-De-La-Parfumerie-100075860036544\/?locale=fr_FR","article_modified_time":"2025-11-27T16:22:54+00:00","og_image":[{"width":1000,"height":1000,"url":"https:\/\/jardindelaparfumerie.com\/wp-content\/uploads\/2025\/11\/Flormar-Pore-Minimizer-Makeup-Primer.jpg","type":"image\/jpeg"}],"twitter_card":"summary_large_image","twitter_misc":{"Est. reading time":"2 minutes"},"schema":{"@context":"https:\/\/schema.org","@graph":[{"@type":"WebPage","@id":"https:\/\/jardindelaparfumerie.com\/shop\/maquillage\/teint\/anti-cernes-correcteurs-et-enlumineurs\/flormar-pore-minimizer-makeup-primer\/","url":"https:\/\/jardindelaparfumerie.com\/shop\/maquillage\/teint\/anti-cernes-correcteurs-et-enlumineurs\/flormar-pore-minimizer-makeup-primer\/","name":"Flormar Pore Minimizer Makeup Primer &#8211; Jardin de la Parfumerie","isPartOf":{"@id":"https:\/\/jardindelaparfumerie.com\/#website"},"primaryImageOfPage":{"@id":"https:\/\/jardindelaparfumerie.com\/shop\/maquillage\/teint\/anti-cernes-correcteurs-et-enlumineurs\/flormar-pore-minimizer-makeup-primer\/#primaryimage"},"image":{"@id":"https:\/\/jardindelaparfumerie.com\/shop\/maquillage\/teint\/anti-cernes-correcteurs-et-enlumineurs\/flormar-pore-minimizer-makeup-primer\/#primaryimage"},"thumbnailUrl":"https:\/\/jardindelaparfumerie.com\/wp-content\/uploads\/2025\/11\/Flormar-Pore-Minimizer-Makeup-Primer.jpg","datePublished":"2025-11-27T15:54:48+00:00","dateModified":"2025-11-27T16:22:54+00:00","description":"Flormar Pore Minimizer Makeup Primer lisse la peau, r\u00e9duit visiblement l\u2019apparence des pores et offre une base parfaite pour un maquillage uniforme et longue tenue.","breadcrumb":{"@id":"https:\/\/jardindelaparfumerie.com\/shop\/maquillage\/teint\/anti-cernes-correcteurs-et-enlumineurs\/flormar-pore-minimizer-makeup-primer\/#breadcrumb"},"inLanguage":"en-US","potentialAction":[{"@type":"ReadAction","target":["https:\/\/jardindelaparfumerie.com\/shop\/maquillage\/teint\/anti-cernes-correcteurs-et-enlumineurs\/flormar-pore-minimizer-makeup-primer\/"]}]},{"@type":"ImageObject","inLanguage":"en-US","@id":"https:\/\/jardindelaparfumerie.com\/shop\/maquillage\/teint\/anti-cernes-correcteurs-et-enlumineurs\/flormar-pore-minimizer-makeup-primer\/#primaryimage","url":"https:\/\/jardindelaparfumerie.com\/wp-content\/uploads\/2025\/11\/Flormar-Pore-Minimizer-Makeup-Primer.jpg","contentUrl":"https:\/\/jardindelaparfumerie.com\/wp-content\/uploads\/2025\/11\/Flormar-Pore-Minimizer-Makeup-Primer.jpg","width":1000,"height":1000},{"@type":"BreadcrumbList","@id":"https:\/\/jardindelaparfumerie.com\/shop\/maquillage\/teint\/anti-cernes-correcteurs-et-enlumineurs\/flormar-pore-minimizer-makeup-primer\/#breadcrumb","itemListElement":[{"@type":"ListItem","position":1,"name":"Accueil","item":"https:\/\/jardindelaparfumerie.com\/"},{"@type":"ListItem","position":2,"name":"Boutique","item":"https:\/\/jardindelaparfumerie.com\/boutique\/"},{"@type":"ListItem","position":3,"name":"Flormar Pore Minimizer Makeup Primer"}]},{"@type":"WebSite","@id":"https:\/\/jardindelaparfumerie.com\/#website","url":"https:\/\/jardindelaparfumerie.com\/","name":"Jardin de la Parfumerie","description":"L\u2019art du Parfum, l\u2019essence du Luxe","publisher":{"@id":"https:\/\/jardindelaparfumerie.com\/#organization"},"potentialAction":[{"@type":"SearchAction","target":{"@type":"EntryPoint","urlTemplate":"https:\/\/jardindelaparfumerie.com\/?s={search_term_string}"},"query-input":{"@type":"PropertyValueSpecification","valueRequired":true,"valueName":"search_term_string"}}],"inLanguage":"en-US"},{"@type":"Organization","@id":"https:\/\/jardindelaparfumerie.com\/#organization","name":"Jardin de la Parfumerie","url":"https:\/\/jardindelaparfumerie.com\/","logo":{"@type":"ImageObject","inLanguage":"en-US","@id":"https:\/\/jardindelaparfumerie.com\/#\/schema\/logo\/image\/","url":"https:\/\/jardindelaparfumerie.com\/wp-content\/uploads\/2022\/05\/Logo-alt-1.png","contentUrl":"https:\/\/jardindelaparfumerie.com\/wp-content\/uploads\/2022\/05\/Logo-alt-1.png","width":725,"height":342,"caption":"Jardin de la Parfumerie"},"image":{"@id":"https:\/\/jardindelaparfumerie.com\/#\/schema\/logo\/image\/"},"sameAs":["https:\/\/www.facebook.com\/p\/Jardin-De-La-Parfumerie-100075860036544\/?locale=fr_FR","https:\/\/www.instagram.com\/jardindelaparfumerie\/"]}]}},"jetpack_sharing_enabled":true,"_links":{"self":[{"href":"https:\/\/jardindelaparfumerie.com\/en\/wp-json\/wp\/v2\/product\/9504","targetHints":{"allow":["GET"]}}],"collection":[{"href":"https:\/\/jardindelaparfumerie.com\/en\/wp-json\/wp\/v2\/product"}],"about":[{"href":"https:\/\/jardindelaparfumerie.com\/en\/wp-json\/wp\/v2\/types\/product"}],"replies":[{"embeddable":true,"href":"https:\/\/jardindelaparfumerie.com\/en\/wp-json\/wp\/v2\/comments?post=9504"}],"version-history":[{"count":7,"href":"https:\/\/jardindelaparfumerie.com\/en\/wp-json\/wp\/v2\/product\/9504\/revisions"}],"predecessor-version":[{"id":9514,"href":"https:\/\/jardindelaparfumerie.com\/en\/wp-json\/wp\/v2\/product\/9504\/revisions\/9514"}],"wp:featuredmedia":[{"embeddable":true,"href":"https:\/\/jardindelaparfumerie.com\/en\/wp-json\/wp\/v2\/media\/9505"}],"wp:attachment":[{"href":"https:\/\/jardindelaparfumerie.com\/en\/wp-json\/wp\/v2\/media?parent=9504"}],"wp:term":[{"taxonomy":"product_brand","embeddable":true,"href":"https:\/\/jardindelaparfumerie.com\/en\/wp-json\/wp\/v2\/product_brand?post=9504"},{"taxonomy":"product_cat","embeddable":true,"href":"https:\/\/jardindelaparfumerie.com\/en\/wp-json\/wp\/v2\/product_cat?post=9504"},{"taxonomy":"product_tag","embeddable":true,"href":"https:\/\/jardindelaparfumerie.com\/en\/wp-json\/wp\/v2\/product_tag?post=9504"}],"curies":[{"name":"wp","href":"https:\/\/api.w.org\/{rel}","templated":true}]}}