{"id":9797,"date":"2025-12-03T13:32:10","date_gmt":"2025-12-03T12:32:10","guid":{"rendered":"https:\/\/jardindelaparfumerie.com\/?post_type=product&#038;p=9797"},"modified":"2025-12-03T23:29:01","modified_gmt":"2025-12-03T22:29:01","slug":"wure-poudre-libre-soft-radiance","status":"publish","type":"product","link":"https:\/\/jardindelaparfumerie.com\/en\/shop\/maquillage\/teint\/poudre-et-pinceaux\/wure-poudre-libre-soft-radiance\/","title":{"rendered":"Wur\u00e9 Poudre Libre Soft Radiance"},"content":{"rendered":"<div data-elementor-type=\"wp-post\" data-elementor-id=\"9797\" class=\"elementor elementor-9797\" data-elementor-post-type=\"product\">\n\t\t\t\t\t\t<section class=\"elementor-section elementor-top-section elementor-element elementor-element-25a46325 elementor-section-boxed elementor-section-height-default elementor-section-height-default\" data-id=\"25a46325\" data-element_type=\"section\" data-e-type=\"section\">\n\t\t\t\t\t\t<div class=\"elementor-container elementor-column-gap-no\">\n\t\t\t\t\t<div class=\"elementor-column elementor-col-100 elementor-top-column elementor-element elementor-element-180e4677\" data-id=\"180e4677\" data-element_type=\"column\" data-e-type=\"column\">\n\t\t\t<div class=\"elementor-widget-wrap elementor-element-populated\">\n\t\t\t\t\t\t<div class=\"elementor-element elementor-element-6b3f5509 elementor-widget elementor-widget-text-editor\" data-id=\"6b3f5509\" data-element_type=\"widget\" data-e-type=\"widget\" data-widget_type=\"text-editor.default\">\n\t\t\t\t\t\t\t\t\t<p><strong>Points cl\u00e9s du produit :<\/strong><\/p><ul><li><b>Co-cr\u00e9ation avec notre communaut\u00e9 :<\/b>\u00a0D\u00e9velopp\u00e9e en \u00e9troite collaboration pour r\u00e9pondre aux besoins sp\u00e9cifiques des peaux riches en m\u00e9lanine.<\/li><li><b>Compl\u00e9ment \u00e0 la BB cr\u00e8me Wur\u00e9 :<\/b>\u00a0Optimise l\u2019\u00e9clat et le fini pour un teint parfait et mat.<\/li><li><b>100% d\u2019ingredients d\u2019origine naturelle :<\/b> Sans TALC, Sans silicones, que des ingr\u00e9dients clean !<\/li><li><b>Enr\u00e9chie en peptides de micro-algues :<\/b>\u00a0Notre super actif qui r\u00e9duit l\u2019inflammation, hydrate et apaise la peau.<\/li><li><b>Universelle pour peaux riches en m\u00e9lanine :<\/b>\u00a0Teinte adapt\u00e9e \u00e0 toutes les nuances, offrant un fini mat et lumineux.<\/li><\/ul><p>\u00a0<\/p><div class=\"faq-simple__item-title-text\"><strong>Mode d&#8217;utilisation :<\/strong><\/div><div id=\"content-faq_item_WFbMPx\" class=\"accordion__content accordion__content--animate faq-simple__item-content js-accordion-content\" role=\"region\" aria-labelledby=\"control-faq_item_WFbMPx\"><div class=\"faq-simple__item-inner js-accordion-inner rte\"><p>Apr\u00e8s l\u2019application de votre BB cr\u00e8me, pr\u00e9levez une infime quantit\u00e9 de poudre avec un pinceau poudre. Appliquez en voile l\u00e9ger sur la zone T ou sur l\u2019ensemble du visage pour matifier et fixer le teint. Le fini reste<br \/>naturel et lumineux, sans surcharge.<\/p><\/div><\/div>\t\t\t\t\t\t\t\t<\/div>\n\t\t\t\t\t<\/div>\n\t\t<\/div>\n\t\t\t\t\t<\/div>\n\t\t<\/section>\n\t\t\t\t<\/div>","protected":false},"excerpt":{"rendered":"<p><strong>Wur\u00e9 Poudre Libre Soft Radiance<\/strong> est une poudre libre de finition matifiante, 100% d\u2019origine naturelle, sans talc, enrichie en peptides d\u2019algues. <span class=\"s1\">Elle offre un fini mat et un teint visiblement plus r\u00e9gulier.<\/span><\/p>","protected":false},"featured_media":9880,"comment_status":"open","ping_status":"closed","template":"","meta":[],"product_brand":[403],"product_cat":[103,163,117],"product_tag":[],"class_list":{"0":"post-9797","1":"product","2":"type-product","3":"status-publish","4":"has-post-thumbnail","6":"product_brand-wure","7":"product_cat-maquillage","8":"product_cat-poudre-et-pinceaux","9":"product_cat-teint","12":"instock","13":"shipping-taxable","14":"purchasable","15":"product-type-variable","16":"has-default-attributes"},"yoast_head":"<!-- This site is optimized with the Yoast SEO plugin v27.4 - https:\/\/yoast.com\/product\/yoast-seo-wordpress\/ -->\n<title>Wur\u00e9 Poudre Libre Soft Radiance &#8211; Jardin de la Parfumerie<\/title>\n<meta name=\"description\" content=\"Wur\u00e9 Poudre Libre Soft Radiance offre un fini velout\u00e9 et lumineux, floutant les imperfections pour un teint lisse, naturel et parfaitement sublim\u00e9 toute la journ\u00e9e.\" \/>\n<meta name=\"robots\" content=\"index, follow, max-snippet:-1, max-image-preview:large, max-video-preview:-1\" \/>\n<link rel=\"canonical\" href=\"https:\/\/jardindelaparfumerie.com\/en\/shop\/maquillage\/teint\/poudre-et-pinceaux\/wure-poudre-libre-soft-radiance\/\" \/>\n<meta property=\"og:locale\" content=\"en_US\" \/>\n<meta property=\"og:type\" content=\"article\" \/>\n<meta property=\"og:title\" content=\"Wur\u00e9 Poudre Libre Soft Radiance &#8211; Jardin de la Parfumerie\" \/>\n<meta property=\"og:description\" content=\"Wur\u00e9 Poudre Libre Soft Radiance offre un fini velout\u00e9 et lumineux, floutant les imperfections pour un teint lisse, naturel et parfaitement sublim\u00e9 toute la journ\u00e9e.\" \/>\n<meta property=\"og:url\" content=\"https:\/\/jardindelaparfumerie.com\/en\/shop\/maquillage\/teint\/poudre-et-pinceaux\/wure-poudre-libre-soft-radiance\/\" \/>\n<meta property=\"og:site_name\" content=\"Jardin de la Parfumerie\" \/>\n<meta property=\"article:publisher\" content=\"https:\/\/www.facebook.com\/p\/Jardin-De-La-Parfumerie-100075860036544\/?locale=fr_FR\" \/>\n<meta property=\"article:modified_time\" content=\"2025-12-03T22:29:01+00:00\" \/>\n<meta property=\"og:image\" content=\"https:\/\/jardindelaparfumerie.com\/wp-content\/uploads\/2025\/12\/Wure-Poudre-Libre-Soft-Radiance-2.jpg\" \/>\n\t<meta property=\"og:image:width\" content=\"1000\" \/>\n\t<meta property=\"og:image:height\" content=\"1000\" \/>\n\t<meta property=\"og:image:type\" content=\"image\/jpeg\" \/>\n<meta name=\"twitter:card\" content=\"summary_large_image\" \/>\n<meta name=\"twitter:label1\" content=\"Est. reading time\" \/>\n\t<meta name=\"twitter:data1\" content=\"1 minute\" \/>\n<script type=\"application\/ld+json\" class=\"yoast-schema-graph\">{\"@context\":\"https:\\\/\\\/schema.org\",\"@graph\":[{\"@type\":\"WebPage\",\"@id\":\"https:\\\/\\\/jardindelaparfumerie.com\\\/shop\\\/maquillage\\\/teint\\\/poudre-et-pinceaux\\\/wure-poudre-libre-soft-radiance\\\/\",\"url\":\"https:\\\/\\\/jardindelaparfumerie.com\\\/shop\\\/maquillage\\\/teint\\\/poudre-et-pinceaux\\\/wure-poudre-libre-soft-radiance\\\/\",\"name\":\"Wur\u00e9 Poudre Libre Soft Radiance &#8211; Jardin de la Parfumerie\",\"isPartOf\":{\"@id\":\"https:\\\/\\\/jardindelaparfumerie.com\\\/#website\"},\"primaryImageOfPage\":{\"@id\":\"https:\\\/\\\/jardindelaparfumerie.com\\\/shop\\\/maquillage\\\/teint\\\/poudre-et-pinceaux\\\/wure-poudre-libre-soft-radiance\\\/#primaryimage\"},\"image\":{\"@id\":\"https:\\\/\\\/jardindelaparfumerie.com\\\/shop\\\/maquillage\\\/teint\\\/poudre-et-pinceaux\\\/wure-poudre-libre-soft-radiance\\\/#primaryimage\"},\"thumbnailUrl\":\"https:\\\/\\\/jardindelaparfumerie.com\\\/wp-content\\\/uploads\\\/2025\\\/12\\\/Wure-Poudre-Libre-Soft-Radiance-2.jpg\",\"datePublished\":\"2025-12-03T12:32:10+00:00\",\"dateModified\":\"2025-12-03T22:29:01+00:00\",\"description\":\"Wur\u00e9 Poudre Libre Soft Radiance offre un fini velout\u00e9 et lumineux, floutant les imperfections pour un teint lisse, naturel et parfaitement sublim\u00e9 toute la journ\u00e9e.\",\"breadcrumb\":{\"@id\":\"https:\\\/\\\/jardindelaparfumerie.com\\\/shop\\\/maquillage\\\/teint\\\/poudre-et-pinceaux\\\/wure-poudre-libre-soft-radiance\\\/#breadcrumb\"},\"inLanguage\":\"en-US\",\"potentialAction\":[{\"@type\":\"ReadAction\",\"target\":[\"https:\\\/\\\/jardindelaparfumerie.com\\\/shop\\\/maquillage\\\/teint\\\/poudre-et-pinceaux\\\/wure-poudre-libre-soft-radiance\\\/\"]}]},{\"@type\":\"ImageObject\",\"inLanguage\":\"en-US\",\"@id\":\"https:\\\/\\\/jardindelaparfumerie.com\\\/shop\\\/maquillage\\\/teint\\\/poudre-et-pinceaux\\\/wure-poudre-libre-soft-radiance\\\/#primaryimage\",\"url\":\"https:\\\/\\\/jardindelaparfumerie.com\\\/wp-content\\\/uploads\\\/2025\\\/12\\\/Wure-Poudre-Libre-Soft-Radiance-2.jpg\",\"contentUrl\":\"https:\\\/\\\/jardindelaparfumerie.com\\\/wp-content\\\/uploads\\\/2025\\\/12\\\/Wure-Poudre-Libre-Soft-Radiance-2.jpg\",\"width\":1000,\"height\":1000},{\"@type\":\"BreadcrumbList\",\"@id\":\"https:\\\/\\\/jardindelaparfumerie.com\\\/shop\\\/maquillage\\\/teint\\\/poudre-et-pinceaux\\\/wure-poudre-libre-soft-radiance\\\/#breadcrumb\",\"itemListElement\":[{\"@type\":\"ListItem\",\"position\":1,\"name\":\"Accueil\",\"item\":\"https:\\\/\\\/jardindelaparfumerie.com\\\/\"},{\"@type\":\"ListItem\",\"position\":2,\"name\":\"Boutique\",\"item\":\"https:\\\/\\\/jardindelaparfumerie.com\\\/boutique\\\/\"},{\"@type\":\"ListItem\",\"position\":3,\"name\":\"Wur\u00e9 Poudre Libre Soft Radiance\"}]},{\"@type\":\"WebSite\",\"@id\":\"https:\\\/\\\/jardindelaparfumerie.com\\\/#website\",\"url\":\"https:\\\/\\\/jardindelaparfumerie.com\\\/\",\"name\":\"Jardin de la Parfumerie\",\"description\":\"L\u2019art du Parfum, l\u2019essence du Luxe\",\"publisher\":{\"@id\":\"https:\\\/\\\/jardindelaparfumerie.com\\\/#organization\"},\"potentialAction\":[{\"@type\":\"SearchAction\",\"target\":{\"@type\":\"EntryPoint\",\"urlTemplate\":\"https:\\\/\\\/jardindelaparfumerie.com\\\/?s={search_term_string}\"},\"query-input\":{\"@type\":\"PropertyValueSpecification\",\"valueRequired\":true,\"valueName\":\"search_term_string\"}}],\"inLanguage\":\"en-US\"},{\"@type\":\"Organization\",\"@id\":\"https:\\\/\\\/jardindelaparfumerie.com\\\/#organization\",\"name\":\"Jardin de la Parfumerie\",\"url\":\"https:\\\/\\\/jardindelaparfumerie.com\\\/\",\"logo\":{\"@type\":\"ImageObject\",\"inLanguage\":\"en-US\",\"@id\":\"https:\\\/\\\/jardindelaparfumerie.com\\\/#\\\/schema\\\/logo\\\/image\\\/\",\"url\":\"https:\\\/\\\/jardindelaparfumerie.com\\\/wp-content\\\/uploads\\\/2022\\\/05\\\/Logo-alt-1.png\",\"contentUrl\":\"https:\\\/\\\/jardindelaparfumerie.com\\\/wp-content\\\/uploads\\\/2022\\\/05\\\/Logo-alt-1.png\",\"width\":725,\"height\":342,\"caption\":\"Jardin de la Parfumerie\"},\"image\":{\"@id\":\"https:\\\/\\\/jardindelaparfumerie.com\\\/#\\\/schema\\\/logo\\\/image\\\/\"},\"sameAs\":[\"https:\\\/\\\/www.facebook.com\\\/p\\\/Jardin-De-La-Parfumerie-100075860036544\\\/?locale=fr_FR\",\"https:\\\/\\\/www.instagram.com\\\/jardindelaparfumerie\\\/\"]}]}<\/script>\n<!-- \/ Yoast SEO plugin. -->","yoast_head_json":{"title":"Wur\u00e9 Poudre Libre Soft Radiance &#8211; Jardin de la Parfumerie","description":"Wur\u00e9 Poudre Libre Soft Radiance offre un fini velout\u00e9 et lumineux, floutant les imperfections pour un teint lisse, naturel et parfaitement sublim\u00e9 toute la journ\u00e9e.","robots":{"index":"index","follow":"follow","max-snippet":"max-snippet:-1","max-image-preview":"max-image-preview:large","max-video-preview":"max-video-preview:-1"},"canonical":"https:\/\/jardindelaparfumerie.com\/en\/shop\/maquillage\/teint\/poudre-et-pinceaux\/wure-poudre-libre-soft-radiance\/","og_locale":"en_US","og_type":"article","og_title":"Wur\u00e9 Poudre Libre Soft Radiance &#8211; Jardin de la Parfumerie","og_description":"Wur\u00e9 Poudre Libre Soft Radiance offre un fini velout\u00e9 et lumineux, floutant les imperfections pour un teint lisse, naturel et parfaitement sublim\u00e9 toute la journ\u00e9e.","og_url":"https:\/\/jardindelaparfumerie.com\/en\/shop\/maquillage\/teint\/poudre-et-pinceaux\/wure-poudre-libre-soft-radiance\/","og_site_name":"Jardin de la Parfumerie","article_publisher":"https:\/\/www.facebook.com\/p\/Jardin-De-La-Parfumerie-100075860036544\/?locale=fr_FR","article_modified_time":"2025-12-03T22:29:01+00:00","og_image":[{"width":1000,"height":1000,"url":"https:\/\/jardindelaparfumerie.com\/wp-content\/uploads\/2025\/12\/Wure-Poudre-Libre-Soft-Radiance-2.jpg","type":"image\/jpeg"}],"twitter_card":"summary_large_image","twitter_misc":{"Est. reading time":"1 minute"},"schema":{"@context":"https:\/\/schema.org","@graph":[{"@type":"WebPage","@id":"https:\/\/jardindelaparfumerie.com\/shop\/maquillage\/teint\/poudre-et-pinceaux\/wure-poudre-libre-soft-radiance\/","url":"https:\/\/jardindelaparfumerie.com\/shop\/maquillage\/teint\/poudre-et-pinceaux\/wure-poudre-libre-soft-radiance\/","name":"Wur\u00e9 Poudre Libre Soft Radiance &#8211; Jardin de la Parfumerie","isPartOf":{"@id":"https:\/\/jardindelaparfumerie.com\/#website"},"primaryImageOfPage":{"@id":"https:\/\/jardindelaparfumerie.com\/shop\/maquillage\/teint\/poudre-et-pinceaux\/wure-poudre-libre-soft-radiance\/#primaryimage"},"image":{"@id":"https:\/\/jardindelaparfumerie.com\/shop\/maquillage\/teint\/poudre-et-pinceaux\/wure-poudre-libre-soft-radiance\/#primaryimage"},"thumbnailUrl":"https:\/\/jardindelaparfumerie.com\/wp-content\/uploads\/2025\/12\/Wure-Poudre-Libre-Soft-Radiance-2.jpg","datePublished":"2025-12-03T12:32:10+00:00","dateModified":"2025-12-03T22:29:01+00:00","description":"Wur\u00e9 Poudre Libre Soft Radiance offre un fini velout\u00e9 et lumineux, floutant les imperfections pour un teint lisse, naturel et parfaitement sublim\u00e9 toute la journ\u00e9e.","breadcrumb":{"@id":"https:\/\/jardindelaparfumerie.com\/shop\/maquillage\/teint\/poudre-et-pinceaux\/wure-poudre-libre-soft-radiance\/#breadcrumb"},"inLanguage":"en-US","potentialAction":[{"@type":"ReadAction","target":["https:\/\/jardindelaparfumerie.com\/shop\/maquillage\/teint\/poudre-et-pinceaux\/wure-poudre-libre-soft-radiance\/"]}]},{"@type":"ImageObject","inLanguage":"en-US","@id":"https:\/\/jardindelaparfumerie.com\/shop\/maquillage\/teint\/poudre-et-pinceaux\/wure-poudre-libre-soft-radiance\/#primaryimage","url":"https:\/\/jardindelaparfumerie.com\/wp-content\/uploads\/2025\/12\/Wure-Poudre-Libre-Soft-Radiance-2.jpg","contentUrl":"https:\/\/jardindelaparfumerie.com\/wp-content\/uploads\/2025\/12\/Wure-Poudre-Libre-Soft-Radiance-2.jpg","width":1000,"height":1000},{"@type":"BreadcrumbList","@id":"https:\/\/jardindelaparfumerie.com\/shop\/maquillage\/teint\/poudre-et-pinceaux\/wure-poudre-libre-soft-radiance\/#breadcrumb","itemListElement":[{"@type":"ListItem","position":1,"name":"Accueil","item":"https:\/\/jardindelaparfumerie.com\/"},{"@type":"ListItem","position":2,"name":"Boutique","item":"https:\/\/jardindelaparfumerie.com\/boutique\/"},{"@type":"ListItem","position":3,"name":"Wur\u00e9 Poudre Libre Soft Radiance"}]},{"@type":"WebSite","@id":"https:\/\/jardindelaparfumerie.com\/#website","url":"https:\/\/jardindelaparfumerie.com\/","name":"Jardin de la Parfumerie","description":"L\u2019art du Parfum, l\u2019essence du Luxe","publisher":{"@id":"https:\/\/jardindelaparfumerie.com\/#organization"},"potentialAction":[{"@type":"SearchAction","target":{"@type":"EntryPoint","urlTemplate":"https:\/\/jardindelaparfumerie.com\/?s={search_term_string}"},"query-input":{"@type":"PropertyValueSpecification","valueRequired":true,"valueName":"search_term_string"}}],"inLanguage":"en-US"},{"@type":"Organization","@id":"https:\/\/jardindelaparfumerie.com\/#organization","name":"Jardin de la Parfumerie","url":"https:\/\/jardindelaparfumerie.com\/","logo":{"@type":"ImageObject","inLanguage":"en-US","@id":"https:\/\/jardindelaparfumerie.com\/#\/schema\/logo\/image\/","url":"https:\/\/jardindelaparfumerie.com\/wp-content\/uploads\/2022\/05\/Logo-alt-1.png","contentUrl":"https:\/\/jardindelaparfumerie.com\/wp-content\/uploads\/2022\/05\/Logo-alt-1.png","width":725,"height":342,"caption":"Jardin de la Parfumerie"},"image":{"@id":"https:\/\/jardindelaparfumerie.com\/#\/schema\/logo\/image\/"},"sameAs":["https:\/\/www.facebook.com\/p\/Jardin-De-La-Parfumerie-100075860036544\/?locale=fr_FR","https:\/\/www.instagram.com\/jardindelaparfumerie\/"]}]}},"jetpack_sharing_enabled":true,"_links":{"self":[{"href":"https:\/\/jardindelaparfumerie.com\/en\/wp-json\/wp\/v2\/product\/9797","targetHints":{"allow":["GET"]}}],"collection":[{"href":"https:\/\/jardindelaparfumerie.com\/en\/wp-json\/wp\/v2\/product"}],"about":[{"href":"https:\/\/jardindelaparfumerie.com\/en\/wp-json\/wp\/v2\/types\/product"}],"replies":[{"embeddable":true,"href":"https:\/\/jardindelaparfumerie.com\/en\/wp-json\/wp\/v2\/comments?post=9797"}],"version-history":[{"count":6,"href":"https:\/\/jardindelaparfumerie.com\/en\/wp-json\/wp\/v2\/product\/9797\/revisions"}],"predecessor-version":[{"id":9875,"href":"https:\/\/jardindelaparfumerie.com\/en\/wp-json\/wp\/v2\/product\/9797\/revisions\/9875"}],"wp:featuredmedia":[{"embeddable":true,"href":"https:\/\/jardindelaparfumerie.com\/en\/wp-json\/wp\/v2\/media\/9880"}],"wp:attachment":[{"href":"https:\/\/jardindelaparfumerie.com\/en\/wp-json\/wp\/v2\/media?parent=9797"}],"wp:term":[{"taxonomy":"product_brand","embeddable":true,"href":"https:\/\/jardindelaparfumerie.com\/en\/wp-json\/wp\/v2\/product_brand?post=9797"},{"taxonomy":"product_cat","embeddable":true,"href":"https:\/\/jardindelaparfumerie.com\/en\/wp-json\/wp\/v2\/product_cat?post=9797"},{"taxonomy":"product_tag","embeddable":true,"href":"https:\/\/jardindelaparfumerie.com\/en\/wp-json\/wp\/v2\/product_tag?post=9797"}],"curies":[{"name":"wp","href":"https:\/\/api.w.org\/{rel}","templated":true}]}}