{"id":9808,"date":"2025-12-03T13:53:54","date_gmt":"2025-12-03T12:53:54","guid":{"rendered":"https:\/\/jardindelaparfumerie.com\/?post_type=product&#038;p=9808"},"modified":"2025-12-03T23:35:30","modified_gmt":"2025-12-03T22:35:30","slug":"wure-huile-a-levres-teintee","status":"publish","type":"product","link":"https:\/\/jardindelaparfumerie.com\/en\/shop\/maquillage\/levres\/huile-a-levres\/wure-huile-a-levres-teintee\/","title":{"rendered":"Wur\u00e9 Huile \u00e0 L\u00e8vres Teint\u00e9e"},"content":{"rendered":"<div data-elementor-type=\"wp-post\" data-elementor-id=\"9808\" class=\"elementor elementor-9808\" data-elementor-post-type=\"product\">\n\t\t\t\t\t\t<section class=\"elementor-section elementor-top-section elementor-element elementor-element-25a46325 elementor-section-boxed elementor-section-height-default elementor-section-height-default\" data-id=\"25a46325\" data-element_type=\"section\" data-e-type=\"section\">\n\t\t\t\t\t\t<div class=\"elementor-container elementor-column-gap-no\">\n\t\t\t\t\t<div class=\"elementor-column elementor-col-100 elementor-top-column elementor-element elementor-element-180e4677\" data-id=\"180e4677\" data-element_type=\"column\" data-e-type=\"column\">\n\t\t\t<div class=\"elementor-widget-wrap elementor-element-populated\">\n\t\t\t\t\t\t<div class=\"elementor-element elementor-element-6b3f5509 elementor-widget elementor-widget-text-editor\" data-id=\"6b3f5509\" data-element_type=\"widget\" data-e-type=\"widget\" data-widget_type=\"text-editor.default\">\n\t\t\t\t\t\t\t\t\t<p>Formul\u00e9e avec\u00a0<strong data-start=\"537\" data-end=\"579\">99 % d\u2019ingr\u00e9dients d\u2019origine naturelle<\/strong>, elle nourrit et prot\u00e8ge les l\u00e8vres gr\u00e2ce \u00e0 un cocktail d\u2019huiles v\u00e9g\u00e9tales pr\u00e9cieuses :<\/p><ul><li><strong data-start=\"671\" data-end=\"689\">Huile de ricin<\/strong>\u00a0: souplesse et brillance<\/li><li><strong data-start=\"719\" data-end=\"736\">Huile d\u2019argan<\/strong>\u00a0: riche en acides gras essentiels<\/li><li><strong data-start=\"775\" data-end=\"798\">Mac\u00e9r\u00e2t de myrtille<\/strong>\u00a0: douceur et protection\\n<\/li><li><strong data-start=\"827\" data-end=\"856\">Huile de noyaux d\u2019abricot<\/strong>\u00a0: texture l\u00e9g\u00e8re et adoucissante<\/li><\/ul><p>\u00a0<\/p><p><strong>Disponible en trois teintes :<\/strong><\/p><ul><li data-start=\"978\" data-end=\"1071\"><strong data-start=\"978\" data-end=\"990\">Lac Rose<\/strong>\u00a0: un rose doux et clair qui apporte une touche de lumi\u00e8re naturelle aux l\u00e8vres<\/li><li data-start=\"1074\" data-end=\"1168\"><strong data-start=\"1074\" data-end=\"1088\">Caf\u00e9 Touba<\/strong>\u00a0: un marron chaud et profond, parfait pour une touche d\u2019\u00e9l\u00e9gance au quotidien<\/li><li data-start=\"1171\" data-end=\"1271\"><strong data-start=\"1171\" data-end=\"1183\">Hibiscus<\/strong>\u00a0: un rouge framboise \u00e9clatant, frais et vibrant, qui r\u00e9veille instantan\u00e9ment le sourire<\/li><\/ul><div>\u00a0<\/div><div class=\"faq-simple__item-title-text\"><strong>Mode d&#8217;utilisation :<\/strong><\/div><div id=\"content-faq_item_WFbMPx\" class=\"accordion__content accordion__content--animate faq-simple__item-content js-accordion-content\" role=\"region\" aria-labelledby=\"control-faq_item_WFbMPx\"><div class=\"faq-simple__item-inner js-accordion-inner rte\"><p>Appliquez l\u2019huile \u00e0 l\u00e8vres directement \u00e0 l\u2019aide de son applicateur pour hydrater et sublimer vos l\u00e8vres d\u2019un voile brillant.<br \/>Utilisez-la seule pour un fini naturel et lumineux, ou superpos\u00e9e avec le baume All In One pour intensifier la couleur et apporter de la brillance. Sa texture l\u00e9g\u00e8re fond sur les l\u00e8vres sans effet collant, pour un confort au quotidien.<\/p><\/div><\/div>\t\t\t\t\t\t\t\t<\/div>\n\t\t\t\t\t<\/div>\n\t\t<\/div>\n\t\t\t\t\t<\/div>\n\t\t<\/section>\n\t\t\t\t<\/div>","protected":false},"excerpt":{"rendered":"<p>Notre huile \u00e0 l\u00e8vres allie le confort d\u2019un soin \u00e0 la brillance d\u2019un gloss. Sa texture fluide et non collante hydrate intens\u00e9ment, tout en d\u00e9posant un voile de couleur subtile, pens\u00e9e pour sublimer toutes les carnations, notamment les l\u00e8vres pigment\u00e9es.<\/p>","protected":false},"featured_media":9881,"comment_status":"open","ping_status":"closed","template":"","meta":[],"product_brand":[403],"product_cat":[519,123,103],"product_tag":[],"class_list":{"0":"post-9808","1":"product","2":"type-product","3":"status-publish","4":"has-post-thumbnail","6":"product_brand-wure","7":"product_cat-huile-a-levres","8":"product_cat-levres","9":"product_cat-maquillage","10":"pa_couleur-cafe-touba","11":"pa_couleur-hibiscus","14":"instock","15":"shipping-taxable","16":"purchasable","17":"product-type-variable"},"yoast_head":"<!-- This site is optimized with the Yoast SEO plugin v27.4 - https:\/\/yoast.com\/product\/yoast-seo-wordpress\/ -->\n<title>Wur\u00e9 Huile \u00e0 L\u00e8vres Teint\u00e9e &#8211; Jardin de la Parfumerie<\/title>\n<meta name=\"description\" content=\"Wur\u00e9 Huile \u00e0 L\u00e8vres Teint\u00e9e hydrate, nourrit et sublime naturellement les l\u00e8vres gr\u00e2ce \u00e0 une texture l\u00e9g\u00e8re et brillante pour un effet lumineux toute la journ\u00e9e.\" \/>\n<meta name=\"robots\" content=\"index, follow, max-snippet:-1, max-image-preview:large, max-video-preview:-1\" \/>\n<link rel=\"canonical\" href=\"https:\/\/jardindelaparfumerie.com\/en\/shop\/maquillage\/levres\/huile-a-levres\/wure-huile-a-levres-teintee\/\" \/>\n<meta property=\"og:locale\" content=\"en_US\" \/>\n<meta property=\"og:type\" content=\"article\" \/>\n<meta property=\"og:title\" content=\"Wur\u00e9 Huile \u00e0 L\u00e8vres Teint\u00e9e &#8211; Jardin de la Parfumerie\" \/>\n<meta property=\"og:description\" content=\"Wur\u00e9 Huile \u00e0 L\u00e8vres Teint\u00e9e hydrate, nourrit et sublime naturellement les l\u00e8vres gr\u00e2ce \u00e0 une texture l\u00e9g\u00e8re et brillante pour un effet lumineux toute la journ\u00e9e.\" \/>\n<meta property=\"og:url\" content=\"https:\/\/jardindelaparfumerie.com\/en\/shop\/maquillage\/levres\/huile-a-levres\/wure-huile-a-levres-teintee\/\" \/>\n<meta property=\"og:site_name\" content=\"Jardin de la Parfumerie\" \/>\n<meta property=\"article:publisher\" content=\"https:\/\/www.facebook.com\/p\/Jardin-De-La-Parfumerie-100075860036544\/?locale=fr_FR\" \/>\n<meta property=\"article:modified_time\" content=\"2025-12-03T22:35:30+00:00\" \/>\n<meta property=\"og:image\" content=\"https:\/\/jardindelaparfumerie.com\/wp-content\/uploads\/2025\/12\/Wure-Huile-a-Levres-Teintee-Cafe-Touba-1.jpg\" \/>\n\t<meta property=\"og:image:width\" content=\"1000\" \/>\n\t<meta property=\"og:image:height\" content=\"1000\" \/>\n\t<meta property=\"og:image:type\" content=\"image\/jpeg\" \/>\n<meta name=\"twitter:card\" content=\"summary_large_image\" \/>\n<meta name=\"twitter:label1\" content=\"Est. reading time\" \/>\n\t<meta name=\"twitter:data1\" content=\"1 minute\" \/>\n<script type=\"application\/ld+json\" class=\"yoast-schema-graph\">{\"@context\":\"https:\\\/\\\/schema.org\",\"@graph\":[{\"@type\":\"WebPage\",\"@id\":\"https:\\\/\\\/jardindelaparfumerie.com\\\/shop\\\/maquillage\\\/levres\\\/huile-a-levres\\\/wure-huile-a-levres-teintee\\\/\",\"url\":\"https:\\\/\\\/jardindelaparfumerie.com\\\/shop\\\/maquillage\\\/levres\\\/huile-a-levres\\\/wure-huile-a-levres-teintee\\\/\",\"name\":\"Wur\u00e9 Huile \u00e0 L\u00e8vres Teint\u00e9e &#8211; Jardin de la Parfumerie\",\"isPartOf\":{\"@id\":\"https:\\\/\\\/jardindelaparfumerie.com\\\/#website\"},\"primaryImageOfPage\":{\"@id\":\"https:\\\/\\\/jardindelaparfumerie.com\\\/shop\\\/maquillage\\\/levres\\\/huile-a-levres\\\/wure-huile-a-levres-teintee\\\/#primaryimage\"},\"image\":{\"@id\":\"https:\\\/\\\/jardindelaparfumerie.com\\\/shop\\\/maquillage\\\/levres\\\/huile-a-levres\\\/wure-huile-a-levres-teintee\\\/#primaryimage\"},\"thumbnailUrl\":\"https:\\\/\\\/jardindelaparfumerie.com\\\/wp-content\\\/uploads\\\/2025\\\/12\\\/Wure-Huile-a-Levres-Teintee-Cafe-Touba-1.jpg\",\"datePublished\":\"2025-12-03T12:53:54+00:00\",\"dateModified\":\"2025-12-03T22:35:30+00:00\",\"description\":\"Wur\u00e9 Huile \u00e0 L\u00e8vres Teint\u00e9e hydrate, nourrit et sublime naturellement les l\u00e8vres gr\u00e2ce \u00e0 une texture l\u00e9g\u00e8re et brillante pour un effet lumineux toute la journ\u00e9e.\",\"breadcrumb\":{\"@id\":\"https:\\\/\\\/jardindelaparfumerie.com\\\/shop\\\/maquillage\\\/levres\\\/huile-a-levres\\\/wure-huile-a-levres-teintee\\\/#breadcrumb\"},\"inLanguage\":\"en-US\",\"potentialAction\":[{\"@type\":\"ReadAction\",\"target\":[\"https:\\\/\\\/jardindelaparfumerie.com\\\/shop\\\/maquillage\\\/levres\\\/huile-a-levres\\\/wure-huile-a-levres-teintee\\\/\"]}]},{\"@type\":\"ImageObject\",\"inLanguage\":\"en-US\",\"@id\":\"https:\\\/\\\/jardindelaparfumerie.com\\\/shop\\\/maquillage\\\/levres\\\/huile-a-levres\\\/wure-huile-a-levres-teintee\\\/#primaryimage\",\"url\":\"https:\\\/\\\/jardindelaparfumerie.com\\\/wp-content\\\/uploads\\\/2025\\\/12\\\/Wure-Huile-a-Levres-Teintee-Cafe-Touba-1.jpg\",\"contentUrl\":\"https:\\\/\\\/jardindelaparfumerie.com\\\/wp-content\\\/uploads\\\/2025\\\/12\\\/Wure-Huile-a-Levres-Teintee-Cafe-Touba-1.jpg\",\"width\":1000,\"height\":1000},{\"@type\":\"BreadcrumbList\",\"@id\":\"https:\\\/\\\/jardindelaparfumerie.com\\\/shop\\\/maquillage\\\/levres\\\/huile-a-levres\\\/wure-huile-a-levres-teintee\\\/#breadcrumb\",\"itemListElement\":[{\"@type\":\"ListItem\",\"position\":1,\"name\":\"Accueil\",\"item\":\"https:\\\/\\\/jardindelaparfumerie.com\\\/\"},{\"@type\":\"ListItem\",\"position\":2,\"name\":\"Boutique\",\"item\":\"https:\\\/\\\/jardindelaparfumerie.com\\\/boutique\\\/\"},{\"@type\":\"ListItem\",\"position\":3,\"name\":\"Wur\u00e9 Huile \u00e0 L\u00e8vres Teint\u00e9e\"}]},{\"@type\":\"WebSite\",\"@id\":\"https:\\\/\\\/jardindelaparfumerie.com\\\/#website\",\"url\":\"https:\\\/\\\/jardindelaparfumerie.com\\\/\",\"name\":\"Jardin de la Parfumerie\",\"description\":\"L\u2019art du Parfum, l\u2019essence du Luxe\",\"publisher\":{\"@id\":\"https:\\\/\\\/jardindelaparfumerie.com\\\/#organization\"},\"potentialAction\":[{\"@type\":\"SearchAction\",\"target\":{\"@type\":\"EntryPoint\",\"urlTemplate\":\"https:\\\/\\\/jardindelaparfumerie.com\\\/?s={search_term_string}\"},\"query-input\":{\"@type\":\"PropertyValueSpecification\",\"valueRequired\":true,\"valueName\":\"search_term_string\"}}],\"inLanguage\":\"en-US\"},{\"@type\":\"Organization\",\"@id\":\"https:\\\/\\\/jardindelaparfumerie.com\\\/#organization\",\"name\":\"Jardin de la Parfumerie\",\"url\":\"https:\\\/\\\/jardindelaparfumerie.com\\\/\",\"logo\":{\"@type\":\"ImageObject\",\"inLanguage\":\"en-US\",\"@id\":\"https:\\\/\\\/jardindelaparfumerie.com\\\/#\\\/schema\\\/logo\\\/image\\\/\",\"url\":\"https:\\\/\\\/jardindelaparfumerie.com\\\/wp-content\\\/uploads\\\/2022\\\/05\\\/Logo-alt-1.png\",\"contentUrl\":\"https:\\\/\\\/jardindelaparfumerie.com\\\/wp-content\\\/uploads\\\/2022\\\/05\\\/Logo-alt-1.png\",\"width\":725,\"height\":342,\"caption\":\"Jardin de la Parfumerie\"},\"image\":{\"@id\":\"https:\\\/\\\/jardindelaparfumerie.com\\\/#\\\/schema\\\/logo\\\/image\\\/\"},\"sameAs\":[\"https:\\\/\\\/www.facebook.com\\\/p\\\/Jardin-De-La-Parfumerie-100075860036544\\\/?locale=fr_FR\",\"https:\\\/\\\/www.instagram.com\\\/jardindelaparfumerie\\\/\"]}]}<\/script>\n<!-- \/ Yoast SEO plugin. -->","yoast_head_json":{"title":"Wur\u00e9 Huile \u00e0 L\u00e8vres Teint\u00e9e &#8211; Jardin de la Parfumerie","description":"Wur\u00e9 Huile \u00e0 L\u00e8vres Teint\u00e9e hydrate, nourrit et sublime naturellement les l\u00e8vres gr\u00e2ce \u00e0 une texture l\u00e9g\u00e8re et brillante pour un effet lumineux toute la journ\u00e9e.","robots":{"index":"index","follow":"follow","max-snippet":"max-snippet:-1","max-image-preview":"max-image-preview:large","max-video-preview":"max-video-preview:-1"},"canonical":"https:\/\/jardindelaparfumerie.com\/en\/shop\/maquillage\/levres\/huile-a-levres\/wure-huile-a-levres-teintee\/","og_locale":"en_US","og_type":"article","og_title":"Wur\u00e9 Huile \u00e0 L\u00e8vres Teint\u00e9e &#8211; Jardin de la Parfumerie","og_description":"Wur\u00e9 Huile \u00e0 L\u00e8vres Teint\u00e9e hydrate, nourrit et sublime naturellement les l\u00e8vres gr\u00e2ce \u00e0 une texture l\u00e9g\u00e8re et brillante pour un effet lumineux toute la journ\u00e9e.","og_url":"https:\/\/jardindelaparfumerie.com\/en\/shop\/maquillage\/levres\/huile-a-levres\/wure-huile-a-levres-teintee\/","og_site_name":"Jardin de la Parfumerie","article_publisher":"https:\/\/www.facebook.com\/p\/Jardin-De-La-Parfumerie-100075860036544\/?locale=fr_FR","article_modified_time":"2025-12-03T22:35:30+00:00","og_image":[{"width":1000,"height":1000,"url":"https:\/\/jardindelaparfumerie.com\/wp-content\/uploads\/2025\/12\/Wure-Huile-a-Levres-Teintee-Cafe-Touba-1.jpg","type":"image\/jpeg"}],"twitter_card":"summary_large_image","twitter_misc":{"Est. reading time":"1 minute"},"schema":{"@context":"https:\/\/schema.org","@graph":[{"@type":"WebPage","@id":"https:\/\/jardindelaparfumerie.com\/shop\/maquillage\/levres\/huile-a-levres\/wure-huile-a-levres-teintee\/","url":"https:\/\/jardindelaparfumerie.com\/shop\/maquillage\/levres\/huile-a-levres\/wure-huile-a-levres-teintee\/","name":"Wur\u00e9 Huile \u00e0 L\u00e8vres Teint\u00e9e &#8211; Jardin de la Parfumerie","isPartOf":{"@id":"https:\/\/jardindelaparfumerie.com\/#website"},"primaryImageOfPage":{"@id":"https:\/\/jardindelaparfumerie.com\/shop\/maquillage\/levres\/huile-a-levres\/wure-huile-a-levres-teintee\/#primaryimage"},"image":{"@id":"https:\/\/jardindelaparfumerie.com\/shop\/maquillage\/levres\/huile-a-levres\/wure-huile-a-levres-teintee\/#primaryimage"},"thumbnailUrl":"https:\/\/jardindelaparfumerie.com\/wp-content\/uploads\/2025\/12\/Wure-Huile-a-Levres-Teintee-Cafe-Touba-1.jpg","datePublished":"2025-12-03T12:53:54+00:00","dateModified":"2025-12-03T22:35:30+00:00","description":"Wur\u00e9 Huile \u00e0 L\u00e8vres Teint\u00e9e hydrate, nourrit et sublime naturellement les l\u00e8vres gr\u00e2ce \u00e0 une texture l\u00e9g\u00e8re et brillante pour un effet lumineux toute la journ\u00e9e.","breadcrumb":{"@id":"https:\/\/jardindelaparfumerie.com\/shop\/maquillage\/levres\/huile-a-levres\/wure-huile-a-levres-teintee\/#breadcrumb"},"inLanguage":"en-US","potentialAction":[{"@type":"ReadAction","target":["https:\/\/jardindelaparfumerie.com\/shop\/maquillage\/levres\/huile-a-levres\/wure-huile-a-levres-teintee\/"]}]},{"@type":"ImageObject","inLanguage":"en-US","@id":"https:\/\/jardindelaparfumerie.com\/shop\/maquillage\/levres\/huile-a-levres\/wure-huile-a-levres-teintee\/#primaryimage","url":"https:\/\/jardindelaparfumerie.com\/wp-content\/uploads\/2025\/12\/Wure-Huile-a-Levres-Teintee-Cafe-Touba-1.jpg","contentUrl":"https:\/\/jardindelaparfumerie.com\/wp-content\/uploads\/2025\/12\/Wure-Huile-a-Levres-Teintee-Cafe-Touba-1.jpg","width":1000,"height":1000},{"@type":"BreadcrumbList","@id":"https:\/\/jardindelaparfumerie.com\/shop\/maquillage\/levres\/huile-a-levres\/wure-huile-a-levres-teintee\/#breadcrumb","itemListElement":[{"@type":"ListItem","position":1,"name":"Accueil","item":"https:\/\/jardindelaparfumerie.com\/"},{"@type":"ListItem","position":2,"name":"Boutique","item":"https:\/\/jardindelaparfumerie.com\/boutique\/"},{"@type":"ListItem","position":3,"name":"Wur\u00e9 Huile \u00e0 L\u00e8vres Teint\u00e9e"}]},{"@type":"WebSite","@id":"https:\/\/jardindelaparfumerie.com\/#website","url":"https:\/\/jardindelaparfumerie.com\/","name":"Jardin de la Parfumerie","description":"L\u2019art du Parfum, l\u2019essence du Luxe","publisher":{"@id":"https:\/\/jardindelaparfumerie.com\/#organization"},"potentialAction":[{"@type":"SearchAction","target":{"@type":"EntryPoint","urlTemplate":"https:\/\/jardindelaparfumerie.com\/?s={search_term_string}"},"query-input":{"@type":"PropertyValueSpecification","valueRequired":true,"valueName":"search_term_string"}}],"inLanguage":"en-US"},{"@type":"Organization","@id":"https:\/\/jardindelaparfumerie.com\/#organization","name":"Jardin de la Parfumerie","url":"https:\/\/jardindelaparfumerie.com\/","logo":{"@type":"ImageObject","inLanguage":"en-US","@id":"https:\/\/jardindelaparfumerie.com\/#\/schema\/logo\/image\/","url":"https:\/\/jardindelaparfumerie.com\/wp-content\/uploads\/2022\/05\/Logo-alt-1.png","contentUrl":"https:\/\/jardindelaparfumerie.com\/wp-content\/uploads\/2022\/05\/Logo-alt-1.png","width":725,"height":342,"caption":"Jardin de la Parfumerie"},"image":{"@id":"https:\/\/jardindelaparfumerie.com\/#\/schema\/logo\/image\/"},"sameAs":["https:\/\/www.facebook.com\/p\/Jardin-De-La-Parfumerie-100075860036544\/?locale=fr_FR","https:\/\/www.instagram.com\/jardindelaparfumerie\/"]}]}},"jetpack_sharing_enabled":true,"_links":{"self":[{"href":"https:\/\/jardindelaparfumerie.com\/en\/wp-json\/wp\/v2\/product\/9808","targetHints":{"allow":["GET"]}}],"collection":[{"href":"https:\/\/jardindelaparfumerie.com\/en\/wp-json\/wp\/v2\/product"}],"about":[{"href":"https:\/\/jardindelaparfumerie.com\/en\/wp-json\/wp\/v2\/types\/product"}],"replies":[{"embeddable":true,"href":"https:\/\/jardindelaparfumerie.com\/en\/wp-json\/wp\/v2\/comments?post=9808"}],"version-history":[{"count":6,"href":"https:\/\/jardindelaparfumerie.com\/en\/wp-json\/wp\/v2\/product\/9808\/revisions"}],"predecessor-version":[{"id":9883,"href":"https:\/\/jardindelaparfumerie.com\/en\/wp-json\/wp\/v2\/product\/9808\/revisions\/9883"}],"wp:featuredmedia":[{"embeddable":true,"href":"https:\/\/jardindelaparfumerie.com\/en\/wp-json\/wp\/v2\/media\/9881"}],"wp:attachment":[{"href":"https:\/\/jardindelaparfumerie.com\/en\/wp-json\/wp\/v2\/media?parent=9808"}],"wp:term":[{"taxonomy":"product_brand","embeddable":true,"href":"https:\/\/jardindelaparfumerie.com\/en\/wp-json\/wp\/v2\/product_brand?post=9808"},{"taxonomy":"product_cat","embeddable":true,"href":"https:\/\/jardindelaparfumerie.com\/en\/wp-json\/wp\/v2\/product_cat?post=9808"},{"taxonomy":"product_tag","embeddable":true,"href":"https:\/\/jardindelaparfumerie.com\/en\/wp-json\/wp\/v2\/product_tag?post=9808"}],"curies":[{"name":"wp","href":"https:\/\/api.w.org\/{rel}","templated":true}]}}