{"id":9819,"date":"2025-12-03T14:09:08","date_gmt":"2025-12-03T13:09:08","guid":{"rendered":"https:\/\/jardindelaparfumerie.com\/?post_type=product&#038;p=9819"},"modified":"2025-12-03T23:26:48","modified_gmt":"2025-12-03T22:26:48","slug":"wure-nude-skin-bb-creme","status":"publish","type":"product","link":"https:\/\/jardindelaparfumerie.com\/en\/shop\/maquillage\/teint\/creme-teintee-bb-et-cc-creme\/wure-nude-skin-bb-creme\/","title":{"rendered":"Wur\u00e9 Nude Skin BB Cr\u00e8me"},"content":{"rendered":"<div data-elementor-type=\"wp-post\" data-elementor-id=\"9819\" class=\"elementor elementor-9819\" data-elementor-post-type=\"product\">\n\t\t\t\t\t\t<section class=\"elementor-section elementor-top-section elementor-element elementor-element-25a46325 elementor-section-boxed elementor-section-height-default elementor-section-height-default\" data-id=\"25a46325\" data-element_type=\"section\" data-e-type=\"section\">\n\t\t\t\t\t\t<div class=\"elementor-container elementor-column-gap-no\">\n\t\t\t\t\t<div class=\"elementor-column elementor-col-100 elementor-top-column elementor-element elementor-element-180e4677\" data-id=\"180e4677\" data-element_type=\"column\" data-e-type=\"column\">\n\t\t\t<div class=\"elementor-widget-wrap elementor-element-populated\">\n\t\t\t\t\t\t<div class=\"elementor-element elementor-element-6b3f5509 elementor-widget elementor-widget-text-editor\" data-id=\"6b3f5509\" data-element_type=\"widget\" data-e-type=\"widget\" data-widget_type=\"text-editor.default\">\n\t\t\t\t\t\t\t\t\t<p>Formul\u00e9e \u00e0<b>\u00a098,9%<\/b>\u00a0d\u2019ingr\u00e9dients naturels, elle est enrichie en actifs et pigments qui vont apporter:\u00a0<\/p><p><strong>\u2013 Hydratation<\/strong>\u00a0: La cire de jojoba est r\u00e9put\u00e9e \u00e9molliente et prot\u00e8ge la peau de la d\u00e9shydratation<\/p><p>\u2013\u00a0<b>Perfecteur<\/b><b>\u00a0de teint<\/b>\u00a0: L\u2019extrait de bourgeon de c\u00e8dre favorise l\u2019hydratation, le renouvellement de l\u2019\u00e9piderme et renforce la fonction barri\u00e8re de la peau. La peau est liss\u00e9e, plus douce, plus souple pour un effet bonne mine.<\/p><p>\u2013\u00a0<b>Teint unifi\u00e9<\/b>\u00a0: Une combinaison de pigments naturels qui permet d\u2019unifier le teint \u00e0 l\u2019application.<\/p><p>Ce perfecteur naturel de teint est disponible en 6 teintes: de la peau mate \u00e0 la peau fonc\u00e9e.<\/p><div>\u00a0<\/div><div class=\"faq-simple__item-title-text\"><strong>Mode d&#8217;utilisation :<\/strong><\/div><div id=\"content-faq_item_WFbMPx\" class=\"accordion__content accordion__content--animate faq-simple__item-content js-accordion-content\" role=\"region\" aria-labelledby=\"control-faq_item_WFbMPx\"><div class=\"faq-simple__item-inner js-accordion-inner rte\"><p>Apr\u00e8s votre routine skincare, d\u00e9posez une noisette de BB cr\u00e8me sur le dos de la main ou directement sur le pinceau. \u00c9tirez la mati\u00e8re du centre du visage vers l\u2019ext\u00e9rieur. Pour plus de couvrance, laissez poser quelques secondes et tapotez d\u00e9licatement avec le pinceau. Le r\u00e9sultat : un glow naturel, uniforme et lumineux, sans effet masque.<\/p><\/div><\/div>\t\t\t\t\t\t\t\t<\/div>\n\t\t\t\t\t<\/div>\n\t\t<\/div>\n\t\t\t\t\t<\/div>\n\t\t<\/section>\n\t\t\t\t<\/div>","protected":false},"excerpt":{"rendered":"<p>R\u00e9v\u00e9lez l\u2019\u00e9clat naturel de votre peau avec\u00a0<b>Nude Skin,\u00a0<\/b>la\u00a0\u00a0bb cr\u00e8me pour les peaux noires, mates et m\u00e9tiss\u00e9es. Elle offre une couvrance l\u00e9g\u00e8re et un fini \u2018peau nue\u2019 pour un teint parfaitement unifi\u00e9 et lumineux.\u00a0Notre BB cr\u00e8me sera votre alli\u00e9e beaut\u00e9 au quotidien!<\/p>\n<p>Sa texture l\u00e9g\u00e8re fusionne parfaitement avec la peau et apporte une couvrance l\u00e9g\u00e8re pour un fini naturel et un effet \u00ab peau nue \u00bb.<\/p>","protected":false},"featured_media":9879,"comment_status":"open","ping_status":"closed","template":"","meta":[],"product_brand":[403],"product_cat":[158,103,117],"product_tag":[],"class_list":{"0":"post-9819","1":"product","2":"type-product","3":"status-publish","4":"has-post-thumbnail","6":"product_brand-wure","7":"product_cat-creme-teintee-bb-et-cc-creme","8":"product_cat-maquillage","9":"product_cat-teint","10":"pa_couleur-ebene","11":"pa_couleur-faro","12":"pa_couleur-sipo","13":"pa_couleur-wenge","16":"instock","17":"shipping-taxable","18":"purchasable","19":"product-type-variable"},"yoast_head":"<!-- This site is optimized with the Yoast SEO plugin v27.4 - https:\/\/yoast.com\/product\/yoast-seo-wordpress\/ -->\n<title>Wur\u00e9 Nude Skin BB Cr\u00e8me &#8211; Jardin de la Parfumerie<\/title>\n<meta name=\"description\" content=\"Wur\u00e9 Nude Skin, la BB Cr\u00e8me id\u00e9ale pour les peaux noires, mates et m\u00e9tiss\u00e9es : couvrance naturelle, teint unifi\u00e9 et fini lumineux pour une beaut\u00e9 sans effort.\" \/>\n<meta name=\"robots\" content=\"index, follow, max-snippet:-1, max-image-preview:large, max-video-preview:-1\" \/>\n<link rel=\"canonical\" href=\"https:\/\/jardindelaparfumerie.com\/en\/shop\/maquillage\/teint\/creme-teintee-bb-et-cc-creme\/wure-nude-skin-bb-creme\/\" \/>\n<meta property=\"og:locale\" content=\"en_US\" \/>\n<meta property=\"og:type\" content=\"article\" \/>\n<meta property=\"og:title\" content=\"Wur\u00e9 Nude Skin BB Cr\u00e8me &#8211; Jardin de la Parfumerie\" \/>\n<meta property=\"og:description\" content=\"Wur\u00e9 Nude Skin, la BB Cr\u00e8me id\u00e9ale pour les peaux noires, mates et m\u00e9tiss\u00e9es : couvrance naturelle, teint unifi\u00e9 et fini lumineux pour une beaut\u00e9 sans effort.\" \/>\n<meta property=\"og:url\" content=\"https:\/\/jardindelaparfumerie.com\/en\/shop\/maquillage\/teint\/creme-teintee-bb-et-cc-creme\/wure-nude-skin-bb-creme\/\" \/>\n<meta property=\"og:site_name\" content=\"Jardin de la Parfumerie\" \/>\n<meta property=\"article:publisher\" content=\"https:\/\/www.facebook.com\/p\/Jardin-De-La-Parfumerie-100075860036544\/?locale=fr_FR\" \/>\n<meta property=\"article:modified_time\" content=\"2025-12-03T22:26:48+00:00\" \/>\n<meta property=\"og:image\" content=\"https:\/\/jardindelaparfumerie.com\/wp-content\/uploads\/2025\/12\/Wure-Nude-Skin-BB-Creme.jpg\" \/>\n\t<meta property=\"og:image:width\" content=\"1000\" \/>\n\t<meta property=\"og:image:height\" content=\"1000\" \/>\n\t<meta property=\"og:image:type\" content=\"image\/jpeg\" \/>\n<meta name=\"twitter:card\" content=\"summary_large_image\" \/>\n<meta name=\"twitter:label1\" content=\"Est. reading time\" \/>\n\t<meta name=\"twitter:data1\" content=\"1 minute\" \/>\n<script type=\"application\/ld+json\" class=\"yoast-schema-graph\">{\"@context\":\"https:\\\/\\\/schema.org\",\"@graph\":[{\"@type\":\"WebPage\",\"@id\":\"https:\\\/\\\/jardindelaparfumerie.com\\\/shop\\\/maquillage\\\/teint\\\/creme-teintee-bb-et-cc-creme\\\/wure-nude-skin-bb-creme\\\/\",\"url\":\"https:\\\/\\\/jardindelaparfumerie.com\\\/shop\\\/maquillage\\\/teint\\\/creme-teintee-bb-et-cc-creme\\\/wure-nude-skin-bb-creme\\\/\",\"name\":\"Wur\u00e9 Nude Skin BB Cr\u00e8me &#8211; Jardin de la Parfumerie\",\"isPartOf\":{\"@id\":\"https:\\\/\\\/jardindelaparfumerie.com\\\/#website\"},\"primaryImageOfPage\":{\"@id\":\"https:\\\/\\\/jardindelaparfumerie.com\\\/shop\\\/maquillage\\\/teint\\\/creme-teintee-bb-et-cc-creme\\\/wure-nude-skin-bb-creme\\\/#primaryimage\"},\"image\":{\"@id\":\"https:\\\/\\\/jardindelaparfumerie.com\\\/shop\\\/maquillage\\\/teint\\\/creme-teintee-bb-et-cc-creme\\\/wure-nude-skin-bb-creme\\\/#primaryimage\"},\"thumbnailUrl\":\"https:\\\/\\\/jardindelaparfumerie.com\\\/wp-content\\\/uploads\\\/2025\\\/12\\\/Wure-Nude-Skin-BB-Creme.jpg\",\"datePublished\":\"2025-12-03T13:09:08+00:00\",\"dateModified\":\"2025-12-03T22:26:48+00:00\",\"description\":\"Wur\u00e9 Nude Skin, la BB Cr\u00e8me id\u00e9ale pour les peaux noires, mates et m\u00e9tiss\u00e9es : couvrance naturelle, teint unifi\u00e9 et fini lumineux pour une beaut\u00e9 sans effort.\",\"breadcrumb\":{\"@id\":\"https:\\\/\\\/jardindelaparfumerie.com\\\/shop\\\/maquillage\\\/teint\\\/creme-teintee-bb-et-cc-creme\\\/wure-nude-skin-bb-creme\\\/#breadcrumb\"},\"inLanguage\":\"en-US\",\"potentialAction\":[{\"@type\":\"ReadAction\",\"target\":[\"https:\\\/\\\/jardindelaparfumerie.com\\\/shop\\\/maquillage\\\/teint\\\/creme-teintee-bb-et-cc-creme\\\/wure-nude-skin-bb-creme\\\/\"]}]},{\"@type\":\"ImageObject\",\"inLanguage\":\"en-US\",\"@id\":\"https:\\\/\\\/jardindelaparfumerie.com\\\/shop\\\/maquillage\\\/teint\\\/creme-teintee-bb-et-cc-creme\\\/wure-nude-skin-bb-creme\\\/#primaryimage\",\"url\":\"https:\\\/\\\/jardindelaparfumerie.com\\\/wp-content\\\/uploads\\\/2025\\\/12\\\/Wure-Nude-Skin-BB-Creme.jpg\",\"contentUrl\":\"https:\\\/\\\/jardindelaparfumerie.com\\\/wp-content\\\/uploads\\\/2025\\\/12\\\/Wure-Nude-Skin-BB-Creme.jpg\",\"width\":1000,\"height\":1000},{\"@type\":\"BreadcrumbList\",\"@id\":\"https:\\\/\\\/jardindelaparfumerie.com\\\/shop\\\/maquillage\\\/teint\\\/creme-teintee-bb-et-cc-creme\\\/wure-nude-skin-bb-creme\\\/#breadcrumb\",\"itemListElement\":[{\"@type\":\"ListItem\",\"position\":1,\"name\":\"Accueil\",\"item\":\"https:\\\/\\\/jardindelaparfumerie.com\\\/\"},{\"@type\":\"ListItem\",\"position\":2,\"name\":\"Boutique\",\"item\":\"https:\\\/\\\/jardindelaparfumerie.com\\\/boutique\\\/\"},{\"@type\":\"ListItem\",\"position\":3,\"name\":\"Wur\u00e9 Nude Skin BB Cr\u00e8me\"}]},{\"@type\":\"WebSite\",\"@id\":\"https:\\\/\\\/jardindelaparfumerie.com\\\/#website\",\"url\":\"https:\\\/\\\/jardindelaparfumerie.com\\\/\",\"name\":\"Jardin de la Parfumerie\",\"description\":\"L\u2019art du Parfum, l\u2019essence du Luxe\",\"publisher\":{\"@id\":\"https:\\\/\\\/jardindelaparfumerie.com\\\/#organization\"},\"potentialAction\":[{\"@type\":\"SearchAction\",\"target\":{\"@type\":\"EntryPoint\",\"urlTemplate\":\"https:\\\/\\\/jardindelaparfumerie.com\\\/?s={search_term_string}\"},\"query-input\":{\"@type\":\"PropertyValueSpecification\",\"valueRequired\":true,\"valueName\":\"search_term_string\"}}],\"inLanguage\":\"en-US\"},{\"@type\":\"Organization\",\"@id\":\"https:\\\/\\\/jardindelaparfumerie.com\\\/#organization\",\"name\":\"Jardin de la Parfumerie\",\"url\":\"https:\\\/\\\/jardindelaparfumerie.com\\\/\",\"logo\":{\"@type\":\"ImageObject\",\"inLanguage\":\"en-US\",\"@id\":\"https:\\\/\\\/jardindelaparfumerie.com\\\/#\\\/schema\\\/logo\\\/image\\\/\",\"url\":\"https:\\\/\\\/jardindelaparfumerie.com\\\/wp-content\\\/uploads\\\/2022\\\/05\\\/Logo-alt-1.png\",\"contentUrl\":\"https:\\\/\\\/jardindelaparfumerie.com\\\/wp-content\\\/uploads\\\/2022\\\/05\\\/Logo-alt-1.png\",\"width\":725,\"height\":342,\"caption\":\"Jardin de la Parfumerie\"},\"image\":{\"@id\":\"https:\\\/\\\/jardindelaparfumerie.com\\\/#\\\/schema\\\/logo\\\/image\\\/\"},\"sameAs\":[\"https:\\\/\\\/www.facebook.com\\\/p\\\/Jardin-De-La-Parfumerie-100075860036544\\\/?locale=fr_FR\",\"https:\\\/\\\/www.instagram.com\\\/jardindelaparfumerie\\\/\"]}]}<\/script>\n<!-- \/ Yoast SEO plugin. -->","yoast_head_json":{"title":"Wur\u00e9 Nude Skin BB Cr\u00e8me &#8211; Jardin de la Parfumerie","description":"Wur\u00e9 Nude Skin, la BB Cr\u00e8me id\u00e9ale pour les peaux noires, mates et m\u00e9tiss\u00e9es : couvrance naturelle, teint unifi\u00e9 et fini lumineux pour une beaut\u00e9 sans effort.","robots":{"index":"index","follow":"follow","max-snippet":"max-snippet:-1","max-image-preview":"max-image-preview:large","max-video-preview":"max-video-preview:-1"},"canonical":"https:\/\/jardindelaparfumerie.com\/en\/shop\/maquillage\/teint\/creme-teintee-bb-et-cc-creme\/wure-nude-skin-bb-creme\/","og_locale":"en_US","og_type":"article","og_title":"Wur\u00e9 Nude Skin BB Cr\u00e8me &#8211; Jardin de la Parfumerie","og_description":"Wur\u00e9 Nude Skin, la BB Cr\u00e8me id\u00e9ale pour les peaux noires, mates et m\u00e9tiss\u00e9es : couvrance naturelle, teint unifi\u00e9 et fini lumineux pour une beaut\u00e9 sans effort.","og_url":"https:\/\/jardindelaparfumerie.com\/en\/shop\/maquillage\/teint\/creme-teintee-bb-et-cc-creme\/wure-nude-skin-bb-creme\/","og_site_name":"Jardin de la Parfumerie","article_publisher":"https:\/\/www.facebook.com\/p\/Jardin-De-La-Parfumerie-100075860036544\/?locale=fr_FR","article_modified_time":"2025-12-03T22:26:48+00:00","og_image":[{"width":1000,"height":1000,"url":"https:\/\/jardindelaparfumerie.com\/wp-content\/uploads\/2025\/12\/Wure-Nude-Skin-BB-Creme.jpg","type":"image\/jpeg"}],"twitter_card":"summary_large_image","twitter_misc":{"Est. reading time":"1 minute"},"schema":{"@context":"https:\/\/schema.org","@graph":[{"@type":"WebPage","@id":"https:\/\/jardindelaparfumerie.com\/shop\/maquillage\/teint\/creme-teintee-bb-et-cc-creme\/wure-nude-skin-bb-creme\/","url":"https:\/\/jardindelaparfumerie.com\/shop\/maquillage\/teint\/creme-teintee-bb-et-cc-creme\/wure-nude-skin-bb-creme\/","name":"Wur\u00e9 Nude Skin BB Cr\u00e8me &#8211; Jardin de la Parfumerie","isPartOf":{"@id":"https:\/\/jardindelaparfumerie.com\/#website"},"primaryImageOfPage":{"@id":"https:\/\/jardindelaparfumerie.com\/shop\/maquillage\/teint\/creme-teintee-bb-et-cc-creme\/wure-nude-skin-bb-creme\/#primaryimage"},"image":{"@id":"https:\/\/jardindelaparfumerie.com\/shop\/maquillage\/teint\/creme-teintee-bb-et-cc-creme\/wure-nude-skin-bb-creme\/#primaryimage"},"thumbnailUrl":"https:\/\/jardindelaparfumerie.com\/wp-content\/uploads\/2025\/12\/Wure-Nude-Skin-BB-Creme.jpg","datePublished":"2025-12-03T13:09:08+00:00","dateModified":"2025-12-03T22:26:48+00:00","description":"Wur\u00e9 Nude Skin, la BB Cr\u00e8me id\u00e9ale pour les peaux noires, mates et m\u00e9tiss\u00e9es : couvrance naturelle, teint unifi\u00e9 et fini lumineux pour une beaut\u00e9 sans effort.","breadcrumb":{"@id":"https:\/\/jardindelaparfumerie.com\/shop\/maquillage\/teint\/creme-teintee-bb-et-cc-creme\/wure-nude-skin-bb-creme\/#breadcrumb"},"inLanguage":"en-US","potentialAction":[{"@type":"ReadAction","target":["https:\/\/jardindelaparfumerie.com\/shop\/maquillage\/teint\/creme-teintee-bb-et-cc-creme\/wure-nude-skin-bb-creme\/"]}]},{"@type":"ImageObject","inLanguage":"en-US","@id":"https:\/\/jardindelaparfumerie.com\/shop\/maquillage\/teint\/creme-teintee-bb-et-cc-creme\/wure-nude-skin-bb-creme\/#primaryimage","url":"https:\/\/jardindelaparfumerie.com\/wp-content\/uploads\/2025\/12\/Wure-Nude-Skin-BB-Creme.jpg","contentUrl":"https:\/\/jardindelaparfumerie.com\/wp-content\/uploads\/2025\/12\/Wure-Nude-Skin-BB-Creme.jpg","width":1000,"height":1000},{"@type":"BreadcrumbList","@id":"https:\/\/jardindelaparfumerie.com\/shop\/maquillage\/teint\/creme-teintee-bb-et-cc-creme\/wure-nude-skin-bb-creme\/#breadcrumb","itemListElement":[{"@type":"ListItem","position":1,"name":"Accueil","item":"https:\/\/jardindelaparfumerie.com\/"},{"@type":"ListItem","position":2,"name":"Boutique","item":"https:\/\/jardindelaparfumerie.com\/boutique\/"},{"@type":"ListItem","position":3,"name":"Wur\u00e9 Nude Skin BB Cr\u00e8me"}]},{"@type":"WebSite","@id":"https:\/\/jardindelaparfumerie.com\/#website","url":"https:\/\/jardindelaparfumerie.com\/","name":"Jardin de la Parfumerie","description":"L\u2019art du Parfum, l\u2019essence du Luxe","publisher":{"@id":"https:\/\/jardindelaparfumerie.com\/#organization"},"potentialAction":[{"@type":"SearchAction","target":{"@type":"EntryPoint","urlTemplate":"https:\/\/jardindelaparfumerie.com\/?s={search_term_string}"},"query-input":{"@type":"PropertyValueSpecification","valueRequired":true,"valueName":"search_term_string"}}],"inLanguage":"en-US"},{"@type":"Organization","@id":"https:\/\/jardindelaparfumerie.com\/#organization","name":"Jardin de la Parfumerie","url":"https:\/\/jardindelaparfumerie.com\/","logo":{"@type":"ImageObject","inLanguage":"en-US","@id":"https:\/\/jardindelaparfumerie.com\/#\/schema\/logo\/image\/","url":"https:\/\/jardindelaparfumerie.com\/wp-content\/uploads\/2022\/05\/Logo-alt-1.png","contentUrl":"https:\/\/jardindelaparfumerie.com\/wp-content\/uploads\/2022\/05\/Logo-alt-1.png","width":725,"height":342,"caption":"Jardin de la Parfumerie"},"image":{"@id":"https:\/\/jardindelaparfumerie.com\/#\/schema\/logo\/image\/"},"sameAs":["https:\/\/www.facebook.com\/p\/Jardin-De-La-Parfumerie-100075860036544\/?locale=fr_FR","https:\/\/www.instagram.com\/jardindelaparfumerie\/"]}]}},"jetpack_sharing_enabled":true,"_links":{"self":[{"href":"https:\/\/jardindelaparfumerie.com\/en\/wp-json\/wp\/v2\/product\/9819","targetHints":{"allow":["GET"]}}],"collection":[{"href":"https:\/\/jardindelaparfumerie.com\/en\/wp-json\/wp\/v2\/product"}],"about":[{"href":"https:\/\/jardindelaparfumerie.com\/en\/wp-json\/wp\/v2\/types\/product"}],"replies":[{"embeddable":true,"href":"https:\/\/jardindelaparfumerie.com\/en\/wp-json\/wp\/v2\/comments?post=9819"}],"version-history":[{"count":6,"href":"https:\/\/jardindelaparfumerie.com\/en\/wp-json\/wp\/v2\/product\/9819\/revisions"}],"predecessor-version":[{"id":9878,"href":"https:\/\/jardindelaparfumerie.com\/en\/wp-json\/wp\/v2\/product\/9819\/revisions\/9878"}],"wp:featuredmedia":[{"embeddable":true,"href":"https:\/\/jardindelaparfumerie.com\/en\/wp-json\/wp\/v2\/media\/9879"}],"wp:attachment":[{"href":"https:\/\/jardindelaparfumerie.com\/en\/wp-json\/wp\/v2\/media?parent=9819"}],"wp:term":[{"taxonomy":"product_brand","embeddable":true,"href":"https:\/\/jardindelaparfumerie.com\/en\/wp-json\/wp\/v2\/product_brand?post=9819"},{"taxonomy":"product_cat","embeddable":true,"href":"https:\/\/jardindelaparfumerie.com\/en\/wp-json\/wp\/v2\/product_cat?post=9819"},{"taxonomy":"product_tag","embeddable":true,"href":"https:\/\/jardindelaparfumerie.com\/en\/wp-json\/wp\/v2\/product_tag?post=9819"}],"curies":[{"name":"wp","href":"https:\/\/api.w.org\/{rel}","templated":true}]}}