{"id":9888,"date":"2025-12-04T09:56:30","date_gmt":"2025-12-04T08:56:30","guid":{"rendered":"https:\/\/jardindelaparfumerie.com\/?post_type=product&#038;p=9888"},"modified":"2025-12-04T11:26:49","modified_gmt":"2025-12-04T10:26:49","slug":"mixa-lait-ceramide-protection","status":"publish","type":"product","link":"https:\/\/jardindelaparfumerie.com\/en\/shop\/soins-corps\/cremes-et-soins-hydratants\/mixa-lait-ceramide-protection\/","title":{"rendered":"Mixa Cr\u00e8me C\u00e9ramide Protection"},"content":{"rendered":"<div data-elementor-type=\"wp-post\" data-elementor-id=\"9888\" class=\"elementor elementor-9888\" data-elementor-post-type=\"product\">\n\t\t\t\t\t\t<section class=\"elementor-section elementor-top-section elementor-element elementor-element-25a46325 elementor-section-boxed elementor-section-height-default elementor-section-height-default\" data-id=\"25a46325\" data-element_type=\"section\" data-e-type=\"section\">\n\t\t\t\t\t\t<div class=\"elementor-container elementor-column-gap-no\">\n\t\t\t\t\t<div class=\"elementor-column elementor-col-100 elementor-top-column elementor-element elementor-element-180e4677\" data-id=\"180e4677\" data-element_type=\"column\" data-e-type=\"column\">\n\t\t\t<div class=\"elementor-widget-wrap elementor-element-populated\">\n\t\t\t\t\t\t<div class=\"elementor-element elementor-element-6b3f5509 elementor-widget elementor-widget-text-editor\" data-id=\"6b3f5509\" data-element_type=\"widget\" data-e-type=\"widget\" data-widget_type=\"text-editor.default\">\n\t\t\t\t\t\t\t\t\t<div class=\"l-column\"><p>Les peaux s\u00e8ches et sensibles exigent des soins hydratants et protecteurs hautement concentr\u00e9s qui respectent leur sensibilit\u00e9 : notre formule nutritive et protectrice est hypoallerg\u00e9nique, non grasse, non collante et p\u00e9n\u00e8tre instantan\u00e9ment.<\/p><p>Efficacit\u00e9 prouv\u00e9e : restaure et renforce la barri\u00e8re cutan\u00e9e d\u00e8s la 1\u00e8re utilisation.<\/p><p>Formul\u00e9 avec de puissants actifs dermo-cosm\u00e9tiques et adapt\u00e9 aux peaux sensibles.<\/p><p>C\u00c9RAMIDES &amp; LIPIDES : Naturellement pr\u00e9sents dans la peau, ils sont connus pour leurs r\u00f4les essentiels dans le renforcement de la barri\u00e8re cutan\u00e9e.<\/p><p>GLYC\u00c9RINE : Connue pour ses propri\u00e9t\u00e9s d\u2019hydratation intense et de protection. Sans parfum. Test\u00e9 sous contr\u00f4le m\u00e9dical. R\u00e9sultats prouv\u00e9s. Test\u00e9s sur 7000 peaux sensibles**. *Test consommateur r\u00e9alis\u00e9 sur 50 femmes, 48h apr\u00e8s 4 semaines d\u2019utilisation. **Tests r\u00e9alis\u00e9s sur la liste des produits Mixa \u00e0 retrouver sur mixa.fr. ***Flacon fabriqu\u00e9 \u00e0 partir de plastique 100% recycl\u00e9 hors capsule\/pompe, colorants et additifs.<\/p><\/div>\t\t\t\t\t\t\t\t<\/div>\n\t\t\t\t<section class=\"elementor-section elementor-inner-section elementor-element elementor-element-13d18d6a elementor-section-boxed elementor-section-height-default elementor-section-height-default\" data-id=\"13d18d6a\" data-element_type=\"section\" data-e-type=\"section\">\n\t\t\t\t\t\t<div class=\"elementor-container elementor-column-gap-no\">\n\t\t\t\t\t<div class=\"elementor-column elementor-col-50 elementor-inner-column elementor-element elementor-element-3da4f049\" data-id=\"3da4f049\" data-element_type=\"column\" data-e-type=\"column\">\n\t\t\t<div class=\"elementor-widget-wrap elementor-element-populated\">\n\t\t\t\t\t\t<div class=\"elementor-element elementor-element-318a2190 elementor-widget elementor-widget-image\" data-id=\"318a2190\" data-element_type=\"widget\" data-e-type=\"widget\" data-widget_type=\"image.default\">\n\t\t\t\t\t\t\t\t\t\t\t\t\t\t\t<img fetchpriority=\"high\" decoding=\"async\" width=\"1000\" height=\"1000\" src=\"https:\/\/jardindelaparfumerie.com\/wp-content\/uploads\/2025\/12\/Mixa-Creme-Ceramide-Protection-2.jpg\" class=\"attachment-full size-full wp-image-9891\" alt=\"\" \/>\t\t\t\t\t\t\t\t\t\t\t\t\t\t\t<\/div>\n\t\t\t\t\t<\/div>\n\t\t<\/div>\n\t\t\t\t<div class=\"elementor-column elementor-col-50 elementor-inner-column elementor-element elementor-element-a042d22\" data-id=\"a042d22\" data-element_type=\"column\" data-e-type=\"column\">\n\t\t\t<div class=\"elementor-widget-wrap elementor-element-populated\">\n\t\t\t\t\t\t<div class=\"elementor-element elementor-element-1b9e13ab elementor-widget elementor-widget-image\" data-id=\"1b9e13ab\" data-element_type=\"widget\" data-e-type=\"widget\" data-widget_type=\"image.default\">\n\t\t\t\t\t\t\t\t\t\t\t\t\t\t\t<img decoding=\"async\" width=\"1000\" height=\"1000\" src=\"https:\/\/jardindelaparfumerie.com\/wp-content\/uploads\/2025\/12\/Mixa-Creme-Ceramide-Protection-3.jpg\" class=\"attachment-full size-full wp-image-9890\" alt=\"\" \/>\t\t\t\t\t\t\t\t\t\t\t\t\t\t\t<\/div>\n\t\t\t\t\t<\/div>\n\t\t<\/div>\n\t\t\t\t\t<\/div>\n\t\t<\/section>\n\t\t\t\t<div class=\"elementor-element elementor-element-113d3e3d elementor-widget elementor-widget-heading\" data-id=\"113d3e3d\" data-element_type=\"widget\" data-e-type=\"widget\" data-widget_type=\"heading.default\">\n\t\t\t\t\t<h2 class=\"elementor-heading-title elementor-size-default\">Application <\/h2>\t\t\t\t<\/div>\n\t\t\t\t<div class=\"elementor-element elementor-element-03564ca elementor-widget elementor-widget-text-editor\" data-id=\"03564ca\" data-element_type=\"widget\" data-e-type=\"widget\" data-widget_type=\"text-editor.default\">\n\t\t\t\t\t\t\t\t\t<ul><li>Appliquer g\u00e9n\u00e9reusement aussi souvent que n\u00e9cessaire sur le visage et le corps.<\/li><li>Ne pas appliquer sur le contour des yeux. En cas de contact avec les yeux, rincer abondamment et imm\u00e9diatement \u00e0 l&#8217;eau.<\/li><\/ul>\t\t\t\t\t\t\t\t<\/div>\n\t\t\t\t\t<\/div>\n\t\t<\/div>\n\t\t\t\t\t<\/div>\n\t\t<\/section>\n\t\t\t\t<\/div>","protected":false},"excerpt":{"rendered":"<p>D\u00e9couvrez la nouvelle gamme innovante de Mixa qui nourrit et r\u00e9pare, la Cr\u00e8me c\u00e9ramide protection qui renforce la barri\u00e8re cutan\u00e9e pour mieux prot\u00e9ger de la s\u00e9cheresse s\u00e9v\u00e8re, variations de temp\u00e9rature et pollution.<\/p>","protected":false},"featured_media":9893,"comment_status":"open","ping_status":"closed","template":"","meta":[],"product_brand":[375],"product_cat":[188,101],"product_tag":[],"class_list":{"0":"post-9888","1":"product","2":"type-product","3":"status-publish","4":"has-post-thumbnail","6":"product_brand-mixa","7":"product_cat-cremes-et-soins-hydratants","8":"product_cat-soins-corps","9":"pa_contenance-400ml","12":"instock","13":"featured","14":"shipping-taxable","15":"purchasable","16":"product-type-variable","17":"has-default-attributes"},"yoast_head":"<!-- This site is optimized with the Yoast SEO plugin v27.4 - https:\/\/yoast.com\/product\/yoast-seo-wordpress\/ -->\n<title>Mixa Cr\u00e8me C\u00e9ramide Protection &#8211; Jardin de la Parfumerie<\/title>\n<meta name=\"description\" content=\"Mixa Cr\u00e8me C\u00e9ramide Protection hydrate intens\u00e9ment, renforce la barri\u00e8re cutan\u00e9e et apaise les peaux s\u00e8ches et sensibles gr\u00e2ce \u00e0 sa formule enrichie en c\u00e9ramides.\" \/>\n<meta name=\"robots\" content=\"index, follow, max-snippet:-1, max-image-preview:large, max-video-preview:-1\" \/>\n<link rel=\"canonical\" href=\"https:\/\/jardindelaparfumerie.com\/en\/shop\/soins-corps\/cremes-et-soins-hydratants\/mixa-lait-ceramide-protection\/\" \/>\n<meta property=\"og:locale\" content=\"en_US\" \/>\n<meta property=\"og:type\" content=\"article\" \/>\n<meta property=\"og:title\" content=\"Mixa Cr\u00e8me C\u00e9ramide Protection &#8211; Jardin de la Parfumerie\" \/>\n<meta property=\"og:description\" content=\"Mixa Cr\u00e8me C\u00e9ramide Protection hydrate intens\u00e9ment, renforce la barri\u00e8re cutan\u00e9e et apaise les peaux s\u00e8ches et sensibles gr\u00e2ce \u00e0 sa formule enrichie en c\u00e9ramides.\" \/>\n<meta property=\"og:url\" content=\"https:\/\/jardindelaparfumerie.com\/en\/shop\/soins-corps\/cremes-et-soins-hydratants\/mixa-lait-ceramide-protection\/\" \/>\n<meta property=\"og:site_name\" content=\"Jardin de la Parfumerie\" \/>\n<meta property=\"article:publisher\" content=\"https:\/\/www.facebook.com\/p\/Jardin-De-La-Parfumerie-100075860036544\/?locale=fr_FR\" \/>\n<meta property=\"article:modified_time\" content=\"2025-12-04T10:26:49+00:00\" \/>\n<meta property=\"og:image\" content=\"https:\/\/jardindelaparfumerie.com\/wp-content\/uploads\/2025\/12\/Mixa-Creme-Ceramide-Protection.jpg\" \/>\n\t<meta property=\"og:image:width\" content=\"1000\" \/>\n\t<meta property=\"og:image:height\" content=\"1000\" \/>\n\t<meta property=\"og:image:type\" content=\"image\/jpeg\" \/>\n<meta name=\"twitter:card\" content=\"summary_large_image\" \/>\n<meta name=\"twitter:label1\" content=\"Est. reading time\" \/>\n\t<meta name=\"twitter:data1\" content=\"2 minutes\" \/>\n<script type=\"application\/ld+json\" class=\"yoast-schema-graph\">{\"@context\":\"https:\\\/\\\/schema.org\",\"@graph\":[{\"@type\":\"WebPage\",\"@id\":\"https:\\\/\\\/jardindelaparfumerie.com\\\/shop\\\/soins-corps\\\/cremes-et-soins-hydratants\\\/mixa-lait-ceramide-protection\\\/\",\"url\":\"https:\\\/\\\/jardindelaparfumerie.com\\\/shop\\\/soins-corps\\\/cremes-et-soins-hydratants\\\/mixa-lait-ceramide-protection\\\/\",\"name\":\"Mixa Cr\u00e8me C\u00e9ramide Protection &#8211; Jardin de la Parfumerie\",\"isPartOf\":{\"@id\":\"https:\\\/\\\/jardindelaparfumerie.com\\\/#website\"},\"primaryImageOfPage\":{\"@id\":\"https:\\\/\\\/jardindelaparfumerie.com\\\/shop\\\/soins-corps\\\/cremes-et-soins-hydratants\\\/mixa-lait-ceramide-protection\\\/#primaryimage\"},\"image\":{\"@id\":\"https:\\\/\\\/jardindelaparfumerie.com\\\/shop\\\/soins-corps\\\/cremes-et-soins-hydratants\\\/mixa-lait-ceramide-protection\\\/#primaryimage\"},\"thumbnailUrl\":\"https:\\\/\\\/jardindelaparfumerie.com\\\/wp-content\\\/uploads\\\/2025\\\/12\\\/Mixa-Creme-Ceramide-Protection.jpg\",\"datePublished\":\"2025-12-04T08:56:30+00:00\",\"dateModified\":\"2025-12-04T10:26:49+00:00\",\"description\":\"Mixa Cr\u00e8me C\u00e9ramide Protection hydrate intens\u00e9ment, renforce la barri\u00e8re cutan\u00e9e et apaise les peaux s\u00e8ches et sensibles gr\u00e2ce \u00e0 sa formule enrichie en c\u00e9ramides.\",\"breadcrumb\":{\"@id\":\"https:\\\/\\\/jardindelaparfumerie.com\\\/shop\\\/soins-corps\\\/cremes-et-soins-hydratants\\\/mixa-lait-ceramide-protection\\\/#breadcrumb\"},\"inLanguage\":\"en-US\",\"potentialAction\":[{\"@type\":\"ReadAction\",\"target\":[\"https:\\\/\\\/jardindelaparfumerie.com\\\/shop\\\/soins-corps\\\/cremes-et-soins-hydratants\\\/mixa-lait-ceramide-protection\\\/\"]}]},{\"@type\":\"ImageObject\",\"inLanguage\":\"en-US\",\"@id\":\"https:\\\/\\\/jardindelaparfumerie.com\\\/shop\\\/soins-corps\\\/cremes-et-soins-hydratants\\\/mixa-lait-ceramide-protection\\\/#primaryimage\",\"url\":\"https:\\\/\\\/jardindelaparfumerie.com\\\/wp-content\\\/uploads\\\/2025\\\/12\\\/Mixa-Creme-Ceramide-Protection.jpg\",\"contentUrl\":\"https:\\\/\\\/jardindelaparfumerie.com\\\/wp-content\\\/uploads\\\/2025\\\/12\\\/Mixa-Creme-Ceramide-Protection.jpg\",\"width\":1000,\"height\":1000,\"caption\":\"xr:d:DAFqN4F44KE:7,j:3530094574160468363,t:23080115\"},{\"@type\":\"BreadcrumbList\",\"@id\":\"https:\\\/\\\/jardindelaparfumerie.com\\\/shop\\\/soins-corps\\\/cremes-et-soins-hydratants\\\/mixa-lait-ceramide-protection\\\/#breadcrumb\",\"itemListElement\":[{\"@type\":\"ListItem\",\"position\":1,\"name\":\"Accueil\",\"item\":\"https:\\\/\\\/jardindelaparfumerie.com\\\/\"},{\"@type\":\"ListItem\",\"position\":2,\"name\":\"Boutique\",\"item\":\"https:\\\/\\\/jardindelaparfumerie.com\\\/boutique\\\/\"},{\"@type\":\"ListItem\",\"position\":3,\"name\":\"Mixa Cr\u00e8me C\u00e9ramide Protection\"}]},{\"@type\":\"WebSite\",\"@id\":\"https:\\\/\\\/jardindelaparfumerie.com\\\/#website\",\"url\":\"https:\\\/\\\/jardindelaparfumerie.com\\\/\",\"name\":\"Jardin de la Parfumerie\",\"description\":\"L\u2019art du Parfum, l\u2019essence du Luxe\",\"publisher\":{\"@id\":\"https:\\\/\\\/jardindelaparfumerie.com\\\/#organization\"},\"potentialAction\":[{\"@type\":\"SearchAction\",\"target\":{\"@type\":\"EntryPoint\",\"urlTemplate\":\"https:\\\/\\\/jardindelaparfumerie.com\\\/?s={search_term_string}\"},\"query-input\":{\"@type\":\"PropertyValueSpecification\",\"valueRequired\":true,\"valueName\":\"search_term_string\"}}],\"inLanguage\":\"en-US\"},{\"@type\":\"Organization\",\"@id\":\"https:\\\/\\\/jardindelaparfumerie.com\\\/#organization\",\"name\":\"Jardin de la Parfumerie\",\"url\":\"https:\\\/\\\/jardindelaparfumerie.com\\\/\",\"logo\":{\"@type\":\"ImageObject\",\"inLanguage\":\"en-US\",\"@id\":\"https:\\\/\\\/jardindelaparfumerie.com\\\/#\\\/schema\\\/logo\\\/image\\\/\",\"url\":\"https:\\\/\\\/jardindelaparfumerie.com\\\/wp-content\\\/uploads\\\/2022\\\/05\\\/Logo-alt-1.png\",\"contentUrl\":\"https:\\\/\\\/jardindelaparfumerie.com\\\/wp-content\\\/uploads\\\/2022\\\/05\\\/Logo-alt-1.png\",\"width\":725,\"height\":342,\"caption\":\"Jardin de la Parfumerie\"},\"image\":{\"@id\":\"https:\\\/\\\/jardindelaparfumerie.com\\\/#\\\/schema\\\/logo\\\/image\\\/\"},\"sameAs\":[\"https:\\\/\\\/www.facebook.com\\\/p\\\/Jardin-De-La-Parfumerie-100075860036544\\\/?locale=fr_FR\",\"https:\\\/\\\/www.instagram.com\\\/jardindelaparfumerie\\\/\"]}]}<\/script>\n<!-- \/ Yoast SEO plugin. -->","yoast_head_json":{"title":"Mixa Cr\u00e8me C\u00e9ramide Protection &#8211; Jardin de la Parfumerie","description":"Mixa Cr\u00e8me C\u00e9ramide Protection hydrate intens\u00e9ment, renforce la barri\u00e8re cutan\u00e9e et apaise les peaux s\u00e8ches et sensibles gr\u00e2ce \u00e0 sa formule enrichie en c\u00e9ramides.","robots":{"index":"index","follow":"follow","max-snippet":"max-snippet:-1","max-image-preview":"max-image-preview:large","max-video-preview":"max-video-preview:-1"},"canonical":"https:\/\/jardindelaparfumerie.com\/en\/shop\/soins-corps\/cremes-et-soins-hydratants\/mixa-lait-ceramide-protection\/","og_locale":"en_US","og_type":"article","og_title":"Mixa Cr\u00e8me C\u00e9ramide Protection &#8211; Jardin de la Parfumerie","og_description":"Mixa Cr\u00e8me C\u00e9ramide Protection hydrate intens\u00e9ment, renforce la barri\u00e8re cutan\u00e9e et apaise les peaux s\u00e8ches et sensibles gr\u00e2ce \u00e0 sa formule enrichie en c\u00e9ramides.","og_url":"https:\/\/jardindelaparfumerie.com\/en\/shop\/soins-corps\/cremes-et-soins-hydratants\/mixa-lait-ceramide-protection\/","og_site_name":"Jardin de la Parfumerie","article_publisher":"https:\/\/www.facebook.com\/p\/Jardin-De-La-Parfumerie-100075860036544\/?locale=fr_FR","article_modified_time":"2025-12-04T10:26:49+00:00","og_image":[{"width":1000,"height":1000,"url":"https:\/\/jardindelaparfumerie.com\/wp-content\/uploads\/2025\/12\/Mixa-Creme-Ceramide-Protection.jpg","type":"image\/jpeg"}],"twitter_card":"summary_large_image","twitter_misc":{"Est. reading time":"2 minutes"},"schema":{"@context":"https:\/\/schema.org","@graph":[{"@type":"WebPage","@id":"https:\/\/jardindelaparfumerie.com\/shop\/soins-corps\/cremes-et-soins-hydratants\/mixa-lait-ceramide-protection\/","url":"https:\/\/jardindelaparfumerie.com\/shop\/soins-corps\/cremes-et-soins-hydratants\/mixa-lait-ceramide-protection\/","name":"Mixa Cr\u00e8me C\u00e9ramide Protection &#8211; Jardin de la Parfumerie","isPartOf":{"@id":"https:\/\/jardindelaparfumerie.com\/#website"},"primaryImageOfPage":{"@id":"https:\/\/jardindelaparfumerie.com\/shop\/soins-corps\/cremes-et-soins-hydratants\/mixa-lait-ceramide-protection\/#primaryimage"},"image":{"@id":"https:\/\/jardindelaparfumerie.com\/shop\/soins-corps\/cremes-et-soins-hydratants\/mixa-lait-ceramide-protection\/#primaryimage"},"thumbnailUrl":"https:\/\/jardindelaparfumerie.com\/wp-content\/uploads\/2025\/12\/Mixa-Creme-Ceramide-Protection.jpg","datePublished":"2025-12-04T08:56:30+00:00","dateModified":"2025-12-04T10:26:49+00:00","description":"Mixa Cr\u00e8me C\u00e9ramide Protection hydrate intens\u00e9ment, renforce la barri\u00e8re cutan\u00e9e et apaise les peaux s\u00e8ches et sensibles gr\u00e2ce \u00e0 sa formule enrichie en c\u00e9ramides.","breadcrumb":{"@id":"https:\/\/jardindelaparfumerie.com\/shop\/soins-corps\/cremes-et-soins-hydratants\/mixa-lait-ceramide-protection\/#breadcrumb"},"inLanguage":"en-US","potentialAction":[{"@type":"ReadAction","target":["https:\/\/jardindelaparfumerie.com\/shop\/soins-corps\/cremes-et-soins-hydratants\/mixa-lait-ceramide-protection\/"]}]},{"@type":"ImageObject","inLanguage":"en-US","@id":"https:\/\/jardindelaparfumerie.com\/shop\/soins-corps\/cremes-et-soins-hydratants\/mixa-lait-ceramide-protection\/#primaryimage","url":"https:\/\/jardindelaparfumerie.com\/wp-content\/uploads\/2025\/12\/Mixa-Creme-Ceramide-Protection.jpg","contentUrl":"https:\/\/jardindelaparfumerie.com\/wp-content\/uploads\/2025\/12\/Mixa-Creme-Ceramide-Protection.jpg","width":1000,"height":1000,"caption":"xr:d:DAFqN4F44KE:7,j:3530094574160468363,t:23080115"},{"@type":"BreadcrumbList","@id":"https:\/\/jardindelaparfumerie.com\/shop\/soins-corps\/cremes-et-soins-hydratants\/mixa-lait-ceramide-protection\/#breadcrumb","itemListElement":[{"@type":"ListItem","position":1,"name":"Accueil","item":"https:\/\/jardindelaparfumerie.com\/"},{"@type":"ListItem","position":2,"name":"Boutique","item":"https:\/\/jardindelaparfumerie.com\/boutique\/"},{"@type":"ListItem","position":3,"name":"Mixa Cr\u00e8me C\u00e9ramide Protection"}]},{"@type":"WebSite","@id":"https:\/\/jardindelaparfumerie.com\/#website","url":"https:\/\/jardindelaparfumerie.com\/","name":"Jardin de la Parfumerie","description":"L\u2019art du Parfum, l\u2019essence du Luxe","publisher":{"@id":"https:\/\/jardindelaparfumerie.com\/#organization"},"potentialAction":[{"@type":"SearchAction","target":{"@type":"EntryPoint","urlTemplate":"https:\/\/jardindelaparfumerie.com\/?s={search_term_string}"},"query-input":{"@type":"PropertyValueSpecification","valueRequired":true,"valueName":"search_term_string"}}],"inLanguage":"en-US"},{"@type":"Organization","@id":"https:\/\/jardindelaparfumerie.com\/#organization","name":"Jardin de la Parfumerie","url":"https:\/\/jardindelaparfumerie.com\/","logo":{"@type":"ImageObject","inLanguage":"en-US","@id":"https:\/\/jardindelaparfumerie.com\/#\/schema\/logo\/image\/","url":"https:\/\/jardindelaparfumerie.com\/wp-content\/uploads\/2022\/05\/Logo-alt-1.png","contentUrl":"https:\/\/jardindelaparfumerie.com\/wp-content\/uploads\/2022\/05\/Logo-alt-1.png","width":725,"height":342,"caption":"Jardin de la Parfumerie"},"image":{"@id":"https:\/\/jardindelaparfumerie.com\/#\/schema\/logo\/image\/"},"sameAs":["https:\/\/www.facebook.com\/p\/Jardin-De-La-Parfumerie-100075860036544\/?locale=fr_FR","https:\/\/www.instagram.com\/jardindelaparfumerie\/"]}]}},"jetpack_sharing_enabled":true,"_links":{"self":[{"href":"https:\/\/jardindelaparfumerie.com\/en\/wp-json\/wp\/v2\/product\/9888","targetHints":{"allow":["GET"]}}],"collection":[{"href":"https:\/\/jardindelaparfumerie.com\/en\/wp-json\/wp\/v2\/product"}],"about":[{"href":"https:\/\/jardindelaparfumerie.com\/en\/wp-json\/wp\/v2\/types\/product"}],"replies":[{"embeddable":true,"href":"https:\/\/jardindelaparfumerie.com\/en\/wp-json\/wp\/v2\/comments?post=9888"}],"version-history":[{"count":6,"href":"https:\/\/jardindelaparfumerie.com\/en\/wp-json\/wp\/v2\/product\/9888\/revisions"}],"predecessor-version":[{"id":9931,"href":"https:\/\/jardindelaparfumerie.com\/en\/wp-json\/wp\/v2\/product\/9888\/revisions\/9931"}],"wp:featuredmedia":[{"embeddable":true,"href":"https:\/\/jardindelaparfumerie.com\/en\/wp-json\/wp\/v2\/media\/9893"}],"wp:attachment":[{"href":"https:\/\/jardindelaparfumerie.com\/en\/wp-json\/wp\/v2\/media?parent=9888"}],"wp:term":[{"taxonomy":"product_brand","embeddable":true,"href":"https:\/\/jardindelaparfumerie.com\/en\/wp-json\/wp\/v2\/product_brand?post=9888"},{"taxonomy":"product_cat","embeddable":true,"href":"https:\/\/jardindelaparfumerie.com\/en\/wp-json\/wp\/v2\/product_cat?post=9888"},{"taxonomy":"product_tag","embeddable":true,"href":"https:\/\/jardindelaparfumerie.com\/en\/wp-json\/wp\/v2\/product_tag?post=9888"}],"curies":[{"name":"wp","href":"https:\/\/api.w.org\/{rel}","templated":true}]}}