{"id":9912,"date":"2025-12-04T10:22:36","date_gmt":"2025-12-04T09:22:36","guid":{"rendered":"https:\/\/jardindelaparfumerie.com\/?post_type=product&#038;p=9912"},"modified":"2025-12-04T12:27:32","modified_gmt":"2025-12-04T11:27:32","slug":"mixa-creme-niacinamide-correction-eclat","status":"publish","type":"product","link":"https:\/\/jardindelaparfumerie.com\/en\/shop\/soins-corps\/cremes-et-soins-hydratants\/mixa-creme-niacinamide-correction-eclat\/","title":{"rendered":"Mixa Cr\u00e8me Niacinamide Correction Eclat"},"content":{"rendered":"<div data-elementor-type=\"wp-post\" data-elementor-id=\"9912\" class=\"elementor elementor-9912\" data-elementor-post-type=\"product\">\n\t\t\t\t\t\t<section class=\"elementor-section elementor-top-section elementor-element elementor-element-25a46325 elementor-section-boxed elementor-section-height-default elementor-section-height-default\" data-id=\"25a46325\" data-element_type=\"section\" data-e-type=\"section\">\n\t\t\t\t\t\t<div class=\"elementor-container elementor-column-gap-no\">\n\t\t\t\t\t<div class=\"elementor-column elementor-col-100 elementor-top-column elementor-element elementor-element-180e4677\" data-id=\"180e4677\" data-element_type=\"column\" data-e-type=\"column\">\n\t\t\t<div class=\"elementor-widget-wrap elementor-element-populated\">\n\t\t\t\t\t\t<div class=\"elementor-element elementor-element-6b3f5509 elementor-widget elementor-widget-text-editor\" data-id=\"6b3f5509\" data-element_type=\"widget\" data-e-type=\"widget\" data-widget_type=\"text-editor.default\">\n\t\t\t\t\t\t\t\t\t<div class=\"l-column\"><p>Les taches\u00a0pigmentaires\u00a0peuvent\u00a0\u00eatre\u00a0caus\u00e9es\u00a0par\u00a0l&#8217;exposition\u00a0au soleil, le\u00a0vieillissement\u00a0cutan\u00e9\u00a0ou\u00a0les imperfections.<\/p><p>La Cr\u00e8me Niacinamide Correction \u00c9clat\u00a0est\u00a0formul\u00e9e\u00a0pour unifier et booster\u00a0l&#8217;\u00e9clat\u00a0de\u00a0toutes\u00a0les\u00a0peaux,\u00a0m\u00eame\u00a0les plus\u00a0sensibles.<\/p><p>Avec son format\u00a0g\u00e9n\u00e9reux,\u00a0elle\u00a0a\u00a0\u00e9t\u00e9\u00a0con\u00e7ue\u00a0pour tout les usages : sur le visage, le corps\u00a0ou\u00a0les mains.<\/p><p>C&#8217;EST PROUV\u00c9 :<\/p><ul><li>Hydrate 48h* (penser \u00e0 ajouter un disclaimer: *Test instrumental sur 27 femmes)<\/li><li>Action anti-tache cliniquement prouv\u00e9e, pour toutes les carnations de peau.<\/li><li>Booste l&#8217;\u00e9clat de la peau.<\/li><\/ul><p>DE PUISSANTS ACTIFS DERMO-COSM\u00c9TIQUES ADAPT\u00c9S AU PEAUX SENSIBLES :<\/p><ul><li>La NIACINAMIDE : connue pour r\u00e9duire les taches pigmentaires et am\u00e9liorer l&#8217;\u00e9clat.<\/li><li>La VITAMINE Cg* : Connue pour am\u00e9liorer l&#8217;uniformit\u00e9 du teint.<\/li><li>Le BEURRE DE KARIT\u00c9: connu pour nourrir intens\u00e9ment.<\/li><\/ul><p>Parfum\u00a0subtil\u00a0et p\u00e9tillant.\u00a0Formule\u00a0hypoallerg\u00e9nique.\u00a0Test\u00e9\u00a0sur 7000**\u00a0peaux\u00a0sensibles.<\/p><p>*Vitamine\u00a0Cg, un\u00a0d\u00e9riv\u00e9\u00a0de la\u00a0Vitamine\u00a0C \u00e0 la\u00a0stabilit\u00e9e\u00a0am\u00e9lior\u00e9e\u00a0**Tests\u00a0r\u00e9alis\u00e9s\u00a0sur la\u00a0liste\u00a0des\u00a0produits\u00a0Mixa\u00a0\u00e0\u00a0retrouver\u00a0sur le site de Mixa.fr<\/p><\/div>\t\t\t\t\t\t\t\t<\/div>\n\t\t\t\t<section class=\"elementor-section elementor-inner-section elementor-element elementor-element-13d18d6a elementor-section-boxed elementor-section-height-default elementor-section-height-default\" data-id=\"13d18d6a\" data-element_type=\"section\" data-e-type=\"section\">\n\t\t\t\t\t\t<div class=\"elementor-container elementor-column-gap-no\">\n\t\t\t\t\t<div class=\"elementor-column elementor-col-50 elementor-inner-column elementor-element elementor-element-3da4f049\" data-id=\"3da4f049\" data-element_type=\"column\" data-e-type=\"column\">\n\t\t\t<div class=\"elementor-widget-wrap elementor-element-populated\">\n\t\t\t\t\t\t<div class=\"elementor-element elementor-element-318a2190 elementor-widget elementor-widget-image\" data-id=\"318a2190\" data-element_type=\"widget\" data-e-type=\"widget\" data-widget_type=\"image.default\">\n\t\t\t\t\t\t\t\t\t\t\t\t\t\t\t<img fetchpriority=\"high\" decoding=\"async\" width=\"2000\" height=\"2000\" src=\"https:\/\/jardindelaparfumerie.com\/wp-content\/uploads\/2025\/12\/Mixa-Creme-Niacinamide-Correction-Eclat-4.jpg\" class=\"attachment-full size-full wp-image-9921\" alt=\"\" \/>\t\t\t\t\t\t\t\t\t\t\t\t\t\t\t<\/div>\n\t\t\t\t\t<\/div>\n\t\t<\/div>\n\t\t\t\t<div class=\"elementor-column elementor-col-50 elementor-inner-column elementor-element elementor-element-a042d22\" data-id=\"a042d22\" data-element_type=\"column\" data-e-type=\"column\">\n\t\t\t<div class=\"elementor-widget-wrap elementor-element-populated\">\n\t\t\t\t\t\t<div class=\"elementor-element elementor-element-1b9e13ab elementor-widget elementor-widget-image\" data-id=\"1b9e13ab\" data-element_type=\"widget\" data-e-type=\"widget\" data-widget_type=\"image.default\">\n\t\t\t\t\t\t\t\t\t\t\t\t\t\t\t<img decoding=\"async\" width=\"2000\" height=\"2000\" src=\"https:\/\/jardindelaparfumerie.com\/wp-content\/uploads\/2025\/12\/Mixa-Creme-Niacinamide-Correction-Eclat-2.jpg\" class=\"attachment-full size-full wp-image-9919\" alt=\"\" \/>\t\t\t\t\t\t\t\t\t\t\t\t\t\t\t<\/div>\n\t\t\t\t\t<\/div>\n\t\t<\/div>\n\t\t\t\t\t<\/div>\n\t\t<\/section>\n\t\t\t\t<div class=\"elementor-element elementor-element-113d3e3d elementor-widget elementor-widget-heading\" data-id=\"113d3e3d\" data-element_type=\"widget\" data-e-type=\"widget\" data-widget_type=\"heading.default\">\n\t\t\t\t\t<h2 class=\"elementor-heading-title elementor-size-default\">Application <\/h2>\t\t\t\t<\/div>\n\t\t\t\t<div class=\"elementor-element elementor-element-03564ca elementor-widget elementor-widget-text-editor\" data-id=\"03564ca\" data-element_type=\"widget\" data-e-type=\"widget\" data-widget_type=\"text-editor.default\">\n\t\t\t\t\t\t\t\t\t<ul><li><p>Sur le visage : appliquer\u00a0une\u00a0noisette de\u00a0produit\u00a0matin et\u00a0soir\u00a0sur\u00a0peau\u00a0propre.<\/p><\/li><li><p>Sur le corps : appliquer sur\u00a0peau\u00a0propre le matin et\/ou\u00a0le\u00a0soir. Une noisette de\u00a0produit\u00a0par zone\u00a0d&#8217;application\u00a0(jambes, bras, torse, \u2026)\u00a0est\u00a0suffisante.<\/p><\/li><li><p>Sur les mains : appliquer sur les mains\u00a0d\u00e8s\u00a0que\u00a0n\u00e9cessaire.<\/p><\/li><li><p>Garder\u00a0\u00e0\u00a0temp\u00e9rature\u00a0ambiante.<\/p><\/li><li><p>Avertissement\u00a0de s\u00fbret\u00e9: les\u00a0listes\u00a0d\u2019ingr\u00e9dients\u00a0entrant dans la composition des\u00a0produits\u00a0de\u00a0notre\u00a0marque\u00a0sont\u00a0r\u00e9guli\u00e8rement\u00a0mises \u00e0 jour. Avant\u00a0d\u2019utiliser\u00a0un\u00a0produit\u00a0de\u00a0notre\u00a0marque,\u00a0vous\u00a0\u00eates\u00a0invit\u00e9s\u00a0\u00e0 lire la\u00a0liste\u00a0d\u2019ingr\u00e9dients\u00a0figurant sur son\u00a0emballage\u00a0afin\u00a0de\u00a0vous\u00a0assurer que les\u00a0ingr\u00e9dients\u00a0sont\u00a0adapt\u00e9s\u00a0\u00e0\u00a0votre\u00a0utilisation\u00a0personnelle.\u00a0<\/p><\/li><li><p>En cas de contact avec les yeux, les rincer imm\u00e9diatement et abondamment<\/p><\/li><\/ul>\t\t\t\t\t\t\t\t<\/div>\n\t\t\t\t\t<\/div>\n\t\t<\/div>\n\t\t\t\t\t<\/div>\n\t\t<\/section>\n\t\t\t\t<\/div>","protected":false},"excerpt":{"rendered":"<p>D\u00e9couvrez\u00a0la nouvelle\u00a0gamme\u00a0innovante\u00a0de\u00a0Mixa\u00a0qui\u00a0nourrit\u00a0et\u00a0r\u00e9pare, la Cr\u00e8me Niacinamide Correction Eclat\u00a0unifie\u00a0et\u00a0booste\u00a0l&#8217;\u00e9clat\u00a0de la\u00a0peau. NOUVEAU \u2013 La Cr\u00e8me Niacinamide Correction Eclat,\u00a0hydratante\u00a0et anti-taches,\u00a0est\u00a0id\u00e9ale\u00a0pour les\u00a0peaux\u00a0tr\u00e8s\u00a0s\u00e8ches, ternes et\u00a0sujettes\u00a0aux taches\u00a0pigmentaires. Son action anti-tache\u00a0a\u00a0\u00e9t\u00e9\u00a0cliniquement\u00a0prouv\u00e9e\u00a0pour\u00a0toutes\u00a0les carnations de\u00a0peau.<\/p>","protected":false},"featured_media":9950,"comment_status":"open","ping_status":"closed","template":"","meta":[],"product_brand":[375],"product_cat":[188,101],"product_tag":[],"class_list":{"0":"post-9912","1":"product","2":"type-product","3":"status-publish","4":"has-post-thumbnail","6":"product_brand-mixa","7":"product_cat-cremes-et-soins-hydratants","8":"product_cat-soins-corps","9":"pa_contenance-400ml","12":"instock","13":"featured","14":"shipping-taxable","15":"purchasable","16":"product-type-variable","17":"has-default-attributes"},"yoast_head":"<!-- This site is optimized with the Yoast SEO plugin v27.4 - https:\/\/yoast.com\/product\/yoast-seo-wordpress\/ -->\n<title>Mixa Cr\u00e8me Niacinamide Correction Eclat &#8211; Jardin de la Parfumerie<\/title>\n<meta name=\"description\" content=\"Mixa Cr\u00e8me Niacinamide Correction \u00c9clat unifie le teint, r\u00e9duit les taches et booste l\u2019illumination de la peau tout en offrant une hydratation douce et efficace.\" \/>\n<meta name=\"robots\" content=\"index, follow, max-snippet:-1, max-image-preview:large, max-video-preview:-1\" \/>\n<link rel=\"canonical\" href=\"https:\/\/jardindelaparfumerie.com\/en\/shop\/soins-corps\/cremes-et-soins-hydratants\/mixa-creme-niacinamide-correction-eclat\/\" \/>\n<meta property=\"og:locale\" content=\"en_US\" \/>\n<meta property=\"og:type\" content=\"article\" \/>\n<meta property=\"og:title\" content=\"Mixa Cr\u00e8me Niacinamide Correction Eclat &#8211; Jardin de la Parfumerie\" \/>\n<meta property=\"og:description\" content=\"Mixa Cr\u00e8me Niacinamide Correction \u00c9clat unifie le teint, r\u00e9duit les taches et booste l\u2019illumination de la peau tout en offrant une hydratation douce et efficace.\" \/>\n<meta property=\"og:url\" content=\"https:\/\/jardindelaparfumerie.com\/en\/shop\/soins-corps\/cremes-et-soins-hydratants\/mixa-creme-niacinamide-correction-eclat\/\" \/>\n<meta property=\"og:site_name\" content=\"Jardin de la Parfumerie\" \/>\n<meta property=\"article:publisher\" content=\"https:\/\/www.facebook.com\/p\/Jardin-De-La-Parfumerie-100075860036544\/?locale=fr_FR\" \/>\n<meta property=\"article:modified_time\" content=\"2025-12-04T11:27:32+00:00\" \/>\n<meta property=\"og:image\" content=\"https:\/\/jardindelaparfumerie.com\/wp-content\/uploads\/2025\/12\/Mixa-Creme-Niacinamide-Correction-Eclat.jpg\" \/>\n\t<meta property=\"og:image:width\" content=\"1000\" \/>\n\t<meta property=\"og:image:height\" content=\"1000\" \/>\n\t<meta property=\"og:image:type\" content=\"image\/jpeg\" \/>\n<meta name=\"twitter:card\" content=\"summary_large_image\" \/>\n<meta name=\"twitter:label1\" content=\"Est. reading time\" \/>\n\t<meta name=\"twitter:data1\" content=\"2 minutes\" \/>\n<script type=\"application\/ld+json\" class=\"yoast-schema-graph\">{\"@context\":\"https:\\\/\\\/schema.org\",\"@graph\":[{\"@type\":\"WebPage\",\"@id\":\"https:\\\/\\\/jardindelaparfumerie.com\\\/shop\\\/soins-corps\\\/cremes-et-soins-hydratants\\\/mixa-creme-niacinamide-correction-eclat\\\/\",\"url\":\"https:\\\/\\\/jardindelaparfumerie.com\\\/shop\\\/soins-corps\\\/cremes-et-soins-hydratants\\\/mixa-creme-niacinamide-correction-eclat\\\/\",\"name\":\"Mixa Cr\u00e8me Niacinamide Correction Eclat &#8211; Jardin de la Parfumerie\",\"isPartOf\":{\"@id\":\"https:\\\/\\\/jardindelaparfumerie.com\\\/#website\"},\"primaryImageOfPage\":{\"@id\":\"https:\\\/\\\/jardindelaparfumerie.com\\\/shop\\\/soins-corps\\\/cremes-et-soins-hydratants\\\/mixa-creme-niacinamide-correction-eclat\\\/#primaryimage\"},\"image\":{\"@id\":\"https:\\\/\\\/jardindelaparfumerie.com\\\/shop\\\/soins-corps\\\/cremes-et-soins-hydratants\\\/mixa-creme-niacinamide-correction-eclat\\\/#primaryimage\"},\"thumbnailUrl\":\"https:\\\/\\\/jardindelaparfumerie.com\\\/wp-content\\\/uploads\\\/2025\\\/12\\\/Mixa-Creme-Niacinamide-Correction-Eclat.jpg\",\"datePublished\":\"2025-12-04T09:22:36+00:00\",\"dateModified\":\"2025-12-04T11:27:32+00:00\",\"description\":\"Mixa Cr\u00e8me Niacinamide Correction \u00c9clat unifie le teint, r\u00e9duit les taches et booste l\u2019illumination de la peau tout en offrant une hydratation douce et efficace.\",\"breadcrumb\":{\"@id\":\"https:\\\/\\\/jardindelaparfumerie.com\\\/shop\\\/soins-corps\\\/cremes-et-soins-hydratants\\\/mixa-creme-niacinamide-correction-eclat\\\/#breadcrumb\"},\"inLanguage\":\"en-US\",\"potentialAction\":[{\"@type\":\"ReadAction\",\"target\":[\"https:\\\/\\\/jardindelaparfumerie.com\\\/shop\\\/soins-corps\\\/cremes-et-soins-hydratants\\\/mixa-creme-niacinamide-correction-eclat\\\/\"]}]},{\"@type\":\"ImageObject\",\"inLanguage\":\"en-US\",\"@id\":\"https:\\\/\\\/jardindelaparfumerie.com\\\/shop\\\/soins-corps\\\/cremes-et-soins-hydratants\\\/mixa-creme-niacinamide-correction-eclat\\\/#primaryimage\",\"url\":\"https:\\\/\\\/jardindelaparfumerie.com\\\/wp-content\\\/uploads\\\/2025\\\/12\\\/Mixa-Creme-Niacinamide-Correction-Eclat.jpg\",\"contentUrl\":\"https:\\\/\\\/jardindelaparfumerie.com\\\/wp-content\\\/uploads\\\/2025\\\/12\\\/Mixa-Creme-Niacinamide-Correction-Eclat.jpg\",\"width\":1000,\"height\":1000},{\"@type\":\"BreadcrumbList\",\"@id\":\"https:\\\/\\\/jardindelaparfumerie.com\\\/shop\\\/soins-corps\\\/cremes-et-soins-hydratants\\\/mixa-creme-niacinamide-correction-eclat\\\/#breadcrumb\",\"itemListElement\":[{\"@type\":\"ListItem\",\"position\":1,\"name\":\"Accueil\",\"item\":\"https:\\\/\\\/jardindelaparfumerie.com\\\/\"},{\"@type\":\"ListItem\",\"position\":2,\"name\":\"Boutique\",\"item\":\"https:\\\/\\\/jardindelaparfumerie.com\\\/boutique\\\/\"},{\"@type\":\"ListItem\",\"position\":3,\"name\":\"Mixa Cr\u00e8me Niacinamide Correction Eclat\"}]},{\"@type\":\"WebSite\",\"@id\":\"https:\\\/\\\/jardindelaparfumerie.com\\\/#website\",\"url\":\"https:\\\/\\\/jardindelaparfumerie.com\\\/\",\"name\":\"Jardin de la Parfumerie\",\"description\":\"L\u2019art du Parfum, l\u2019essence du Luxe\",\"publisher\":{\"@id\":\"https:\\\/\\\/jardindelaparfumerie.com\\\/#organization\"},\"potentialAction\":[{\"@type\":\"SearchAction\",\"target\":{\"@type\":\"EntryPoint\",\"urlTemplate\":\"https:\\\/\\\/jardindelaparfumerie.com\\\/?s={search_term_string}\"},\"query-input\":{\"@type\":\"PropertyValueSpecification\",\"valueRequired\":true,\"valueName\":\"search_term_string\"}}],\"inLanguage\":\"en-US\"},{\"@type\":\"Organization\",\"@id\":\"https:\\\/\\\/jardindelaparfumerie.com\\\/#organization\",\"name\":\"Jardin de la Parfumerie\",\"url\":\"https:\\\/\\\/jardindelaparfumerie.com\\\/\",\"logo\":{\"@type\":\"ImageObject\",\"inLanguage\":\"en-US\",\"@id\":\"https:\\\/\\\/jardindelaparfumerie.com\\\/#\\\/schema\\\/logo\\\/image\\\/\",\"url\":\"https:\\\/\\\/jardindelaparfumerie.com\\\/wp-content\\\/uploads\\\/2022\\\/05\\\/Logo-alt-1.png\",\"contentUrl\":\"https:\\\/\\\/jardindelaparfumerie.com\\\/wp-content\\\/uploads\\\/2022\\\/05\\\/Logo-alt-1.png\",\"width\":725,\"height\":342,\"caption\":\"Jardin de la Parfumerie\"},\"image\":{\"@id\":\"https:\\\/\\\/jardindelaparfumerie.com\\\/#\\\/schema\\\/logo\\\/image\\\/\"},\"sameAs\":[\"https:\\\/\\\/www.facebook.com\\\/p\\\/Jardin-De-La-Parfumerie-100075860036544\\\/?locale=fr_FR\",\"https:\\\/\\\/www.instagram.com\\\/jardindelaparfumerie\\\/\"]}]}<\/script>\n<!-- \/ Yoast SEO plugin. -->","yoast_head_json":{"title":"Mixa Cr\u00e8me Niacinamide Correction Eclat &#8211; Jardin de la Parfumerie","description":"Mixa Cr\u00e8me Niacinamide Correction \u00c9clat unifie le teint, r\u00e9duit les taches et booste l\u2019illumination de la peau tout en offrant une hydratation douce et efficace.","robots":{"index":"index","follow":"follow","max-snippet":"max-snippet:-1","max-image-preview":"max-image-preview:large","max-video-preview":"max-video-preview:-1"},"canonical":"https:\/\/jardindelaparfumerie.com\/en\/shop\/soins-corps\/cremes-et-soins-hydratants\/mixa-creme-niacinamide-correction-eclat\/","og_locale":"en_US","og_type":"article","og_title":"Mixa Cr\u00e8me Niacinamide Correction Eclat &#8211; Jardin de la Parfumerie","og_description":"Mixa Cr\u00e8me Niacinamide Correction \u00c9clat unifie le teint, r\u00e9duit les taches et booste l\u2019illumination de la peau tout en offrant une hydratation douce et efficace.","og_url":"https:\/\/jardindelaparfumerie.com\/en\/shop\/soins-corps\/cremes-et-soins-hydratants\/mixa-creme-niacinamide-correction-eclat\/","og_site_name":"Jardin de la Parfumerie","article_publisher":"https:\/\/www.facebook.com\/p\/Jardin-De-La-Parfumerie-100075860036544\/?locale=fr_FR","article_modified_time":"2025-12-04T11:27:32+00:00","og_image":[{"width":1000,"height":1000,"url":"https:\/\/jardindelaparfumerie.com\/wp-content\/uploads\/2025\/12\/Mixa-Creme-Niacinamide-Correction-Eclat.jpg","type":"image\/jpeg"}],"twitter_card":"summary_large_image","twitter_misc":{"Est. reading time":"2 minutes"},"schema":{"@context":"https:\/\/schema.org","@graph":[{"@type":"WebPage","@id":"https:\/\/jardindelaparfumerie.com\/shop\/soins-corps\/cremes-et-soins-hydratants\/mixa-creme-niacinamide-correction-eclat\/","url":"https:\/\/jardindelaparfumerie.com\/shop\/soins-corps\/cremes-et-soins-hydratants\/mixa-creme-niacinamide-correction-eclat\/","name":"Mixa Cr\u00e8me Niacinamide Correction Eclat &#8211; Jardin de la Parfumerie","isPartOf":{"@id":"https:\/\/jardindelaparfumerie.com\/#website"},"primaryImageOfPage":{"@id":"https:\/\/jardindelaparfumerie.com\/shop\/soins-corps\/cremes-et-soins-hydratants\/mixa-creme-niacinamide-correction-eclat\/#primaryimage"},"image":{"@id":"https:\/\/jardindelaparfumerie.com\/shop\/soins-corps\/cremes-et-soins-hydratants\/mixa-creme-niacinamide-correction-eclat\/#primaryimage"},"thumbnailUrl":"https:\/\/jardindelaparfumerie.com\/wp-content\/uploads\/2025\/12\/Mixa-Creme-Niacinamide-Correction-Eclat.jpg","datePublished":"2025-12-04T09:22:36+00:00","dateModified":"2025-12-04T11:27:32+00:00","description":"Mixa Cr\u00e8me Niacinamide Correction \u00c9clat unifie le teint, r\u00e9duit les taches et booste l\u2019illumination de la peau tout en offrant une hydratation douce et efficace.","breadcrumb":{"@id":"https:\/\/jardindelaparfumerie.com\/shop\/soins-corps\/cremes-et-soins-hydratants\/mixa-creme-niacinamide-correction-eclat\/#breadcrumb"},"inLanguage":"en-US","potentialAction":[{"@type":"ReadAction","target":["https:\/\/jardindelaparfumerie.com\/shop\/soins-corps\/cremes-et-soins-hydratants\/mixa-creme-niacinamide-correction-eclat\/"]}]},{"@type":"ImageObject","inLanguage":"en-US","@id":"https:\/\/jardindelaparfumerie.com\/shop\/soins-corps\/cremes-et-soins-hydratants\/mixa-creme-niacinamide-correction-eclat\/#primaryimage","url":"https:\/\/jardindelaparfumerie.com\/wp-content\/uploads\/2025\/12\/Mixa-Creme-Niacinamide-Correction-Eclat.jpg","contentUrl":"https:\/\/jardindelaparfumerie.com\/wp-content\/uploads\/2025\/12\/Mixa-Creme-Niacinamide-Correction-Eclat.jpg","width":1000,"height":1000},{"@type":"BreadcrumbList","@id":"https:\/\/jardindelaparfumerie.com\/shop\/soins-corps\/cremes-et-soins-hydratants\/mixa-creme-niacinamide-correction-eclat\/#breadcrumb","itemListElement":[{"@type":"ListItem","position":1,"name":"Accueil","item":"https:\/\/jardindelaparfumerie.com\/"},{"@type":"ListItem","position":2,"name":"Boutique","item":"https:\/\/jardindelaparfumerie.com\/boutique\/"},{"@type":"ListItem","position":3,"name":"Mixa Cr\u00e8me Niacinamide Correction Eclat"}]},{"@type":"WebSite","@id":"https:\/\/jardindelaparfumerie.com\/#website","url":"https:\/\/jardindelaparfumerie.com\/","name":"Jardin de la Parfumerie","description":"L\u2019art du Parfum, l\u2019essence du Luxe","publisher":{"@id":"https:\/\/jardindelaparfumerie.com\/#organization"},"potentialAction":[{"@type":"SearchAction","target":{"@type":"EntryPoint","urlTemplate":"https:\/\/jardindelaparfumerie.com\/?s={search_term_string}"},"query-input":{"@type":"PropertyValueSpecification","valueRequired":true,"valueName":"search_term_string"}}],"inLanguage":"en-US"},{"@type":"Organization","@id":"https:\/\/jardindelaparfumerie.com\/#organization","name":"Jardin de la Parfumerie","url":"https:\/\/jardindelaparfumerie.com\/","logo":{"@type":"ImageObject","inLanguage":"en-US","@id":"https:\/\/jardindelaparfumerie.com\/#\/schema\/logo\/image\/","url":"https:\/\/jardindelaparfumerie.com\/wp-content\/uploads\/2022\/05\/Logo-alt-1.png","contentUrl":"https:\/\/jardindelaparfumerie.com\/wp-content\/uploads\/2022\/05\/Logo-alt-1.png","width":725,"height":342,"caption":"Jardin de la Parfumerie"},"image":{"@id":"https:\/\/jardindelaparfumerie.com\/#\/schema\/logo\/image\/"},"sameAs":["https:\/\/www.facebook.com\/p\/Jardin-De-La-Parfumerie-100075860036544\/?locale=fr_FR","https:\/\/www.instagram.com\/jardindelaparfumerie\/"]}]}},"jetpack_sharing_enabled":true,"_links":{"self":[{"href":"https:\/\/jardindelaparfumerie.com\/en\/wp-json\/wp\/v2\/product\/9912","targetHints":{"allow":["GET"]}}],"collection":[{"href":"https:\/\/jardindelaparfumerie.com\/en\/wp-json\/wp\/v2\/product"}],"about":[{"href":"https:\/\/jardindelaparfumerie.com\/en\/wp-json\/wp\/v2\/types\/product"}],"replies":[{"embeddable":true,"href":"https:\/\/jardindelaparfumerie.com\/en\/wp-json\/wp\/v2\/comments?post=9912"}],"version-history":[{"count":8,"href":"https:\/\/jardindelaparfumerie.com\/en\/wp-json\/wp\/v2\/product\/9912\/revisions"}],"predecessor-version":[{"id":9969,"href":"https:\/\/jardindelaparfumerie.com\/en\/wp-json\/wp\/v2\/product\/9912\/revisions\/9969"}],"wp:featuredmedia":[{"embeddable":true,"href":"https:\/\/jardindelaparfumerie.com\/en\/wp-json\/wp\/v2\/media\/9950"}],"wp:attachment":[{"href":"https:\/\/jardindelaparfumerie.com\/en\/wp-json\/wp\/v2\/media?parent=9912"}],"wp:term":[{"taxonomy":"product_brand","embeddable":true,"href":"https:\/\/jardindelaparfumerie.com\/en\/wp-json\/wp\/v2\/product_brand?post=9912"},{"taxonomy":"product_cat","embeddable":true,"href":"https:\/\/jardindelaparfumerie.com\/en\/wp-json\/wp\/v2\/product_cat?post=9912"},{"taxonomy":"product_tag","embeddable":true,"href":"https:\/\/jardindelaparfumerie.com\/en\/wp-json\/wp\/v2\/product_tag?post=9912"}],"curies":[{"name":"wp","href":"https:\/\/api.w.org\/{rel}","templated":true}]}}