{"id":9940,"date":"2025-12-04T11:00:59","date_gmt":"2025-12-04T10:00:59","guid":{"rendered":"https:\/\/jardindelaparfumerie.com\/?post_type=product&#038;p=9940"},"modified":"2025-12-04T12:25:48","modified_gmt":"2025-12-04T11:25:48","slug":"mixa-lait-niacinamide-correction-eclat","status":"publish","type":"product","link":"https:\/\/jardindelaparfumerie.com\/en\/shop\/soins-corps\/cremes-et-soins-hydratants\/mixa-lait-niacinamide-correction-eclat\/","title":{"rendered":"Mixa Lait Niacinamide Correction Eclat"},"content":{"rendered":"<div data-elementor-type=\"wp-post\" data-elementor-id=\"9940\" class=\"elementor elementor-9940\" data-elementor-post-type=\"product\">\n\t\t\t\t\t\t<section class=\"elementor-section elementor-top-section elementor-element elementor-element-25a46325 elementor-section-boxed elementor-section-height-default elementor-section-height-default\" data-id=\"25a46325\" data-element_type=\"section\" data-e-type=\"section\">\n\t\t\t\t\t\t<div class=\"elementor-container elementor-column-gap-no\">\n\t\t\t\t\t<div class=\"elementor-column elementor-col-100 elementor-top-column elementor-element elementor-element-180e4677\" data-id=\"180e4677\" data-element_type=\"column\" data-e-type=\"column\">\n\t\t\t<div class=\"elementor-widget-wrap elementor-element-populated\">\n\t\t\t\t\t\t<div class=\"elementor-element elementor-element-6b3f5509 elementor-widget elementor-widget-text-editor\" data-id=\"6b3f5509\" data-element_type=\"widget\" data-e-type=\"widget\" data-widget_type=\"text-editor.default\">\n\t\t\t\t\t\t\t\t\t<div class=\"l-column\"><p>Une\u00a0peau\u00a0s\u00e8che\u00a0au\u00a0teint\u00a0irr\u00e9gulier\u00a0a\u00a0besoin\u00a0de\u00a0soins\u00a0intens\u00e9ment\u00a0hydratants\u00a0et\u00a0unifiants\u00a0adapt\u00e9s\u00a0aux\u00a0peaux\u00a0les plus\u00a0sensibles.<\/p><p>Le Lait Niacinamide Correction \u00c9clat\u00a0est\u00a0formul\u00e9\u00a0pour\u00a0hydrater, unifier le\u00a0teint\u00a0et booster\u00a0l&#8217;\u00e9clat\u00a0des\u00a0peaux\u00a0s\u00e8ches\u00a0et ternes..\u00a0Efficace\u00a0pour\u00a0toutes\u00a0les carnations de\u00a0peau.<\/p><p>\u00a0<\/p><p>C&#8217;EST PROUV\u00c9 :<\/p><ul><li>Hydrate 48h*.<\/li><li>Effet unifiant.<\/li><li>Booster d&#8217;\u00e9clat.<\/li><\/ul><p>\u00a0<\/p><p>DE PUISSANTS ACTIFS DERMO-COSM\u00c9TIQUES ADAPT\u00c9S AU PEAUX SENSIBLES :<\/p><ul><li>NIACINAMIDE : Connue pour ses propri\u00e9t\u00e9s unifiantes et apaisantes.<\/li><li>VITAMINE Cg**: Connue pour am\u00e9liorer l&#8217;uniformit\u00e9 du teint.\u00a0<\/li><li>BEURRE DE KARIT\u00c9 : Connu pour nourrir intens\u00e9ment.<\/li><\/ul><p>\u00a0<\/p><p>Parfum\u00a0subtil\u00a0et p\u00e9tillant. Texture non\u00a0grasse, non\u00a0collante.\u00a0P\u00e9n\u00e8tre\u00a0rapidement.<\/p><p>Hypoallerg\u00e9nique.\u00a0Test\u00e9\u00a0sur 7000***\u00a0peaux\u00a0sensibles.<\/p><p>\u00a0<\/p><p>*Test instrumental\u00a0r\u00e9alis\u00e9\u00a0aupr\u00e8s\u00a0de 28\u00a0personnes. **Vitamine\u00a0Cg, un\u00a0d\u00e9riv\u00e9\u00a0de la\u00a0vitamine\u00a0C \u00e0 la\u00a0stabilit\u00e9\u00a0am\u00e9lior\u00e9e. ***Tests\u00a0r\u00e9alis\u00e9s\u00a0sur la\u00a0liste\u00a0des\u00a0produits\u00a0Mixa\u00a0\u00e0\u00a0retrouver\u00a0sur le site de la marque.<\/p><\/div>\t\t\t\t\t\t\t\t<\/div>\n\t\t\t\t<section class=\"elementor-section elementor-inner-section elementor-element elementor-element-13d18d6a elementor-section-boxed elementor-section-height-default elementor-section-height-default\" data-id=\"13d18d6a\" data-element_type=\"section\" data-e-type=\"section\">\n\t\t\t\t\t\t<div class=\"elementor-container elementor-column-gap-no\">\n\t\t\t\t\t<div class=\"elementor-column elementor-col-50 elementor-inner-column elementor-element elementor-element-3da4f049\" data-id=\"3da4f049\" data-element_type=\"column\" data-e-type=\"column\">\n\t\t\t<div class=\"elementor-widget-wrap elementor-element-populated\">\n\t\t\t\t\t\t<div class=\"elementor-element elementor-element-318a2190 elementor-widget elementor-widget-image\" data-id=\"318a2190\" data-element_type=\"widget\" data-e-type=\"widget\" data-widget_type=\"image.default\">\n\t\t\t\t\t\t\t\t\t\t\t\t\t\t\t<img fetchpriority=\"high\" decoding=\"async\" width=\"2000\" height=\"2000\" src=\"https:\/\/jardindelaparfumerie.com\/wp-content\/uploads\/2025\/12\/Mixa-Lait-Niacinamide-Correction-Eclat-2.jpg\" class=\"attachment-full size-full wp-image-9943\" alt=\"\" \/>\t\t\t\t\t\t\t\t\t\t\t\t\t\t\t<\/div>\n\t\t\t\t\t<\/div>\n\t\t<\/div>\n\t\t\t\t<div class=\"elementor-column elementor-col-50 elementor-inner-column elementor-element elementor-element-a042d22\" data-id=\"a042d22\" data-element_type=\"column\" data-e-type=\"column\">\n\t\t\t<div class=\"elementor-widget-wrap elementor-element-populated\">\n\t\t\t\t\t\t<div class=\"elementor-element elementor-element-1b9e13ab elementor-widget elementor-widget-image\" data-id=\"1b9e13ab\" data-element_type=\"widget\" data-e-type=\"widget\" data-widget_type=\"image.default\">\n\t\t\t\t\t\t\t\t\t\t\t\t\t\t\t<img decoding=\"async\" width=\"2000\" height=\"2000\" src=\"https:\/\/jardindelaparfumerie.com\/wp-content\/uploads\/2025\/12\/Mixa-Lait-Niacinamide-Correction-Eclat-3.jpg\" class=\"attachment-full size-full wp-image-9944\" alt=\"\" \/>\t\t\t\t\t\t\t\t\t\t\t\t\t\t\t<\/div>\n\t\t\t\t\t<\/div>\n\t\t<\/div>\n\t\t\t\t\t<\/div>\n\t\t<\/section>\n\t\t\t\t<div class=\"elementor-element elementor-element-113d3e3d elementor-widget elementor-widget-heading\" data-id=\"113d3e3d\" data-element_type=\"widget\" data-e-type=\"widget\" data-widget_type=\"heading.default\">\n\t\t\t\t\t<h2 class=\"elementor-heading-title elementor-size-default\">Application <\/h2>\t\t\t\t<\/div>\n\t\t\t\t<div class=\"elementor-element elementor-element-03564ca elementor-widget elementor-widget-text-editor\" data-id=\"03564ca\" data-element_type=\"widget\" data-e-type=\"widget\" data-widget_type=\"text-editor.default\">\n\t\t\t\t\t\t\t\t\t<ul><li><p>Appliquer\u00a0quotidiennement\u00a0et\u00a0g\u00e9n\u00e9reusement\u00a0sur le corps et\u00a0masser\u00a0jusqu&#8217;\u00e0\u00a0absorption\u00a0compl\u00e8te.<\/p><\/li><li><p>Avertissement de s\u00fbret\u00e9 : les listes d\u2019ingr\u00e9dients entrant dans la composition des produits de notre marque sont r\u00e9guli\u00e8rement mises \u00e0 jour. Avant d\u2019utiliser un produit de notre marque, vous \u00eates invit\u00e9s \u00e0 lire la liste d\u2019ingr\u00e9dients figurant sur son emballage afin de vous assurer que les ingr\u00e9dients sont adapt\u00e9s \u00e0 votre utilisation personnelle.<\/p><\/li><li><p>En cas de contact avec les yeux, les rincer imm\u00e9diatement et abondamment<\/p><\/li><\/ul>\t\t\t\t\t\t\t\t<\/div>\n\t\t\t\t\t<\/div>\n\t\t<\/div>\n\t\t\t\t\t<\/div>\n\t\t<\/section>\n\t\t\t\t<\/div>","protected":false},"excerpt":{"rendered":"<p>D\u00e9couvrez\u00a0la nouvelle\u00a0gamme\u00a0innovante\u00a0de\u00a0Mixa\u00a0qui\u00a0nourrit\u00a0et\u00a0r\u00e9pare,\u00a0le Lait\u00a0Niacinamide Correction Eclat qui\u00a0unifie\u00a0le\u00a0teint\u00a0et\u00a0booste\u00a0l&#8217;\u00e9clat\u00a0de la\u00a0peau.<\/p>\n<p>NOUVEAU \u2013 Le Lait Niacinamide Correction Eclat,\u00a0hydratant\u00a0et\u00a0unifiant,\u00a0est\u00a0id\u00e9al\u00a0pour les\u00a0peaux\u00a0s\u00e8ches\u00a0et ternes. Il\u00a0corrige\u00a0les\u00a0irr\u00e9gularit\u00e9s\u00a0de texture et de\u00a0teint\u00a0pour\u00a0toutes\u00a0les carnations de\u00a0peau. Texture non\u00a0grasse, non\u00a0collante.\u00a0P\u00e9n\u00e8tre\u00a0rapidement.<\/p>","protected":false},"featured_media":9942,"comment_status":"open","ping_status":"closed","template":"","meta":[],"product_brand":[375],"product_cat":[188,101],"product_tag":[],"class_list":{"0":"post-9940","1":"product","2":"type-product","3":"status-publish","4":"has-post-thumbnail","6":"product_brand-mixa","7":"product_cat-cremes-et-soins-hydratants","8":"product_cat-soins-corps","9":"pa_contenance-250ml","12":"instock","13":"featured","14":"shipping-taxable","15":"purchasable","16":"product-type-variable","17":"has-default-attributes"},"yoast_head":"<!-- This site is optimized with the Yoast SEO plugin v27.4 - https:\/\/yoast.com\/product\/yoast-seo-wordpress\/ -->\n<title>Mixa Lait Niacinamide Correction Eclat &#8211; Jardin de la Parfumerie<\/title>\n<meta name=\"description\" content=\"Mixa Lait Niacinamide Correction \u00c9clat hydrate intens\u00e9ment, unifie le teint et r\u00e9duit les taches pour une peau plus lumineuse, douce et visiblement \u00e9clatante.\" \/>\n<meta name=\"robots\" content=\"index, follow, max-snippet:-1, max-image-preview:large, max-video-preview:-1\" \/>\n<link rel=\"canonical\" href=\"https:\/\/jardindelaparfumerie.com\/en\/shop\/soins-corps\/cremes-et-soins-hydratants\/mixa-lait-niacinamide-correction-eclat\/\" \/>\n<meta property=\"og:locale\" content=\"en_US\" \/>\n<meta property=\"og:type\" content=\"article\" \/>\n<meta property=\"og:title\" content=\"Mixa Lait Niacinamide Correction Eclat &#8211; Jardin de la Parfumerie\" \/>\n<meta property=\"og:description\" content=\"Mixa Lait Niacinamide Correction \u00c9clat hydrate intens\u00e9ment, unifie le teint et r\u00e9duit les taches pour une peau plus lumineuse, douce et visiblement \u00e9clatante.\" \/>\n<meta property=\"og:url\" content=\"https:\/\/jardindelaparfumerie.com\/en\/shop\/soins-corps\/cremes-et-soins-hydratants\/mixa-lait-niacinamide-correction-eclat\/\" \/>\n<meta property=\"og:site_name\" content=\"Jardin de la Parfumerie\" \/>\n<meta property=\"article:publisher\" content=\"https:\/\/www.facebook.com\/p\/Jardin-De-La-Parfumerie-100075860036544\/?locale=fr_FR\" \/>\n<meta property=\"article:modified_time\" content=\"2025-12-04T11:25:48+00:00\" \/>\n<meta property=\"og:image\" content=\"https:\/\/jardindelaparfumerie.com\/wp-content\/uploads\/2025\/12\/Mixa-Lait-Niacinamide-Correction-Eclat.jpg\" \/>\n\t<meta property=\"og:image:width\" content=\"1000\" \/>\n\t<meta property=\"og:image:height\" content=\"1000\" \/>\n\t<meta property=\"og:image:type\" content=\"image\/jpeg\" \/>\n<meta name=\"twitter:card\" content=\"summary_large_image\" \/>\n<meta name=\"twitter:label1\" content=\"Est. reading time\" \/>\n\t<meta name=\"twitter:data1\" content=\"2 minutes\" \/>\n<script type=\"application\/ld+json\" class=\"yoast-schema-graph\">{\"@context\":\"https:\\\/\\\/schema.org\",\"@graph\":[{\"@type\":\"WebPage\",\"@id\":\"https:\\\/\\\/jardindelaparfumerie.com\\\/shop\\\/soins-corps\\\/cremes-et-soins-hydratants\\\/mixa-lait-niacinamide-correction-eclat\\\/\",\"url\":\"https:\\\/\\\/jardindelaparfumerie.com\\\/shop\\\/soins-corps\\\/cremes-et-soins-hydratants\\\/mixa-lait-niacinamide-correction-eclat\\\/\",\"name\":\"Mixa Lait Niacinamide Correction Eclat &#8211; Jardin de la Parfumerie\",\"isPartOf\":{\"@id\":\"https:\\\/\\\/jardindelaparfumerie.com\\\/#website\"},\"primaryImageOfPage\":{\"@id\":\"https:\\\/\\\/jardindelaparfumerie.com\\\/shop\\\/soins-corps\\\/cremes-et-soins-hydratants\\\/mixa-lait-niacinamide-correction-eclat\\\/#primaryimage\"},\"image\":{\"@id\":\"https:\\\/\\\/jardindelaparfumerie.com\\\/shop\\\/soins-corps\\\/cremes-et-soins-hydratants\\\/mixa-lait-niacinamide-correction-eclat\\\/#primaryimage\"},\"thumbnailUrl\":\"https:\\\/\\\/jardindelaparfumerie.com\\\/wp-content\\\/uploads\\\/2025\\\/12\\\/Mixa-Lait-Niacinamide-Correction-Eclat.jpg\",\"datePublished\":\"2025-12-04T10:00:59+00:00\",\"dateModified\":\"2025-12-04T11:25:48+00:00\",\"description\":\"Mixa Lait Niacinamide Correction \u00c9clat hydrate intens\u00e9ment, unifie le teint et r\u00e9duit les taches pour une peau plus lumineuse, douce et visiblement \u00e9clatante.\",\"breadcrumb\":{\"@id\":\"https:\\\/\\\/jardindelaparfumerie.com\\\/shop\\\/soins-corps\\\/cremes-et-soins-hydratants\\\/mixa-lait-niacinamide-correction-eclat\\\/#breadcrumb\"},\"inLanguage\":\"en-US\",\"potentialAction\":[{\"@type\":\"ReadAction\",\"target\":[\"https:\\\/\\\/jardindelaparfumerie.com\\\/shop\\\/soins-corps\\\/cremes-et-soins-hydratants\\\/mixa-lait-niacinamide-correction-eclat\\\/\"]}]},{\"@type\":\"ImageObject\",\"inLanguage\":\"en-US\",\"@id\":\"https:\\\/\\\/jardindelaparfumerie.com\\\/shop\\\/soins-corps\\\/cremes-et-soins-hydratants\\\/mixa-lait-niacinamide-correction-eclat\\\/#primaryimage\",\"url\":\"https:\\\/\\\/jardindelaparfumerie.com\\\/wp-content\\\/uploads\\\/2025\\\/12\\\/Mixa-Lait-Niacinamide-Correction-Eclat.jpg\",\"contentUrl\":\"https:\\\/\\\/jardindelaparfumerie.com\\\/wp-content\\\/uploads\\\/2025\\\/12\\\/Mixa-Lait-Niacinamide-Correction-Eclat.jpg\",\"width\":1000,\"height\":1000},{\"@type\":\"BreadcrumbList\",\"@id\":\"https:\\\/\\\/jardindelaparfumerie.com\\\/shop\\\/soins-corps\\\/cremes-et-soins-hydratants\\\/mixa-lait-niacinamide-correction-eclat\\\/#breadcrumb\",\"itemListElement\":[{\"@type\":\"ListItem\",\"position\":1,\"name\":\"Accueil\",\"item\":\"https:\\\/\\\/jardindelaparfumerie.com\\\/\"},{\"@type\":\"ListItem\",\"position\":2,\"name\":\"Boutique\",\"item\":\"https:\\\/\\\/jardindelaparfumerie.com\\\/boutique\\\/\"},{\"@type\":\"ListItem\",\"position\":3,\"name\":\"Mixa Lait Niacinamide Correction Eclat\"}]},{\"@type\":\"WebSite\",\"@id\":\"https:\\\/\\\/jardindelaparfumerie.com\\\/#website\",\"url\":\"https:\\\/\\\/jardindelaparfumerie.com\\\/\",\"name\":\"Jardin de la Parfumerie\",\"description\":\"L\u2019art du Parfum, l\u2019essence du Luxe\",\"publisher\":{\"@id\":\"https:\\\/\\\/jardindelaparfumerie.com\\\/#organization\"},\"potentialAction\":[{\"@type\":\"SearchAction\",\"target\":{\"@type\":\"EntryPoint\",\"urlTemplate\":\"https:\\\/\\\/jardindelaparfumerie.com\\\/?s={search_term_string}\"},\"query-input\":{\"@type\":\"PropertyValueSpecification\",\"valueRequired\":true,\"valueName\":\"search_term_string\"}}],\"inLanguage\":\"en-US\"},{\"@type\":\"Organization\",\"@id\":\"https:\\\/\\\/jardindelaparfumerie.com\\\/#organization\",\"name\":\"Jardin de la Parfumerie\",\"url\":\"https:\\\/\\\/jardindelaparfumerie.com\\\/\",\"logo\":{\"@type\":\"ImageObject\",\"inLanguage\":\"en-US\",\"@id\":\"https:\\\/\\\/jardindelaparfumerie.com\\\/#\\\/schema\\\/logo\\\/image\\\/\",\"url\":\"https:\\\/\\\/jardindelaparfumerie.com\\\/wp-content\\\/uploads\\\/2022\\\/05\\\/Logo-alt-1.png\",\"contentUrl\":\"https:\\\/\\\/jardindelaparfumerie.com\\\/wp-content\\\/uploads\\\/2022\\\/05\\\/Logo-alt-1.png\",\"width\":725,\"height\":342,\"caption\":\"Jardin de la Parfumerie\"},\"image\":{\"@id\":\"https:\\\/\\\/jardindelaparfumerie.com\\\/#\\\/schema\\\/logo\\\/image\\\/\"},\"sameAs\":[\"https:\\\/\\\/www.facebook.com\\\/p\\\/Jardin-De-La-Parfumerie-100075860036544\\\/?locale=fr_FR\",\"https:\\\/\\\/www.instagram.com\\\/jardindelaparfumerie\\\/\"]}]}<\/script>\n<!-- \/ Yoast SEO plugin. -->","yoast_head_json":{"title":"Mixa Lait Niacinamide Correction Eclat &#8211; Jardin de la Parfumerie","description":"Mixa Lait Niacinamide Correction \u00c9clat hydrate intens\u00e9ment, unifie le teint et r\u00e9duit les taches pour une peau plus lumineuse, douce et visiblement \u00e9clatante.","robots":{"index":"index","follow":"follow","max-snippet":"max-snippet:-1","max-image-preview":"max-image-preview:large","max-video-preview":"max-video-preview:-1"},"canonical":"https:\/\/jardindelaparfumerie.com\/en\/shop\/soins-corps\/cremes-et-soins-hydratants\/mixa-lait-niacinamide-correction-eclat\/","og_locale":"en_US","og_type":"article","og_title":"Mixa Lait Niacinamide Correction Eclat &#8211; Jardin de la Parfumerie","og_description":"Mixa Lait Niacinamide Correction \u00c9clat hydrate intens\u00e9ment, unifie le teint et r\u00e9duit les taches pour une peau plus lumineuse, douce et visiblement \u00e9clatante.","og_url":"https:\/\/jardindelaparfumerie.com\/en\/shop\/soins-corps\/cremes-et-soins-hydratants\/mixa-lait-niacinamide-correction-eclat\/","og_site_name":"Jardin de la Parfumerie","article_publisher":"https:\/\/www.facebook.com\/p\/Jardin-De-La-Parfumerie-100075860036544\/?locale=fr_FR","article_modified_time":"2025-12-04T11:25:48+00:00","og_image":[{"width":1000,"height":1000,"url":"https:\/\/jardindelaparfumerie.com\/wp-content\/uploads\/2025\/12\/Mixa-Lait-Niacinamide-Correction-Eclat.jpg","type":"image\/jpeg"}],"twitter_card":"summary_large_image","twitter_misc":{"Est. reading time":"2 minutes"},"schema":{"@context":"https:\/\/schema.org","@graph":[{"@type":"WebPage","@id":"https:\/\/jardindelaparfumerie.com\/shop\/soins-corps\/cremes-et-soins-hydratants\/mixa-lait-niacinamide-correction-eclat\/","url":"https:\/\/jardindelaparfumerie.com\/shop\/soins-corps\/cremes-et-soins-hydratants\/mixa-lait-niacinamide-correction-eclat\/","name":"Mixa Lait Niacinamide Correction Eclat &#8211; Jardin de la Parfumerie","isPartOf":{"@id":"https:\/\/jardindelaparfumerie.com\/#website"},"primaryImageOfPage":{"@id":"https:\/\/jardindelaparfumerie.com\/shop\/soins-corps\/cremes-et-soins-hydratants\/mixa-lait-niacinamide-correction-eclat\/#primaryimage"},"image":{"@id":"https:\/\/jardindelaparfumerie.com\/shop\/soins-corps\/cremes-et-soins-hydratants\/mixa-lait-niacinamide-correction-eclat\/#primaryimage"},"thumbnailUrl":"https:\/\/jardindelaparfumerie.com\/wp-content\/uploads\/2025\/12\/Mixa-Lait-Niacinamide-Correction-Eclat.jpg","datePublished":"2025-12-04T10:00:59+00:00","dateModified":"2025-12-04T11:25:48+00:00","description":"Mixa Lait Niacinamide Correction \u00c9clat hydrate intens\u00e9ment, unifie le teint et r\u00e9duit les taches pour une peau plus lumineuse, douce et visiblement \u00e9clatante.","breadcrumb":{"@id":"https:\/\/jardindelaparfumerie.com\/shop\/soins-corps\/cremes-et-soins-hydratants\/mixa-lait-niacinamide-correction-eclat\/#breadcrumb"},"inLanguage":"en-US","potentialAction":[{"@type":"ReadAction","target":["https:\/\/jardindelaparfumerie.com\/shop\/soins-corps\/cremes-et-soins-hydratants\/mixa-lait-niacinamide-correction-eclat\/"]}]},{"@type":"ImageObject","inLanguage":"en-US","@id":"https:\/\/jardindelaparfumerie.com\/shop\/soins-corps\/cremes-et-soins-hydratants\/mixa-lait-niacinamide-correction-eclat\/#primaryimage","url":"https:\/\/jardindelaparfumerie.com\/wp-content\/uploads\/2025\/12\/Mixa-Lait-Niacinamide-Correction-Eclat.jpg","contentUrl":"https:\/\/jardindelaparfumerie.com\/wp-content\/uploads\/2025\/12\/Mixa-Lait-Niacinamide-Correction-Eclat.jpg","width":1000,"height":1000},{"@type":"BreadcrumbList","@id":"https:\/\/jardindelaparfumerie.com\/shop\/soins-corps\/cremes-et-soins-hydratants\/mixa-lait-niacinamide-correction-eclat\/#breadcrumb","itemListElement":[{"@type":"ListItem","position":1,"name":"Accueil","item":"https:\/\/jardindelaparfumerie.com\/"},{"@type":"ListItem","position":2,"name":"Boutique","item":"https:\/\/jardindelaparfumerie.com\/boutique\/"},{"@type":"ListItem","position":3,"name":"Mixa Lait Niacinamide Correction Eclat"}]},{"@type":"WebSite","@id":"https:\/\/jardindelaparfumerie.com\/#website","url":"https:\/\/jardindelaparfumerie.com\/","name":"Jardin de la Parfumerie","description":"L\u2019art du Parfum, l\u2019essence du Luxe","publisher":{"@id":"https:\/\/jardindelaparfumerie.com\/#organization"},"potentialAction":[{"@type":"SearchAction","target":{"@type":"EntryPoint","urlTemplate":"https:\/\/jardindelaparfumerie.com\/?s={search_term_string}"},"query-input":{"@type":"PropertyValueSpecification","valueRequired":true,"valueName":"search_term_string"}}],"inLanguage":"en-US"},{"@type":"Organization","@id":"https:\/\/jardindelaparfumerie.com\/#organization","name":"Jardin de la Parfumerie","url":"https:\/\/jardindelaparfumerie.com\/","logo":{"@type":"ImageObject","inLanguage":"en-US","@id":"https:\/\/jardindelaparfumerie.com\/#\/schema\/logo\/image\/","url":"https:\/\/jardindelaparfumerie.com\/wp-content\/uploads\/2022\/05\/Logo-alt-1.png","contentUrl":"https:\/\/jardindelaparfumerie.com\/wp-content\/uploads\/2022\/05\/Logo-alt-1.png","width":725,"height":342,"caption":"Jardin de la Parfumerie"},"image":{"@id":"https:\/\/jardindelaparfumerie.com\/#\/schema\/logo\/image\/"},"sameAs":["https:\/\/www.facebook.com\/p\/Jardin-De-La-Parfumerie-100075860036544\/?locale=fr_FR","https:\/\/www.instagram.com\/jardindelaparfumerie\/"]}]}},"jetpack_sharing_enabled":true,"_links":{"self":[{"href":"https:\/\/jardindelaparfumerie.com\/en\/wp-json\/wp\/v2\/product\/9940","targetHints":{"allow":["GET"]}}],"collection":[{"href":"https:\/\/jardindelaparfumerie.com\/en\/wp-json\/wp\/v2\/product"}],"about":[{"href":"https:\/\/jardindelaparfumerie.com\/en\/wp-json\/wp\/v2\/types\/product"}],"replies":[{"embeddable":true,"href":"https:\/\/jardindelaparfumerie.com\/en\/wp-json\/wp\/v2\/comments?post=9940"}],"version-history":[{"count":7,"href":"https:\/\/jardindelaparfumerie.com\/en\/wp-json\/wp\/v2\/product\/9940\/revisions"}],"predecessor-version":[{"id":9966,"href":"https:\/\/jardindelaparfumerie.com\/en\/wp-json\/wp\/v2\/product\/9940\/revisions\/9966"}],"wp:featuredmedia":[{"embeddable":true,"href":"https:\/\/jardindelaparfumerie.com\/en\/wp-json\/wp\/v2\/media\/9942"}],"wp:attachment":[{"href":"https:\/\/jardindelaparfumerie.com\/en\/wp-json\/wp\/v2\/media?parent=9940"}],"wp:term":[{"taxonomy":"product_brand","embeddable":true,"href":"https:\/\/jardindelaparfumerie.com\/en\/wp-json\/wp\/v2\/product_brand?post=9940"},{"taxonomy":"product_cat","embeddable":true,"href":"https:\/\/jardindelaparfumerie.com\/en\/wp-json\/wp\/v2\/product_cat?post=9940"},{"taxonomy":"product_tag","embeddable":true,"href":"https:\/\/jardindelaparfumerie.com\/en\/wp-json\/wp\/v2\/product_tag?post=9940"}],"curies":[{"name":"wp","href":"https:\/\/api.w.org\/{rel}","templated":true}]}}