{"id":9951,"date":"2025-12-04T12:14:02","date_gmt":"2025-12-04T11:14:02","guid":{"rendered":"https:\/\/jardindelaparfumerie.com\/?post_type=product&#038;p=9951"},"modified":"2025-12-04T12:23:57","modified_gmt":"2025-12-04T11:23:57","slug":"mixa-huile-anti-vergetures","status":"publish","type":"product","link":"https:\/\/jardindelaparfumerie.com\/en\/shop\/soins-corps\/huiles\/mixa-huile-anti-vergetures\/","title":{"rendered":"Mixa Huile Anti-Vergetures"},"content":{"rendered":"<div data-elementor-type=\"wp-post\" data-elementor-id=\"9951\" class=\"elementor elementor-9951\" data-elementor-post-type=\"product\">\n\t\t\t\t\t\t<section class=\"elementor-section elementor-top-section elementor-element elementor-element-25a46325 elementor-section-boxed elementor-section-height-default elementor-section-height-default\" data-id=\"25a46325\" data-element_type=\"section\" data-e-type=\"section\">\n\t\t\t\t\t\t<div class=\"elementor-container elementor-column-gap-no\">\n\t\t\t\t\t<div class=\"elementor-column elementor-col-100 elementor-top-column elementor-element elementor-element-180e4677\" data-id=\"180e4677\" data-element_type=\"column\" data-e-type=\"column\">\n\t\t\t<div class=\"elementor-widget-wrap elementor-element-populated\">\n\t\t\t\t\t\t<div class=\"elementor-element elementor-element-6b3f5509 elementor-widget elementor-widget-text-editor\" data-id=\"6b3f5509\" data-element_type=\"widget\" data-e-type=\"widget\" data-widget_type=\"text-editor.default\">\n\t\t\t\t\t\t\t\t\t<div class=\"l-column\"><p dir=\"ltr\">Avec son soin applicateur cibl\u00e9, notre Huile Anti-Vergetures r\u00e9duit l\u2019apparence des vergetures, mais aussi l\u2019inconfort qu\u2019elles peuvent causer (tiraillements, d\u00e9mangeaisons\u2026).<\/p><p dir=\"ltr\">\u00a0<\/p><p dir=\"ltr\"><strong>UNE ACTION PROUV\u00c9E<\/strong><\/p><p dir=\"ltr\">Au fil des utilisations, vous constatez :\u00a0<\/p><ul><li dir=\"ltr\" aria-level=\"1\"><p dir=\"ltr\" role=\"presentation\">une couleur des vergetures diminu\u00e9e (-33%*) ;<\/p><\/li><li dir=\"ltr\" aria-level=\"1\"><p dir=\"ltr\" role=\"presentation\">une efficacit\u00e9 prouv\u00e9e sur la texture et l\u2019\u00e9paisseur des vergetures.<\/p><\/li><\/ul><p>\u00a0<\/p><p dir=\"ltr\"><strong>DE PUISSANTS ACTIFS DERMO-COSM\u00c9TIQUE ADAPT\u00c9S AUX PEAUX SENSIBLES<\/strong><\/p><ul><li dir=\"ltr\" aria-level=\"1\"><p dir=\"ltr\" role=\"presentation\">L\u2019om\u00e9ga 6 : issu de l\u2019acide linol\u00e9ique, il est connu pour ses propri\u00e9t\u00e9s nourrissantes.<\/p><\/li><li dir=\"ltr\" aria-level=\"1\"><p dir=\"ltr\" role=\"presentation\">L\u2019om\u00e9ga 9 : issu de l\u2019acide ol\u00e9ique, il est r\u00e9put\u00e9 pour ses vertus apaisantes.<\/p><\/li><\/ul><p>\u00a0<\/p><p dir=\"ltr\">Notre huile pour les vergetures est formul\u00e9e sans parfum, avec un fini non gras. Hypoallerg\u00e9nique, elle a \u00e9t\u00e9 test\u00e9e sur 7 000 peaux sensibles**.<\/p><p>\u00a0<\/p><p dir=\"ltr\">*Auto-scorage avec \u00e9chelle sur 43 sujets apr\u00e8s 8 semaines.<\/p><p dir=\"ltr\">**Tests r\u00e9alis\u00e9s sur la liste des produits Mixa \u00e0 retrouver sur mixa.fr.\u00a0<\/p><\/div>\t\t\t\t\t\t\t\t<\/div>\n\t\t\t\t<section class=\"elementor-section elementor-inner-section elementor-element elementor-element-13d18d6a elementor-section-boxed elementor-section-height-default elementor-section-height-default\" data-id=\"13d18d6a\" data-element_type=\"section\" data-e-type=\"section\">\n\t\t\t\t\t\t<div class=\"elementor-container elementor-column-gap-no\">\n\t\t\t\t\t<div class=\"elementor-column elementor-col-50 elementor-inner-column elementor-element elementor-element-3da4f049\" data-id=\"3da4f049\" data-element_type=\"column\" data-e-type=\"column\">\n\t\t\t<div class=\"elementor-widget-wrap elementor-element-populated\">\n\t\t\t\t\t\t<div class=\"elementor-element elementor-element-318a2190 elementor-widget elementor-widget-image\" data-id=\"318a2190\" data-element_type=\"widget\" data-e-type=\"widget\" data-widget_type=\"image.default\">\n\t\t\t\t\t\t\t\t\t\t\t\t\t\t\t<img fetchpriority=\"high\" decoding=\"async\" width=\"2000\" height=\"2000\" src=\"https:\/\/jardindelaparfumerie.com\/wp-content\/uploads\/2025\/12\/Mixa-Huile-Anti-Vergetures-4.jpg\" class=\"attachment-full size-full wp-image-9956\" alt=\"\" \/>\t\t\t\t\t\t\t\t\t\t\t\t\t\t\t<\/div>\n\t\t\t\t\t<\/div>\n\t\t<\/div>\n\t\t\t\t<div class=\"elementor-column elementor-col-50 elementor-inner-column elementor-element elementor-element-a042d22\" data-id=\"a042d22\" data-element_type=\"column\" data-e-type=\"column\">\n\t\t\t<div class=\"elementor-widget-wrap elementor-element-populated\">\n\t\t\t\t\t\t<div class=\"elementor-element elementor-element-1b9e13ab elementor-widget elementor-widget-image\" data-id=\"1b9e13ab\" data-element_type=\"widget\" data-e-type=\"widget\" data-widget_type=\"image.default\">\n\t\t\t\t\t\t\t\t\t\t\t\t\t\t\t<img decoding=\"async\" width=\"2000\" height=\"2000\" src=\"https:\/\/jardindelaparfumerie.com\/wp-content\/uploads\/2025\/12\/Mixa-Huile-Anti-Vergetures-2.jpg\" class=\"attachment-full size-full wp-image-9954\" alt=\"\" \/>\t\t\t\t\t\t\t\t\t\t\t\t\t\t\t<\/div>\n\t\t\t\t\t<\/div>\n\t\t<\/div>\n\t\t\t\t\t<\/div>\n\t\t<\/section>\n\t\t\t\t<div class=\"elementor-element elementor-element-113d3e3d elementor-widget elementor-widget-heading\" data-id=\"113d3e3d\" data-element_type=\"widget\" data-e-type=\"widget\" data-widget_type=\"heading.default\">\n\t\t\t\t\t<h2 class=\"elementor-heading-title elementor-size-default\">Application <\/h2>\t\t\t\t<\/div>\n\t\t\t\t<div class=\"elementor-element elementor-element-03564ca elementor-widget elementor-widget-text-editor\" data-id=\"03564ca\" data-element_type=\"widget\" data-e-type=\"widget\" data-widget_type=\"text-editor.default\">\n\t\t\t\t\t\t\t\t\t<ul><li><p dir=\"ltr\">Masser en mouvements circulaires jusqu&#8217;\u00e0 absorption. Convient pour la p\u00e9riode post-grossesse. Laver les seins avant l&#8217;allaitement. Ne pas utiliser en cas de crevasses.<\/p><\/li><li><p dir=\"ltr\">Avertissement de s\u00fbret\u00e9 : les listes d\u2019ingr\u00e9dients entrant dans la composition des produits de notre marque sont r\u00e9guli\u00e8rement mises \u00e0 jour. Avant d\u2019utiliser un produit de notre marque, nous vous invitons \u00e0 lire la liste d\u2019ingr\u00e9dients figurant sur son emballage afin de vous assurer que les ingr\u00e9dients sont adapt\u00e9s \u00e0 votre utilisation personnelle.\u00a0<\/p><\/li><\/ul>\t\t\t\t\t\t\t\t<\/div>\n\t\t\t\t\t<\/div>\n\t\t<\/div>\n\t\t\t\t\t<\/div>\n\t\t<\/section>\n\t\t\t\t<\/div>","protected":false},"excerpt":{"rendered":"<p>D\u00e9couvrez l\u2019huile pour les vergetures innovante de Mixa, qui nourrit et r\u00e9pare la peau tout en r\u00e9duisant la visibilit\u00e9 des vergetures. Test\u00e9e sur les vergetures post-grossesse ou li\u00e9es aux variations de poids et de taille. Sans parfum, fini non gras.<\/p>","protected":false},"featured_media":9953,"comment_status":"open","ping_status":"closed","template":"","meta":[],"product_brand":[375],"product_cat":[532,101],"product_tag":[],"class_list":{"0":"post-9951","1":"product","2":"type-product","3":"status-publish","4":"has-post-thumbnail","6":"product_brand-mixa","7":"product_cat-huiles","8":"product_cat-soins-corps","9":"pa_contenance-100ml","12":"instock","13":"featured","14":"shipping-taxable","15":"purchasable","16":"product-type-variable","17":"has-default-attributes"},"yoast_head":"<!-- This site is optimized with the Yoast SEO plugin v27.4 - https:\/\/yoast.com\/product\/yoast-seo-wordpress\/ -->\n<title>Mixa Huile Anti-Vergetures &#8211; Jardin de la Parfumerie<\/title>\n<meta name=\"description\" content=\"Mixa Huile Anti-Vergetures nourrit intens\u00e9ment la peau, am\u00e9liore son \u00e9lasticit\u00e9 et aide \u00e0 r\u00e9duire l\u2019apparence des vergetures pour un corps plus lisse et souple.\" \/>\n<meta name=\"robots\" content=\"index, follow, max-snippet:-1, max-image-preview:large, max-video-preview:-1\" \/>\n<link rel=\"canonical\" href=\"https:\/\/jardindelaparfumerie.com\/en\/shop\/soins-corps\/huiles\/mixa-huile-anti-vergetures\/\" \/>\n<meta property=\"og:locale\" content=\"en_US\" \/>\n<meta property=\"og:type\" content=\"article\" \/>\n<meta property=\"og:title\" content=\"Mixa Huile Anti-Vergetures &#8211; Jardin de la Parfumerie\" \/>\n<meta property=\"og:description\" content=\"Mixa Huile Anti-Vergetures nourrit intens\u00e9ment la peau, am\u00e9liore son \u00e9lasticit\u00e9 et aide \u00e0 r\u00e9duire l\u2019apparence des vergetures pour un corps plus lisse et souple.\" \/>\n<meta property=\"og:url\" content=\"https:\/\/jardindelaparfumerie.com\/en\/shop\/soins-corps\/huiles\/mixa-huile-anti-vergetures\/\" \/>\n<meta property=\"og:site_name\" content=\"Jardin de la Parfumerie\" \/>\n<meta property=\"article:publisher\" content=\"https:\/\/www.facebook.com\/p\/Jardin-De-La-Parfumerie-100075860036544\/?locale=fr_FR\" \/>\n<meta property=\"article:modified_time\" content=\"2025-12-04T11:23:57+00:00\" \/>\n<meta property=\"og:image\" content=\"https:\/\/jardindelaparfumerie.com\/wp-content\/uploads\/2025\/12\/Mixa-Huile-Anti-Vergetures.jpg\" \/>\n\t<meta property=\"og:image:width\" content=\"1000\" \/>\n\t<meta property=\"og:image:height\" content=\"1000\" \/>\n\t<meta property=\"og:image:type\" content=\"image\/jpeg\" \/>\n<meta name=\"twitter:card\" content=\"summary_large_image\" \/>\n<meta name=\"twitter:label1\" content=\"Est. reading time\" \/>\n\t<meta name=\"twitter:data1\" content=\"2 minutes\" \/>\n<script type=\"application\/ld+json\" class=\"yoast-schema-graph\">{\"@context\":\"https:\\\/\\\/schema.org\",\"@graph\":[{\"@type\":\"WebPage\",\"@id\":\"https:\\\/\\\/jardindelaparfumerie.com\\\/shop\\\/soins-corps\\\/huiles\\\/mixa-huile-anti-vergetures\\\/\",\"url\":\"https:\\\/\\\/jardindelaparfumerie.com\\\/shop\\\/soins-corps\\\/huiles\\\/mixa-huile-anti-vergetures\\\/\",\"name\":\"Mixa Huile Anti-Vergetures &#8211; Jardin de la Parfumerie\",\"isPartOf\":{\"@id\":\"https:\\\/\\\/jardindelaparfumerie.com\\\/#website\"},\"primaryImageOfPage\":{\"@id\":\"https:\\\/\\\/jardindelaparfumerie.com\\\/shop\\\/soins-corps\\\/huiles\\\/mixa-huile-anti-vergetures\\\/#primaryimage\"},\"image\":{\"@id\":\"https:\\\/\\\/jardindelaparfumerie.com\\\/shop\\\/soins-corps\\\/huiles\\\/mixa-huile-anti-vergetures\\\/#primaryimage\"},\"thumbnailUrl\":\"https:\\\/\\\/jardindelaparfumerie.com\\\/wp-content\\\/uploads\\\/2025\\\/12\\\/Mixa-Huile-Anti-Vergetures.jpg\",\"datePublished\":\"2025-12-04T11:14:02+00:00\",\"dateModified\":\"2025-12-04T11:23:57+00:00\",\"description\":\"Mixa Huile Anti-Vergetures nourrit intens\u00e9ment la peau, am\u00e9liore son \u00e9lasticit\u00e9 et aide \u00e0 r\u00e9duire l\u2019apparence des vergetures pour un corps plus lisse et souple.\",\"breadcrumb\":{\"@id\":\"https:\\\/\\\/jardindelaparfumerie.com\\\/shop\\\/soins-corps\\\/huiles\\\/mixa-huile-anti-vergetures\\\/#breadcrumb\"},\"inLanguage\":\"en-US\",\"potentialAction\":[{\"@type\":\"ReadAction\",\"target\":[\"https:\\\/\\\/jardindelaparfumerie.com\\\/shop\\\/soins-corps\\\/huiles\\\/mixa-huile-anti-vergetures\\\/\"]}]},{\"@type\":\"ImageObject\",\"inLanguage\":\"en-US\",\"@id\":\"https:\\\/\\\/jardindelaparfumerie.com\\\/shop\\\/soins-corps\\\/huiles\\\/mixa-huile-anti-vergetures\\\/#primaryimage\",\"url\":\"https:\\\/\\\/jardindelaparfumerie.com\\\/wp-content\\\/uploads\\\/2025\\\/12\\\/Mixa-Huile-Anti-Vergetures.jpg\",\"contentUrl\":\"https:\\\/\\\/jardindelaparfumerie.com\\\/wp-content\\\/uploads\\\/2025\\\/12\\\/Mixa-Huile-Anti-Vergetures.jpg\",\"width\":1000,\"height\":1000},{\"@type\":\"BreadcrumbList\",\"@id\":\"https:\\\/\\\/jardindelaparfumerie.com\\\/shop\\\/soins-corps\\\/huiles\\\/mixa-huile-anti-vergetures\\\/#breadcrumb\",\"itemListElement\":[{\"@type\":\"ListItem\",\"position\":1,\"name\":\"Accueil\",\"item\":\"https:\\\/\\\/jardindelaparfumerie.com\\\/\"},{\"@type\":\"ListItem\",\"position\":2,\"name\":\"Boutique\",\"item\":\"https:\\\/\\\/jardindelaparfumerie.com\\\/boutique\\\/\"},{\"@type\":\"ListItem\",\"position\":3,\"name\":\"Mixa Huile Anti-Vergetures\"}]},{\"@type\":\"WebSite\",\"@id\":\"https:\\\/\\\/jardindelaparfumerie.com\\\/#website\",\"url\":\"https:\\\/\\\/jardindelaparfumerie.com\\\/\",\"name\":\"Jardin de la Parfumerie\",\"description\":\"L\u2019art du Parfum, l\u2019essence du Luxe\",\"publisher\":{\"@id\":\"https:\\\/\\\/jardindelaparfumerie.com\\\/#organization\"},\"potentialAction\":[{\"@type\":\"SearchAction\",\"target\":{\"@type\":\"EntryPoint\",\"urlTemplate\":\"https:\\\/\\\/jardindelaparfumerie.com\\\/?s={search_term_string}\"},\"query-input\":{\"@type\":\"PropertyValueSpecification\",\"valueRequired\":true,\"valueName\":\"search_term_string\"}}],\"inLanguage\":\"en-US\"},{\"@type\":\"Organization\",\"@id\":\"https:\\\/\\\/jardindelaparfumerie.com\\\/#organization\",\"name\":\"Jardin de la Parfumerie\",\"url\":\"https:\\\/\\\/jardindelaparfumerie.com\\\/\",\"logo\":{\"@type\":\"ImageObject\",\"inLanguage\":\"en-US\",\"@id\":\"https:\\\/\\\/jardindelaparfumerie.com\\\/#\\\/schema\\\/logo\\\/image\\\/\",\"url\":\"https:\\\/\\\/jardindelaparfumerie.com\\\/wp-content\\\/uploads\\\/2022\\\/05\\\/Logo-alt-1.png\",\"contentUrl\":\"https:\\\/\\\/jardindelaparfumerie.com\\\/wp-content\\\/uploads\\\/2022\\\/05\\\/Logo-alt-1.png\",\"width\":725,\"height\":342,\"caption\":\"Jardin de la Parfumerie\"},\"image\":{\"@id\":\"https:\\\/\\\/jardindelaparfumerie.com\\\/#\\\/schema\\\/logo\\\/image\\\/\"},\"sameAs\":[\"https:\\\/\\\/www.facebook.com\\\/p\\\/Jardin-De-La-Parfumerie-100075860036544\\\/?locale=fr_FR\",\"https:\\\/\\\/www.instagram.com\\\/jardindelaparfumerie\\\/\"]}]}<\/script>\n<!-- \/ Yoast SEO plugin. -->","yoast_head_json":{"title":"Mixa Huile Anti-Vergetures &#8211; Jardin de la Parfumerie","description":"Mixa Huile Anti-Vergetures nourrit intens\u00e9ment la peau, am\u00e9liore son \u00e9lasticit\u00e9 et aide \u00e0 r\u00e9duire l\u2019apparence des vergetures pour un corps plus lisse et souple.","robots":{"index":"index","follow":"follow","max-snippet":"max-snippet:-1","max-image-preview":"max-image-preview:large","max-video-preview":"max-video-preview:-1"},"canonical":"https:\/\/jardindelaparfumerie.com\/en\/shop\/soins-corps\/huiles\/mixa-huile-anti-vergetures\/","og_locale":"en_US","og_type":"article","og_title":"Mixa Huile Anti-Vergetures &#8211; Jardin de la Parfumerie","og_description":"Mixa Huile Anti-Vergetures nourrit intens\u00e9ment la peau, am\u00e9liore son \u00e9lasticit\u00e9 et aide \u00e0 r\u00e9duire l\u2019apparence des vergetures pour un corps plus lisse et souple.","og_url":"https:\/\/jardindelaparfumerie.com\/en\/shop\/soins-corps\/huiles\/mixa-huile-anti-vergetures\/","og_site_name":"Jardin de la Parfumerie","article_publisher":"https:\/\/www.facebook.com\/p\/Jardin-De-La-Parfumerie-100075860036544\/?locale=fr_FR","article_modified_time":"2025-12-04T11:23:57+00:00","og_image":[{"width":1000,"height":1000,"url":"https:\/\/jardindelaparfumerie.com\/wp-content\/uploads\/2025\/12\/Mixa-Huile-Anti-Vergetures.jpg","type":"image\/jpeg"}],"twitter_card":"summary_large_image","twitter_misc":{"Est. reading time":"2 minutes"},"schema":{"@context":"https:\/\/schema.org","@graph":[{"@type":"WebPage","@id":"https:\/\/jardindelaparfumerie.com\/shop\/soins-corps\/huiles\/mixa-huile-anti-vergetures\/","url":"https:\/\/jardindelaparfumerie.com\/shop\/soins-corps\/huiles\/mixa-huile-anti-vergetures\/","name":"Mixa Huile Anti-Vergetures &#8211; Jardin de la Parfumerie","isPartOf":{"@id":"https:\/\/jardindelaparfumerie.com\/#website"},"primaryImageOfPage":{"@id":"https:\/\/jardindelaparfumerie.com\/shop\/soins-corps\/huiles\/mixa-huile-anti-vergetures\/#primaryimage"},"image":{"@id":"https:\/\/jardindelaparfumerie.com\/shop\/soins-corps\/huiles\/mixa-huile-anti-vergetures\/#primaryimage"},"thumbnailUrl":"https:\/\/jardindelaparfumerie.com\/wp-content\/uploads\/2025\/12\/Mixa-Huile-Anti-Vergetures.jpg","datePublished":"2025-12-04T11:14:02+00:00","dateModified":"2025-12-04T11:23:57+00:00","description":"Mixa Huile Anti-Vergetures nourrit intens\u00e9ment la peau, am\u00e9liore son \u00e9lasticit\u00e9 et aide \u00e0 r\u00e9duire l\u2019apparence des vergetures pour un corps plus lisse et souple.","breadcrumb":{"@id":"https:\/\/jardindelaparfumerie.com\/shop\/soins-corps\/huiles\/mixa-huile-anti-vergetures\/#breadcrumb"},"inLanguage":"en-US","potentialAction":[{"@type":"ReadAction","target":["https:\/\/jardindelaparfumerie.com\/shop\/soins-corps\/huiles\/mixa-huile-anti-vergetures\/"]}]},{"@type":"ImageObject","inLanguage":"en-US","@id":"https:\/\/jardindelaparfumerie.com\/shop\/soins-corps\/huiles\/mixa-huile-anti-vergetures\/#primaryimage","url":"https:\/\/jardindelaparfumerie.com\/wp-content\/uploads\/2025\/12\/Mixa-Huile-Anti-Vergetures.jpg","contentUrl":"https:\/\/jardindelaparfumerie.com\/wp-content\/uploads\/2025\/12\/Mixa-Huile-Anti-Vergetures.jpg","width":1000,"height":1000},{"@type":"BreadcrumbList","@id":"https:\/\/jardindelaparfumerie.com\/shop\/soins-corps\/huiles\/mixa-huile-anti-vergetures\/#breadcrumb","itemListElement":[{"@type":"ListItem","position":1,"name":"Accueil","item":"https:\/\/jardindelaparfumerie.com\/"},{"@type":"ListItem","position":2,"name":"Boutique","item":"https:\/\/jardindelaparfumerie.com\/boutique\/"},{"@type":"ListItem","position":3,"name":"Mixa Huile Anti-Vergetures"}]},{"@type":"WebSite","@id":"https:\/\/jardindelaparfumerie.com\/#website","url":"https:\/\/jardindelaparfumerie.com\/","name":"Jardin de la Parfumerie","description":"L\u2019art du Parfum, l\u2019essence du Luxe","publisher":{"@id":"https:\/\/jardindelaparfumerie.com\/#organization"},"potentialAction":[{"@type":"SearchAction","target":{"@type":"EntryPoint","urlTemplate":"https:\/\/jardindelaparfumerie.com\/?s={search_term_string}"},"query-input":{"@type":"PropertyValueSpecification","valueRequired":true,"valueName":"search_term_string"}}],"inLanguage":"en-US"},{"@type":"Organization","@id":"https:\/\/jardindelaparfumerie.com\/#organization","name":"Jardin de la Parfumerie","url":"https:\/\/jardindelaparfumerie.com\/","logo":{"@type":"ImageObject","inLanguage":"en-US","@id":"https:\/\/jardindelaparfumerie.com\/#\/schema\/logo\/image\/","url":"https:\/\/jardindelaparfumerie.com\/wp-content\/uploads\/2022\/05\/Logo-alt-1.png","contentUrl":"https:\/\/jardindelaparfumerie.com\/wp-content\/uploads\/2022\/05\/Logo-alt-1.png","width":725,"height":342,"caption":"Jardin de la Parfumerie"},"image":{"@id":"https:\/\/jardindelaparfumerie.com\/#\/schema\/logo\/image\/"},"sameAs":["https:\/\/www.facebook.com\/p\/Jardin-De-La-Parfumerie-100075860036544\/?locale=fr_FR","https:\/\/www.instagram.com\/jardindelaparfumerie\/"]}]}},"jetpack_sharing_enabled":true,"_links":{"self":[{"href":"https:\/\/jardindelaparfumerie.com\/en\/wp-json\/wp\/v2\/product\/9951","targetHints":{"allow":["GET"]}}],"collection":[{"href":"https:\/\/jardindelaparfumerie.com\/en\/wp-json\/wp\/v2\/product"}],"about":[{"href":"https:\/\/jardindelaparfumerie.com\/en\/wp-json\/wp\/v2\/types\/product"}],"replies":[{"embeddable":true,"href":"https:\/\/jardindelaparfumerie.com\/en\/wp-json\/wp\/v2\/comments?post=9951"}],"version-history":[{"count":7,"href":"https:\/\/jardindelaparfumerie.com\/en\/wp-json\/wp\/v2\/product\/9951\/revisions"}],"predecessor-version":[{"id":9963,"href":"https:\/\/jardindelaparfumerie.com\/en\/wp-json\/wp\/v2\/product\/9951\/revisions\/9963"}],"wp:featuredmedia":[{"embeddable":true,"href":"https:\/\/jardindelaparfumerie.com\/en\/wp-json\/wp\/v2\/media\/9953"}],"wp:attachment":[{"href":"https:\/\/jardindelaparfumerie.com\/en\/wp-json\/wp\/v2\/media?parent=9951"}],"wp:term":[{"taxonomy":"product_brand","embeddable":true,"href":"https:\/\/jardindelaparfumerie.com\/en\/wp-json\/wp\/v2\/product_brand?post=9951"},{"taxonomy":"product_cat","embeddable":true,"href":"https:\/\/jardindelaparfumerie.com\/en\/wp-json\/wp\/v2\/product_cat?post=9951"},{"taxonomy":"product_tag","embeddable":true,"href":"https:\/\/jardindelaparfumerie.com\/en\/wp-json\/wp\/v2\/product_tag?post=9951"}],"curies":[{"name":"wp","href":"https:\/\/api.w.org\/{rel}","templated":true}]}}